{"id":10073,"date":"2026-01-10T21:24:59","date_gmt":"2026-01-10T20:24:59","guid":{"rendered":"https:\/\/motherearthradio.de\/escucha-consciente\/"},"modified":"2026-01-18T11:56:06","modified_gmt":"2026-01-18T10:56:06","slug":"escucha-consciente","status":"publish","type":"page","link":"https:\/\/motherearthradio.de\/es\/escucha-consciente\/","title":{"rendered":"Escucha consciente"},"content":{"rendered":"\n<div id=\"wp-block-themeisle-blocks-advanced-columns-f9cb4fa2\" class=\"wp-block-themeisle-blocks-advanced-columns alignwide has-1-columns has-desktop-equal-layout has-tablet-equal-layout has-mobile-equal-layout has-vertical-unset\"><div class=\"wp-block-themeisle-blocks-advanced-columns-overlay\"><\/div><div class=\"innerblocks-wrap\">\n<div id=\"wp-block-themeisle-blocks-advanced-column-ea35630d\" class=\"wp-block-themeisle-blocks-advanced-column\">\n<h1 class=\"wp-block-heading\" id=\"h-endlich-frieden\">Por fin, paz.<\/h1>\n\n\n\n<h1 class=\"wp-block-heading\" id=\"h-klangzelle-mother-earth-radio-bewusstes-horen\">Klangzelle + Mother Earth Radio = Escucha consciente.<\/h1>\n\n\n\n<div id=\"wp-block-themeisle-blocks-advanced-columns-08f56ccf\" class=\"wp-block-themeisle-blocks-advanced-columns alignwide has-2-columns has-desktop-equal-layout has-tablet-equal-layout has-mobile-collapsedRows-layout has-vertical-center\"><div class=\"wp-block-themeisle-blocks-advanced-columns-overlay\"><\/div><div class=\"innerblocks-wrap\">\n<div id=\"wp-block-themeisle-blocks-advanced-column-bdc20202\" class=\"wp-block-themeisle-blocks-advanced-column\"><div class=\"wp-block-image\">\n<figure class=\"aligncenter size-medium\"><img loading=\"lazy\" decoding=\"async\" width=\"300\" height=\"182\" src=\"https:\/\/motherearthradio.de\/wp-content\/uploads\/2026\/01\/mer-logo-wide-smooth-1x-300x182.png\" alt=\"Escucha consciente\" class=\"wp-image-10089\"\/><\/figure>\n<\/div><\/div>\n\n\n\n<div id=\"wp-block-themeisle-blocks-advanced-column-3eae5be7\" class=\"wp-block-themeisle-blocks-advanced-column\"><div class=\"wp-block-image\">\n<figure class=\"aligncenter size-medium\"><img loading=\"lazy\" decoding=\"async\" width=\"300\" height=\"237\" src=\"https:\/\/motherearthradio.de\/wp-content\/uploads\/2026\/01\/Kugel_Planet-e1716147442747-300x237.png\" alt=\"Klangzelle&#10;\" class=\"wp-image-10088\" srcset=\"https:\/\/motherearthradio.de\/wp-content\/uploads\/2026\/01\/Kugel_Planet-e1716147442747-300x237.png 300w, https:\/\/motherearthradio.de\/wp-content\/uploads\/2026\/01\/Kugel_Planet-e1716147442747-1024x809.png 1024w, https:\/\/motherearthradio.de\/wp-content\/uploads\/2026\/01\/Kugel_Planet-e1716147442747-768x607.png 768w, https:\/\/motherearthradio.de\/wp-content\/uploads\/2026\/01\/Kugel_Planet-e1716147442747-1536x1214.png 1536w, https:\/\/motherearthradio.de\/wp-content\/uploads\/2026\/01\/Kugel_Planet-e1716147442747.png 2000w\" sizes=\"auto, (max-width: 300px) 100vw, 300px\" \/><\/figure>\n<\/div><\/div>\n<\/div><\/div>\n\n\n\n<p>Me llamo Florian. Llevo 30 a\u00f1os trabajando como t\u00e9cnico de sonido. <\/p>\n\n\n\n<p>En alg\u00fan momento, la magia desapareci\u00f3. La m\u00fasica era solo una f\u00f3rmula. Entonces lleg\u00f3 Sylvio con sus Klangzellen. Y con 429 Hz.   <\/p>\n\n\n\n<p>Desde entonces, vuelvo a escuchar como antes. Como el chaval de 12 a\u00f1os delante de los grandes altavoces de su padre. <\/p>\n\n\n\n<p>Mother Earth Radio es mi intento de transmitir eso.<\/p>\n\n\n\n<hr class=\"wp-block-separator has-alpha-channel-opacity\"\/>\n\n\n\n<h3 class=\"wp-block-heading\">QU\u00c9 ES DIFERENTE<\/h3>\n\n\n\n<p><strong>Formato:<\/strong> Transmito en FLAC hasta 192 kHz. Desde siempre. Porque como ingeniero de sonido s\u00e9 lo que la compresi\u00f3n le hace a la forma de onda: a los transitorios, a las colas de reverberaci\u00f3n, al espacio en una grabaci\u00f3n. Lo que no sab\u00eda entonces es que hay todo un campo de investigaci\u00f3n al respecto. \u00abEsfuerzo de escucha\u00bb: la cantidad de trabajo que tu cerebro tiene que hacer al escuchar. Resultado: Las se\u00f1ales comprimidas cuestan m\u00e1s recursos cognitivos. Incluso si no oyes ninguna diferencia. Por eso Fraunhofer, los inventores del MP3, est\u00e1n desarrollando constantemente mejores c\u00f3decs. Est\u00e1n trabajando en el problema. Yo lo he resuelto de otra manera: No comprimir en absoluto.         <\/p>\n\n\n\n<p><strong>Reproducci\u00f3n:<\/strong> Las Klangzellen de Sylvio tienen un controlador. No un compromiso de m\u00faltiples v\u00edas. El sonido proviene de un punto. Como en un instrumento real.   <\/p>\n\n\n\n<p><strong>Afinaci\u00f3n:<\/strong> 429 Hz. No por los chakras. No por las frecuencias curativas. Sino porque me suena bien. Porque la m\u00fasica vuelve a respirar. Porque vuelvo a escuchar en lugar de solo o\u00edr.     <\/p>\n\n\n\n<p>\u00bfSi marca la diferencia? Esc\u00fachalo t\u00fa mismo. <\/p>\n\n\n\n<hr class=\"wp-block-separator has-alpha-channel-opacity\"\/>\n\n\n\n<h3 class=\"wp-block-heading\">SIN MARKETING<\/h3>\n\n\n\n<p>Yo no vendo transformaci\u00f3n. Sylvio no vende curaci\u00f3n. <\/p>\n\n\n\n<p>Hacemos altavoces y radio. Bien hechos. Con esmero. Si eso te parece valioso, compra una app o un altavoz. Si no, escucha gratis. Sin dramas.     <\/p>\n\n\n\n<hr class=\"wp-block-separator has-alpha-channel-opacity\"\/>\n\n\n\n<h3 class=\"wp-block-heading\">LA CITA<\/h3>\n\n\n\n<blockquote class=\"wp-block-quote is-layout-flow wp-block-quote-is-layout-flow\">\n<p>\u00abLos artefactos de audio se reflejan en las se\u00f1ales cerebrales, incluso por debajo del umbral de la percepci\u00f3n consciente\u00bb. \u2014 Prof. Dr. Benjamin Blankertz, TU Berlin<\/p>\n<\/blockquote>\n\n\n\n<p>Esto no es marketing. Es un correo electr\u00f3nico que me escribi\u00f3 personalmente, despu\u00e9s de que le escribiera sobre su estudio. Uno de tantos en este campo de investigaci\u00f3n. La ciencia est\u00e1 de acuerdo: Tu cerebro oye m\u00e1s de lo que crees.   <\/p>\n\n\n\n<hr class=\"wp-block-separator has-alpha-channel-opacity\"\/>\n\n\n\n<h2 class=\"wp-block-heading\" id=\"h-fur-die-neugierigen\">PARA LOS CURIOSOS <\/h2>\n\n\n\n<p>La investigaci\u00f3n llama a esto \u00abEsfuerzo de escucha\u00bb. <br\/><br\/>Para quien quiera profundizar: <br\/>&#8211; Porbadnigk, Blankertz et al. (2013): Procesamiento neuronal de artefactos de audio. [\u2192 <a href=\"https:\/\/doi.org\/10.1088\/1741-2560\/10\/5\/056003\">Estudio<\/a>]<br\/>&#8211; Peelle (2018): Resumen de la investigaci\u00f3n sobre el esfuerzo de escucha. [\u2192 <a href=\"https:\/\/doi.org\/10.1097\/AUD.0000000000000494\">Art\u00edculo<\/a>] <br\/>&#8211; Fraunhofer IIS: Por qu\u00e9 los c\u00f3decs son cada vez mejores. [\u2192 <a href=\"https:\/\/www.iis.fraunhofer.de\/en\/ff\/amm\/audio-coding.html\">Sitio web<\/a>]    <br\/><br\/>Explicado m\u00e1s detalladamente: <br\/>[<a href=\"https:\/\/klangzelle.de\/mother-earth-radio\/\">\u2192 El ecosistema en klangzelle.de<\/a>]<\/p>\n\n\n\n<h3 class=\"wp-block-heading\">ENLACES<\/h3>\n\n\n\n<p><strong>[<a href=\"http:\/\/klangzelle.de\" target=\"_blank\" rel=\"noreferrer noopener\">Altavoces Klangzelle \u2192<\/a>]<\/strong> <strong>[<a href=\"https:\/\/motherearthradio.de\/es\/\">Mother Earth Radio \u2192<\/a>]<\/strong> <strong>[<a href=\"https:\/\/klangzelle.de\/klangatelier\/\" target=\"_blank\" rel=\"noreferrer noopener\">Escucha de prueba en el Klangatelier \u2192<\/a>]<\/strong><\/p>\n<\/div>\n<\/div><\/div>\n\n<ul class=\"wp-block-yoast-seo-related-links yoast-seo-related-links\">\n<li><a href=\"https:\/\/motherearthradio.de\/es\/429-hz-tono-de-referencia\/\">429 Hz &#8211; Tono de referencia<\/a><\/li>\n\n\n\n<li><a href=\"https:\/\/motherearthradio.de\/es\/radio-madre-tierra-en-el-aire\/\">Mother Earth Radio On Air<\/a><\/li>\n\n\n\n<li><a href=\"https:\/\/motherearthradio.de\/es\/audio-de-alta-resolucion-explicado\/\">AUDIO DE ALTA RESOLUCI\u00d3N EXPLICADO<\/a><\/li>\n<\/ul>\n","protected":false},"excerpt":{"rendered":"","protected":false},"author":1,"featured_media":0,"parent":0,"menu_order":0,"comment_status":"closed","ping_status":"closed","template":"","meta":{"_themeisle_gutenberg_block_has_review":false,"footnotes":""},"class_list":["post-10073","page","type-page","status-publish"],"yoast_head":"<!-- This site is optimized with the Yoast SEO Premium plugin v27.4 (Yoast SEO v27.4) - https:\/\/yoast.com\/product\/yoast-seo-premium-wordpress\/ -->\n<title>Escucha consciente: Klangzelle + High Resolution Radio en 429 Hz<\/title>\n<meta name=\"description\" content=\"Escucha consciente: Mother Earth + Klangzelle. Por qu\u00e9 el cerebro reacciona a las p\u00e9rdidas de calidad de audio y c\u00f3mo puedes evitarlo.\" \/>\n<meta name=\"robots\" content=\"index, follow, max-snippet:-1, max-image-preview:large, max-video-preview:-1\" \/>\n<link rel=\"canonical\" href=\"https:\/\/motherearthradio.de\/es\/escucha-consciente\/\" \/>\n<meta property=\"og:locale\" content=\"es_ES\" \/>\n<meta property=\"og:type\" content=\"article\" \/>\n<meta property=\"og:title\" content=\"Escucha consciente\" \/>\n<meta property=\"og:description\" content=\"Escucha consciente: Mother Earth + Klangzelle. Por qu\u00e9 el cerebro reacciona a las p\u00e9rdidas de calidad de audio y c\u00f3mo puedes evitarlo.\" \/>\n<meta property=\"og:url\" content=\"https:\/\/motherearthradio.de\/es\/escucha-consciente\/\" \/>\n<meta property=\"og:site_name\" content=\"The Mother Earth Radio Network\" \/>\n<meta property=\"article:modified_time\" content=\"2026-01-18T10:56:06+00:00\" \/>\n<meta property=\"og:image\" content=\"https:\/\/motherearthradio.de\/wp-content\/uploads\/2026\/01\/mer-logo-wide-smooth-1x-e1775320112812.png\" \/>\n\t<meta property=\"og:image:width\" content=\"268\" \/>\n\t<meta property=\"og:image:height\" content=\"123\" \/>\n\t<meta property=\"og:image:type\" content=\"image\/png\" \/>\n<meta name=\"twitter:card\" content=\"summary_large_image\" \/>\n<meta name=\"twitter:label1\" content=\"Tiempo de lectura\" \/>\n\t<meta name=\"twitter:data1\" content=\"2 minuto\" \/>\n<script type=\"application\/ld+json\" class=\"yoast-schema-graph\">{\"@context\":\"https:\\\/\\\/schema.org\",\"@graph\":[{\"@type\":\"WebPage\",\"@id\":\"https:\\\/\\\/motherearthradio.de\\\/es\\\/escucha-consciente\\\/\",\"url\":\"https:\\\/\\\/motherearthradio.de\\\/es\\\/escucha-consciente\\\/\",\"name\":\"Escucha consciente: Klangzelle + High Resolution Radio en 429 Hz\",\"isPartOf\":{\"@id\":\"https:\\\/\\\/motherearthradio.de\\\/es\\\/#website\"},\"primaryImageOfPage\":{\"@id\":\"https:\\\/\\\/motherearthradio.de\\\/es\\\/escucha-consciente\\\/#primaryimage\"},\"image\":{\"@id\":\"https:\\\/\\\/motherearthradio.de\\\/es\\\/escucha-consciente\\\/#primaryimage\"},\"thumbnailUrl\":\"https:\\\/\\\/motherearthradio.de\\\/wp-content\\\/uploads\\\/2026\\\/01\\\/mer-logo-wide-smooth-1x-300x182.png\",\"datePublished\":\"2026-01-10T20:24:59+00:00\",\"dateModified\":\"2026-01-18T10:56:06+00:00\",\"description\":\"Escucha consciente: Mother Earth + Klangzelle. Por qu\u00e9 el cerebro reacciona a las p\u00e9rdidas de calidad de audio y c\u00f3mo puedes evitarlo.\",\"breadcrumb\":{\"@id\":\"https:\\\/\\\/motherearthradio.de\\\/es\\\/escucha-consciente\\\/#breadcrumb\"},\"inLanguage\":\"es\",\"potentialAction\":[{\"@type\":\"ReadAction\",\"target\":[\"https:\\\/\\\/motherearthradio.de\\\/es\\\/escucha-consciente\\\/\"]}]},{\"@type\":\"ImageObject\",\"inLanguage\":\"es\",\"@id\":\"https:\\\/\\\/motherearthradio.de\\\/es\\\/escucha-consciente\\\/#primaryimage\",\"url\":\"https:\\\/\\\/motherearthradio.de\\\/wp-content\\\/uploads\\\/2026\\\/01\\\/mer-logo-wide-smooth-1x-300x182.png\",\"contentUrl\":\"https:\\\/\\\/motherearthradio.de\\\/wp-content\\\/uploads\\\/2026\\\/01\\\/mer-logo-wide-smooth-1x-300x182.png\"},{\"@type\":\"BreadcrumbList\",\"@id\":\"https:\\\/\\\/motherearthradio.de\\\/es\\\/escucha-consciente\\\/#breadcrumb\",\"itemListElement\":[{\"@type\":\"ListItem\",\"position\":1,\"name\":\"P\u00e1gina de inicio\",\"item\":\"https:\\\/\\\/motherearthradio.de\\\/es\\\/\"},{\"@type\":\"ListItem\",\"position\":2,\"name\":\"Escucha consciente\"}]},{\"@type\":\"WebSite\",\"@id\":\"https:\\\/\\\/motherearthradio.de\\\/es\\\/#website\",\"url\":\"https:\\\/\\\/motherearthradio.de\\\/es\\\/\",\"name\":\"The Mother Earth Radio Network\",\"description\":\"High Resolution Radio \u2022 Mother Earth Resonance\",\"publisher\":{\"@id\":\"https:\\\/\\\/motherearthradio.de\\\/es\\\/#organization\"},\"alternateName\":\"Mother Earth Radio\",\"potentialAction\":[{\"@type\":\"SearchAction\",\"target\":{\"@type\":\"EntryPoint\",\"urlTemplate\":\"https:\\\/\\\/motherearthradio.de\\\/es\\\/?s={search_term_string}\"},\"query-input\":{\"@type\":\"PropertyValueSpecification\",\"valueRequired\":true,\"valueName\":\"search_term_string\"}}],\"inLanguage\":\"es\"},{\"@type\":\"Organization\",\"@id\":\"https:\\\/\\\/motherearthradio.de\\\/es\\\/#organization\",\"name\":\"Mother Earth Radio\",\"alternateName\":\"Mother Earth Radio\",\"url\":\"https:\\\/\\\/motherearthradio.de\\\/es\\\/\",\"logo\":{\"@type\":\"ImageObject\",\"inLanguage\":\"es\",\"@id\":\"https:\\\/\\\/motherearthradio.de\\\/es\\\/#\\\/schema\\\/logo\\\/image\\\/\",\"url\":\"https:\\\/\\\/motherearthradio.de\\\/wp-content\\\/uploads\\\/2025\\\/12\\\/mer-logo-cube-bold-1x-512.png\",\"contentUrl\":\"https:\\\/\\\/motherearthradio.de\\\/wp-content\\\/uploads\\\/2025\\\/12\\\/mer-logo-cube-bold-1x-512.png\",\"width\":512,\"height\":512,\"caption\":\"Mother Earth Radio\"},\"image\":{\"@id\":\"https:\\\/\\\/motherearthradio.de\\\/es\\\/#\\\/schema\\\/logo\\\/image\\\/\"},\"sameAs\":[\"https:\\\/\\\/www.youtube.com\\\/channel\\\/UCX5xCDGKQ9wCS1myWo6_nwg\",\"https:\\\/\\\/www.instagram.com\\\/mother.earth.radio\\\/\"],\"description\":\"Das weltweit erste High Resolution Radio in 192 kHz FLAC. Vinyl-Digitalisierung, keine AI-Musik, kuratiert von Florian Reiterer. Mother Earth Resonance Software - der lebendige Kammerton\",\"email\":\"info@motherearthradio.de\",\"telephone\":\"00498920977034\",\"foundingDate\":\"2020-02-20\",\"numberOfEmployees\":{\"@type\":\"QuantitativeValue\",\"minValue\":\"1\",\"maxValue\":\"10\"}}]}<\/script>\n<!-- \/ Yoast SEO Premium plugin. -->","yoast_head_json":{"title":"Escucha consciente: Klangzelle + High Resolution Radio en 429 Hz","description":"Escucha consciente: Mother Earth + Klangzelle. Por qu\u00e9 el cerebro reacciona a las p\u00e9rdidas de calidad de audio y c\u00f3mo puedes evitarlo.","robots":{"index":"index","follow":"follow","max-snippet":"max-snippet:-1","max-image-preview":"max-image-preview:large","max-video-preview":"max-video-preview:-1"},"canonical":"https:\/\/motherearthradio.de\/es\/escucha-consciente\/","og_locale":"es_ES","og_type":"article","og_title":"Escucha consciente","og_description":"Escucha consciente: Mother Earth + Klangzelle. Por qu\u00e9 el cerebro reacciona a las p\u00e9rdidas de calidad de audio y c\u00f3mo puedes evitarlo.","og_url":"https:\/\/motherearthradio.de\/es\/escucha-consciente\/","og_site_name":"The Mother Earth Radio Network","article_modified_time":"2026-01-18T10:56:06+00:00","og_image":[{"width":268,"height":123,"url":"https:\/\/motherearthradio.de\/wp-content\/uploads\/2026\/01\/mer-logo-wide-smooth-1x-e1775320112812.png","type":"image\/png"}],"twitter_card":"summary_large_image","twitter_misc":{"Tiempo de lectura":"2 minuto"},"schema":{"@context":"https:\/\/schema.org","@graph":[{"@type":"WebPage","@id":"https:\/\/motherearthradio.de\/es\/escucha-consciente\/","url":"https:\/\/motherearthradio.de\/es\/escucha-consciente\/","name":"Escucha consciente: Klangzelle + High Resolution Radio en 429 Hz","isPartOf":{"@id":"https:\/\/motherearthradio.de\/es\/#website"},"primaryImageOfPage":{"@id":"https:\/\/motherearthradio.de\/es\/escucha-consciente\/#primaryimage"},"image":{"@id":"https:\/\/motherearthradio.de\/es\/escucha-consciente\/#primaryimage"},"thumbnailUrl":"https:\/\/motherearthradio.de\/wp-content\/uploads\/2026\/01\/mer-logo-wide-smooth-1x-300x182.png","datePublished":"2026-01-10T20:24:59+00:00","dateModified":"2026-01-18T10:56:06+00:00","description":"Escucha consciente: Mother Earth + Klangzelle. Por qu\u00e9 el cerebro reacciona a las p\u00e9rdidas de calidad de audio y c\u00f3mo puedes evitarlo.","breadcrumb":{"@id":"https:\/\/motherearthradio.de\/es\/escucha-consciente\/#breadcrumb"},"inLanguage":"es","potentialAction":[{"@type":"ReadAction","target":["https:\/\/motherearthradio.de\/es\/escucha-consciente\/"]}]},{"@type":"ImageObject","inLanguage":"es","@id":"https:\/\/motherearthradio.de\/es\/escucha-consciente\/#primaryimage","url":"https:\/\/motherearthradio.de\/wp-content\/uploads\/2026\/01\/mer-logo-wide-smooth-1x-300x182.png","contentUrl":"https:\/\/motherearthradio.de\/wp-content\/uploads\/2026\/01\/mer-logo-wide-smooth-1x-300x182.png"},{"@type":"BreadcrumbList","@id":"https:\/\/motherearthradio.de\/es\/escucha-consciente\/#breadcrumb","itemListElement":[{"@type":"ListItem","position":1,"name":"P\u00e1gina de inicio","item":"https:\/\/motherearthradio.de\/es\/"},{"@type":"ListItem","position":2,"name":"Escucha consciente"}]},{"@type":"WebSite","@id":"https:\/\/motherearthradio.de\/es\/#website","url":"https:\/\/motherearthradio.de\/es\/","name":"The Mother Earth Radio Network","description":"High Resolution Radio \u2022 Mother Earth Resonance","publisher":{"@id":"https:\/\/motherearthradio.de\/es\/#organization"},"alternateName":"Mother Earth Radio","potentialAction":[{"@type":"SearchAction","target":{"@type":"EntryPoint","urlTemplate":"https:\/\/motherearthradio.de\/es\/?s={search_term_string}"},"query-input":{"@type":"PropertyValueSpecification","valueRequired":true,"valueName":"search_term_string"}}],"inLanguage":"es"},{"@type":"Organization","@id":"https:\/\/motherearthradio.de\/es\/#organization","name":"Mother Earth Radio","alternateName":"Mother Earth Radio","url":"https:\/\/motherearthradio.de\/es\/","logo":{"@type":"ImageObject","inLanguage":"es","@id":"https:\/\/motherearthradio.de\/es\/#\/schema\/logo\/image\/","url":"https:\/\/motherearthradio.de\/wp-content\/uploads\/2025\/12\/mer-logo-cube-bold-1x-512.png","contentUrl":"https:\/\/motherearthradio.de\/wp-content\/uploads\/2025\/12\/mer-logo-cube-bold-1x-512.png","width":512,"height":512,"caption":"Mother Earth Radio"},"image":{"@id":"https:\/\/motherearthradio.de\/es\/#\/schema\/logo\/image\/"},"sameAs":["https:\/\/www.youtube.com\/channel\/UCX5xCDGKQ9wCS1myWo6_nwg","https:\/\/www.instagram.com\/mother.earth.radio\/"],"description":"Das weltweit erste High Resolution Radio in 192 kHz FLAC. Vinyl-Digitalisierung, keine AI-Musik, kuratiert von Florian Reiterer. Mother Earth Resonance Software - der lebendige Kammerton","email":"info@motherearthradio.de","telephone":"00498920977034","foundingDate":"2020-02-20","numberOfEmployees":{"@type":"QuantitativeValue","minValue":"1","maxValue":"10"}}]}},"_links":{"self":[{"href":"https:\/\/motherearthradio.de\/es\/wp-json\/wp\/v2\/pages\/10073","targetHints":{"allow":["GET"]}}],"collection":[{"href":"https:\/\/motherearthradio.de\/es\/wp-json\/wp\/v2\/pages"}],"about":[{"href":"https:\/\/motherearthradio.de\/es\/wp-json\/wp\/v2\/types\/page"}],"author":[{"embeddable":true,"href":"https:\/\/motherearthradio.de\/es\/wp-json\/wp\/v2\/users\/1"}],"replies":[{"embeddable":true,"href":"https:\/\/motherearthradio.de\/es\/wp-json\/wp\/v2\/comments?post=10073"}],"version-history":[{"count":4,"href":"https:\/\/motherearthradio.de\/es\/wp-json\/wp\/v2\/pages\/10073\/revisions"}],"predecessor-version":[{"id":10162,"href":"https:\/\/motherearthradio.de\/es\/wp-json\/wp\/v2\/pages\/10073\/revisions\/10162"}],"wp:attachment":[{"href":"https:\/\/motherearthradio.de\/es\/wp-json\/wp\/v2\/media?parent=10073"}],"curies":[{"name":"wp","href":"https:\/\/api.w.org\/{rel}","templated":true}]}}