{"id":4759,"date":"2025-03-25T17:36:39","date_gmt":"2025-03-25T16:36:39","guid":{"rendered":"https:\/\/motherearthradio.de\/madre-tierra-instrumental-on-air\/"},"modified":"2026-02-28T00:08:49","modified_gmt":"2026-02-27T23:08:49","slug":"madre-tierra-instrumental-on-air","status":"publish","type":"page","link":"https:\/\/motherearthradio.de\/es\/madre-tierra-instrumental-on-air\/","title":{"rendered":"Mother Earth Instrumental On Air"},"content":{"rendered":"\n<div id=\"wp-block-themeisle-blocks-advanced-columns-f8675704\" class=\"wp-block-themeisle-blocks-advanced-columns alignwide has-1-columns has-desktop-equal-layout has-tablet-equal-layout has-mobile-equal-layout has-vertical-unset\"><div class=\"wp-block-themeisle-blocks-advanced-columns-overlay\"><\/div><div class=\"innerblocks-wrap\">\n<div id=\"wp-block-themeisle-blocks-advanced-column-280ff229\" class=\"wp-block-themeisle-blocks-advanced-column\">\n<h1 class=\"wp-block-heading has-x-large-font-size\">RADIO DE M\u00daSICA INSTRUMENTAL \u2013 ONLINE Y EN ALTA RESOLUCI\u00d3N<\/h1>\n\n\n\n<p>High Resolution Radio. Instrumental. M\u00fasica sin palabras.   Para trabajar, leer, reflexionar. <br\/>Gratis en el reproductor web. Transmitido en FLAC de 192 kHz. <\/p>\n\n\n\n<div id=\"wp-block-themeisle-blocks-advanced-columns-83687e49\" class=\"wp-block-themeisle-blocks-advanced-columns has-1-columns has-desktop-equal-layout has-tablet-equal-layout has-mobile-equal-layout has-vertical-unset\"><div class=\"wp-block-themeisle-blocks-advanced-columns-overlay\"><\/div><div class=\"innerblocks-wrap\">\n<div id=\"wp-block-themeisle-blocks-advanced-column-6afc4974\" class=\"wp-block-themeisle-blocks-advanced-column\">\n<figure class=\"wp-block-audio\"><audio controls=\"\" src=\"https:\/\/stream.motherearthradio.de\/listen\/motherearth_instrumental\/motherearth.instrumental.flac-lo\"><\/audio><\/figure>\n\n\n\n<p>\u26a0\ufe0f Reproductor web: solo streaming b\u00e1sico: <br\/>Sin informaci\u00f3n del artista, car\u00e1tula o historial \u2022 Solo 96 kHz en lugar de 192 kHz <br\/>\u2705 En las aplicaciones: Experiencia completa: <br\/>192 kHz \u2022 Metadatos \u2022 Car\u00e1tula \u2022 Historial de canciones \u2022 Solicitudes<\/p>\n\n\n\n<div id=\"wp-block-themeisle-blocks-advanced-columns-a24c1430\" class=\"wp-block-themeisle-blocks-advanced-columns has-3-columns has-desktop-equal-layout has-tablet-equal-layout has-mobile-collapsedRows-layout has-vertical-unset\"><div class=\"wp-block-themeisle-blocks-advanced-columns-overlay\"><\/div><div class=\"innerblocks-wrap\">\n<div id=\"wp-block-themeisle-blocks-advanced-column-d6feaa49\" class=\"wp-block-themeisle-blocks-advanced-column\">\n<figure class=\"wp-block-image size-full is-resized\"><a href=\"https:\/\/apps.microsoft.com\/detail\/9pbc5prxxx71?hl=de-DE&amp;gl=DE\" target=\"_blank\" rel=\" noreferrer noopener\"><img loading=\"lazy\" decoding=\"async\" width=\"161\" height=\"44\" src=\"https:\/\/motherearthradio.de\/wp-content\/uploads\/2025\/12\/en-us-dark-541c0d.svg\" alt=\"Radio por Internet de alta calidad en la Microsoft Store\" class=\"wp-image-8964\" style=\"width:243px;height:auto\"\/><\/a><figcaption class=\"wp-element-caption\">16,99 \u20ac \u2022 Windows 10\/11: \u00a1prueba gratuita de 7 d\u00edas!<\/figcaption><\/figure>\n<\/div>\n\n\n\n<div id=\"wp-block-themeisle-blocks-advanced-column-45d39b6d\" class=\"wp-block-themeisle-blocks-advanced-column\">\n<figure class=\"wp-block-image size-full is-resized\"><a href=\"https:\/\/play.google.com\/store\/apps\/details?id=appinventor.ai_munichbassa.Mother_Earth_Radio&amp;pcampaignid=web_share\" target=\"_blank\" rel=\" noreferrer noopener\"><img loading=\"lazy\" decoding=\"async\" width=\"646\" height=\"250\" src=\"https:\/\/motherearthradio.de\/wp-content\/uploads\/2025\/12\/en_badge_web_generic.png\" alt=\"Mother Earth Radio en Google Play\" class=\"wp-image-8963\" style=\"aspect-ratio:2.5842896013249734;width:251px;height:auto\" srcset=\"https:\/\/motherearthradio.de\/wp-content\/uploads\/2025\/12\/en_badge_web_generic.png 646w, https:\/\/motherearthradio.de\/wp-content\/uploads\/2025\/12\/en_badge_web_generic-300x116.png 300w\" sizes=\"auto, (max-width: 646px) 100vw, 646px\" \/><\/a><figcaption class=\"wp-element-caption\">19,99 \u20ac \u2022 M\u00f3vil \u2022 Chromecast \u2022 Smart TV<\/figcaption><\/figure>\n<\/div>\n\n\n\n<div id=\"wp-block-themeisle-blocks-advanced-column-ca836dd3\" class=\"wp-block-themeisle-blocks-advanced-column\">\n<figure class=\"wp-block-image size-full is-resized\"><a href=\"https:\/\/apps.apple.com\/app\/mother-earth-radio\/id6756082949\" target=\"_blank\" rel=\" noreferrer noopener\"><img loading=\"lazy\" decoding=\"async\" width=\"119\" height=\"40\" src=\"https:\/\/motherearthradio.de\/wp-content\/uploads\/2025\/12\/en-us-26a479.svg\" alt=\"\" class=\"wp-image-8965\" style=\"aspect-ratio:2.991819244253993;width:147px;height:auto\"\/><\/a><figcaption class=\"wp-element-caption\">24,99 \u20ac \u2022 iPhone \u2022 iPad \u2022 Mac<\/figcaption><\/figure>\n<\/div>\n<\/div><\/div>\n\n\n\n<div id=\"wp-block-themeisle-blocks-advanced-columns-c668e653\" class=\"wp-block-themeisle-blocks-advanced-columns alignwide has-1-columns has-desktop-equal-layout has-tablet-equal-layout has-mobile-equal-layout has-vertical-unset\"><div class=\"wp-block-themeisle-blocks-advanced-columns-overlay\"><\/div><div class=\"innerblocks-wrap\">\n<div id=\"wp-block-themeisle-blocks-advanced-column-4dd9d315\" class=\"wp-block-themeisle-blocks-advanced-column\">\n<div class=\"wp-block-group alignwide is-content-justification-space-between is-nowrap is-layout-flex wp-container-core-group-is-layout-0dfbf163 wp-block-group-is-layout-flex\">\n<figure class=\"wp-block-image size-thumbnail\"><img loading=\"lazy\" decoding=\"async\" width=\"150\" height=\"150\" src=\"https:\/\/motherearthradio.de\/wp-content\/uploads\/2026\/01\/Hi-Res_Radio-logo-150x150.png\" alt=\"High Resolution Radio\" class=\"wp-image-9973\" srcset=\"https:\/\/motherearthradio.de\/wp-content\/uploads\/2026\/01\/Hi-Res_Radio-logo-150x150.png 150w, https:\/\/motherearthradio.de\/wp-content\/uploads\/2026\/01\/Hi-Res_Radio-logo.png 256w\" sizes=\"auto, (max-width: 150px) 100vw, 150px\" \/><\/figure>\n\n\n\n<figure class=\"wp-block-image size-thumbnail\"><img loading=\"lazy\" decoding=\"async\" width=\"150\" height=\"150\" src=\"https:\/\/motherearthradio.de\/wp-content\/uploads\/2024\/03\/mergoldcube512-150x150.png\" alt=\"Mother Earth Radio\" class=\"wp-image-79\" srcset=\"https:\/\/motherearthradio.de\/wp-content\/uploads\/2024\/03\/mergoldcube512-150x150.png 150w, https:\/\/motherearthradio.de\/wp-content\/uploads\/2024\/03\/mergoldcube512-300x300.png 300w, https:\/\/motherearthradio.de\/wp-content\/uploads\/2024\/03\/mergoldcube512.png 512w\" sizes=\"auto, (max-width: 150px) 100vw, 150px\" \/><\/figure>\n<\/div>\n<\/div>\n<\/div><\/div>\n<\/div>\n<\/div><\/div>\n\n\n\n<hr class=\"wp-block-separator has-alpha-channel-opacity\"\/>\n\n\n\n<div id=\"wp-block-themeisle-blocks-advanced-columns-04738316\" class=\"wp-block-themeisle-blocks-advanced-columns has-1-columns has-desktop-equal-layout has-tablet-equal-layout has-mobile-equal-layout has-vertical-unset\"><div class=\"wp-block-themeisle-blocks-advanced-columns-overlay\"><\/div><div class=\"innerblocks-wrap\">\n<div id=\"wp-block-themeisle-blocks-advanced-column-a68c6fc1\" class=\"wp-block-themeisle-blocks-advanced-column\">\n<h2 class=\"wp-block-heading\">Radio de m\u00fasica instrumental para audi\u00f3filos <\/h2>\n\n\n\n<p>Mother Earth Instrumental es radio de m\u00fasica de fondo y m\u00fasica para trabajar en uno: m\u00fasica sin palabras que acompa\u00f1a sin distraer.<\/p>\n\n\n\n<h3 class=\"wp-block-heading\" id=\"h-was-macht-diesen-kanal-anders\">\u00bfQu\u00e9 diferencia a este canal?<\/h3>\n\n\n\n<p>Cuando las palabras molestan. Porque quieres trabajar, leer, pensar. Y necesitas m\u00fasica que te acompa\u00f1e, pero que no te distraiga.  <br\/><br\/>Post-Rock junto a Modern Classical. Nils Frahm junto a Snarky Puppy. Ambient junto a guitarra ac\u00fastica. De minimalista a orquestal.    De electr\u00f3nico a puramente ac\u00fastico. <br\/><br\/>Sin el aburrimiento de las listas de reproducci\u00f3n de m\u00fasica relajante. Sin m\u00fasica de spa. En cambio: m\u00fasica con sustancia, que cuenta historias sin palabras.  <br\/><br\/>Cada pista se afina a 429 Hz, una afinaci\u00f3n de diapas\u00f3n que proporciona un sonido m\u00e1s c\u00e1lido y abierto, especialmente con instrumentos ac\u00fasticos.<\/p>\n\n\n\n<h3 class=\"wp-block-heading\" id=\"h-warum-flac-bis-192-khz\">\u00bfPor qu\u00e9 FLAC hasta 192 kHz?<\/h3>\n\n\n\n<p>La m\u00fasica en Mother Earth Instrumental vive de los detalles. La reverberaci\u00f3n de una sala. La respiraci\u00f3n entre notas. La textura de un sonido. FLAC preserva estos detalles sin p\u00e9rdida.     192 kHz captura transitorios con mayor precisi\u00f3n que la calidad CD. <br\/><br\/>MP3 y AAC comprimen estos matices. En la m\u00fasica instrumental, donde cada detalle cuenta, esto marca una diferencia audible. <\/p>\n\n\n\n<h3 class=\"wp-block-heading\" id=\"h-fur-arbeit-konzentration-kreativitat\">Para el trabajo, la concentraci\u00f3n, la creatividad<\/h3>\n\n\n\n<p>Los estudios demuestran que la m\u00fasica instrumental puede favorecer la concentraci\u00f3n. Sin voz que distraiga. Sin letras que quieras cantar.   Solo sonido que te acompa\u00f1a. <br\/><br\/>Ya sea que escribas, programes, leas, dibujes, aqu\u00ed tienes la banda sonora para ello.<\/p>\n<\/div>\n<\/div><\/div>\n\n\n\n<div id=\"wp-block-themeisle-blocks-advanced-columns-afb82773\" class=\"wp-block-themeisle-blocks-advanced-columns has-1-columns has-desktop-equal-layout has-tablet-equal-layout has-mobile-equal-layout has-vertical-unset\"><div class=\"wp-block-themeisle-blocks-advanced-columns-overlay\"><\/div><div class=\"innerblocks-wrap\">\n<div id=\"wp-block-themeisle-blocks-advanced-column-ede8506f\" class=\"wp-block-themeisle-blocks-advanced-column\">\n<h2 class=\"wp-block-heading\" id=\"h-hor-jetzt-mother-earth-instrumental-apps-fur-volles-erlebnis\">Escucha ahora Mother Earth Instrumental. Aplicaciones para una experiencia completa.<\/h2>\n\n\n\n<p>El reproductor web es para probar. Si realmente quieres escuchar, con metadatos, car\u00e1tulas y salida de audio nativa, descarga la app. <br\/><\/p>\n\n\n\n<figure class=\"wp-block-table is-style-stripes has-medium-font-size\"><table class=\"has-fixed-layout\"><tbody><tr><td><\/td><td>Reproductor web<\/td><td>App<\/td><td>App + DAC USB<\/td><td>Reproductor de red<\/td><\/tr><tr><td>FLAC 192 kHz<\/td><td>\u274c<\/td><td>\u2705<\/td><td>\u2705<\/td><td>\u2705<\/td><\/tr><tr><td>Metadatos<\/td><td>\u274c<\/td><td>\u2705<\/td><td>\u2705<\/td><td>\u274c<\/td><\/tr><tr><td>Audio nativo<\/td><td>\u274c<\/td><td>\u2705<\/td><td>\u2705<\/td><td>&#8211;<\/td><\/tr><tr><td>La mejor opci\u00f3n<\/td><td><\/td><td><\/td><td>\ud83d\udc51<\/td><td><\/td><\/tr><\/tbody><\/table><\/figure>\n\n\n\n<p>Pago \u00fanico. Sin suscripci\u00f3n. <\/p>\n\n\n\n<div id=\"wp-block-themeisle-blocks-advanced-columns-66e47c06\" class=\"wp-block-themeisle-blocks-advanced-columns has-3-columns has-desktop-equal-layout has-tablet-equal-layout has-mobile-collapsedRows-layout has-vertical-unset\"><div class=\"wp-block-themeisle-blocks-advanced-columns-overlay\"><\/div><div class=\"innerblocks-wrap\">\n<div id=\"wp-block-themeisle-blocks-advanced-column-afc2dffa\" class=\"wp-block-themeisle-blocks-advanced-column\">\n<figure class=\"wp-block-image size-full is-resized\"><a href=\"https:\/\/apps.microsoft.com\/detail\/9pbc5prxxx71\" target=\"_blank\" rel=\" noreferrer noopener\"><img loading=\"lazy\" decoding=\"async\" width=\"161\" height=\"44\" src=\"https:\/\/motherearthradio.de\/wp-content\/uploads\/2025\/12\/en-us-dark-541c0d.svg\" alt=\"Radio por Internet de alta calidad en la Microsoft Store\" class=\"wp-image-8964\" style=\"width:243px;height:auto\"\/><\/a><figcaption class=\"wp-element-caption\">16,99 \u20ac \u2022 Windows 10\/11: \u00a1prueba gratuita de 7 d\u00edas!<\/figcaption><\/figure>\n<\/div>\n\n\n\n<div id=\"wp-block-themeisle-blocks-advanced-column-55ae895a\" class=\"wp-block-themeisle-blocks-advanced-column\">\n<figure class=\"wp-block-image size-full is-resized\"><a href=\"https:\/\/play.google.com\/store\/apps\/details?id=appinventor.ai_munichbassa.Mother_Earth_Radio&amp;pcampaignid=web_share\" target=\"_blank\" rel=\" noreferrer noopener\"><img loading=\"lazy\" decoding=\"async\" width=\"646\" height=\"250\" src=\"https:\/\/motherearthradio.de\/wp-content\/uploads\/2025\/12\/en_badge_web_generic.png\" alt=\"Mother Earth Radio en Google Play\" class=\"wp-image-8963\" style=\"aspect-ratio:2.5842896013249734;width:251px;height:auto\" srcset=\"https:\/\/motherearthradio.de\/wp-content\/uploads\/2025\/12\/en_badge_web_generic.png 646w, https:\/\/motherearthradio.de\/wp-content\/uploads\/2025\/12\/en_badge_web_generic-300x116.png 300w\" sizes=\"auto, (max-width: 646px) 100vw, 646px\" \/><\/a><figcaption class=\"wp-element-caption\">19,99 \u20ac \u2022 M\u00f3vil \u2022 Chromecast \u2022 Smart TV<\/figcaption><\/figure>\n<\/div>\n\n\n\n<div id=\"wp-block-themeisle-blocks-advanced-column-ec58f84d\" class=\"wp-block-themeisle-blocks-advanced-column\">\n<figure class=\"wp-block-image size-full is-resized\"><a href=\"https:\/\/apps.apple.com\/app\/mother-earth-radio\/id6756082949\" target=\"_blank\" rel=\" noreferrer noopener\"><img loading=\"lazy\" decoding=\"async\" width=\"119\" height=\"40\" src=\"https:\/\/motherearthradio.de\/wp-content\/uploads\/2025\/12\/en-us-26a479.svg\" alt=\"\" class=\"wp-image-8965\" style=\"aspect-ratio:2.991819244253993;width:147px;height:auto\"\/><\/a><figcaption class=\"wp-element-caption\">24,99 \u20ac \u2022 iPhone \u2022 iPad \u2022 Mac<\/figcaption><\/figure>\n<\/div>\n<\/div><\/div>\n<\/div>\n<\/div><\/div>\n\n\n\n<hr class=\"wp-block-separator has-alpha-channel-opacity\"\/>\n\n\n\n<ul class=\"wp-block-yoast-seo-related-links yoast-seo-related-links\">\n<li><a href=\"https:\/\/motherearthradio.de\/es\/madre-tierra-jazz-on-air\/\">Mother Earth Jazz On Air<\/a><\/li>\n\n\n\n<li><a href=\"https:\/\/motherearthradio.de\/es\/radio-por-internet-de-alta-calidad\/\">Calidad sin igual<\/a><\/li>\n\n\n\n<li><a href=\"https:\/\/motherearthradio.de\/es\/\">High-Resolution Radio<\/a><\/li>\n<\/ul>\n<\/div>\n<\/div><\/div>\n","protected":false},"excerpt":{"rendered":"","protected":false},"author":1,"featured_media":0,"parent":0,"menu_order":0,"comment_status":"closed","ping_status":"closed","template":"","meta":{"_themeisle_gutenberg_block_has_review":false,"footnotes":""},"class_list":["post-4759","page","type-page","status-publish"],"yoast_head":"<!-- This site is optimized with the Yoast SEO Premium plugin v27.3 (Yoast SEO v27.3) - https:\/\/yoast.com\/product\/yoast-seo-premium-wordpress\/ -->\n<title>Mother Earth Instrumental \u2013 Radio de m\u00fasica en FLAC de alta resoluci\u00f3n<\/title>\n<meta name=\"description\" content=\"Mother Earth Instrumental: Radio de m\u00fasica en FLAC de alta resoluci\u00f3n. Post-Rock, Cl\u00e1sica Moderna, Ambient. M\u00fasica sin palabras para trabajar. Escuchar gratis.\" \/>\n<meta name=\"robots\" content=\"index, follow, max-snippet:-1, max-image-preview:large, max-video-preview:-1\" \/>\n<link rel=\"canonical\" href=\"https:\/\/motherearthradio.de\/es\/madre-tierra-instrumental-on-air\/\" \/>\n<meta property=\"og:locale\" content=\"es_ES\" \/>\n<meta property=\"og:type\" content=\"article\" \/>\n<meta property=\"og:title\" content=\"Mother Earth Instrumental On Air\" \/>\n<meta property=\"og:description\" content=\"Mother Earth Instrumental: Radio de m\u00fasica en FLAC de alta resoluci\u00f3n. Post-Rock, Cl\u00e1sica Moderna, Ambient. M\u00fasica sin palabras para trabajar. Escuchar gratis.\" \/>\n<meta property=\"og:url\" content=\"https:\/\/motherearthradio.de\/es\/madre-tierra-instrumental-on-air\/\" \/>\n<meta property=\"og:site_name\" content=\"Mother Earth Radio\" \/>\n<meta property=\"article:modified_time\" content=\"2026-02-27T23:08:49+00:00\" \/>\n<meta property=\"og:image\" content=\"https:\/\/motherearthradio.de\/wp-content\/uploads\/2024\/03\/biglogo.png\" \/>\n\t<meta property=\"og:image:width\" content=\"1200\" \/>\n\t<meta property=\"og:image:height\" content=\"728\" \/>\n\t<meta property=\"og:image:type\" content=\"image\/png\" \/>\n<meta name=\"twitter:card\" content=\"summary_large_image\" \/>\n<meta name=\"twitter:label1\" content=\"Tiempo de lectura\" \/>\n\t<meta name=\"twitter:data1\" content=\"2 minuto\" \/>\n<script type=\"application\/ld+json\" class=\"yoast-schema-graph\">{\"@context\":\"https:\\\/\\\/schema.org\",\"@graph\":[{\"@type\":\"WebPage\",\"@id\":\"https:\\\/\\\/motherearthradio.de\\\/es\\\/madre-tierra-instrumental-on-air\\\/\",\"url\":\"https:\\\/\\\/motherearthradio.de\\\/es\\\/madre-tierra-instrumental-on-air\\\/\",\"name\":\"Mother Earth Instrumental \u2013 Radio de m\u00fasica en FLAC de alta resoluci\u00f3n\",\"isPartOf\":{\"@id\":\"https:\\\/\\\/motherearthradio.de\\\/es\\\/#website\"},\"primaryImageOfPage\":{\"@id\":\"https:\\\/\\\/motherearthradio.de\\\/es\\\/madre-tierra-instrumental-on-air\\\/#primaryimage\"},\"image\":{\"@id\":\"https:\\\/\\\/motherearthradio.de\\\/es\\\/madre-tierra-instrumental-on-air\\\/#primaryimage\"},\"thumbnailUrl\":\"https:\\\/\\\/motherearthradio.de\\\/wp-content\\\/uploads\\\/2025\\\/12\\\/en-us-dark-541c0d.svg\",\"datePublished\":\"2025-03-25T16:36:39+00:00\",\"dateModified\":\"2026-02-27T23:08:49+00:00\",\"description\":\"Mother Earth Instrumental: Radio de m\u00fasica en FLAC de alta resoluci\u00f3n. Post-Rock, Cl\u00e1sica Moderna, Ambient. M\u00fasica sin palabras para trabajar. Escuchar gratis.\",\"breadcrumb\":{\"@id\":\"https:\\\/\\\/motherearthradio.de\\\/es\\\/madre-tierra-instrumental-on-air\\\/#breadcrumb\"},\"inLanguage\":\"es\",\"potentialAction\":[{\"@type\":\"ReadAction\",\"target\":[\"https:\\\/\\\/motherearthradio.de\\\/es\\\/madre-tierra-instrumental-on-air\\\/\"]}]},{\"@type\":\"ImageObject\",\"inLanguage\":\"es\",\"@id\":\"https:\\\/\\\/motherearthradio.de\\\/es\\\/madre-tierra-instrumental-on-air\\\/#primaryimage\",\"url\":\"https:\\\/\\\/motherearthradio.de\\\/wp-content\\\/uploads\\\/2025\\\/12\\\/en-us-dark-541c0d.svg\",\"contentUrl\":\"https:\\\/\\\/motherearthradio.de\\\/wp-content\\\/uploads\\\/2025\\\/12\\\/en-us-dark-541c0d.svg\"},{\"@type\":\"BreadcrumbList\",\"@id\":\"https:\\\/\\\/motherearthradio.de\\\/es\\\/madre-tierra-instrumental-on-air\\\/#breadcrumb\",\"itemListElement\":[{\"@type\":\"ListItem\",\"position\":1,\"name\":\"P\u00e1gina de inicio\",\"item\":\"https:\\\/\\\/motherearthradio.de\\\/es\\\/\"},{\"@type\":\"ListItem\",\"position\":2,\"name\":\"Mother Earth Instrumental On Air\"}]},{\"@type\":\"WebSite\",\"@id\":\"https:\\\/\\\/motherearthradio.de\\\/es\\\/#website\",\"url\":\"https:\\\/\\\/motherearthradio.de\\\/es\\\/\",\"name\":\"Mother Earth Radio\",\"description\":\"High Resolution Radio\",\"publisher\":{\"@id\":\"https:\\\/\\\/motherearthradio.de\\\/es\\\/#organization\"},\"potentialAction\":[{\"@type\":\"SearchAction\",\"target\":{\"@type\":\"EntryPoint\",\"urlTemplate\":\"https:\\\/\\\/motherearthradio.de\\\/es\\\/?s={search_term_string}\"},\"query-input\":{\"@type\":\"PropertyValueSpecification\",\"valueRequired\":true,\"valueName\":\"search_term_string\"}}],\"inLanguage\":\"es\"},{\"@type\":\"Organization\",\"@id\":\"https:\\\/\\\/motherearthradio.de\\\/es\\\/#organization\",\"name\":\"Mother Earth Radio\",\"url\":\"https:\\\/\\\/motherearthradio.de\\\/es\\\/\",\"logo\":{\"@type\":\"ImageObject\",\"inLanguage\":\"es\",\"@id\":\"https:\\\/\\\/motherearthradio.de\\\/es\\\/#\\\/schema\\\/logo\\\/image\\\/\",\"url\":\"https:\\\/\\\/motherearthradio.de\\\/wp-content\\\/uploads\\\/2025\\\/12\\\/mer-logo-cube-bold-1x-512.png\",\"contentUrl\":\"https:\\\/\\\/motherearthradio.de\\\/wp-content\\\/uploads\\\/2025\\\/12\\\/mer-logo-cube-bold-1x-512.png\",\"width\":512,\"height\":512,\"caption\":\"Mother Earth Radio\"},\"image\":{\"@id\":\"https:\\\/\\\/motherearthradio.de\\\/es\\\/#\\\/schema\\\/logo\\\/image\\\/\"},\"sameAs\":[\"https:\\\/\\\/www.youtube.com\\\/channel\\\/UCX5xCDGKQ9wCS1myWo6_nwg\",\"https:\\\/\\\/www.instagram.com\\\/mother.earth.radio\\\/\"],\"description\":\"Das weltweit erste High Resolution Radio in 192 kHz FLAC. Vinyl-Digitalisierung, keine AI-Musik, kuratiert von Florian Reiterer.\",\"email\":\"info@motherearthradio.de\",\"telephone\":\"00498920977034\",\"foundingDate\":\"2020-02-20\",\"numberOfEmployees\":{\"@type\":\"QuantitativeValue\",\"minValue\":\"1\",\"maxValue\":\"10\"}}]}<\/script>\n<!-- \/ Yoast SEO Premium plugin. -->","yoast_head_json":{"title":"Mother Earth Instrumental \u2013 Radio de m\u00fasica en FLAC de alta resoluci\u00f3n","description":"Mother Earth Instrumental: Radio de m\u00fasica en FLAC de alta resoluci\u00f3n. Post-Rock, Cl\u00e1sica Moderna, Ambient. M\u00fasica sin palabras para trabajar. Escuchar gratis.","robots":{"index":"index","follow":"follow","max-snippet":"max-snippet:-1","max-image-preview":"max-image-preview:large","max-video-preview":"max-video-preview:-1"},"canonical":"https:\/\/motherearthradio.de\/es\/madre-tierra-instrumental-on-air\/","og_locale":"es_ES","og_type":"article","og_title":"Mother Earth Instrumental On Air","og_description":"Mother Earth Instrumental: Radio de m\u00fasica en FLAC de alta resoluci\u00f3n. Post-Rock, Cl\u00e1sica Moderna, Ambient. M\u00fasica sin palabras para trabajar. Escuchar gratis.","og_url":"https:\/\/motherearthradio.de\/es\/madre-tierra-instrumental-on-air\/","og_site_name":"Mother Earth Radio","article_modified_time":"2026-02-27T23:08:49+00:00","og_image":[{"width":1200,"height":728,"url":"https:\/\/motherearthradio.de\/wp-content\/uploads\/2024\/03\/biglogo.png","type":"image\/png"}],"twitter_card":"summary_large_image","twitter_misc":{"Tiempo de lectura":"2 minuto"},"schema":{"@context":"https:\/\/schema.org","@graph":[{"@type":"WebPage","@id":"https:\/\/motherearthradio.de\/es\/madre-tierra-instrumental-on-air\/","url":"https:\/\/motherearthradio.de\/es\/madre-tierra-instrumental-on-air\/","name":"Mother Earth Instrumental \u2013 Radio de m\u00fasica en FLAC de alta resoluci\u00f3n","isPartOf":{"@id":"https:\/\/motherearthradio.de\/es\/#website"},"primaryImageOfPage":{"@id":"https:\/\/motherearthradio.de\/es\/madre-tierra-instrumental-on-air\/#primaryimage"},"image":{"@id":"https:\/\/motherearthradio.de\/es\/madre-tierra-instrumental-on-air\/#primaryimage"},"thumbnailUrl":"https:\/\/motherearthradio.de\/wp-content\/uploads\/2025\/12\/en-us-dark-541c0d.svg","datePublished":"2025-03-25T16:36:39+00:00","dateModified":"2026-02-27T23:08:49+00:00","description":"Mother Earth Instrumental: Radio de m\u00fasica en FLAC de alta resoluci\u00f3n. Post-Rock, Cl\u00e1sica Moderna, Ambient. M\u00fasica sin palabras para trabajar. Escuchar gratis.","breadcrumb":{"@id":"https:\/\/motherearthradio.de\/es\/madre-tierra-instrumental-on-air\/#breadcrumb"},"inLanguage":"es","potentialAction":[{"@type":"ReadAction","target":["https:\/\/motherearthradio.de\/es\/madre-tierra-instrumental-on-air\/"]}]},{"@type":"ImageObject","inLanguage":"es","@id":"https:\/\/motherearthradio.de\/es\/madre-tierra-instrumental-on-air\/#primaryimage","url":"https:\/\/motherearthradio.de\/wp-content\/uploads\/2025\/12\/en-us-dark-541c0d.svg","contentUrl":"https:\/\/motherearthradio.de\/wp-content\/uploads\/2025\/12\/en-us-dark-541c0d.svg"},{"@type":"BreadcrumbList","@id":"https:\/\/motherearthradio.de\/es\/madre-tierra-instrumental-on-air\/#breadcrumb","itemListElement":[{"@type":"ListItem","position":1,"name":"P\u00e1gina de inicio","item":"https:\/\/motherearthradio.de\/es\/"},{"@type":"ListItem","position":2,"name":"Mother Earth Instrumental On Air"}]},{"@type":"WebSite","@id":"https:\/\/motherearthradio.de\/es\/#website","url":"https:\/\/motherearthradio.de\/es\/","name":"Mother Earth Radio","description":"High Resolution Radio","publisher":{"@id":"https:\/\/motherearthradio.de\/es\/#organization"},"potentialAction":[{"@type":"SearchAction","target":{"@type":"EntryPoint","urlTemplate":"https:\/\/motherearthradio.de\/es\/?s={search_term_string}"},"query-input":{"@type":"PropertyValueSpecification","valueRequired":true,"valueName":"search_term_string"}}],"inLanguage":"es"},{"@type":"Organization","@id":"https:\/\/motherearthradio.de\/es\/#organization","name":"Mother Earth Radio","url":"https:\/\/motherearthradio.de\/es\/","logo":{"@type":"ImageObject","inLanguage":"es","@id":"https:\/\/motherearthradio.de\/es\/#\/schema\/logo\/image\/","url":"https:\/\/motherearthradio.de\/wp-content\/uploads\/2025\/12\/mer-logo-cube-bold-1x-512.png","contentUrl":"https:\/\/motherearthradio.de\/wp-content\/uploads\/2025\/12\/mer-logo-cube-bold-1x-512.png","width":512,"height":512,"caption":"Mother Earth Radio"},"image":{"@id":"https:\/\/motherearthradio.de\/es\/#\/schema\/logo\/image\/"},"sameAs":["https:\/\/www.youtube.com\/channel\/UCX5xCDGKQ9wCS1myWo6_nwg","https:\/\/www.instagram.com\/mother.earth.radio\/"],"description":"Das weltweit erste High Resolution Radio in 192 kHz FLAC. Vinyl-Digitalisierung, keine AI-Musik, kuratiert von Florian Reiterer.","email":"info@motherearthradio.de","telephone":"00498920977034","foundingDate":"2020-02-20","numberOfEmployees":{"@type":"QuantitativeValue","minValue":"1","maxValue":"10"}}]}},"_links":{"self":[{"href":"https:\/\/motherearthradio.de\/es\/wp-json\/wp\/v2\/pages\/4759","targetHints":{"allow":["GET"]}}],"collection":[{"href":"https:\/\/motherearthradio.de\/es\/wp-json\/wp\/v2\/pages"}],"about":[{"href":"https:\/\/motherearthradio.de\/es\/wp-json\/wp\/v2\/types\/page"}],"author":[{"embeddable":true,"href":"https:\/\/motherearthradio.de\/es\/wp-json\/wp\/v2\/users\/1"}],"replies":[{"embeddable":true,"href":"https:\/\/motherearthradio.de\/es\/wp-json\/wp\/v2\/comments?post=4759"}],"version-history":[{"count":5,"href":"https:\/\/motherearthradio.de\/es\/wp-json\/wp\/v2\/pages\/4759\/revisions"}],"predecessor-version":[{"id":10329,"href":"https:\/\/motherearthradio.de\/es\/wp-json\/wp\/v2\/pages\/4759\/revisions\/10329"}],"wp:attachment":[{"href":"https:\/\/motherearthradio.de\/es\/wp-json\/wp\/v2\/media?parent=4759"}],"curies":[{"name":"wp","href":"https:\/\/api.w.org\/{rel}","templated":true}]}}