{"id":4760,"date":"2025-03-25T17:37:08","date_gmt":"2025-03-25T16:37:08","guid":{"rendered":"https:\/\/motherearthradio.de\/madre-tierra-jazz-on-air\/"},"modified":"2026-04-23T21:21:00","modified_gmt":"2026-04-23T19:21:00","slug":"madre-tierra-jazz-on-air","status":"publish","type":"page","link":"https:\/\/motherearthradio.de\/es\/madre-tierra-jazz-on-air\/","title":{"rendered":"Mother Earth Jazz On Air"},"content":{"rendered":"\n<div id=\"wp-block-themeisle-blocks-advanced-columns-f8675704\" class=\"wp-block-themeisle-blocks-advanced-columns alignwide has-1-columns has-desktop-equal-layout has-tablet-equal-layout has-mobile-equal-layout has-vertical-unset\"><div class=\"wp-block-themeisle-blocks-advanced-columns-overlay\"><\/div><div class=\"innerblocks-wrap\">\n<div id=\"wp-block-themeisle-blocks-advanced-column-280ff229\" class=\"wp-block-themeisle-blocks-advanced-column\">\n<h1 class=\"wp-block-heading has-x-large-font-size\">MOTHER EARTH JAZZ \u2013 DESDE COOL HASTA FREE<\/h1>\n\n\n\n<p>High Resolution Radio: Jazz. En vivo en FLAC hasta 192 kHz.  Seleccionado a mano. <br\/>Gratis en el reproductor web. Transmitido en 192 kHz. <\/p>\n\n\n\n<p><em>\u2726 Nuevo en la familia: <strong>Mother Earth Resonance<\/strong> \u2014 el tono de afinaci\u00f3n vibrante \u2192 <a href=\"https:\/\/resonance.motherearthradio.de\">saber m\u00e1s<\/a><\/em><\/p>\n\n\n\n<div id=\"wp-block-themeisle-blocks-advanced-columns-83687e49\" class=\"wp-block-themeisle-blocks-advanced-columns has-1-columns has-desktop-equal-layout has-tablet-equal-layout has-mobile-equal-layout has-vertical-unset\"><div class=\"wp-block-themeisle-blocks-advanced-columns-overlay\"><\/div><div class=\"innerblocks-wrap\">\n<div id=\"wp-block-themeisle-blocks-advanced-column-6afc4974\" class=\"wp-block-themeisle-blocks-advanced-column\">\n<figure class=\"wp-block-audio\"><audio controls=\"\" src=\"https:\/\/stream.motherearthradio.de\/listen\/motherearth_jazz\/motherearth.jazz.flac-lo\"><\/audio><\/figure>\n\n\n\n<p>\u26a0\ufe0f Reproductor web: solo streaming b\u00e1sico:<br\/>Sin informaci\u00f3n del artista, car\u00e1tula o historial \u2022 Solo 96 kHz en lugar de 192 kHz<br\/>\u2705 En las aplicaciones: experiencia completa:<br\/>192 kHz \u2022 Metadatos \u2022 Car\u00e1tula \u2022 Historial de canciones \u2022 Solicitudes<\/p>\n\n\n\n<div id=\"wp-block-themeisle-blocks-advanced-columns-a24c1430\" class=\"wp-block-themeisle-blocks-advanced-columns has-3-columns has-desktop-equal-layout has-tablet-equal-layout has-mobile-collapsedRows-layout has-vertical-unset\"><div class=\"wp-block-themeisle-blocks-advanced-columns-overlay\"><\/div><div class=\"innerblocks-wrap\">\n<div id=\"wp-block-themeisle-blocks-advanced-column-d6feaa49\" class=\"wp-block-themeisle-blocks-advanced-column\">\n<figure class=\"wp-block-image size-full is-resized\"><a href=\"https:\/\/apps.microsoft.com\/detail\/9pbc5prxxx71?hl=de-DE&amp;gl=DE\" target=\"_blank\" rel=\" noreferrer noopener\"><img loading=\"lazy\" decoding=\"async\" width=\"161\" height=\"44\" src=\"https:\/\/motherearthradio.de\/wp-content\/uploads\/2025\/12\/en-us-dark-541c0d.svg\" alt=\"Radio por Internet de alta calidad en la Microsoft Store\" class=\"wp-image-8964\" style=\"width:243px;height:auto\"\/><\/a><figcaption class=\"wp-element-caption\">16,99 \u20ac \u2022 Windows 10\/11: \u00a1prueba gratuita de 7 d\u00edas!<\/figcaption><\/figure>\n<\/div>\n\n\n\n<div id=\"wp-block-themeisle-blocks-advanced-column-45d39b6d\" class=\"wp-block-themeisle-blocks-advanced-column\">\n<figure class=\"wp-block-image size-full is-resized\"><a href=\"https:\/\/play.google.com\/store\/apps\/details?id=appinventor.ai_munichbassa.Mother_Earth_Radio&amp;pcampaignid=web_share\" target=\"_blank\" rel=\" noreferrer noopener\"><img loading=\"lazy\" decoding=\"async\" width=\"646\" height=\"250\" src=\"https:\/\/motherearthradio.de\/wp-content\/uploads\/2025\/12\/en_badge_web_generic.png\" alt=\"Mother Earth Radio en Google Play\" class=\"wp-image-8963\" style=\"aspect-ratio:2.5842896013249734;width:251px;height:auto\" srcset=\"https:\/\/motherearthradio.de\/wp-content\/uploads\/2025\/12\/en_badge_web_generic.png 646w, https:\/\/motherearthradio.de\/wp-content\/uploads\/2025\/12\/en_badge_web_generic-300x116.png 300w\" sizes=\"auto, (max-width: 646px) 100vw, 646px\" \/><\/a><figcaption class=\"wp-element-caption\">19,99 \u20ac \u2022 M\u00f3vil \u2022 Chromecast \u2022 Smart TV<\/figcaption><\/figure>\n<\/div>\n\n\n\n<div id=\"wp-block-themeisle-blocks-advanced-column-ca836dd3\" class=\"wp-block-themeisle-blocks-advanced-column\">\n<figure class=\"wp-block-image size-full is-resized\"><a href=\"https:\/\/apps.apple.com\/app\/mother-earth-radio\/id6756082949\" target=\"_blank\" rel=\" noreferrer noopener\"><img loading=\"lazy\" decoding=\"async\" width=\"119\" height=\"40\" src=\"https:\/\/motherearthradio.de\/wp-content\/uploads\/2025\/12\/en-us-26a479.svg\" alt=\"\" class=\"wp-image-8965\" style=\"aspect-ratio:2.991819244253993;width:147px;height:auto\"\/><\/a><figcaption class=\"wp-element-caption\">24,99 \u20ac \u2022 iPhone \u2022 iPad \u2022 Mac<\/figcaption><\/figure>\n<\/div>\n<\/div><\/div>\n\n\n\n<div id=\"wp-block-themeisle-blocks-advanced-columns-c668e653\" class=\"wp-block-themeisle-blocks-advanced-columns alignwide has-1-columns has-desktop-equal-layout has-tablet-equal-layout has-mobile-equal-layout has-vertical-unset\"><div class=\"wp-block-themeisle-blocks-advanced-columns-overlay\"><\/div><div class=\"innerblocks-wrap\">\n<div id=\"wp-block-themeisle-blocks-advanced-column-4dd9d315\" class=\"wp-block-themeisle-blocks-advanced-column\">\n<div class=\"wp-block-group alignwide is-content-justification-space-between is-nowrap is-layout-flex wp-container-core-group-is-layout-0dfbf163 wp-block-group-is-layout-flex\">\n<figure class=\"wp-block-image size-thumbnail\"><img loading=\"lazy\" decoding=\"async\" width=\"150\" height=\"150\" src=\"https:\/\/motherearthradio.de\/wp-content\/uploads\/2026\/01\/Hi-Res_Radio-logo-150x150.png\" alt=\"High Resolution Radio\" class=\"wp-image-9973\" srcset=\"https:\/\/motherearthradio.de\/wp-content\/uploads\/2026\/01\/Hi-Res_Radio-logo-150x150.png 150w, https:\/\/motherearthradio.de\/wp-content\/uploads\/2026\/01\/Hi-Res_Radio-logo.png 256w\" sizes=\"auto, (max-width: 150px) 100vw, 150px\" \/><\/figure>\n\n\n\n<figure class=\"wp-block-image size-thumbnail\"><img loading=\"lazy\" decoding=\"async\" width=\"150\" height=\"150\" src=\"https:\/\/motherearthradio.de\/wp-content\/uploads\/2024\/03\/mergoldcube512-150x150.png\" alt=\"Mother Earth Radio\" class=\"wp-image-79\" srcset=\"https:\/\/motherearthradio.de\/wp-content\/uploads\/2024\/03\/mergoldcube512-150x150.png 150w, https:\/\/motherearthradio.de\/wp-content\/uploads\/2024\/03\/mergoldcube512-300x300.png 300w, https:\/\/motherearthradio.de\/wp-content\/uploads\/2024\/03\/mergoldcube512.png 512w\" sizes=\"auto, (max-width: 150px) 100vw, 150px\" \/><\/figure>\n<\/div>\n<\/div>\n<\/div><\/div>\n<\/div>\n<\/div><\/div>\n\n\n\n<hr class=\"wp-block-separator has-alpha-channel-opacity\"\/>\n\n\n\n<div id=\"wp-block-themeisle-blocks-advanced-columns-04738316\" class=\"wp-block-themeisle-blocks-advanced-columns has-1-columns has-desktop-equal-layout has-tablet-equal-layout has-mobile-equal-layout has-vertical-unset\"><div class=\"wp-block-themeisle-blocks-advanced-columns-overlay\"><\/div><div class=\"innerblocks-wrap\">\n<div id=\"wp-block-themeisle-blocks-advanced-column-a68c6fc1\" class=\"wp-block-themeisle-blocks-advanced-column\">\n<p><strong>\u00bfQu\u00e9 es Mother Earth Jazz?<\/strong><\/p>\n\n\n\n<p>M\u00fasica de personas que eligieron la libertad. En la vida y en la m\u00fasica. Sin compromisos, sin plan B.  <\/p>\n\n\n\n<p><strong>Un ejemplo.<\/strong><\/p>\n\n\n\n<p>Ornette Coleman tocaba sin acordes. No porque no los conociera, sino porque lo encerraban. No aboli\u00f3 las armon\u00edas porque no pudiera \u2014 sino porque le estorbaban. Eso es el jazz: no la m\u00fasica. La actitud. La decisi\u00f3n de seguir tocando en lugar de repetir.     <\/p>\n\n\n\n<p>Joachim K\u00fchn, nacido en 1944 en Leipzig, formaci\u00f3n cl\u00e1sica, en camino de convertirse en pianista de concierto \u2014 hasta que su hermano Rolf le trajo un disco de Coltrane de Occidente. Desde entonces, el jazz fue su vida. K\u00fchn se convirti\u00f3 en el pianista m\u00e1s influyente de la escena de la RDA. Pero un Estado que entend\u00eda la libertad como una amenaza no era compatible con Joachim K\u00fchn. En 1966 aprovech\u00f3 una invitaci\u00f3n a Viena y no regres\u00f3. La SED le hab\u00eda hecho jurar que volver\u00eda. Jur\u00f3. Y se fue.       <\/p>\n\n\n\n<p>Diez a\u00f1os. Diez horas al d\u00eda. K\u00fchn se prepar\u00f3 para poder hacerlo todo \u2014 y luego olvidarlo todo. A Coleman no le gustaban los pianistas. El instrumento piensa en acordes, y los acordes eran exactamente lo que Coleman no quer\u00eda. K\u00fchn fue uno de los pocos con los que toc\u00f3 de todos modos. Porque K\u00fchn estaba dispuesto a soltarlo todo.      <\/p>\n\n\n\n<p>Libertad.<\/p>\n\n\n\n<p>\u00abLet&#8217;s play, Ornette.\u00bb<\/p>\n<\/div>\n<\/div><\/div>\n\n\n\n<div id=\"wp-block-themeisle-blocks-advanced-columns-afb82773\" class=\"wp-block-themeisle-blocks-advanced-columns has-1-columns has-desktop-equal-layout has-tablet-equal-layout has-mobile-equal-layout has-vertical-unset\"><div class=\"wp-block-themeisle-blocks-advanced-columns-overlay\"><\/div><div class=\"innerblocks-wrap\">\n<div id=\"wp-block-themeisle-blocks-advanced-column-ede8506f\" class=\"wp-block-themeisle-blocks-advanced-column\">\n<h2 class=\"wp-block-heading\" id=\"h-hor-jetzt-jazz-radio-online-apps-fur-volles-erlebnis\">Escucha ahora Jazz Radio online. Aplicaciones para una experiencia completa.<\/h2>\n\n\n\n<p>Escuchar jazz gratis: Pru\u00e9balo en el reproductor web o con la m\u00e1xima calidad en las apps. Metadatos, car\u00e1tulas, historial de canciones. <br\/><\/p>\n\n\n\n<figure class=\"wp-block-table is-style-stripes has-medium-font-size\"><table class=\"has-fixed-layout\"><tbody><tr><td><\/td><td>Reproductor web<\/td><td>App<\/td><td>App + DAC USB<\/td><td>Reproductor de red<\/td><\/tr><tr><td>FLAC 192 kHz<\/td><td>\u274c<\/td><td>\u2705<\/td><td>\u2705<\/td><td>\u2705<\/td><\/tr><tr><td>Metadatos<\/td><td>\u274c<\/td><td>\u2705<\/td><td>\u2705<\/td><td>\u274c<\/td><\/tr><tr><td>Audio nativo<\/td><td>\u274c<\/td><td>\u2705<\/td><td>\u2705<\/td><td>&#8211;<\/td><\/tr><tr><td>La mejor opci\u00f3n<\/td><td><\/td><td><\/td><td>\ud83d\udc51<\/td><td><\/td><\/tr><\/tbody><\/table><\/figure>\n\n\n\n<p>Pago \u00fanico. Sin suscripci\u00f3n. <\/p>\n\n\n\n<div id=\"wp-block-themeisle-blocks-advanced-columns-4da70d4c\" class=\"wp-block-themeisle-blocks-advanced-columns has-3-columns has-desktop-equal-layout has-tablet-equal-layout has-mobile-collapsedRows-layout has-vertical-unset\"><div class=\"wp-block-themeisle-blocks-advanced-columns-overlay\"><\/div><div class=\"innerblocks-wrap\">\n<div id=\"wp-block-themeisle-blocks-advanced-column-fb3b5d8f\" class=\"wp-block-themeisle-blocks-advanced-column\">\n<figure class=\"wp-block-image size-full is-resized\"><a href=\"https:\/\/apps.microsoft.com\/detail\/9pbc5prxxx71\" target=\"_blank\" rel=\" noreferrer noopener\"><img loading=\"lazy\" decoding=\"async\" width=\"161\" height=\"44\" src=\"https:\/\/motherearthradio.de\/wp-content\/uploads\/2025\/12\/en-us-dark-541c0d.svg\" alt=\"Radio por Internet de alta calidad en la Microsoft Store\" class=\"wp-image-8964\" style=\"width:243px;height:auto\"\/><\/a><figcaption class=\"wp-element-caption\">16,99 \u20ac \u2022 Windows 10\/11: \u00a1prueba gratuita de 7 d\u00edas!<\/figcaption><\/figure>\n<\/div>\n\n\n\n<div id=\"wp-block-themeisle-blocks-advanced-column-f233f790\" class=\"wp-block-themeisle-blocks-advanced-column\">\n<figure class=\"wp-block-image size-full is-resized\"><a href=\"https:\/\/play.google.com\/store\/apps\/details?id=appinventor.ai_munichbassa.Mother_Earth_Radio&amp;pcampaignid=web_share\" target=\"_blank\" rel=\" noreferrer noopener\"><img loading=\"lazy\" decoding=\"async\" width=\"646\" height=\"250\" src=\"https:\/\/motherearthradio.de\/wp-content\/uploads\/2025\/12\/en_badge_web_generic.png\" alt=\"Mother Earth Radio en Google Play\" class=\"wp-image-8963\" style=\"aspect-ratio:2.5842896013249734;width:251px;height:auto\" srcset=\"https:\/\/motherearthradio.de\/wp-content\/uploads\/2025\/12\/en_badge_web_generic.png 646w, https:\/\/motherearthradio.de\/wp-content\/uploads\/2025\/12\/en_badge_web_generic-300x116.png 300w\" sizes=\"auto, (max-width: 646px) 100vw, 646px\" \/><\/a><figcaption class=\"wp-element-caption\">19,99 \u20ac \u2022 M\u00f3vil \u2022 Chromecast \u2022 Smart TV<\/figcaption><\/figure>\n<\/div>\n\n\n\n<div id=\"wp-block-themeisle-blocks-advanced-column-359c3bbd\" class=\"wp-block-themeisle-blocks-advanced-column\">\n<figure class=\"wp-block-image size-full is-resized\"><a href=\"https:\/\/apps.apple.com\/app\/mother-earth-radio\/id6756082949\" target=\"_blank\" rel=\" noreferrer noopener\"><img loading=\"lazy\" decoding=\"async\" width=\"119\" height=\"40\" src=\"https:\/\/motherearthradio.de\/wp-content\/uploads\/2025\/12\/en-us-26a479.svg\" alt=\"\" class=\"wp-image-8965\" style=\"aspect-ratio:2.991819244253993;width:147px;height:auto\"\/><\/a><figcaption class=\"wp-element-caption\">24,99 \u20ac \u2022 iPhone \u2022 iPad \u2022 Mac<\/figcaption><\/figure>\n<\/div>\n<\/div><\/div>\n<\/div>\n<\/div><\/div>\n\n\n\n<p><a href=\"https:\/\/motherearthradio.de\/internetradio-hohe-qualitaet\/\">[\u2192 M\u00e1s sobre nuestra calidad de audio]<\/a><\/p>\n\n\n<\/div>\n<\/div><\/div>\n","protected":false},"excerpt":{"rendered":"","protected":false},"author":1,"featured_media":0,"parent":0,"menu_order":0,"comment_status":"closed","ping_status":"closed","template":"","meta":{"_themeisle_gutenberg_block_has_review":false,"footnotes":""},"class_list":["post-4760","page","type-page","status-publish"],"yoast_head":"<!-- This site is optimized with the Yoast SEO Premium plugin v27.6 (Yoast SEO v27.6) - https:\/\/yoast.com\/product\/yoast-seo-premium-wordpress\/ -->\n<title>Escuchar Mother Earth Jazz \u2013 Radio Jazz FLAC de alta resoluci\u00f3n en directo<\/title>\n<meta name=\"description\" content=\"Mother Earth Jazz: Radio jazz online en FLAC de alta resoluci\u00f3n. Desde ECM hasta Free Jazz. Escuchar jazz gratis en el reproductor web. Escuchar ahora.\" \/>\n<meta name=\"robots\" content=\"index, follow, max-snippet:-1, max-image-preview:large, max-video-preview:-1\" \/>\n<link rel=\"canonical\" href=\"https:\/\/motherearthradio.de\/es\/madre-tierra-jazz-on-air\/\" \/>\n<meta property=\"og:locale\" content=\"es_ES\" \/>\n<meta property=\"og:type\" content=\"article\" \/>\n<meta property=\"og:title\" content=\"Mother Earth Jazz On Air\" \/>\n<meta property=\"og:description\" content=\"Mother Earth Jazz: Radio jazz online en FLAC de alta resoluci\u00f3n. Desde ECM hasta Free Jazz. Escuchar jazz gratis en el reproductor web. Escuchar ahora.\" \/>\n<meta property=\"og:url\" content=\"https:\/\/motherearthradio.de\/es\/madre-tierra-jazz-on-air\/\" \/>\n<meta property=\"og:site_name\" content=\"The Mother Earth Radio Network\" \/>\n<meta property=\"article:modified_time\" content=\"2026-04-23T19:21:00+00:00\" \/>\n<meta property=\"og:image\" content=\"https:\/\/motherearthradio.de\/wp-content\/uploads\/2024\/03\/biglogo.png\" \/>\n\t<meta property=\"og:image:width\" content=\"1200\" \/>\n\t<meta property=\"og:image:height\" content=\"728\" \/>\n\t<meta property=\"og:image:type\" content=\"image\/png\" \/>\n<meta name=\"twitter:card\" content=\"summary_large_image\" \/>\n<meta name=\"twitter:label1\" content=\"Tiempo de lectura\" \/>\n\t<meta name=\"twitter:data1\" content=\"2 minuto\" \/>\n<script type=\"application\/ld+json\" class=\"yoast-schema-graph\">{\"@context\":\"https:\\\/\\\/schema.org\",\"@graph\":[{\"@type\":\"WebPage\",\"@id\":\"https:\\\/\\\/motherearthradio.de\\\/es\\\/madre-tierra-jazz-on-air\\\/\",\"url\":\"https:\\\/\\\/motherearthradio.de\\\/es\\\/madre-tierra-jazz-on-air\\\/\",\"name\":\"Escuchar Mother Earth Jazz \u2013 Radio Jazz FLAC de alta resoluci\u00f3n en directo\",\"isPartOf\":{\"@id\":\"https:\\\/\\\/motherearthradio.de\\\/es\\\/#website\"},\"primaryImageOfPage\":{\"@id\":\"https:\\\/\\\/motherearthradio.de\\\/es\\\/madre-tierra-jazz-on-air\\\/#primaryimage\"},\"image\":{\"@id\":\"https:\\\/\\\/motherearthradio.de\\\/es\\\/madre-tierra-jazz-on-air\\\/#primaryimage\"},\"thumbnailUrl\":\"https:\\\/\\\/motherearthradio.de\\\/wp-content\\\/uploads\\\/2025\\\/12\\\/en-us-dark-541c0d.svg\",\"datePublished\":\"2025-03-25T16:37:08+00:00\",\"dateModified\":\"2026-04-23T19:21:00+00:00\",\"description\":\"Mother Earth Jazz: Radio jazz online en FLAC de alta resoluci\u00f3n. Desde ECM hasta Free Jazz. Escuchar jazz gratis en el reproductor web. Escuchar ahora.\",\"breadcrumb\":{\"@id\":\"https:\\\/\\\/motherearthradio.de\\\/es\\\/madre-tierra-jazz-on-air\\\/#breadcrumb\"},\"inLanguage\":\"es\",\"potentialAction\":[{\"@type\":\"ReadAction\",\"target\":[\"https:\\\/\\\/motherearthradio.de\\\/es\\\/madre-tierra-jazz-on-air\\\/\"]}]},{\"@type\":\"ImageObject\",\"inLanguage\":\"es\",\"@id\":\"https:\\\/\\\/motherearthradio.de\\\/es\\\/madre-tierra-jazz-on-air\\\/#primaryimage\",\"url\":\"https:\\\/\\\/motherearthradio.de\\\/wp-content\\\/uploads\\\/2025\\\/12\\\/en-us-dark-541c0d.svg\",\"contentUrl\":\"https:\\\/\\\/motherearthradio.de\\\/wp-content\\\/uploads\\\/2025\\\/12\\\/en-us-dark-541c0d.svg\"},{\"@type\":\"BreadcrumbList\",\"@id\":\"https:\\\/\\\/motherearthradio.de\\\/es\\\/madre-tierra-jazz-on-air\\\/#breadcrumb\",\"itemListElement\":[{\"@type\":\"ListItem\",\"position\":1,\"name\":\"P\u00e1gina de inicio\",\"item\":\"https:\\\/\\\/motherearthradio.de\\\/es\\\/\"},{\"@type\":\"ListItem\",\"position\":2,\"name\":\"Mother Earth Jazz On Air\"}]},{\"@type\":\"WebSite\",\"@id\":\"https:\\\/\\\/motherearthradio.de\\\/es\\\/#website\",\"url\":\"https:\\\/\\\/motherearthradio.de\\\/es\\\/\",\"name\":\"The Mother Earth Radio Network\",\"description\":\"High Resolution Radio \u2022 Mother Earth Resonance\",\"publisher\":{\"@id\":\"https:\\\/\\\/motherearthradio.de\\\/es\\\/#organization\"},\"alternateName\":\"Mother Earth Radio\",\"potentialAction\":[{\"@type\":\"SearchAction\",\"target\":{\"@type\":\"EntryPoint\",\"urlTemplate\":\"https:\\\/\\\/motherearthradio.de\\\/es\\\/?s={search_term_string}\"},\"query-input\":{\"@type\":\"PropertyValueSpecification\",\"valueRequired\":true,\"valueName\":\"search_term_string\"}}],\"inLanguage\":\"es\"},{\"@type\":\"Organization\",\"@id\":\"https:\\\/\\\/motherearthradio.de\\\/es\\\/#organization\",\"name\":\"Mother Earth Radio\",\"alternateName\":\"Mother Earth Radio\",\"url\":\"https:\\\/\\\/motherearthradio.de\\\/es\\\/\",\"logo\":{\"@type\":\"ImageObject\",\"inLanguage\":\"es\",\"@id\":\"https:\\\/\\\/motherearthradio.de\\\/es\\\/#\\\/schema\\\/logo\\\/image\\\/\",\"url\":\"https:\\\/\\\/motherearthradio.de\\\/wp-content\\\/uploads\\\/2025\\\/12\\\/mer-logo-cube-bold-1x-512.png\",\"contentUrl\":\"https:\\\/\\\/motherearthradio.de\\\/wp-content\\\/uploads\\\/2025\\\/12\\\/mer-logo-cube-bold-1x-512.png\",\"width\":512,\"height\":512,\"caption\":\"Mother Earth Radio\"},\"image\":{\"@id\":\"https:\\\/\\\/motherearthradio.de\\\/es\\\/#\\\/schema\\\/logo\\\/image\\\/\"},\"sameAs\":[\"https:\\\/\\\/www.youtube.com\\\/channel\\\/UCX5xCDGKQ9wCS1myWo6_nwg\",\"https:\\\/\\\/www.instagram.com\\\/mother.earth.radio\\\/\"],\"description\":\"Das weltweit erste High Resolution Radio in 192 kHz FLAC. Vinyl-Digitalisierung, keine AI-Musik, kuratiert von Florian Reiterer. Mother Earth Resonance Software - der lebendige Kammerton\",\"email\":\"info@motherearthradio.de\",\"telephone\":\"00498920977034\",\"foundingDate\":\"2020-02-20\",\"numberOfEmployees\":{\"@type\":\"QuantitativeValue\",\"minValue\":\"1\",\"maxValue\":\"10\"}}]}<\/script>\n<!-- \/ Yoast SEO Premium plugin. -->","yoast_head_json":{"title":"Escuchar Mother Earth Jazz \u2013 Radio Jazz FLAC de alta resoluci\u00f3n en directo","description":"Mother Earth Jazz: Radio jazz online en FLAC de alta resoluci\u00f3n. Desde ECM hasta Free Jazz. Escuchar jazz gratis en el reproductor web. Escuchar ahora.","robots":{"index":"index","follow":"follow","max-snippet":"max-snippet:-1","max-image-preview":"max-image-preview:large","max-video-preview":"max-video-preview:-1"},"canonical":"https:\/\/motherearthradio.de\/es\/madre-tierra-jazz-on-air\/","og_locale":"es_ES","og_type":"article","og_title":"Mother Earth Jazz On Air","og_description":"Mother Earth Jazz: Radio jazz online en FLAC de alta resoluci\u00f3n. Desde ECM hasta Free Jazz. Escuchar jazz gratis en el reproductor web. Escuchar ahora.","og_url":"https:\/\/motherearthradio.de\/es\/madre-tierra-jazz-on-air\/","og_site_name":"The Mother Earth Radio Network","article_modified_time":"2026-04-23T19:21:00+00:00","og_image":[{"width":1200,"height":728,"url":"https:\/\/motherearthradio.de\/wp-content\/uploads\/2024\/03\/biglogo.png","type":"image\/png"}],"twitter_card":"summary_large_image","twitter_misc":{"Tiempo de lectura":"2 minuto"},"schema":{"@context":"https:\/\/schema.org","@graph":[{"@type":"WebPage","@id":"https:\/\/motherearthradio.de\/es\/madre-tierra-jazz-on-air\/","url":"https:\/\/motherearthradio.de\/es\/madre-tierra-jazz-on-air\/","name":"Escuchar Mother Earth Jazz \u2013 Radio Jazz FLAC de alta resoluci\u00f3n en directo","isPartOf":{"@id":"https:\/\/motherearthradio.de\/es\/#website"},"primaryImageOfPage":{"@id":"https:\/\/motherearthradio.de\/es\/madre-tierra-jazz-on-air\/#primaryimage"},"image":{"@id":"https:\/\/motherearthradio.de\/es\/madre-tierra-jazz-on-air\/#primaryimage"},"thumbnailUrl":"https:\/\/motherearthradio.de\/wp-content\/uploads\/2025\/12\/en-us-dark-541c0d.svg","datePublished":"2025-03-25T16:37:08+00:00","dateModified":"2026-04-23T19:21:00+00:00","description":"Mother Earth Jazz: Radio jazz online en FLAC de alta resoluci\u00f3n. Desde ECM hasta Free Jazz. Escuchar jazz gratis en el reproductor web. Escuchar ahora.","breadcrumb":{"@id":"https:\/\/motherearthradio.de\/es\/madre-tierra-jazz-on-air\/#breadcrumb"},"inLanguage":"es","potentialAction":[{"@type":"ReadAction","target":["https:\/\/motherearthradio.de\/es\/madre-tierra-jazz-on-air\/"]}]},{"@type":"ImageObject","inLanguage":"es","@id":"https:\/\/motherearthradio.de\/es\/madre-tierra-jazz-on-air\/#primaryimage","url":"https:\/\/motherearthradio.de\/wp-content\/uploads\/2025\/12\/en-us-dark-541c0d.svg","contentUrl":"https:\/\/motherearthradio.de\/wp-content\/uploads\/2025\/12\/en-us-dark-541c0d.svg"},{"@type":"BreadcrumbList","@id":"https:\/\/motherearthradio.de\/es\/madre-tierra-jazz-on-air\/#breadcrumb","itemListElement":[{"@type":"ListItem","position":1,"name":"P\u00e1gina de inicio","item":"https:\/\/motherearthradio.de\/es\/"},{"@type":"ListItem","position":2,"name":"Mother Earth Jazz On Air"}]},{"@type":"WebSite","@id":"https:\/\/motherearthradio.de\/es\/#website","url":"https:\/\/motherearthradio.de\/es\/","name":"The Mother Earth Radio Network","description":"High Resolution Radio \u2022 Mother Earth Resonance","publisher":{"@id":"https:\/\/motherearthradio.de\/es\/#organization"},"alternateName":"Mother Earth Radio","potentialAction":[{"@type":"SearchAction","target":{"@type":"EntryPoint","urlTemplate":"https:\/\/motherearthradio.de\/es\/?s={search_term_string}"},"query-input":{"@type":"PropertyValueSpecification","valueRequired":true,"valueName":"search_term_string"}}],"inLanguage":"es"},{"@type":"Organization","@id":"https:\/\/motherearthradio.de\/es\/#organization","name":"Mother Earth Radio","alternateName":"Mother Earth Radio","url":"https:\/\/motherearthradio.de\/es\/","logo":{"@type":"ImageObject","inLanguage":"es","@id":"https:\/\/motherearthradio.de\/es\/#\/schema\/logo\/image\/","url":"https:\/\/motherearthradio.de\/wp-content\/uploads\/2025\/12\/mer-logo-cube-bold-1x-512.png","contentUrl":"https:\/\/motherearthradio.de\/wp-content\/uploads\/2025\/12\/mer-logo-cube-bold-1x-512.png","width":512,"height":512,"caption":"Mother Earth Radio"},"image":{"@id":"https:\/\/motherearthradio.de\/es\/#\/schema\/logo\/image\/"},"sameAs":["https:\/\/www.youtube.com\/channel\/UCX5xCDGKQ9wCS1myWo6_nwg","https:\/\/www.instagram.com\/mother.earth.radio\/"],"description":"Das weltweit erste High Resolution Radio in 192 kHz FLAC. Vinyl-Digitalisierung, keine AI-Musik, kuratiert von Florian Reiterer. Mother Earth Resonance Software - der lebendige Kammerton","email":"info@motherearthradio.de","telephone":"00498920977034","foundingDate":"2020-02-20","numberOfEmployees":{"@type":"QuantitativeValue","minValue":"1","maxValue":"10"}}]}},"_links":{"self":[{"href":"https:\/\/motherearthradio.de\/es\/wp-json\/wp\/v2\/pages\/4760","targetHints":{"allow":["GET"]}}],"collection":[{"href":"https:\/\/motherearthradio.de\/es\/wp-json\/wp\/v2\/pages"}],"about":[{"href":"https:\/\/motherearthradio.de\/es\/wp-json\/wp\/v2\/types\/page"}],"author":[{"embeddable":true,"href":"https:\/\/motherearthradio.de\/es\/wp-json\/wp\/v2\/users\/1"}],"replies":[{"embeddable":true,"href":"https:\/\/motherearthradio.de\/es\/wp-json\/wp\/v2\/comments?post=4760"}],"version-history":[{"count":7,"href":"https:\/\/motherearthradio.de\/es\/wp-json\/wp\/v2\/pages\/4760\/revisions"}],"predecessor-version":[{"id":10705,"href":"https:\/\/motherearthradio.de\/es\/wp-json\/wp\/v2\/pages\/4760\/revisions\/10705"}],"wp:attachment":[{"href":"https:\/\/motherearthradio.de\/es\/wp-json\/wp\/v2\/media?parent=4760"}],"curies":[{"name":"wp","href":"https:\/\/api.w.org\/{rel}","templated":true}]}}