{"id":4776,"date":"2024-03-30T16:22:42","date_gmt":"2024-03-30T15:22:42","guid":{"rendered":"https:\/\/motherearthradio.de\/pie-de-imprenta\/"},"modified":"2025-12-19T21:56:45","modified_gmt":"2025-12-19T20:56:45","slug":"pie-de-imprenta","status":"publish","type":"page","link":"https:\/\/motherearthradio.de\/es\/pie-de-imprenta\/","title":{"rendered":"Pie de imprenta"},"content":{"rendered":"\n<div id=\"wp-block-themeisle-blocks-advanced-columns-cbfff178\" class=\"wp-block-themeisle-blocks-advanced-columns alignwide has-1-columns has-desktop-equal-layout has-tablet-equal-layout has-mobile-equal-layout has-vertical-unset\"><div class=\"wp-block-themeisle-blocks-advanced-columns-overlay\"><\/div><div class=\"innerblocks-wrap\">\n<div id=\"wp-block-themeisle-blocks-advanced-column-3e6dca09\" class=\"wp-block-themeisle-blocks-advanced-column\">\n<div id=\"wp-block-themeisle-blocks-advanced-columns-47565e7e\" class=\"wp-block-themeisle-blocks-advanced-columns has-1-columns has-desktop-equal-layout has-tablet-equal-layout has-mobile-equal-layout has-vertical-unset\"><div class=\"wp-block-themeisle-blocks-advanced-columns-overlay\"><\/div><div class=\"innerblocks-wrap\">\n<div id=\"wp-block-themeisle-blocks-advanced-column-4d2b5a2f\" class=\"wp-block-themeisle-blocks-advanced-column\">\n<h1 class=\"wp-block-heading has-text-align-center\">Pie de imprenta<\/h1>\n\n\n\n<h2 class=\"wp-block-heading has-text-align-center\">Edici\u00f3n musical<\/h2>\n\n\n\n<p class=\"has-text-align-center\">Christian Mayer y <a href=\"https:\/\/motherearthradio.de\/es\/filosofia-sobre-nosotros\/\">Florian Reiterer<\/a><\/p>\n\n\n\n<h3 class=\"wp-block-heading has-text-align-center\">Programaci\u00f3n<\/h3>\n\n\n\n<p class=\"has-text-align-center\">Florian Reiterer<\/p>\n<\/div>\n<\/div><\/div>\n\n\n\n<hr class=\"wp-block-separator has-alpha-channel-opacity\"\/>\n\n\n\n<div class=\"wp-block-group alignwide\"><div class=\"wp-block-group__inner-container is-layout-constrained wp-block-group-is-layout-constrained\">\n<h2 class=\"wp-block-heading has-text-align-center\">Pie de imprenta<\/h2>\n\n\n\n<h5 class=\"wp-block-heading has-text-align-center\">Informaci\u00f3n seg\u00fan el \u00a7 5 TMG<\/h5>\n\n\n\n<h5 class=\"wp-block-heading has-text-align-center\">Florian Reiterer<br\/><\/h5>\n\n\n\n<p class=\"has-text-align-center\">Weidmannstrasse 40A<br\/>D-80997 M\u00fanich<\/p>\n\n\n<div class=\"wp-block-image\">\n<figure class=\"aligncenter size-full is-resized\"><img loading=\"lazy\" decoding=\"async\" width=\"472\" height=\"647\" src=\"https:\/\/motherearthradio.de\/wp-content\/uploads\/2024\/03\/flo.png\" alt=\"Pie de imprenta Florian Reiterer\" class=\"wp-image-1053\" style=\"width:207px;height:auto\" srcset=\"https:\/\/motherearthradio.de\/wp-content\/uploads\/2024\/03\/flo.png 472w, https:\/\/motherearthradio.de\/wp-content\/uploads\/2024\/03\/flo-219x300.png 219w\" sizes=\"auto, (max-width: 472px) 100vw, 472px\" \/><\/figure>\n<\/div>\n\n\n<h3 class=\"wp-block-heading has-text-align-center\"><a href=\"\/?page_id=4414\">Sobre nosotros<\/a><\/h3>\n<\/div><\/div>\n\n\n\n<div class=\"wp-block-group alignwide\"><div class=\"wp-block-group__inner-container is-layout-constrained wp-block-group-is-layout-constrained\">\n<h3 class=\"wp-block-heading has-text-align-center\"><a href=\"https:\/\/motherearthradio.de\/es\/contacta-con-nosotros\/\">Contacta con nosotros<\/a><\/h3>\n\n\n\n<p class=\"has-text-align-center\">Tel\u00e9fono: +49-89-20977034<br\/>Correo electr\u00f3nico: <a href=\"mailto:info@motherearthradio.de\">info@motherearthradio.de<\/a><\/p>\n\n\n\n<p class=\"has-text-align-center has-neve-text-color-color has-text-color has-link-color has-medium-font-size wp-elements-a015e54a67e36ffaa2c0083ace21141f\"><a href=\"https:\/\/www.iubenda.com\/nutzungsbedingungen\/56232436\" target=\"_blank\" rel=\"noreferrer noopener\">T\u00e9rminos y condiciones generales<\/a><\/p>\n\n\n\n<hr class=\"wp-block-separator has-alpha-channel-opacity\"\/>\n<\/div><\/div>\n\n\n\n<div class=\"wp-block-group is-content-justification-center is-nowrap is-layout-flex wp-container-core-group-is-layout-94bc23d7 wp-block-group-is-layout-flex\">\n<ul class=\"wp-block-list\">\n<li>hecho con <a href=\"https:\/\/www.liquidsoap.info\/\">Liquidsoap<\/a> y <a href=\"https:\/\/www.liquidsoap.info\/\" target=\"_blank\" rel=\"noreferrer noopener\">AzuraCast<\/a><br\/>alojado por <a href=\"https:\/\/www.liquidsoap.info\/\" target=\"_blank\" rel=\"noreferrer noopener\">AllInkl.com<\/a><a href=\"https:\/\/all-inkl.com\/PA6A2561B295B40\"><\/a><\/li>\n\n\n\n<li>Streams alojados por <a href=\"https:\/\/www.streamserver24.com\/\" target=\"_blank\" rel=\"noreferrer noopener\">StreamServer24.com<\/a><br\/>Licencias musicales de <a href=\"https:\/\/www.iceservices.com\" target=\"_blank\" rel=\"noreferrer noopener\">ICE Services<\/a><\/li>\n<\/ul>\n<\/div>\n<\/div>\n<\/div><\/div>\n","protected":false},"excerpt":{"rendered":"","protected":false},"author":1,"featured_media":0,"parent":0,"menu_order":0,"comment_status":"closed","ping_status":"closed","template":"page-no-title","meta":{"_themeisle_gutenberg_block_has_review":false,"footnotes":""},"class_list":["post-4776","page","type-page","status-publish"],"yoast_head":"<!-- This site is optimized with the Yoast SEO Premium plugin v27.4 (Yoast SEO v27.4) - https:\/\/yoast.com\/product\/yoast-seo-premium-wordpress\/ -->\n<title>Pie de imprenta - The Mother Earth Radio Network<\/title>\n<meta name=\"description\" content=\"Informaci\u00f3n legal, t\u00e9rminos y condiciones, licencias y aviso legal: Edici\u00f3n musical: Christian Mayer y Florian Reiterer. Programaci\u00f3n.....\" \/>\n<meta name=\"robots\" content=\"index, follow, max-snippet:-1, max-image-preview:large, max-video-preview:-1\" \/>\n<link rel=\"canonical\" href=\"https:\/\/motherearthradio.de\/es\/pie-de-imprenta\/\" \/>\n<meta property=\"og:locale\" content=\"es_ES\" \/>\n<meta property=\"og:type\" content=\"article\" \/>\n<meta property=\"og:title\" content=\"Pie de imprenta\" \/>\n<meta property=\"og:description\" content=\"Informaci\u00f3n legal, t\u00e9rminos y condiciones, licencias y aviso legal: Edici\u00f3n musical: Christian Mayer y Florian Reiterer. Programaci\u00f3n.....\" \/>\n<meta property=\"og:url\" content=\"https:\/\/motherearthradio.de\/es\/pie-de-imprenta\/\" \/>\n<meta property=\"og:site_name\" content=\"The Mother Earth Radio Network\" \/>\n<meta property=\"article:modified_time\" content=\"2025-12-19T20:56:45+00:00\" \/>\n<meta property=\"og:image\" content=\"https:\/\/motherearthradio.de\/wp-content\/uploads\/2024\/03\/flo.png\" \/>\n\t<meta property=\"og:image:width\" content=\"472\" \/>\n\t<meta property=\"og:image:height\" content=\"647\" \/>\n\t<meta property=\"og:image:type\" content=\"image\/png\" \/>\n<meta name=\"twitter:card\" content=\"summary_large_image\" \/>\n<script type=\"application\/ld+json\" class=\"yoast-schema-graph\">{\"@context\":\"https:\\\/\\\/schema.org\",\"@graph\":[{\"@type\":\"WebPage\",\"@id\":\"https:\\\/\\\/motherearthradio.de\\\/es\\\/pie-de-imprenta\\\/\",\"url\":\"https:\\\/\\\/motherearthradio.de\\\/es\\\/pie-de-imprenta\\\/\",\"name\":\"Pie de imprenta - The Mother Earth Radio Network\",\"isPartOf\":{\"@id\":\"https:\\\/\\\/motherearthradio.de\\\/es\\\/#website\"},\"primaryImageOfPage\":{\"@id\":\"https:\\\/\\\/motherearthradio.de\\\/es\\\/pie-de-imprenta\\\/#primaryimage\"},\"image\":{\"@id\":\"https:\\\/\\\/motherearthradio.de\\\/es\\\/pie-de-imprenta\\\/#primaryimage\"},\"thumbnailUrl\":\"https:\\\/\\\/motherearthradio.de\\\/wp-content\\\/uploads\\\/2024\\\/03\\\/flo.png\",\"datePublished\":\"2024-03-30T15:22:42+00:00\",\"dateModified\":\"2025-12-19T20:56:45+00:00\",\"description\":\"Informaci\u00f3n legal, t\u00e9rminos y condiciones, licencias y aviso legal: Edici\u00f3n musical: Christian Mayer y Florian Reiterer. Programaci\u00f3n.....\",\"breadcrumb\":{\"@id\":\"https:\\\/\\\/motherearthradio.de\\\/es\\\/pie-de-imprenta\\\/#breadcrumb\"},\"inLanguage\":\"es\",\"potentialAction\":[{\"@type\":\"ReadAction\",\"target\":[\"https:\\\/\\\/motherearthradio.de\\\/es\\\/pie-de-imprenta\\\/\"]}]},{\"@type\":\"ImageObject\",\"inLanguage\":\"es\",\"@id\":\"https:\\\/\\\/motherearthradio.de\\\/es\\\/pie-de-imprenta\\\/#primaryimage\",\"url\":\"https:\\\/\\\/motherearthradio.de\\\/wp-content\\\/uploads\\\/2024\\\/03\\\/flo.png\",\"contentUrl\":\"https:\\\/\\\/motherearthradio.de\\\/wp-content\\\/uploads\\\/2024\\\/03\\\/flo.png\"},{\"@type\":\"BreadcrumbList\",\"@id\":\"https:\\\/\\\/motherearthradio.de\\\/es\\\/pie-de-imprenta\\\/#breadcrumb\",\"itemListElement\":[{\"@type\":\"ListItem\",\"position\":1,\"name\":\"P\u00e1gina de inicio\",\"item\":\"https:\\\/\\\/motherearthradio.de\\\/es\\\/\"},{\"@type\":\"ListItem\",\"position\":2,\"name\":\"Pie de imprenta\"}]},{\"@type\":\"WebSite\",\"@id\":\"https:\\\/\\\/motherearthradio.de\\\/es\\\/#website\",\"url\":\"https:\\\/\\\/motherearthradio.de\\\/es\\\/\",\"name\":\"The Mother Earth Radio Network\",\"description\":\"High Resolution Radio \u2022 Mother Earth Resonance\",\"publisher\":{\"@id\":\"https:\\\/\\\/motherearthradio.de\\\/es\\\/#organization\"},\"alternateName\":\"Mother Earth Radio\",\"potentialAction\":[{\"@type\":\"SearchAction\",\"target\":{\"@type\":\"EntryPoint\",\"urlTemplate\":\"https:\\\/\\\/motherearthradio.de\\\/es\\\/?s={search_term_string}\"},\"query-input\":{\"@type\":\"PropertyValueSpecification\",\"valueRequired\":true,\"valueName\":\"search_term_string\"}}],\"inLanguage\":\"es\"},{\"@type\":\"Organization\",\"@id\":\"https:\\\/\\\/motherearthradio.de\\\/es\\\/#organization\",\"name\":\"Mother Earth Radio\",\"alternateName\":\"Mother Earth Radio\",\"url\":\"https:\\\/\\\/motherearthradio.de\\\/es\\\/\",\"logo\":{\"@type\":\"ImageObject\",\"inLanguage\":\"es\",\"@id\":\"https:\\\/\\\/motherearthradio.de\\\/es\\\/#\\\/schema\\\/logo\\\/image\\\/\",\"url\":\"https:\\\/\\\/motherearthradio.de\\\/wp-content\\\/uploads\\\/2025\\\/12\\\/mer-logo-cube-bold-1x-512.png\",\"contentUrl\":\"https:\\\/\\\/motherearthradio.de\\\/wp-content\\\/uploads\\\/2025\\\/12\\\/mer-logo-cube-bold-1x-512.png\",\"width\":512,\"height\":512,\"caption\":\"Mother Earth Radio\"},\"image\":{\"@id\":\"https:\\\/\\\/motherearthradio.de\\\/es\\\/#\\\/schema\\\/logo\\\/image\\\/\"},\"sameAs\":[\"https:\\\/\\\/www.youtube.com\\\/channel\\\/UCX5xCDGKQ9wCS1myWo6_nwg\",\"https:\\\/\\\/www.instagram.com\\\/mother.earth.radio\\\/\"],\"description\":\"Das weltweit erste High Resolution Radio in 192 kHz FLAC. Vinyl-Digitalisierung, keine AI-Musik, kuratiert von Florian Reiterer. Mother Earth Resonance Software - der lebendige Kammerton\",\"email\":\"info@motherearthradio.de\",\"telephone\":\"00498920977034\",\"foundingDate\":\"2020-02-20\",\"numberOfEmployees\":{\"@type\":\"QuantitativeValue\",\"minValue\":\"1\",\"maxValue\":\"10\"}}]}<\/script>\n<!-- \/ Yoast SEO Premium plugin. -->","yoast_head_json":{"title":"Pie de imprenta - The Mother Earth Radio Network","description":"Informaci\u00f3n legal, t\u00e9rminos y condiciones, licencias y aviso legal: Edici\u00f3n musical: Christian Mayer y Florian Reiterer. Programaci\u00f3n.....","robots":{"index":"index","follow":"follow","max-snippet":"max-snippet:-1","max-image-preview":"max-image-preview:large","max-video-preview":"max-video-preview:-1"},"canonical":"https:\/\/motherearthradio.de\/es\/pie-de-imprenta\/","og_locale":"es_ES","og_type":"article","og_title":"Pie de imprenta","og_description":"Informaci\u00f3n legal, t\u00e9rminos y condiciones, licencias y aviso legal: Edici\u00f3n musical: Christian Mayer y Florian Reiterer. Programaci\u00f3n.....","og_url":"https:\/\/motherearthradio.de\/es\/pie-de-imprenta\/","og_site_name":"The Mother Earth Radio Network","article_modified_time":"2025-12-19T20:56:45+00:00","og_image":[{"width":472,"height":647,"url":"https:\/\/motherearthradio.de\/wp-content\/uploads\/2024\/03\/flo.png","type":"image\/png"}],"twitter_card":"summary_large_image","schema":{"@context":"https:\/\/schema.org","@graph":[{"@type":"WebPage","@id":"https:\/\/motherearthradio.de\/es\/pie-de-imprenta\/","url":"https:\/\/motherearthradio.de\/es\/pie-de-imprenta\/","name":"Pie de imprenta - The Mother Earth Radio Network","isPartOf":{"@id":"https:\/\/motherearthradio.de\/es\/#website"},"primaryImageOfPage":{"@id":"https:\/\/motherearthradio.de\/es\/pie-de-imprenta\/#primaryimage"},"image":{"@id":"https:\/\/motherearthradio.de\/es\/pie-de-imprenta\/#primaryimage"},"thumbnailUrl":"https:\/\/motherearthradio.de\/wp-content\/uploads\/2024\/03\/flo.png","datePublished":"2024-03-30T15:22:42+00:00","dateModified":"2025-12-19T20:56:45+00:00","description":"Informaci\u00f3n legal, t\u00e9rminos y condiciones, licencias y aviso legal: Edici\u00f3n musical: Christian Mayer y Florian Reiterer. Programaci\u00f3n.....","breadcrumb":{"@id":"https:\/\/motherearthradio.de\/es\/pie-de-imprenta\/#breadcrumb"},"inLanguage":"es","potentialAction":[{"@type":"ReadAction","target":["https:\/\/motherearthradio.de\/es\/pie-de-imprenta\/"]}]},{"@type":"ImageObject","inLanguage":"es","@id":"https:\/\/motherearthradio.de\/es\/pie-de-imprenta\/#primaryimage","url":"https:\/\/motherearthradio.de\/wp-content\/uploads\/2024\/03\/flo.png","contentUrl":"https:\/\/motherearthradio.de\/wp-content\/uploads\/2024\/03\/flo.png"},{"@type":"BreadcrumbList","@id":"https:\/\/motherearthradio.de\/es\/pie-de-imprenta\/#breadcrumb","itemListElement":[{"@type":"ListItem","position":1,"name":"P\u00e1gina de inicio","item":"https:\/\/motherearthradio.de\/es\/"},{"@type":"ListItem","position":2,"name":"Pie de imprenta"}]},{"@type":"WebSite","@id":"https:\/\/motherearthradio.de\/es\/#website","url":"https:\/\/motherearthradio.de\/es\/","name":"The Mother Earth Radio Network","description":"High Resolution Radio \u2022 Mother Earth Resonance","publisher":{"@id":"https:\/\/motherearthradio.de\/es\/#organization"},"alternateName":"Mother Earth Radio","potentialAction":[{"@type":"SearchAction","target":{"@type":"EntryPoint","urlTemplate":"https:\/\/motherearthradio.de\/es\/?s={search_term_string}"},"query-input":{"@type":"PropertyValueSpecification","valueRequired":true,"valueName":"search_term_string"}}],"inLanguage":"es"},{"@type":"Organization","@id":"https:\/\/motherearthradio.de\/es\/#organization","name":"Mother Earth Radio","alternateName":"Mother Earth Radio","url":"https:\/\/motherearthradio.de\/es\/","logo":{"@type":"ImageObject","inLanguage":"es","@id":"https:\/\/motherearthradio.de\/es\/#\/schema\/logo\/image\/","url":"https:\/\/motherearthradio.de\/wp-content\/uploads\/2025\/12\/mer-logo-cube-bold-1x-512.png","contentUrl":"https:\/\/motherearthradio.de\/wp-content\/uploads\/2025\/12\/mer-logo-cube-bold-1x-512.png","width":512,"height":512,"caption":"Mother Earth Radio"},"image":{"@id":"https:\/\/motherearthradio.de\/es\/#\/schema\/logo\/image\/"},"sameAs":["https:\/\/www.youtube.com\/channel\/UCX5xCDGKQ9wCS1myWo6_nwg","https:\/\/www.instagram.com\/mother.earth.radio\/"],"description":"Das weltweit erste High Resolution Radio in 192 kHz FLAC. Vinyl-Digitalisierung, keine AI-Musik, kuratiert von Florian Reiterer. Mother Earth Resonance Software - der lebendige Kammerton","email":"info@motherearthradio.de","telephone":"00498920977034","foundingDate":"2020-02-20","numberOfEmployees":{"@type":"QuantitativeValue","minValue":"1","maxValue":"10"}}]}},"_links":{"self":[{"href":"https:\/\/motherearthradio.de\/es\/wp-json\/wp\/v2\/pages\/4776","targetHints":{"allow":["GET"]}}],"collection":[{"href":"https:\/\/motherearthradio.de\/es\/wp-json\/wp\/v2\/pages"}],"about":[{"href":"https:\/\/motherearthradio.de\/es\/wp-json\/wp\/v2\/types\/page"}],"author":[{"embeddable":true,"href":"https:\/\/motherearthradio.de\/es\/wp-json\/wp\/v2\/users\/1"}],"replies":[{"embeddable":true,"href":"https:\/\/motherearthradio.de\/es\/wp-json\/wp\/v2\/comments?post=4776"}],"version-history":[{"count":0,"href":"https:\/\/motherearthradio.de\/es\/wp-json\/wp\/v2\/pages\/4776\/revisions"}],"wp:attachment":[{"href":"https:\/\/motherearthradio.de\/es\/wp-json\/wp\/v2\/media?parent=4776"}],"curies":[{"name":"wp","href":"https:\/\/api.w.org\/{rel}","templated":true}]}}