{"id":8076,"date":"2025-10-03T19:32:19","date_gmt":"2025-10-03T17:32:19","guid":{"rendered":"https:\/\/motherearthradio.de\/filosofia-sobre-nosotros\/"},"modified":"2026-01-05T22:51:22","modified_gmt":"2026-01-05T21:51:22","slug":"filosofia-sobre-nosotros","status":"publish","type":"page","link":"https:\/\/motherearthradio.de\/es\/filosofia-sobre-nosotros\/","title":{"rendered":"Filosof\u00eda \/ Sobre nosotros"},"content":{"rendered":"\n<div id=\"wp-block-themeisle-blocks-advanced-columns-b609be49\" class=\"wp-block-themeisle-blocks-advanced-columns has-1-columns has-desktop-equal-layout has-tablet-equal-layout has-mobile-equal-layout has-vertical-unset\"><div class=\"wp-block-themeisle-blocks-advanced-columns-overlay\"><\/div><div class=\"innerblocks-wrap\">\n<div id=\"wp-block-themeisle-blocks-advanced-column-324ce504\" class=\"wp-block-themeisle-blocks-advanced-column\">\n<h1 class=\"wp-block-heading\" id=\"h-high-resolution-radio-von-einem-tontechniker-der-weiss-wie-musik-klingen-sollte\">High Resolution Radio. De un ingeniero de sonido que sabe c\u00f3mo debe sonar la m\u00fasica. <\/h1>\n\n\n\n<p>Mother Earth Radio no es un algoritmo. Es m\u00fasica seleccionada a mano en calidad sin p\u00e9rdidas, seleccionada con una filosof\u00eda. Por alguien que ha trabajado 30 a\u00f1os en la producci\u00f3n de audio profesional.   <br\/><br\/>Sin listas de reproducci\u00f3n basadas en clics. Sin compresi\u00f3n. Sin grandes discogr\u00e1ficas. Solo m\u00fasica que merece ser escuchada en alta resoluci\u00f3n.   <\/p>\n\n\n\n<h2 class=\"wp-block-heading\" id=\"h-die-philosophie\">La filosof\u00eda<\/h2>\n\n\n\n<h3 class=\"wp-block-heading\" id=\"h-vinyl-ist-die-erste-kopie\">El vinilo es la primera copia<\/h3>\n\n\n\n<div id=\"wp-block-themeisle-blocks-advanced-columns-5dcd5d5b\" class=\"wp-block-themeisle-blocks-advanced-columns has-2-columns has-desktop-twoOne-layout has-tablet-equal-layout has-mobile-collapsedRows-layout has-vertical-unset\"><div class=\"wp-block-themeisle-blocks-advanced-columns-overlay\"><\/div><div class=\"innerblocks-wrap\">\n<div id=\"wp-block-themeisle-blocks-advanced-column-f6533abb\" class=\"wp-block-themeisle-blocks-advanced-column\">\n<p>Solo hay un paso entre la grabaci\u00f3n en el estudio y el disco de vinilo. Sin conversi\u00f3n digital, sin compresi\u00f3n, sin guerra de sonoridad. El surco conserva lo que se toc\u00f3.   <\/p>\n<\/div>\n\n\n\n<div id=\"wp-block-themeisle-blocks-advanced-column-28e6046d\" class=\"wp-block-themeisle-blocks-advanced-column\">\n<figure class=\"wp-block-image size-medium\"><img loading=\"lazy\" decoding=\"async\" width=\"300\" height=\"225\" src=\"https:\/\/motherearthradio.de\/wp-content\/uploads\/2024\/12\/ingo-schulz-mwWZTLr9Tcg-unsplash-300x225.jpg\" alt=\"filosof&#xED;a anal&#xF3;gica \/ Sobre nosotros\" class=\"wp-image-2989\" srcset=\"https:\/\/motherearthradio.de\/wp-content\/uploads\/2024\/12\/ingo-schulz-mwWZTLr9Tcg-unsplash-300x225.jpg 300w, https:\/\/motherearthradio.de\/wp-content\/uploads\/2024\/12\/ingo-schulz-mwWZTLr9Tcg-unsplash-1024x768.jpg 1024w, https:\/\/motherearthradio.de\/wp-content\/uploads\/2024\/12\/ingo-schulz-mwWZTLr9Tcg-unsplash-768x576.jpg 768w, https:\/\/motherearthradio.de\/wp-content\/uploads\/2024\/12\/ingo-schulz-mwWZTLr9Tcg-unsplash-1536x1152.jpg 1536w, https:\/\/motherearthradio.de\/wp-content\/uploads\/2024\/12\/ingo-schulz-mwWZTLr9Tcg-unsplash-2048x1536.jpg 2048w\" sizes=\"auto, (max-width: 300px) 100vw, 300px\" \/><\/figure>\n<\/div>\n<\/div><\/div>\n\n\n\n<div id=\"wp-block-themeisle-blocks-advanced-columns-ea832221\" class=\"wp-block-themeisle-blocks-advanced-columns has-2-columns has-desktop-oneTwo-layout has-tablet-equal-layout has-mobile-collapsedRows-layout has-vertical-unset\"><div class=\"wp-block-themeisle-blocks-advanced-columns-overlay\"><\/div><div class=\"innerblocks-wrap\">\n<div id=\"wp-block-themeisle-blocks-advanced-column-488d3a84\" class=\"wp-block-themeisle-blocks-advanced-column\">\n<figure class=\"wp-block-image size-medium\"><img loading=\"lazy\" decoding=\"async\" width=\"200\" height=\"300\" src=\"https:\/\/motherearthradio.de\/wp-content\/uploads\/2025\/07\/markus-spiske-igj1YmV2UIc-unsplash-200x300.jpg\" alt=\"\" class=\"wp-image-6277\" srcset=\"https:\/\/motherearthradio.de\/wp-content\/uploads\/2025\/07\/markus-spiske-igj1YmV2UIc-unsplash-200x300.jpg 200w, https:\/\/motherearthradio.de\/wp-content\/uploads\/2025\/07\/markus-spiske-igj1YmV2UIc-unsplash-683x1024.jpg 683w, https:\/\/motherearthradio.de\/wp-content\/uploads\/2025\/07\/markus-spiske-igj1YmV2UIc-unsplash-768x1152.jpg 768w, https:\/\/motherearthradio.de\/wp-content\/uploads\/2025\/07\/markus-spiske-igj1YmV2UIc-unsplash-1024x1536.jpg 1024w, https:\/\/motherearthradio.de\/wp-content\/uploads\/2025\/07\/markus-spiske-igj1YmV2UIc-unsplash-1366x2048.jpg 1366w, https:\/\/motherearthradio.de\/wp-content\/uploads\/2025\/07\/markus-spiske-igj1YmV2UIc-unsplash-scaled.jpg 1707w\" sizes=\"auto, (max-width: 200px) 100vw, 200px\" \/><\/figure>\n<\/div>\n\n\n\n<div id=\"wp-block-themeisle-blocks-advanced-column-2a4ca719\" class=\"wp-block-themeisle-blocks-advanced-column\">\n<p>Esta es la generaci\u00f3n que importa. Digitalizamos esta primera copia con equipos de alta fidelidad. 24 bits, 192 kHz. Para que obtengas lo que los artistas grabaron, antes de que la industria lo arruinara.   <\/p>\n<\/div>\n<\/div><\/div>\n\n\n\n<h3 class=\"wp-block-heading\">429 Hz: La afinaci\u00f3n f\u00edsica<\/h3>\n\n\n\n<p>La mayor\u00eda de la m\u00fasica est\u00e1 afinada a 440 Hz. Eso es convenci\u00f3n, nada m\u00e1s. Nosotros afinamos a 429 Hz: el tono de referencia que se basa en frecuencias f\u00edsicas fundamentales.  <\/p>\n\n\n\n<p>Sin esoterismo. F\u00edsica. Lo oyes. M\u00e1s profundo. M\u00e1s natural. Como si la m\u00fasica respirara.     <\/p>\n\n\n\n<p>Cada pista se reajusta individualmente. A mano. Eso lleva tiempo. Pero marca la diferencia.   <\/p>\n\n\n\n<p class=\"is-style-text-annotation\"><a href=\"https:\/\/motherearthradio.de\/es\/429-hz-tono-de-referencia\/\">m\u00e1s sobre 429Hz<\/a><\/p>\n\n\n\n<h3 class=\"wp-block-heading\">Alta resoluci\u00f3n significa: Todo se queda dentro<\/h3>\n\n\n\n<p class=\"is-style-default\">La industria musical comprime. MP3, AAC: todo se vuelve m\u00e1s peque\u00f1o, manejable, muerto. Nosotros tomamos el camino contrario.  <br\/><br\/>FLAC Lossless. Sin p\u00e9rdidas. La din\u00e1mica completa. Eso significa: los pasajes silenciosos permanecen silenciosos, los pasajes fuertes no se cortan. La m\u00fasica puede desarrollarse.    <br\/><br\/>No necesitas un cable de oro para ello. Pero unos buenos altavoces o auriculares ayudan. Entonces oyes lo que otras emisoras tiran.  <\/p>\n\n\n\n<p class=\"is-style-text-annotation\"><br\/><a href=\"https:\/\/motherearthradio.de\/es\/audio-de-alta-resolucion-explicado\/\">Audio de alta resoluci\u00f3n explicado<\/a><\/p>\n\n\n\n<h3 class=\"wp-block-heading\">M\u00e1s all\u00e1 de la corriente principal<\/h3>\n\n\n\n<p>No reproducimos lo que todo el mundo conoce. Curamos. Armon\u00edas audaces. Emociones reales. M\u00fasica de tiempos en los que los m\u00fasicos a\u00fan se sentaban juntos en el estudio.    <\/p>\n\n\n\n<p>Hallazgos oscuros. Raras ediciones. Jazz que no encuentras en Spotify. Cl\u00e1sica fuera de los Greatest Hits. Instrumental que no es solo de fondo.    <\/p>\n\n\n\n<p>Esta no es una radio para escuchar de pasada. Esta es una radio para momentos en los que realmente quieres escuchar. <\/p>\n\n\n\n<h2 class=\"wp-block-heading\">Acerca de Florian Reiterer<\/h2>\n\n\n\n<p><strong>Florian Reiterer<\/strong> (*1974, M\u00fanich) es el fundador y curador de Mother Earth Radio.<\/p>\n\n\n\n<h3 class=\"wp-block-heading\" id=\"h-musikalische-wurzeln\">Ra\u00edces musicales<\/h3>\n\n\n\n<p>Nacido como hijo del actor estatal Herbert Rhom-Reiterer (Residenztheater M\u00fanich) y la primera bailarina Puck Oosthoek (Staatstheater Innsbruck), la m\u00fasica form\u00f3 parte de su vida desde el principio. Empez\u00f3 a tocar el piano a los siete a\u00f1os y prob\u00f3 todos los instrumentos de cuerda a lo largo de los a\u00f1os. Su instrumento principal se convirti\u00f3 en el bajo; hoy toca instrumentos del luthier <a href=\"http:\/\/ctbasses.com\">Carl Thompson<\/a>, conocido como \u00abEl Stradivarius del bajo\u00bb, as\u00ed como un contrabajo vertical.  <\/p>\n\n\n\n<figure class=\"wp-block-image size-medium\"><img loading=\"lazy\" decoding=\"async\" width=\"225\" height=\"300\" src=\"https:\/\/motherearthradio.de\/wp-content\/uploads\/2025\/04\/8-2-98_007-225x300.jpg\" alt=\"Carl Thompson Bass Guitar\" class=\"wp-image-4437\" srcset=\"https:\/\/motherearthradio.de\/wp-content\/uploads\/2025\/04\/8-2-98_007-225x300.jpg 225w, https:\/\/motherearthradio.de\/wp-content\/uploads\/2025\/04\/8-2-98_007.jpg 488w\" sizes=\"auto, (max-width: 225px) 100vw, 225px\" \/><figcaption class=\"wp-element-caption\">\u00abTrip Irish\u00bb &#8211; Seis cuerdas sin trastes<\/figcaption><\/figure>\n\n\n\n<h3 class=\"wp-block-heading\" id=\"h-30-jahre-audio-engineering\">30 a\u00f1os de ingenier\u00eda de audio<\/h3>\n\n\n\n<p>Despu\u00e9s de su formaci\u00f3n en la SAE M\u00fanich (1994), Florian comenz\u00f3 como <strong>t\u00e9cnico de soporte al cliente de Digidesign para Alemania, Austria y Suiza<\/strong> (1995-98). Durante este tiempo, ayud\u00f3 a profesionales del audio con flujos de trabajo complejos de Pro Tools.  <br\/><br\/>Como ingeniero en el <strong>Polyester Studio M\u00fanich<\/strong> con Axel Kr\u00f6ll, transform\u00f3 una sala de control Digidesign ProControl en un <strong>estudio de mezcla de m\u00fasica pop 5.1<\/strong>, que entonces era tecnolog\u00eda de vanguardia para producciones de sonido envolvente. <br\/><br\/>Desde la d\u00e9cada de 2000, Florian ha trabajado como <strong>ingeniero de sonido y productor de jingles en la Bayerischer Rundfunk<\/strong> (BR Funkhaus M\u00fanich), donde realiza dise\u00f1o de sonido y producci\u00f3n de audio al m\u00e1s alto nivel t\u00e9cnico.<\/p>\n\n\n\n<h3 class=\"wp-block-heading\" id=\"h-warum-mother-earth-radio\">\u00bfPor qu\u00e9 Mother Earth Radio?<\/h3>\n\n\n\n<p>En 2020, Florian fund\u00f3 Mother Earth Radio a partir de una misi\u00f3n personal: preservar la artesan\u00eda y la autenticidad de la m\u00fasica que se pierde en los servicios de streaming modernos. <br\/><br\/>Con su experiencia en ingenier\u00eda de audio de alta resoluci\u00f3n, digitaliza discos de vinilo con tecnolog\u00eda profesional (limpieza por ultrasonidos Degritter, equipos de alta fidelidad) y los transmite en FLAC de 192 kHz\/24 bits, afinados a 429 Hz. <br\/><br\/>Mother Earth Radio es el resultado de m\u00e1s de 30 a\u00f1os de experiencia en audio, una pasi\u00f3n musical de por vida y el deseo de presentar la m\u00fasica tal como debe sonar.<\/p>\n\n\n\n<h2 class=\"wp-block-heading\" id=\"h-das-ergebnis\">El resultado<\/h2>\n\n\n\n<p>Radio FLAC de alta resoluci\u00f3n sin concesiones. Seleccionada por alguien que no solo puede explicar t\u00e9cnicamente la diferencia entre 320 kbps y Lossless, sino que tambi\u00e9n puede o\u00edrla.  <br\/><br\/>Sin publicidad. Sin suscripci\u00f3n. Sin interrupciones. Solo m\u00fasica.   <\/p>\n\n\n\n<div class=\"wp-block-buttons is-layout-flex wp-block-buttons-is-layout-flex\">\n<div class=\"wp-block-button\"><a class=\"wp-block-button__link wp-element-button\" href=\"https:\/\/motherearthradio.de#channels\">Escuchar ahora gratis en el reproductor web<\/a><\/div>\n<\/div>\n\n\n\n<div id=\"wp-block-themeisle-blocks-advanced-columns-a24c1430\" class=\"wp-block-themeisle-blocks-advanced-columns has-3-columns has-desktop-equal-layout has-tablet-equal-layout has-mobile-collapsedRows-layout has-vertical-unset\"><div class=\"wp-block-themeisle-blocks-advanced-columns-overlay\"><\/div><div class=\"innerblocks-wrap\">\n<div id=\"wp-block-themeisle-blocks-advanced-column-d6feaa49\" class=\"wp-block-themeisle-blocks-advanced-column\">\n<figure class=\"wp-block-image size-full is-resized\"><a href=\"https:\/\/apps.microsoft.com\/detail\/9pbc5prxxx71?hl=de-DE&amp;gl=DE\" target=\"_blank\" rel=\" noreferrer noopener\"><img loading=\"lazy\" decoding=\"async\" width=\"161\" height=\"44\" src=\"https:\/\/motherearthradio.de\/wp-content\/uploads\/2025\/12\/en-us-dark-541c0d.svg\" alt=\"Radio por Internet de alta calidad en la Microsoft Store\" class=\"wp-image-8964\" style=\"width:243px;height:auto\"\/><\/a><figcaption class=\"wp-element-caption\">16,99 \u20ac \u2022 Windows 10\/11: \u00a1prueba gratuita de 7 d\u00edas!<\/figcaption><\/figure>\n<\/div>\n\n\n\n<div id=\"wp-block-themeisle-blocks-advanced-column-45d39b6d\" class=\"wp-block-themeisle-blocks-advanced-column\">\n<figure class=\"wp-block-image size-full is-resized\"><a href=\"https:\/\/play.google.com\/store\/apps\/details?id=appinventor.ai_munichbassa.Mother_Earth_Radio&amp;pcampaignid=web_share\" target=\"_blank\" rel=\" noreferrer noopener\"><img loading=\"lazy\" decoding=\"async\" width=\"646\" height=\"250\" src=\"https:\/\/motherearthradio.de\/wp-content\/uploads\/2025\/12\/en_badge_web_generic.png\" alt=\"Mother Earth Radio en Google Play\" class=\"wp-image-8963\" style=\"aspect-ratio:2.5842896013249734;width:251px;height:auto\" srcset=\"https:\/\/motherearthradio.de\/wp-content\/uploads\/2025\/12\/en_badge_web_generic.png 646w, https:\/\/motherearthradio.de\/wp-content\/uploads\/2025\/12\/en_badge_web_generic-300x116.png 300w\" sizes=\"auto, (max-width: 646px) 100vw, 646px\" \/><\/a><figcaption class=\"wp-element-caption\">19,99 \u20ac \u2022 M\u00f3vil \u2022 Chromecast \u2022 Smart TV<\/figcaption><\/figure>\n<\/div>\n\n\n\n<div id=\"wp-block-themeisle-blocks-advanced-column-ca836dd3\" class=\"wp-block-themeisle-blocks-advanced-column\">\n<figure class=\"wp-block-image size-full is-resized\"><a href=\"https:\/\/apps.apple.com\/app\/mother-earth-radio\/id6756082949\" target=\"_blank\" rel=\" noreferrer noopener\"><img loading=\"lazy\" decoding=\"async\" width=\"119\" height=\"40\" src=\"https:\/\/motherearthradio.de\/wp-content\/uploads\/2025\/12\/en-us-26a479.svg\" alt=\"\" class=\"wp-image-8965\" style=\"aspect-ratio:2.991819244253993;width:147px;height:auto\"\/><\/a><figcaption class=\"wp-element-caption\">24,99 \u20ac \u2022 iPhone \u2022 iPad \u2022 Mac<\/figcaption><\/figure>\n<\/div>\n<\/div><\/div>\n<\/div>\n<\/div><\/div>\n","protected":false},"excerpt":{"rendered":"","protected":false},"author":1,"featured_media":0,"parent":0,"menu_order":0,"comment_status":"closed","ping_status":"closed","template":"","meta":{"_themeisle_gutenberg_block_has_review":false,"footnotes":""},"class_list":["post-8076","page","type-page","status-publish"],"yoast_head":"<!-- This site is optimized with the Yoast SEO Premium plugin v27.6 (Yoast SEO v27.6) - https:\/\/yoast.com\/product\/yoast-seo-premium-wordpress\/ -->\n<title>Filosof\u00eda \/ Sobre nosotros - The Mother Earth Radio Network<\/title>\n<meta name=\"description\" content=\"Filosof\u00eda \/ Sobre nosotros: No reproducimos lo que todo el mundo conoce. Armon\u00edas audaces. Emociones reales. Grabaciones de estudio realizadas en directo.\" \/>\n<meta name=\"robots\" content=\"index, follow, max-snippet:-1, max-image-preview:large, max-video-preview:-1\" \/>\n<link rel=\"canonical\" href=\"https:\/\/motherearthradio.de\/es\/filosofia-sobre-nosotros\/\" \/>\n<meta property=\"og:locale\" content=\"es_ES\" \/>\n<meta property=\"og:type\" content=\"article\" \/>\n<meta property=\"og:title\" content=\"Filosof\u00eda \/ Sobre nosotros\" \/>\n<meta property=\"og:description\" content=\"Filosof\u00eda \/ Sobre nosotros: No reproducimos lo que todo el mundo conoce. Armon\u00edas audaces. Emociones reales. Grabaciones de estudio realizadas en directo.\" \/>\n<meta property=\"og:url\" content=\"https:\/\/motherearthradio.de\/es\/filosofia-sobre-nosotros\/\" \/>\n<meta property=\"og:site_name\" content=\"The Mother Earth Radio Network\" \/>\n<meta property=\"article:modified_time\" content=\"2026-01-05T21:51:22+00:00\" \/>\n<meta property=\"og:image\" content=\"https:\/\/motherearthradio.de\/wp-content\/uploads\/2024\/12\/ingo-schulz-mwWZTLr9Tcg-unsplash-scaled.jpg\" \/>\n\t<meta property=\"og:image:width\" content=\"2560\" \/>\n\t<meta property=\"og:image:height\" content=\"1920\" \/>\n\t<meta property=\"og:image:type\" content=\"image\/jpeg\" \/>\n<meta name=\"twitter:card\" content=\"summary_large_image\" \/>\n<meta name=\"twitter:label1\" content=\"Tiempo de lectura\" \/>\n\t<meta name=\"twitter:data1\" content=\"4 minuto\" \/>\n<script type=\"application\/ld+json\" class=\"yoast-schema-graph\">{\"@context\":\"https:\\\/\\\/schema.org\",\"@graph\":[{\"@type\":\"WebPage\",\"@id\":\"https:\\\/\\\/motherearthradio.de\\\/es\\\/filosofia-sobre-nosotros\\\/\",\"url\":\"https:\\\/\\\/motherearthradio.de\\\/es\\\/filosofia-sobre-nosotros\\\/\",\"name\":\"Filosof\u00eda \\\/ Sobre nosotros - The Mother Earth Radio Network\",\"isPartOf\":{\"@id\":\"https:\\\/\\\/motherearthradio.de\\\/es\\\/#website\"},\"primaryImageOfPage\":{\"@id\":\"https:\\\/\\\/motherearthradio.de\\\/es\\\/filosofia-sobre-nosotros\\\/#primaryimage\"},\"image\":{\"@id\":\"https:\\\/\\\/motherearthradio.de\\\/es\\\/filosofia-sobre-nosotros\\\/#primaryimage\"},\"thumbnailUrl\":\"https:\\\/\\\/motherearthradio.de\\\/wp-content\\\/uploads\\\/2024\\\/12\\\/ingo-schulz-mwWZTLr9Tcg-unsplash-300x225.jpg\",\"datePublished\":\"2025-10-03T17:32:19+00:00\",\"dateModified\":\"2026-01-05T21:51:22+00:00\",\"description\":\"Filosof\u00eda \\\/ Sobre nosotros: No reproducimos lo que todo el mundo conoce. Armon\u00edas audaces. Emociones reales. Grabaciones de estudio realizadas en directo.\",\"breadcrumb\":{\"@id\":\"https:\\\/\\\/motherearthradio.de\\\/es\\\/filosofia-sobre-nosotros\\\/#breadcrumb\"},\"inLanguage\":\"es\",\"potentialAction\":[{\"@type\":\"ReadAction\",\"target\":[\"https:\\\/\\\/motherearthradio.de\\\/es\\\/filosofia-sobre-nosotros\\\/\"]}]},{\"@type\":\"ImageObject\",\"inLanguage\":\"es\",\"@id\":\"https:\\\/\\\/motherearthradio.de\\\/es\\\/filosofia-sobre-nosotros\\\/#primaryimage\",\"url\":\"https:\\\/\\\/motherearthradio.de\\\/wp-content\\\/uploads\\\/2024\\\/12\\\/ingo-schulz-mwWZTLr9Tcg-unsplash-300x225.jpg\",\"contentUrl\":\"https:\\\/\\\/motherearthradio.de\\\/wp-content\\\/uploads\\\/2024\\\/12\\\/ingo-schulz-mwWZTLr9Tcg-unsplash-300x225.jpg\"},{\"@type\":\"BreadcrumbList\",\"@id\":\"https:\\\/\\\/motherearthradio.de\\\/es\\\/filosofia-sobre-nosotros\\\/#breadcrumb\",\"itemListElement\":[{\"@type\":\"ListItem\",\"position\":1,\"name\":\"P\u00e1gina de inicio\",\"item\":\"https:\\\/\\\/motherearthradio.de\\\/es\\\/\"},{\"@type\":\"ListItem\",\"position\":2,\"name\":\"Filosof\u00eda \\\/ Sobre nosotros\"}]},{\"@type\":\"WebSite\",\"@id\":\"https:\\\/\\\/motherearthradio.de\\\/es\\\/#website\",\"url\":\"https:\\\/\\\/motherearthradio.de\\\/es\\\/\",\"name\":\"The Mother Earth Radio Network\",\"description\":\"High Resolution Radio \u2022 Mother Earth Resonance\",\"publisher\":{\"@id\":\"https:\\\/\\\/motherearthradio.de\\\/es\\\/#organization\"},\"alternateName\":\"Mother Earth Radio\",\"potentialAction\":[{\"@type\":\"SearchAction\",\"target\":{\"@type\":\"EntryPoint\",\"urlTemplate\":\"https:\\\/\\\/motherearthradio.de\\\/es\\\/?s={search_term_string}\"},\"query-input\":{\"@type\":\"PropertyValueSpecification\",\"valueRequired\":true,\"valueName\":\"search_term_string\"}}],\"inLanguage\":\"es\"},{\"@type\":\"Organization\",\"@id\":\"https:\\\/\\\/motherearthradio.de\\\/es\\\/#organization\",\"name\":\"Mother Earth Radio\",\"alternateName\":\"Mother Earth Radio\",\"url\":\"https:\\\/\\\/motherearthradio.de\\\/es\\\/\",\"logo\":{\"@type\":\"ImageObject\",\"inLanguage\":\"es\",\"@id\":\"https:\\\/\\\/motherearthradio.de\\\/es\\\/#\\\/schema\\\/logo\\\/image\\\/\",\"url\":\"https:\\\/\\\/motherearthradio.de\\\/wp-content\\\/uploads\\\/2025\\\/12\\\/mer-logo-cube-bold-1x-512.png\",\"contentUrl\":\"https:\\\/\\\/motherearthradio.de\\\/wp-content\\\/uploads\\\/2025\\\/12\\\/mer-logo-cube-bold-1x-512.png\",\"width\":512,\"height\":512,\"caption\":\"Mother Earth Radio\"},\"image\":{\"@id\":\"https:\\\/\\\/motherearthradio.de\\\/es\\\/#\\\/schema\\\/logo\\\/image\\\/\"},\"sameAs\":[\"https:\\\/\\\/www.youtube.com\\\/channel\\\/UCX5xCDGKQ9wCS1myWo6_nwg\",\"https:\\\/\\\/www.instagram.com\\\/mother.earth.radio\\\/\"],\"description\":\"Das weltweit erste High Resolution Radio in 192 kHz FLAC. Vinyl-Digitalisierung, keine AI-Musik, kuratiert von Florian Reiterer. Mother Earth Resonance Software - der lebendige Kammerton\",\"email\":\"info@motherearthradio.de\",\"telephone\":\"00498920977034\",\"foundingDate\":\"2020-02-20\",\"numberOfEmployees\":{\"@type\":\"QuantitativeValue\",\"minValue\":\"1\",\"maxValue\":\"10\"}}]}<\/script>\n<!-- \/ Yoast SEO Premium plugin. -->","yoast_head_json":{"title":"Filosof\u00eda \/ Sobre nosotros - The Mother Earth Radio Network","description":"Filosof\u00eda \/ Sobre nosotros: No reproducimos lo que todo el mundo conoce. Armon\u00edas audaces. Emociones reales. Grabaciones de estudio realizadas en directo.","robots":{"index":"index","follow":"follow","max-snippet":"max-snippet:-1","max-image-preview":"max-image-preview:large","max-video-preview":"max-video-preview:-1"},"canonical":"https:\/\/motherearthradio.de\/es\/filosofia-sobre-nosotros\/","og_locale":"es_ES","og_type":"article","og_title":"Filosof\u00eda \/ Sobre nosotros","og_description":"Filosof\u00eda \/ Sobre nosotros: No reproducimos lo que todo el mundo conoce. Armon\u00edas audaces. Emociones reales. Grabaciones de estudio realizadas en directo.","og_url":"https:\/\/motherearthradio.de\/es\/filosofia-sobre-nosotros\/","og_site_name":"The Mother Earth Radio Network","article_modified_time":"2026-01-05T21:51:22+00:00","og_image":[{"width":2560,"height":1920,"url":"https:\/\/motherearthradio.de\/wp-content\/uploads\/2024\/12\/ingo-schulz-mwWZTLr9Tcg-unsplash-scaled.jpg","type":"image\/jpeg"}],"twitter_card":"summary_large_image","twitter_misc":{"Tiempo de lectura":"4 minuto"},"schema":{"@context":"https:\/\/schema.org","@graph":[{"@type":"WebPage","@id":"https:\/\/motherearthradio.de\/es\/filosofia-sobre-nosotros\/","url":"https:\/\/motherearthradio.de\/es\/filosofia-sobre-nosotros\/","name":"Filosof\u00eda \/ Sobre nosotros - The Mother Earth Radio Network","isPartOf":{"@id":"https:\/\/motherearthradio.de\/es\/#website"},"primaryImageOfPage":{"@id":"https:\/\/motherearthradio.de\/es\/filosofia-sobre-nosotros\/#primaryimage"},"image":{"@id":"https:\/\/motherearthradio.de\/es\/filosofia-sobre-nosotros\/#primaryimage"},"thumbnailUrl":"https:\/\/motherearthradio.de\/wp-content\/uploads\/2024\/12\/ingo-schulz-mwWZTLr9Tcg-unsplash-300x225.jpg","datePublished":"2025-10-03T17:32:19+00:00","dateModified":"2026-01-05T21:51:22+00:00","description":"Filosof\u00eda \/ Sobre nosotros: No reproducimos lo que todo el mundo conoce. Armon\u00edas audaces. Emociones reales. Grabaciones de estudio realizadas en directo.","breadcrumb":{"@id":"https:\/\/motherearthradio.de\/es\/filosofia-sobre-nosotros\/#breadcrumb"},"inLanguage":"es","potentialAction":[{"@type":"ReadAction","target":["https:\/\/motherearthradio.de\/es\/filosofia-sobre-nosotros\/"]}]},{"@type":"ImageObject","inLanguage":"es","@id":"https:\/\/motherearthradio.de\/es\/filosofia-sobre-nosotros\/#primaryimage","url":"https:\/\/motherearthradio.de\/wp-content\/uploads\/2024\/12\/ingo-schulz-mwWZTLr9Tcg-unsplash-300x225.jpg","contentUrl":"https:\/\/motherearthradio.de\/wp-content\/uploads\/2024\/12\/ingo-schulz-mwWZTLr9Tcg-unsplash-300x225.jpg"},{"@type":"BreadcrumbList","@id":"https:\/\/motherearthradio.de\/es\/filosofia-sobre-nosotros\/#breadcrumb","itemListElement":[{"@type":"ListItem","position":1,"name":"P\u00e1gina de inicio","item":"https:\/\/motherearthradio.de\/es\/"},{"@type":"ListItem","position":2,"name":"Filosof\u00eda \/ Sobre nosotros"}]},{"@type":"WebSite","@id":"https:\/\/motherearthradio.de\/es\/#website","url":"https:\/\/motherearthradio.de\/es\/","name":"The Mother Earth Radio Network","description":"High Resolution Radio \u2022 Mother Earth Resonance","publisher":{"@id":"https:\/\/motherearthradio.de\/es\/#organization"},"alternateName":"Mother Earth Radio","potentialAction":[{"@type":"SearchAction","target":{"@type":"EntryPoint","urlTemplate":"https:\/\/motherearthradio.de\/es\/?s={search_term_string}"},"query-input":{"@type":"PropertyValueSpecification","valueRequired":true,"valueName":"search_term_string"}}],"inLanguage":"es"},{"@type":"Organization","@id":"https:\/\/motherearthradio.de\/es\/#organization","name":"Mother Earth Radio","alternateName":"Mother Earth Radio","url":"https:\/\/motherearthradio.de\/es\/","logo":{"@type":"ImageObject","inLanguage":"es","@id":"https:\/\/motherearthradio.de\/es\/#\/schema\/logo\/image\/","url":"https:\/\/motherearthradio.de\/wp-content\/uploads\/2025\/12\/mer-logo-cube-bold-1x-512.png","contentUrl":"https:\/\/motherearthradio.de\/wp-content\/uploads\/2025\/12\/mer-logo-cube-bold-1x-512.png","width":512,"height":512,"caption":"Mother Earth Radio"},"image":{"@id":"https:\/\/motherearthradio.de\/es\/#\/schema\/logo\/image\/"},"sameAs":["https:\/\/www.youtube.com\/channel\/UCX5xCDGKQ9wCS1myWo6_nwg","https:\/\/www.instagram.com\/mother.earth.radio\/"],"description":"Das weltweit erste High Resolution Radio in 192 kHz FLAC. Vinyl-Digitalisierung, keine AI-Musik, kuratiert von Florian Reiterer. Mother Earth Resonance Software - der lebendige Kammerton","email":"info@motherearthradio.de","telephone":"00498920977034","foundingDate":"2020-02-20","numberOfEmployees":{"@type":"QuantitativeValue","minValue":"1","maxValue":"10"}}]}},"_links":{"self":[{"href":"https:\/\/motherearthradio.de\/es\/wp-json\/wp\/v2\/pages\/8076","targetHints":{"allow":["GET"]}}],"collection":[{"href":"https:\/\/motherearthradio.de\/es\/wp-json\/wp\/v2\/pages"}],"about":[{"href":"https:\/\/motherearthradio.de\/es\/wp-json\/wp\/v2\/types\/page"}],"author":[{"embeddable":true,"href":"https:\/\/motherearthradio.de\/es\/wp-json\/wp\/v2\/users\/1"}],"replies":[{"embeddable":true,"href":"https:\/\/motherearthradio.de\/es\/wp-json\/wp\/v2\/comments?post=8076"}],"version-history":[{"count":2,"href":"https:\/\/motherearthradio.de\/es\/wp-json\/wp\/v2\/pages\/8076\/revisions"}],"predecessor-version":[{"id":9942,"href":"https:\/\/motherearthradio.de\/es\/wp-json\/wp\/v2\/pages\/8076\/revisions\/9942"}],"wp:attachment":[{"href":"https:\/\/motherearthradio.de\/es\/wp-json\/wp\/v2\/media?parent=8076"}],"curies":[{"name":"wp","href":"https:\/\/api.w.org\/{rel}","templated":true}]}}