{"id":9279,"date":"2025-12-12T23:38:09","date_gmt":"2025-12-12T22:38:09","guid":{"rendered":"https:\/\/motherearthradio.de\/archivo-de-listas-de-reproduccion\/"},"modified":"2025-12-13T00:55:08","modified_gmt":"2025-12-12T23:55:08","slug":"archivo-de-listas-de-reproduccion","status":"publish","type":"page","link":"https:\/\/motherearthradio.de\/es\/archivo-de-listas-de-reproduccion\/","title":{"rendered":"Archivo de listas de reproducci\u00f3n"},"content":{"rendered":"<div class=\"mer-playlist-intro\"><p><strong>\ud83d\udcfb Playlist-Archiv:<\/strong> Hier siehst du Tracks, die vor 24-48 Stunden gespielt wurden.<\/p><p><strong>Willst du wissen, was JETZT l\u00e4uft?<\/strong> Lade unsere Apps:<\/p><div class=\"mer-app-buttons\"><a href=\"https:\/\/apps.microsoft.com\/detail\/9pbc5prxxx71?hl=de-DE&gl=DE\" class=\"mer-app-btn mer-app-windows\">\ud83e\ude9f Windows App<\/a><a href=\"https:\/\/play.google.com\/store\/apps\/details?id=de.motherearthradio.android\" class=\"mer-app-btn mer-app-android\">\ud83d\udcf1 Android App<\/a><a href=\"https:\/\/apps.apple.com\/de\/app\/mother-earth-radio\/id6738393535\" class=\"mer-app-btn mer-app-ios\">\ud83c\udf4e iOS App<\/a><\/div><\/div><h2 class=\"mer-playlist-heading\">\ud83c\udfb5 K\u00fcrzlich gespielt (vor 24-48 Stunden)<\/h2><div class=\"mer-playlist-container\"><div class=\"track-item\"><div class=\"track-info\"><strong class=\"artist\">Tom Waits<\/strong> - <span class=\"title\">Bottom Of The World (Remastered)<\/span><br><span class=\"album\">Album: Orphans: Brawlers, Bawlers &amp; Bastards (Remastered)<\/span><\/div><div class=\"track-date\"><span class=\"date\">Gespielt: 15.04.2026 02:37<\/span><\/div><\/div><div class=\"track-item\"><div class=\"track-info\"><strong class=\"artist\">Robben Ford<\/strong> - <span class=\"title\">A Dragon&#039;s Tail<\/span><br><span class=\"album\">Album: Pure<\/span><\/div><div class=\"track-date\"><span class=\"date\">Gespielt: 15.04.2026 02:32<\/span><\/div><\/div><div class=\"track-item\"><div class=\"track-info\"><strong class=\"artist\">Nils Frahm<\/strong> - <span class=\"title\">Sunson<\/span><br><span class=\"album\">Album: Tripping With Nils Frahm<\/span><\/div><div class=\"track-date\"><span class=\"date\">Gespielt: 15.04.2026 02:21<\/span><\/div><\/div><div class=\"track-item\"><div class=\"track-info\"><strong class=\"artist\">Birgit Minichmayr Quadro Nuevo Bernd Lhotzky<\/strong> - <span class=\"title\">Tired With All These<\/span><br><span class=\"album\">Album: As An Unperfect Actor<\/span><\/div><div class=\"track-date\"><span class=\"date\">Gespielt: 15.04.2026 02:18<\/span><\/div><\/div><div class=\"track-item\"><div class=\"track-info\"><strong class=\"artist\">Andy McKee<\/strong> - <span class=\"title\">Common Ground<\/span><\/div><div class=\"track-date\"><span class=\"date\">Gespielt: 15.04.2026 02:15<\/span><\/div><\/div><div class=\"track-item\"><div class=\"track-info\"><strong class=\"artist\">The Cinematic Orchestra<\/strong> - <span class=\"title\">Flite<\/span><br><span class=\"album\">Album: Every Day<\/span><\/div><div class=\"track-date\"><span class=\"date\">Gespielt: 15.04.2026 02:09<\/span><\/div><\/div><div class=\"track-item\"><div class=\"track-info\"><strong class=\"artist\">Joachim K\u00fchn<\/strong> - <span class=\"title\">Tears That Cry<\/span><br><span class=\"album\">Album: Melodic Ornette Coleman<\/span><\/div><div class=\"track-date\"><span class=\"date\">Gespielt: 15.04.2026 02:05<\/span><\/div><\/div><div class=\"track-item\"><div class=\"track-info\"><strong class=\"artist\">Mois\u00e9s P. S\u00e1nchez<\/strong> - <span class=\"title\">Staying At Penns<\/span><br><span class=\"album\">Album: Dedication II<\/span><\/div><div class=\"track-date\"><span class=\"date\">Gespielt: 15.04.2026 01:57<\/span><\/div><\/div><div class=\"track-item\"><div class=\"track-info\"><strong class=\"artist\">Fat Freddy&#039;s Drop<\/strong> - <span class=\"title\">Slomo<\/span><br><span class=\"album\">Album: Slomo<\/span><\/div><div class=\"track-date\"><span class=\"date\">Gespielt: 15.04.2026 01:48<\/span><\/div><\/div><div class=\"track-item\"><div class=\"track-info\"><strong class=\"artist\">Esbj\u00f6rn Svensson<\/strong> - <span class=\"title\">Epsilon<\/span><br><span class=\"album\">Album: Home. S.<\/span><\/div><div class=\"track-date\"><span class=\"date\">Gespielt: 15.04.2026 01:44<\/span><\/div><\/div><div class=\"track-item\"><div class=\"track-info\"><strong class=\"artist\">E.S.T.<\/strong> - <span class=\"title\">Eighthundred Streets By Feet<\/span><br><span class=\"album\">Album: Live In Hamburg<\/span><\/div><div class=\"track-date\"><span class=\"date\">Gespielt: 15.04.2026 01:34<\/span><\/div><\/div><div class=\"track-item\"><div class=\"track-info\"><strong class=\"artist\">Stina Nordenstam<\/strong> - <span class=\"title\">Everyone Else in the World<\/span><br><span class=\"album\">Album: This Is Stina Nordenstam<\/span><\/div><div class=\"track-date\"><span class=\"date\">Gespielt: 15.04.2026 01:31<\/span><\/div><\/div><div class=\"track-item\"><div class=\"track-info\"><strong class=\"artist\">Esbj\u00f6rn Svensson Trio<\/strong> - <span class=\"title\">Dodge The Dodo (live in Montreux)<\/span><br><span class=\"album\">Album: E.S.T. Live 95<\/span><\/div><div class=\"track-date\"><span class=\"date\">Gespielt: 15.04.2026 01:21<\/span><\/div><\/div><div class=\"track-item\"><div class=\"track-info\"><strong class=\"artist\">Joachim K\u00fchn<\/strong> - <span class=\"title\">She Moved Through The Fair<\/span><br><span class=\"album\">Album: Europeana<\/span><\/div><div class=\"track-date\"><span class=\"date\">Gespielt: 15.04.2026 01:16<\/span><\/div><\/div><div class=\"track-item\"><div class=\"track-info\"><strong class=\"artist\">Frank Sinatra<\/strong> - <span class=\"title\">I Thought About You<\/span><br><span class=\"album\">Album: Songs For Swingin&#039; Lovers!<\/span><\/div><div class=\"track-date\"><span class=\"date\">Gespielt: 15.04.2026 01:13<\/span><\/div><\/div><\/div><div class=\"mer-playlist-footer\"><p><strong>\ud83d\udca1 M\u00f6chtest du wissen, was JETZT l\u00e4uft?<\/strong><\/p><p>Lade unsere Apps und erlebe Mother Earth Radio in voller Qualit\u00e4t (192kHz\/24bit FLAC @ 429Hz):<\/p><div class=\"mer-app-buttons\"><a href=\"https:\/\/apps.microsoft.com\/detail\/9pbc5prxxx71?hl=de-DE&gl=DE\" class=\"mer-app-btn mer-app-windows\">\ud83e\ude9f Windows App<\/a><a href=\"https:\/\/play.google.com\/store\/apps\/details?id=de.motherearthradio.android\" class=\"mer-app-btn mer-app-android\">\ud83d\udcf1 Android App<\/a><a href=\"https:\/\/apps.apple.com\/de\/app\/mother-earth-radio\/id6738393535\" class=\"mer-app-btn mer-app-ios\">\ud83c\udf4e iOS App<\/a><\/div><\/div><script type=\"application\/ld+json\">{\"@context\":\"https:\/\/schema.org\",\"@type\":\"MusicPlaylist\",\"name\":\"Mother Earth Radio - Playlist Archiv\",\"description\":\"K\u00fcrzlich gespielte Tracks von Mother Earth Radio\",\"numTracks\":15,\"track\":[{\"@type\":\"MusicRecording\",\"name\":\"Bottom Of The World (Remastered)\",\"byArtist\":{\"@type\":\"MusicGroup\",\"name\":\"Tom Waits\"},\"inAlbum\":{\"@type\":\"MusicAlbum\",\"name\":\"Orphans: Brawlers, Bawlers &amp; Bastards (Remastered)\"},\"datePublished\":\"2026-04-15\"},{\"@type\":\"MusicRecording\",\"name\":\"A Dragon&#039;s Tail\",\"byArtist\":{\"@type\":\"MusicGroup\",\"name\":\"Robben Ford\"},\"inAlbum\":{\"@type\":\"MusicAlbum\",\"name\":\"Pure\"},\"datePublished\":\"2026-04-15\"},{\"@type\":\"MusicRecording\",\"name\":\"Sunson\",\"byArtist\":{\"@type\":\"MusicGroup\",\"name\":\"Nils Frahm\"},\"inAlbum\":{\"@type\":\"MusicAlbum\",\"name\":\"Tripping With Nils Frahm\"},\"datePublished\":\"2026-04-15\"},{\"@type\":\"MusicRecording\",\"name\":\"Tired With All These\",\"byArtist\":{\"@type\":\"MusicGroup\",\"name\":\"Birgit Minichmayr Quadro Nuevo Bernd Lhotzky\"},\"inAlbum\":{\"@type\":\"MusicAlbum\",\"name\":\"As An Unperfect Actor\"},\"datePublished\":\"2026-04-15\"},{\"@type\":\"MusicRecording\",\"name\":\"Common Ground\",\"byArtist\":{\"@type\":\"MusicGroup\",\"name\":\"Andy McKee\"},\"inAlbum\":null,\"datePublished\":\"2026-04-15\"},{\"@type\":\"MusicRecording\",\"name\":\"Flite\",\"byArtist\":{\"@type\":\"MusicGroup\",\"name\":\"The Cinematic Orchestra\"},\"inAlbum\":{\"@type\":\"MusicAlbum\",\"name\":\"Every Day\"},\"datePublished\":\"2026-04-15\"},{\"@type\":\"MusicRecording\",\"name\":\"Tears That Cry\",\"byArtist\":{\"@type\":\"MusicGroup\",\"name\":\"Joachim K\u00fchn\"},\"inAlbum\":{\"@type\":\"MusicAlbum\",\"name\":\"Melodic Ornette Coleman\"},\"datePublished\":\"2026-04-15\"},{\"@type\":\"MusicRecording\",\"name\":\"Staying At Penns\",\"byArtist\":{\"@type\":\"MusicGroup\",\"name\":\"Mois\u00e9s P. S\u00e1nchez\"},\"inAlbum\":{\"@type\":\"MusicAlbum\",\"name\":\"Dedication II\"},\"datePublished\":\"2026-04-15\"},{\"@type\":\"MusicRecording\",\"name\":\"Slomo\",\"byArtist\":{\"@type\":\"MusicGroup\",\"name\":\"Fat Freddy&#039;s Drop\"},\"inAlbum\":{\"@type\":\"MusicAlbum\",\"name\":\"Slomo\"},\"datePublished\":\"2026-04-15\"},{\"@type\":\"MusicRecording\",\"name\":\"Epsilon\",\"byArtist\":{\"@type\":\"MusicGroup\",\"name\":\"Esbj\u00f6rn Svensson\"},\"inAlbum\":{\"@type\":\"MusicAlbum\",\"name\":\"Home. S.\"},\"datePublished\":\"2026-04-15\"},{\"@type\":\"MusicRecording\",\"name\":\"Eighthundred Streets By Feet\",\"byArtist\":{\"@type\":\"MusicGroup\",\"name\":\"E.S.T.\"},\"inAlbum\":{\"@type\":\"MusicAlbum\",\"name\":\"Live In Hamburg\"},\"datePublished\":\"2026-04-15\"},{\"@type\":\"MusicRecording\",\"name\":\"Everyone Else in the World\",\"byArtist\":{\"@type\":\"MusicGroup\",\"name\":\"Stina Nordenstam\"},\"inAlbum\":{\"@type\":\"MusicAlbum\",\"name\":\"This Is Stina Nordenstam\"},\"datePublished\":\"2026-04-15\"},{\"@type\":\"MusicRecording\",\"name\":\"Dodge The Dodo (live in Montreux)\",\"byArtist\":{\"@type\":\"MusicGroup\",\"name\":\"Esbj\u00f6rn Svensson Trio\"},\"inAlbum\":{\"@type\":\"MusicAlbum\",\"name\":\"E.S.T. Live 95\"},\"datePublished\":\"2026-04-15\"},{\"@type\":\"MusicRecording\",\"name\":\"She Moved Through The Fair\",\"byArtist\":{\"@type\":\"MusicGroup\",\"name\":\"Joachim K\u00fchn\"},\"inAlbum\":{\"@type\":\"MusicAlbum\",\"name\":\"Europeana\"},\"datePublished\":\"2026-04-15\"},{\"@type\":\"MusicRecording\",\"name\":\"I Thought About You\",\"byArtist\":{\"@type\":\"MusicGroup\",\"name\":\"Frank Sinatra\"},\"inAlbum\":{\"@type\":\"MusicAlbum\",\"name\":\"Songs For Swingin&#039; Lovers!\"},\"datePublished\":\"2026-04-15\"}]}<\/script>\n","protected":false},"excerpt":{"rendered":"","protected":false},"author":1,"featured_media":0,"parent":0,"menu_order":0,"comment_status":"closed","ping_status":"closed","template":"","meta":{"_themeisle_gutenberg_block_has_review":false,"footnotes":""},"class_list":["post-9279","page","type-page","status-publish"],"yoast_head":"<!-- This site is optimized with the Yoast SEO Premium plugin v27.3 (Yoast SEO v27.3) - https:\/\/yoast.com\/product\/yoast-seo-premium-wordpress\/ -->\n<title>Archivo de listas de reproducci\u00f3n | Mother Earth Radio - Reproducciones recientes<\/title>\n<meta name=\"description\" content=\"Pistas reproducidas recientemente (hace 24-48 horas) en Mother Earth Radio. M\u00fasica seleccionada de vinilo en FLAC de 192 kHz. Para informaci\u00f3n en directo \u2192 Apps.\" \/>\n<meta name=\"robots\" content=\"index, follow, max-snippet:-1, max-image-preview:large, max-video-preview:-1\" \/>\n<link rel=\"canonical\" href=\"https:\/\/motherearthradio.de\/es\/archivo-de-listas-de-reproduccion\/\" \/>\n<meta property=\"og:locale\" content=\"es_ES\" \/>\n<meta property=\"og:type\" content=\"article\" \/>\n<meta property=\"og:title\" content=\"Archivo de listas de reproducci\u00f3n\" \/>\n<meta property=\"og:description\" content=\"Pistas reproducidas recientemente (hace 24-48 horas) en Mother Earth Radio. M\u00fasica seleccionada de vinilo en FLAC de 192 kHz. Para informaci\u00f3n en directo \u2192 Apps.\" \/>\n<meta property=\"og:url\" content=\"https:\/\/motherearthradio.de\/es\/archivo-de-listas-de-reproduccion\/\" \/>\n<meta property=\"og:site_name\" content=\"Mother Earth Radio\" \/>\n<meta property=\"article:modified_time\" content=\"2025-12-12T23:55:08+00:00\" \/>\n<meta property=\"og:image\" content=\"https:\/\/motherearthradio.de\/wp-content\/uploads\/2024\/03\/biglogo.png\" \/>\n\t<meta property=\"og:image:width\" content=\"1200\" \/>\n\t<meta property=\"og:image:height\" content=\"728\" \/>\n\t<meta property=\"og:image:type\" content=\"image\/png\" \/>\n<meta name=\"twitter:card\" content=\"summary_large_image\" \/>\n<script type=\"application\/ld+json\" class=\"yoast-schema-graph\">{\"@context\":\"https:\\\/\\\/schema.org\",\"@graph\":[{\"@type\":\"WebPage\",\"@id\":\"https:\\\/\\\/motherearthradio.de\\\/es\\\/archivo-de-listas-de-reproduccion\\\/\",\"url\":\"https:\\\/\\\/motherearthradio.de\\\/es\\\/archivo-de-listas-de-reproduccion\\\/\",\"name\":\"Archivo de listas de reproducci\u00f3n | Mother Earth Radio - Reproducciones recientes\",\"isPartOf\":{\"@id\":\"https:\\\/\\\/motherearthradio.de\\\/es\\\/#website\"},\"datePublished\":\"2025-12-12T22:38:09+00:00\",\"dateModified\":\"2025-12-12T23:55:08+00:00\",\"description\":\"Pistas reproducidas recientemente (hace 24-48 horas) en Mother Earth Radio. M\u00fasica seleccionada de vinilo en FLAC de 192 kHz. Para informaci\u00f3n en directo \u2192 Apps.\",\"breadcrumb\":{\"@id\":\"https:\\\/\\\/motherearthradio.de\\\/es\\\/archivo-de-listas-de-reproduccion\\\/#breadcrumb\"},\"inLanguage\":\"es\",\"potentialAction\":[{\"@type\":\"ReadAction\",\"target\":[\"https:\\\/\\\/motherearthradio.de\\\/es\\\/archivo-de-listas-de-reproduccion\\\/\"]}]},{\"@type\":\"BreadcrumbList\",\"@id\":\"https:\\\/\\\/motherearthradio.de\\\/es\\\/archivo-de-listas-de-reproduccion\\\/#breadcrumb\",\"itemListElement\":[{\"@type\":\"ListItem\",\"position\":1,\"name\":\"P\u00e1gina de inicio\",\"item\":\"https:\\\/\\\/motherearthradio.de\\\/es\\\/\"},{\"@type\":\"ListItem\",\"position\":2,\"name\":\"Archivo de listas de reproducci\u00f3n\"}]},{\"@type\":\"WebSite\",\"@id\":\"https:\\\/\\\/motherearthradio.de\\\/es\\\/#website\",\"url\":\"https:\\\/\\\/motherearthradio.de\\\/es\\\/\",\"name\":\"Mother Earth Radio\",\"description\":\"High Resolution Radio\",\"publisher\":{\"@id\":\"https:\\\/\\\/motherearthradio.de\\\/es\\\/#organization\"},\"potentialAction\":[{\"@type\":\"SearchAction\",\"target\":{\"@type\":\"EntryPoint\",\"urlTemplate\":\"https:\\\/\\\/motherearthradio.de\\\/es\\\/?s={search_term_string}\"},\"query-input\":{\"@type\":\"PropertyValueSpecification\",\"valueRequired\":true,\"valueName\":\"search_term_string\"}}],\"inLanguage\":\"es\"},{\"@type\":\"Organization\",\"@id\":\"https:\\\/\\\/motherearthradio.de\\\/es\\\/#organization\",\"name\":\"Mother Earth Radio\",\"url\":\"https:\\\/\\\/motherearthradio.de\\\/es\\\/\",\"logo\":{\"@type\":\"ImageObject\",\"inLanguage\":\"es\",\"@id\":\"https:\\\/\\\/motherearthradio.de\\\/es\\\/#\\\/schema\\\/logo\\\/image\\\/\",\"url\":\"https:\\\/\\\/motherearthradio.de\\\/wp-content\\\/uploads\\\/2025\\\/12\\\/mer-logo-cube-bold-1x-512.png\",\"contentUrl\":\"https:\\\/\\\/motherearthradio.de\\\/wp-content\\\/uploads\\\/2025\\\/12\\\/mer-logo-cube-bold-1x-512.png\",\"width\":512,\"height\":512,\"caption\":\"Mother Earth Radio\"},\"image\":{\"@id\":\"https:\\\/\\\/motherearthradio.de\\\/es\\\/#\\\/schema\\\/logo\\\/image\\\/\"},\"sameAs\":[\"https:\\\/\\\/www.youtube.com\\\/channel\\\/UCX5xCDGKQ9wCS1myWo6_nwg\",\"https:\\\/\\\/www.instagram.com\\\/mother.earth.radio\\\/\"],\"description\":\"Das weltweit erste High Resolution Radio in 192 kHz FLAC. Vinyl-Digitalisierung, keine AI-Musik, kuratiert von Florian Reiterer.\",\"email\":\"info@motherearthradio.de\",\"telephone\":\"00498920977034\",\"foundingDate\":\"2020-02-20\",\"numberOfEmployees\":{\"@type\":\"QuantitativeValue\",\"minValue\":\"1\",\"maxValue\":\"10\"}}]}<\/script>\n<!-- \/ Yoast SEO Premium plugin. -->","yoast_head_json":{"title":"Archivo de listas de reproducci\u00f3n | Mother Earth Radio - Reproducciones recientes","description":"Pistas reproducidas recientemente (hace 24-48 horas) en Mother Earth Radio. M\u00fasica seleccionada de vinilo en FLAC de 192 kHz. Para informaci\u00f3n en directo \u2192 Apps.","robots":{"index":"index","follow":"follow","max-snippet":"max-snippet:-1","max-image-preview":"max-image-preview:large","max-video-preview":"max-video-preview:-1"},"canonical":"https:\/\/motherearthradio.de\/es\/archivo-de-listas-de-reproduccion\/","og_locale":"es_ES","og_type":"article","og_title":"Archivo de listas de reproducci\u00f3n","og_description":"Pistas reproducidas recientemente (hace 24-48 horas) en Mother Earth Radio. M\u00fasica seleccionada de vinilo en FLAC de 192 kHz. Para informaci\u00f3n en directo \u2192 Apps.","og_url":"https:\/\/motherearthradio.de\/es\/archivo-de-listas-de-reproduccion\/","og_site_name":"Mother Earth Radio","article_modified_time":"2025-12-12T23:55:08+00:00","og_image":[{"width":1200,"height":728,"url":"https:\/\/motherearthradio.de\/wp-content\/uploads\/2024\/03\/biglogo.png","type":"image\/png"}],"twitter_card":"summary_large_image","schema":{"@context":"https:\/\/schema.org","@graph":[{"@type":"WebPage","@id":"https:\/\/motherearthradio.de\/es\/archivo-de-listas-de-reproduccion\/","url":"https:\/\/motherearthradio.de\/es\/archivo-de-listas-de-reproduccion\/","name":"Archivo de listas de reproducci\u00f3n | Mother Earth Radio - Reproducciones recientes","isPartOf":{"@id":"https:\/\/motherearthradio.de\/es\/#website"},"datePublished":"2025-12-12T22:38:09+00:00","dateModified":"2025-12-12T23:55:08+00:00","description":"Pistas reproducidas recientemente (hace 24-48 horas) en Mother Earth Radio. M\u00fasica seleccionada de vinilo en FLAC de 192 kHz. Para informaci\u00f3n en directo \u2192 Apps.","breadcrumb":{"@id":"https:\/\/motherearthradio.de\/es\/archivo-de-listas-de-reproduccion\/#breadcrumb"},"inLanguage":"es","potentialAction":[{"@type":"ReadAction","target":["https:\/\/motherearthradio.de\/es\/archivo-de-listas-de-reproduccion\/"]}]},{"@type":"BreadcrumbList","@id":"https:\/\/motherearthradio.de\/es\/archivo-de-listas-de-reproduccion\/#breadcrumb","itemListElement":[{"@type":"ListItem","position":1,"name":"P\u00e1gina de inicio","item":"https:\/\/motherearthradio.de\/es\/"},{"@type":"ListItem","position":2,"name":"Archivo de listas de reproducci\u00f3n"}]},{"@type":"WebSite","@id":"https:\/\/motherearthradio.de\/es\/#website","url":"https:\/\/motherearthradio.de\/es\/","name":"Mother Earth Radio","description":"High Resolution Radio","publisher":{"@id":"https:\/\/motherearthradio.de\/es\/#organization"},"potentialAction":[{"@type":"SearchAction","target":{"@type":"EntryPoint","urlTemplate":"https:\/\/motherearthradio.de\/es\/?s={search_term_string}"},"query-input":{"@type":"PropertyValueSpecification","valueRequired":true,"valueName":"search_term_string"}}],"inLanguage":"es"},{"@type":"Organization","@id":"https:\/\/motherearthradio.de\/es\/#organization","name":"Mother Earth Radio","url":"https:\/\/motherearthradio.de\/es\/","logo":{"@type":"ImageObject","inLanguage":"es","@id":"https:\/\/motherearthradio.de\/es\/#\/schema\/logo\/image\/","url":"https:\/\/motherearthradio.de\/wp-content\/uploads\/2025\/12\/mer-logo-cube-bold-1x-512.png","contentUrl":"https:\/\/motherearthradio.de\/wp-content\/uploads\/2025\/12\/mer-logo-cube-bold-1x-512.png","width":512,"height":512,"caption":"Mother Earth Radio"},"image":{"@id":"https:\/\/motherearthradio.de\/es\/#\/schema\/logo\/image\/"},"sameAs":["https:\/\/www.youtube.com\/channel\/UCX5xCDGKQ9wCS1myWo6_nwg","https:\/\/www.instagram.com\/mother.earth.radio\/"],"description":"Das weltweit erste High Resolution Radio in 192 kHz FLAC. Vinyl-Digitalisierung, keine AI-Musik, kuratiert von Florian Reiterer.","email":"info@motherearthradio.de","telephone":"00498920977034","foundingDate":"2020-02-20","numberOfEmployees":{"@type":"QuantitativeValue","minValue":"1","maxValue":"10"}}]}},"_links":{"self":[{"href":"https:\/\/motherearthradio.de\/es\/wp-json\/wp\/v2\/pages\/9279","targetHints":{"allow":["GET"]}}],"collection":[{"href":"https:\/\/motherearthradio.de\/es\/wp-json\/wp\/v2\/pages"}],"about":[{"href":"https:\/\/motherearthradio.de\/es\/wp-json\/wp\/v2\/types\/page"}],"author":[{"embeddable":true,"href":"https:\/\/motherearthradio.de\/es\/wp-json\/wp\/v2\/users\/1"}],"replies":[{"embeddable":true,"href":"https:\/\/motherearthradio.de\/es\/wp-json\/wp\/v2\/comments?post=9279"}],"version-history":[{"count":0,"href":"https:\/\/motherearthradio.de\/es\/wp-json\/wp\/v2\/pages\/9279\/revisions"}],"wp:attachment":[{"href":"https:\/\/motherearthradio.de\/es\/wp-json\/wp\/v2\/media?parent=9279"}],"curies":[{"name":"wp","href":"https:\/\/api.w.org\/{rel}","templated":true}]}}