{"id":10083,"date":"2026-01-10T21:24:59","date_gmt":"2026-01-10T20:24:59","guid":{"rendered":"https:\/\/motherearthradio.de\/ecoute-consciente\/"},"modified":"2026-01-18T11:56:08","modified_gmt":"2026-01-18T10:56:08","slug":"ecoute-consciente","status":"publish","type":"page","link":"https:\/\/motherearthradio.de\/fr\/ecoute-consciente\/","title":{"rendered":"\u00c9coute consciente"},"content":{"rendered":"\n<div id=\"wp-block-themeisle-blocks-advanced-columns-f9cb4fa2\" class=\"wp-block-themeisle-blocks-advanced-columns alignwide has-1-columns has-desktop-equal-layout has-tablet-equal-layout has-mobile-equal-layout has-vertical-unset\"><div class=\"wp-block-themeisle-blocks-advanced-columns-overlay\"><\/div><div class=\"innerblocks-wrap\">\n<div id=\"wp-block-themeisle-blocks-advanced-column-ea35630d\" class=\"wp-block-themeisle-blocks-advanced-column\">\n<h1 class=\"wp-block-heading\" id=\"h-endlich-frieden\">Enfin la paix.<\/h1>\n\n\n\n<h1 class=\"wp-block-heading\" id=\"h-klangzelle-mother-earth-radio-bewusstes-horen\">Klangzelle + Mother Earth Radio = \u00c9coute consciente.<\/h1>\n\n\n\n<div id=\"wp-block-themeisle-blocks-advanced-columns-08f56ccf\" class=\"wp-block-themeisle-blocks-advanced-columns alignwide has-2-columns has-desktop-equal-layout has-tablet-equal-layout has-mobile-collapsedRows-layout has-vertical-center\"><div class=\"wp-block-themeisle-blocks-advanced-columns-overlay\"><\/div><div class=\"innerblocks-wrap\">\n<div id=\"wp-block-themeisle-blocks-advanced-column-bdc20202\" class=\"wp-block-themeisle-blocks-advanced-column\"><div class=\"wp-block-image\">\n<figure class=\"aligncenter size-medium\"><img loading=\"lazy\" decoding=\"async\" width=\"300\" height=\"182\" src=\"https:\/\/motherearthradio.de\/wp-content\/uploads\/2026\/01\/mer-logo-wide-smooth-1x-300x182.png\" alt=\"&#xC9;coute consciente\" class=\"wp-image-10089\"\/><\/figure>\n<\/div><\/div>\n\n\n\n<div id=\"wp-block-themeisle-blocks-advanced-column-3eae5be7\" class=\"wp-block-themeisle-blocks-advanced-column\"><div class=\"wp-block-image\">\n<figure class=\"aligncenter size-medium\"><img loading=\"lazy\" decoding=\"async\" width=\"300\" height=\"237\" src=\"https:\/\/motherearthradio.de\/wp-content\/uploads\/2026\/01\/Kugel_Planet-e1716147442747-300x237.png\" alt=\"Klangzelle&#10;\" class=\"wp-image-10088\" srcset=\"https:\/\/motherearthradio.de\/wp-content\/uploads\/2026\/01\/Kugel_Planet-e1716147442747-300x237.png 300w, https:\/\/motherearthradio.de\/wp-content\/uploads\/2026\/01\/Kugel_Planet-e1716147442747-1024x809.png 1024w, https:\/\/motherearthradio.de\/wp-content\/uploads\/2026\/01\/Kugel_Planet-e1716147442747-768x607.png 768w, https:\/\/motherearthradio.de\/wp-content\/uploads\/2026\/01\/Kugel_Planet-e1716147442747-1536x1214.png 1536w, https:\/\/motherearthradio.de\/wp-content\/uploads\/2026\/01\/Kugel_Planet-e1716147442747.png 2000w\" sizes=\"auto, (max-width: 300px) 100vw, 300px\" \/><\/figure>\n<\/div><\/div>\n<\/div><\/div>\n\n\n\n<p>Je m&rsquo;appelle Florian. Je travaille comme ing\u00e9nieur du son depuis 30 ans. <\/p>\n\n\n\n<p>\u00c0 un moment donn\u00e9, la magie a disparu. La musique n&rsquo;\u00e9tait plus qu&rsquo;une formule. Puis Sylvio est arriv\u00e9 avec ses Klangzellen. Et avec 429 Hz.   <\/p>\n\n\n\n<p>Depuis, j&rsquo;\u00e9coute \u00e0 nouveau comme avant. Comme le jeune de 12 ans devant les grandes enceintes de son p\u00e8re. <\/p>\n\n\n\n<p>Mother Earth Radio est ma tentative de transmettre cela.<\/p>\n\n\n\n<hr class=\"wp-block-separator has-alpha-channel-opacity\"\/>\n\n\n\n<h3 class=\"wp-block-heading\">CE QUI EST DIFF\u00c9RENT<\/h3>\n\n\n\n<p><strong>Format\u00a0:<\/strong> J\u2019\u00e9met en FLAC jusqu\u2019\u00e0 192\u00a0kHz. Depuis toujours. Parce que, en tant qu\u2019ing\u00e9nieur du son, je sais ce que la compression fait \u00e0 la forme d\u2019onde\u00a0: aux transitoires, aux r\u00e9verb\u00e9rations, \u00e0 l\u2019espace dans un enregistrement. Ce que je ne savais pas \u00e0 l\u2019\u00e9poque, c\u2019est qu\u2019il existe tout un domaine de recherche \u00e0 ce sujet. \u00ab\u00a0Listening Effort\u00a0\u00bb\u00a0: la quantit\u00e9 de travail que votre cerveau doit fournir lors de l\u2019\u00e9coute. R\u00e9sultat\u00a0: les signaux compress\u00e9s co\u00fbtent plus de ressources cognitives. M\u00eame si vous n\u2019entendez pas de diff\u00e9rence. C\u2019est pourquoi Fraunhofer (les inventeurs du MP3) d\u00e9veloppe constamment de meilleurs codecs. Ils travaillent sur le probl\u00e8me. J\u2019ai r\u00e9solu le probl\u00e8me diff\u00e9remment\u00a0: ne pas compresser du tout.         <\/p>\n\n\n\n<p><strong>Lecture\u00a0:<\/strong> Les Klangzellen de Sylvio ont un haut-parleur \u00e0 large bande. Pas de compromis multi-voies. Le son provient d&rsquo;un seul point. Comme avec un vrai instrument.   <\/p>\n\n\n\n<p><strong>Accordage\u00a0:<\/strong> 429\u00a0Hz. Pas \u00e0 cause des chakras. Pas \u00e0 cause des fr\u00e9quences de gu\u00e9rison. Mais parce que \u00e7a sonne bien pour moi. Parce que la musique respire \u00e0 nouveau. Parce que j&rsquo;\u00e9coute \u00e0 nouveau au lieu de simplement entendre.     <\/p>\n\n\n\n<p>Est-ce que \u00e7a fait une diff\u00e9rence\u00a0? \u00c9coute par toi-m\u00eame. <\/p>\n\n\n\n<hr class=\"wp-block-separator has-alpha-channel-opacity\"\/>\n\n\n\n<h3 class=\"wp-block-heading\">PAS DE MARKETING<\/h3>\n\n\n\n<p>Je ne vends pas de transformation. Sylvio ne vend pas de gu\u00e9rison. <\/p>\n\n\n\n<p>Nous fabriquons des haut-parleurs et de la radio. Bien fait. Avec soin. Si cela a de la valeur pour toi, ach\u00e8te une application ou un haut-parleur. Sinon, \u00e9coute gratuitement. Pas de drame.     <\/p>\n\n\n\n<hr class=\"wp-block-separator has-alpha-channel-opacity\"\/>\n\n\n\n<h3 class=\"wp-block-heading\">LA CITATION<\/h3>\n\n\n\n<blockquote class=\"wp-block-quote is-layout-flow wp-block-quote-is-layout-flow\">\n<p>\u00ab\u00a0Les artefacts audio se refl\u00e8tent dans les signaux c\u00e9r\u00e9braux, m\u00eame en dessous du seuil de la perception consciente.\u00a0\u00bb \u2014 Prof. Dr. Benjamin Blankertz, TU Berlin<\/p>\n<\/blockquote>\n\n\n\n<p>Ce n\u2019est pas du marketing. C\u2019est un e-mail qu\u2019il m\u2019a \u00e9crit personnellement, apr\u00e8s que je l\u2019ai contact\u00e9 au sujet de son \u00e9tude. L\u2019une des nombreuses dans ce domaine de recherche. La science est unanime\u00a0: votre cerveau entend plus que vous ne le pensez.   <\/p>\n\n\n\n<hr class=\"wp-block-separator has-alpha-channel-opacity\"\/>\n\n\n\n<h2 class=\"wp-block-heading\" id=\"h-fur-die-neugierigen\">POUR LES CURIEUX <\/h2>\n\n\n\n<p>La recherche appelle cela le \u00ab\u00a0Listening Effort\u00a0\u00bb. <br\/><br\/>Pour ceux qui veulent approfondir le sujet\u00a0:<br\/>&#8211; Porbadnigk, Blankertz et al. (2013)\u00a0: Traitement neuronal des artefacts audio. [\u2192 <a href=\"https:\/\/doi.org\/10.1088\/1741-2560\/10\/5\/056003\">\u00c9tude<\/a>]<br\/>&#8211; Peelle (2018)\u00a0: Aper\u00e7u de la recherche sur le Listening Effort. [\u2192 <a href=\"https:\/\/doi.org\/10.1097\/AUD.0000000000000494\">Article<\/a>] <br\/>&#8211; Fraunhofer IIS\u00a0: Pourquoi les codecs s\u2019am\u00e9liorent constamment. [\u2192 <a href=\"https:\/\/www.iis.fraunhofer.de\/en\/ff\/amm\/audio-coding.html\">Site web<\/a>]    <br\/><br\/>Plus d\u2019explications\u00a0:<br\/>[<a href=\"https:\/\/klangzelle.de\/mother-earth-radio\/\">\u2192 L\u2019\u00e9cosyst\u00e8me sur klangzelle.de<\/a>]<\/p>\n\n\n\n<h3 class=\"wp-block-heading\">LIENS<\/h3>\n\n\n\n<p><strong>[<a href=\"http:\/\/klangzelle.de\" target=\"_blank\" rel=\"noreferrer noopener\">Haut-parleurs Klangzelle \u2192<\/a>]<\/strong> <strong>[<a href=\"https:\/\/motherearthradio.de\/fr\/\">Mother Earth Radio \u2192<\/a>]<\/strong> <strong>[<a href=\"https:\/\/klangzelle.de\/klangatelier\/\" target=\"_blank\" rel=\"noreferrer noopener\">\u00c9coute d&rsquo;essai dans l&rsquo;atelier du son \u2192<\/a>]<\/strong><\/p>\n<\/div>\n<\/div><\/div>\n\n<ul class=\"wp-block-yoast-seo-related-links yoast-seo-related-links\">\n<li><a href=\"https:\/\/motherearthradio.de\/fr\/429-hz-diapason\/\">429 Hz &#8211; Diapason<\/a><\/li>\n\n\n\n<li><a href=\"https:\/\/motherearthradio.de\/fr\/mother-earth-radio-on-air\/\">Mother Earth Radio On Air<\/a><\/li>\n\n\n\n<li><a href=\"https:\/\/motherearthradio.de\/fr\/le-son-high-res-explique\/\">LE SON HIGH-RES EXPLIQU\u00c9<\/a><\/li>\n<\/ul>\n","protected":false},"excerpt":{"rendered":"","protected":false},"author":1,"featured_media":0,"parent":0,"menu_order":0,"comment_status":"closed","ping_status":"closed","template":"","meta":{"_themeisle_gutenberg_block_has_review":false,"footnotes":""},"class_list":["post-10083","page","type-page","status-publish"],"yoast_head":"<!-- This site is optimized with the Yoast SEO Premium plugin v27.3 (Yoast SEO v27.3) - https:\/\/yoast.com\/product\/yoast-seo-premium-wordpress\/ -->\n<title>\u00c9coute consciente \u2013 Klangzelle + High Resolution Radio en 429 Hz<\/title>\n<meta name=\"description\" content=\"\u00c9coute consciente : Mother Earth + Klangzelle. Pourquoi le cerveau r\u00e9agit aux pertes de qualit\u00e9 audio \u2013 et comment les \u00e9viter.\" \/>\n<meta name=\"robots\" content=\"index, follow, max-snippet:-1, max-image-preview:large, max-video-preview:-1\" \/>\n<link rel=\"canonical\" href=\"https:\/\/motherearthradio.de\/fr\/ecoute-consciente\/\" \/>\n<meta property=\"og:locale\" content=\"fr_FR\" \/>\n<meta property=\"og:type\" content=\"article\" \/>\n<meta property=\"og:title\" content=\"\u00c9coute consciente\" \/>\n<meta property=\"og:description\" content=\"\u00c9coute consciente : Mother Earth + Klangzelle. Pourquoi le cerveau r\u00e9agit aux pertes de qualit\u00e9 audio \u2013 et comment les \u00e9viter.\" \/>\n<meta property=\"og:url\" content=\"https:\/\/motherearthradio.de\/fr\/ecoute-consciente\/\" \/>\n<meta property=\"og:site_name\" content=\"Mother Earth Radio\" \/>\n<meta property=\"article:modified_time\" content=\"2026-01-18T10:56:08+00:00\" \/>\n<meta property=\"og:image\" content=\"https:\/\/motherearthradio.de\/wp-content\/uploads\/2026\/01\/mer-logo-wide-smooth-1x-e1775320112812.png\" \/>\n\t<meta property=\"og:image:width\" content=\"268\" \/>\n\t<meta property=\"og:image:height\" content=\"123\" \/>\n\t<meta property=\"og:image:type\" content=\"image\/png\" \/>\n<meta name=\"twitter:card\" content=\"summary_large_image\" \/>\n<meta name=\"twitter:label1\" content=\"Dur\u00e9e de lecture estim\u00e9e\" \/>\n\t<meta name=\"twitter:data1\" content=\"2 minutes\" \/>\n<script type=\"application\/ld+json\" class=\"yoast-schema-graph\">{\"@context\":\"https:\\\/\\\/schema.org\",\"@graph\":[{\"@type\":\"WebPage\",\"@id\":\"https:\\\/\\\/motherearthradio.de\\\/fr\\\/ecoute-consciente\\\/\",\"url\":\"https:\\\/\\\/motherearthradio.de\\\/fr\\\/ecoute-consciente\\\/\",\"name\":\"\u00c9coute consciente \u2013 Klangzelle + High Resolution Radio en 429 Hz\",\"isPartOf\":{\"@id\":\"https:\\\/\\\/motherearthradio.de\\\/fr\\\/#website\"},\"primaryImageOfPage\":{\"@id\":\"https:\\\/\\\/motherearthradio.de\\\/fr\\\/ecoute-consciente\\\/#primaryimage\"},\"image\":{\"@id\":\"https:\\\/\\\/motherearthradio.de\\\/fr\\\/ecoute-consciente\\\/#primaryimage\"},\"thumbnailUrl\":\"https:\\\/\\\/motherearthradio.de\\\/wp-content\\\/uploads\\\/2026\\\/01\\\/mer-logo-wide-smooth-1x-300x182.png\",\"datePublished\":\"2026-01-10T20:24:59+00:00\",\"dateModified\":\"2026-01-18T10:56:08+00:00\",\"description\":\"\u00c9coute consciente : Mother Earth + Klangzelle. Pourquoi le cerveau r\u00e9agit aux pertes de qualit\u00e9 audio \u2013 et comment les \u00e9viter.\",\"breadcrumb\":{\"@id\":\"https:\\\/\\\/motherearthradio.de\\\/fr\\\/ecoute-consciente\\\/#breadcrumb\"},\"inLanguage\":\"fr-FR\",\"potentialAction\":[{\"@type\":\"ReadAction\",\"target\":[\"https:\\\/\\\/motherearthradio.de\\\/fr\\\/ecoute-consciente\\\/\"]}]},{\"@type\":\"ImageObject\",\"inLanguage\":\"fr-FR\",\"@id\":\"https:\\\/\\\/motherearthradio.de\\\/fr\\\/ecoute-consciente\\\/#primaryimage\",\"url\":\"https:\\\/\\\/motherearthradio.de\\\/wp-content\\\/uploads\\\/2026\\\/01\\\/mer-logo-wide-smooth-1x-300x182.png\",\"contentUrl\":\"https:\\\/\\\/motherearthradio.de\\\/wp-content\\\/uploads\\\/2026\\\/01\\\/mer-logo-wide-smooth-1x-300x182.png\"},{\"@type\":\"BreadcrumbList\",\"@id\":\"https:\\\/\\\/motherearthradio.de\\\/fr\\\/ecoute-consciente\\\/#breadcrumb\",\"itemListElement\":[{\"@type\":\"ListItem\",\"position\":1,\"name\":\"Page d'accueil\",\"item\":\"https:\\\/\\\/motherearthradio.de\\\/fr\\\/\"},{\"@type\":\"ListItem\",\"position\":2,\"name\":\"\u00c9coute consciente\"}]},{\"@type\":\"WebSite\",\"@id\":\"https:\\\/\\\/motherearthradio.de\\\/fr\\\/#website\",\"url\":\"https:\\\/\\\/motherearthradio.de\\\/fr\\\/\",\"name\":\"Mother Earth Radio\",\"description\":\"High Resolution Radio\",\"publisher\":{\"@id\":\"https:\\\/\\\/motherearthradio.de\\\/fr\\\/#organization\"},\"potentialAction\":[{\"@type\":\"SearchAction\",\"target\":{\"@type\":\"EntryPoint\",\"urlTemplate\":\"https:\\\/\\\/motherearthradio.de\\\/fr\\\/?s={search_term_string}\"},\"query-input\":{\"@type\":\"PropertyValueSpecification\",\"valueRequired\":true,\"valueName\":\"search_term_string\"}}],\"inLanguage\":\"fr-FR\"},{\"@type\":\"Organization\",\"@id\":\"https:\\\/\\\/motherearthradio.de\\\/fr\\\/#organization\",\"name\":\"Mother Earth Radio\",\"url\":\"https:\\\/\\\/motherearthradio.de\\\/fr\\\/\",\"logo\":{\"@type\":\"ImageObject\",\"inLanguage\":\"fr-FR\",\"@id\":\"https:\\\/\\\/motherearthradio.de\\\/fr\\\/#\\\/schema\\\/logo\\\/image\\\/\",\"url\":\"https:\\\/\\\/motherearthradio.de\\\/wp-content\\\/uploads\\\/2025\\\/12\\\/mer-logo-cube-bold-1x-512.png\",\"contentUrl\":\"https:\\\/\\\/motherearthradio.de\\\/wp-content\\\/uploads\\\/2025\\\/12\\\/mer-logo-cube-bold-1x-512.png\",\"width\":512,\"height\":512,\"caption\":\"Mother Earth Radio\"},\"image\":{\"@id\":\"https:\\\/\\\/motherearthradio.de\\\/fr\\\/#\\\/schema\\\/logo\\\/image\\\/\"},\"sameAs\":[\"https:\\\/\\\/www.youtube.com\\\/channel\\\/UCX5xCDGKQ9wCS1myWo6_nwg\",\"https:\\\/\\\/www.instagram.com\\\/mother.earth.radio\\\/\"],\"description\":\"Das weltweit erste High Resolution Radio in 192 kHz FLAC. Vinyl-Digitalisierung, keine AI-Musik, kuratiert von Florian Reiterer.\",\"email\":\"info@motherearthradio.de\",\"telephone\":\"00498920977034\",\"foundingDate\":\"2020-02-20\",\"numberOfEmployees\":{\"@type\":\"QuantitativeValue\",\"minValue\":\"1\",\"maxValue\":\"10\"}}]}<\/script>\n<!-- \/ Yoast SEO Premium plugin. -->","yoast_head_json":{"title":"\u00c9coute consciente \u2013 Klangzelle + High Resolution Radio en 429 Hz","description":"\u00c9coute consciente : Mother Earth + Klangzelle. Pourquoi le cerveau r\u00e9agit aux pertes de qualit\u00e9 audio \u2013 et comment les \u00e9viter.","robots":{"index":"index","follow":"follow","max-snippet":"max-snippet:-1","max-image-preview":"max-image-preview:large","max-video-preview":"max-video-preview:-1"},"canonical":"https:\/\/motherearthradio.de\/fr\/ecoute-consciente\/","og_locale":"fr_FR","og_type":"article","og_title":"\u00c9coute consciente","og_description":"\u00c9coute consciente : Mother Earth + Klangzelle. Pourquoi le cerveau r\u00e9agit aux pertes de qualit\u00e9 audio \u2013 et comment les \u00e9viter.","og_url":"https:\/\/motherearthradio.de\/fr\/ecoute-consciente\/","og_site_name":"Mother Earth Radio","article_modified_time":"2026-01-18T10:56:08+00:00","og_image":[{"width":268,"height":123,"url":"https:\/\/motherearthradio.de\/wp-content\/uploads\/2026\/01\/mer-logo-wide-smooth-1x-e1775320112812.png","type":"image\/png"}],"twitter_card":"summary_large_image","twitter_misc":{"Dur\u00e9e de lecture estim\u00e9e":"2 minutes"},"schema":{"@context":"https:\/\/schema.org","@graph":[{"@type":"WebPage","@id":"https:\/\/motherearthradio.de\/fr\/ecoute-consciente\/","url":"https:\/\/motherearthradio.de\/fr\/ecoute-consciente\/","name":"\u00c9coute consciente \u2013 Klangzelle + High Resolution Radio en 429 Hz","isPartOf":{"@id":"https:\/\/motherearthradio.de\/fr\/#website"},"primaryImageOfPage":{"@id":"https:\/\/motherearthradio.de\/fr\/ecoute-consciente\/#primaryimage"},"image":{"@id":"https:\/\/motherearthradio.de\/fr\/ecoute-consciente\/#primaryimage"},"thumbnailUrl":"https:\/\/motherearthradio.de\/wp-content\/uploads\/2026\/01\/mer-logo-wide-smooth-1x-300x182.png","datePublished":"2026-01-10T20:24:59+00:00","dateModified":"2026-01-18T10:56:08+00:00","description":"\u00c9coute consciente : Mother Earth + Klangzelle. Pourquoi le cerveau r\u00e9agit aux pertes de qualit\u00e9 audio \u2013 et comment les \u00e9viter.","breadcrumb":{"@id":"https:\/\/motherearthradio.de\/fr\/ecoute-consciente\/#breadcrumb"},"inLanguage":"fr-FR","potentialAction":[{"@type":"ReadAction","target":["https:\/\/motherearthradio.de\/fr\/ecoute-consciente\/"]}]},{"@type":"ImageObject","inLanguage":"fr-FR","@id":"https:\/\/motherearthradio.de\/fr\/ecoute-consciente\/#primaryimage","url":"https:\/\/motherearthradio.de\/wp-content\/uploads\/2026\/01\/mer-logo-wide-smooth-1x-300x182.png","contentUrl":"https:\/\/motherearthradio.de\/wp-content\/uploads\/2026\/01\/mer-logo-wide-smooth-1x-300x182.png"},{"@type":"BreadcrumbList","@id":"https:\/\/motherearthradio.de\/fr\/ecoute-consciente\/#breadcrumb","itemListElement":[{"@type":"ListItem","position":1,"name":"Page d'accueil","item":"https:\/\/motherearthradio.de\/fr\/"},{"@type":"ListItem","position":2,"name":"\u00c9coute consciente"}]},{"@type":"WebSite","@id":"https:\/\/motherearthradio.de\/fr\/#website","url":"https:\/\/motherearthradio.de\/fr\/","name":"Mother Earth Radio","description":"High Resolution Radio","publisher":{"@id":"https:\/\/motherearthradio.de\/fr\/#organization"},"potentialAction":[{"@type":"SearchAction","target":{"@type":"EntryPoint","urlTemplate":"https:\/\/motherearthradio.de\/fr\/?s={search_term_string}"},"query-input":{"@type":"PropertyValueSpecification","valueRequired":true,"valueName":"search_term_string"}}],"inLanguage":"fr-FR"},{"@type":"Organization","@id":"https:\/\/motherearthradio.de\/fr\/#organization","name":"Mother Earth Radio","url":"https:\/\/motherearthradio.de\/fr\/","logo":{"@type":"ImageObject","inLanguage":"fr-FR","@id":"https:\/\/motherearthradio.de\/fr\/#\/schema\/logo\/image\/","url":"https:\/\/motherearthradio.de\/wp-content\/uploads\/2025\/12\/mer-logo-cube-bold-1x-512.png","contentUrl":"https:\/\/motherearthradio.de\/wp-content\/uploads\/2025\/12\/mer-logo-cube-bold-1x-512.png","width":512,"height":512,"caption":"Mother Earth Radio"},"image":{"@id":"https:\/\/motherearthradio.de\/fr\/#\/schema\/logo\/image\/"},"sameAs":["https:\/\/www.youtube.com\/channel\/UCX5xCDGKQ9wCS1myWo6_nwg","https:\/\/www.instagram.com\/mother.earth.radio\/"],"description":"Das weltweit erste High Resolution Radio in 192 kHz FLAC. Vinyl-Digitalisierung, keine AI-Musik, kuratiert von Florian Reiterer.","email":"info@motherearthradio.de","telephone":"00498920977034","foundingDate":"2020-02-20","numberOfEmployees":{"@type":"QuantitativeValue","minValue":"1","maxValue":"10"}}]}},"_links":{"self":[{"href":"https:\/\/motherearthradio.de\/fr\/wp-json\/wp\/v2\/pages\/10083","targetHints":{"allow":["GET"]}}],"collection":[{"href":"https:\/\/motherearthradio.de\/fr\/wp-json\/wp\/v2\/pages"}],"about":[{"href":"https:\/\/motherearthradio.de\/fr\/wp-json\/wp\/v2\/types\/page"}],"author":[{"embeddable":true,"href":"https:\/\/motherearthradio.de\/fr\/wp-json\/wp\/v2\/users\/1"}],"replies":[{"embeddable":true,"href":"https:\/\/motherearthradio.de\/fr\/wp-json\/wp\/v2\/comments?post=10083"}],"version-history":[{"count":4,"href":"https:\/\/motherearthradio.de\/fr\/wp-json\/wp\/v2\/pages\/10083\/revisions"}],"predecessor-version":[{"id":10164,"href":"https:\/\/motherearthradio.de\/fr\/wp-json\/wp\/v2\/pages\/10083\/revisions\/10164"}],"wp:attachment":[{"href":"https:\/\/motherearthradio.de\/fr\/wp-json\/wp\/v2\/media?parent=10083"}],"curies":[{"name":"wp","href":"https:\/\/api.w.org\/{rel}","templated":true}]}}