{"id":1578,"date":"2024-03-27T20:35:59","date_gmt":"2024-03-27T19:35:59","guid":{"rendered":"https:\/\/motherearthradio.de\/dons\/"},"modified":"2026-01-05T22:45:39","modified_gmt":"2026-01-05T21:45:39","slug":"dons","status":"publish","type":"page","link":"https:\/\/motherearthradio.de\/fr\/dons\/","title":{"rendered":"Dons"},"content":{"rendered":"\n<div id=\"wp-block-themeisle-blocks-advanced-columns-fc855b35\" class=\"wp-block-themeisle-blocks-advanced-columns alignwide has-1-columns has-desktop-equal-layout has-tablet-equal-layout has-mobile-equal-layout has-vertical-unset\"><div class=\"wp-block-themeisle-blocks-advanced-columns-overlay\"><\/div><div class=\"innerblocks-wrap\">\n<div id=\"wp-block-themeisle-blocks-advanced-column-38ec9a53\" class=\"wp-block-themeisle-blocks-advanced-column\">\n<h1 class=\"wp-block-heading\" id=\"h-unterstutzen\">Soutenir<\/h1>\n\n\n\n<p>High Resolution Radio \u2013 sans publicit\u00e9 et sans interruption. Mother Earth Radio est gratuit. <\/p>\n\n\n\n<p>Et \u00e7a doit le rester.<\/p>\n\n\n\n<h2 class=\"wp-block-heading\" id=\"h-was-es-kostet\">Ce que \u00e7a co\u00fbte<\/h2>\n\n\n\n<p>Environ <strong>1\u00a0600\u00a0euros par an.<\/strong><\/p>\n\n\n\n<p>Environ 1\u202f000 euros sont consacr\u00e9s aux licences musicales. Nous avons une licence multinationale via ICE Services \u2013 un projet unique pour les petites stations de streaming. Pr\u00e8s de 50 pays, r\u00e9mun\u00e9r\u00e9s \u00e9quitablement. Un peu moins cher que la GEMA.   <\/p>\n\n\n\n<p>Mais\u00a0: Sony, BMG, EMI, Universal et Warner ne sont pas inclus. Les Big\u00a05 accordent des licences via des accords distincts. C\u2019est pourquoi nous avons un blocage g\u00e9ographique. C\u2019est pourquoi le catalogue Universal est absent.   <\/p>\n\n\n\n<p>Les 600\u00a0euros restants sont consacr\u00e9s aux serveurs, \u00e0 la bande passante, aux logiciels. Hi-Res FLAC a besoin d\u2019une infrastructure appropri\u00e9e. <\/p>\n\n\n\n<h2 class=\"wp-block-heading\" id=\"h-warum-keine-werbung\">Pourquoi pas de publicit\u00e9\u00a0?<\/h2>\n\n\n\n<p>Parce que la publicit\u00e9 d\u00e9truit le flux. Parce que tu dois \u00e9couter ici, pas \u00eatre vendu. Parce que Mother Earth Radio est un lieu de retraite, pas un espace publicitaire.  <\/p>\n\n\n\n<h2 class=\"wp-block-heading\" id=\"h-wenn-du-unterstutzen-willst\">Si tu veux soutenir<\/h2>\n\n\n\n<p>Si le projet a de la valeur pour toi et que tu peux \u2013 alors chaque contribution aide. Que ce soit ponctuel ou r\u00e9gulier. <\/p>\n\n\n\n<p>Sinon \u2013 continue simplement \u00e0 \u00e9couter. S\u00e9rieusement. Le projet existe pour toi, pas l\u2019inverse.  <\/p>\n\n\n\n<hr class=\"wp-block-separator has-alpha-channel-opacity\"\/>\n\n\n\n<h3 class=\"wp-block-heading\" id=\"h-spendenmoglichkeiten\">Possibilit\u00e9s de dons<\/h3>\n\n\n\n<div class=\"wp-block-group is-nowrap is-layout-flex wp-container-core-group-is-layout-ad2f72ca wp-block-group-is-layout-flex\">\n<p><strong>PayPal\u00a0:<\/strong> <\/p>\n\n\n\n<form action=\"https:\/\/www.paypal.com\/donate\" method=\"post\" target=\"_top\">\n<input type=\"hidden\" name=\"hosted_button_id\" value=\"Y6V3B8T3ZVD2G\"\/>\n<input type=\"image\" src=\"https:\/\/www.paypalobjects.com\/de_DE\/DE\/i\/btn\/btn_donateCC_LG.gif\" border=\"0\" name=\"submit\" title=\"PayPal - Le moyen le plus s\u00fbr et le plus facile de payer en ligne !\" alt=\"Faire un don avec le bouton PayPal\"\/>\n<img loading=\"lazy\" decoding=\"async\" alt=\"\" border=\"0\" src=\"https:\/\/www.paypal.com\/de_DE\/i\/scr\/pixel.gif\" width=\"1\" height=\"1\"\/>\n<\/form>\n<\/div>\n\n\n\n<p><strong>Virement bancaire\u00a0:<\/strong> IBAN\u00a0: DE\u00a029\u00a04306\u00a00967\u00a08214\u00a00604\u00a000 &#8211; BIC\u00a0: GENODEM1GLS<\/p>\n\n\n\n<div class=\"wp-block-group alignwide has-neve-text-color-color has-nv-site-bg-background-color has-text-color has-background has-link-color has-medium-font-size wp-elements-c06225785688c6e82bd05e350e87a086\" style=\"border-style:none;border-width:0px;border-radius:16px;padding-top:var(--wp--preset--spacing--40);padding-right:var(--wp--preset--spacing--50);padding-bottom:var(--wp--preset--spacing--40);padding-left:var(--wp--preset--spacing--50)\"><div class=\"wp-block-group__inner-container is-layout-constrained wp-container-core-group-is-layout-282d97d7 wp-block-group-is-layout-constrained\">\n<div class=\"wp-block-group alignwide\"><div class=\"wp-block-group__inner-container is-layout-constrained wp-block-group-is-layout-constrained\">\n<div id=\"wp-block-themeisle-blocks-advanced-columns-34470862\" class=\"wp-block-themeisle-blocks-advanced-columns alignwide has-3-columns has-desktop-equal-layout has-tablet-equal-layout has-mobile-collapsedRows-layout has-vertical-center\"><div class=\"wp-block-themeisle-blocks-advanced-columns-overlay\"><\/div><div class=\"innerblocks-wrap\">\n<div id=\"wp-block-themeisle-blocks-advanced-column-a8e309af\" class=\"wp-block-themeisle-blocks-advanced-column\">\n<script async=\"\" src=\"https:\/\/js.stripe.com\/v3\/buy-button.js\">\n<\/script>\n\n<stripe-buy-button buy-button-id=\"buy_btn_1Qal83DbUnXm1lsSUPaTOwiB\" publishable-key=\"pk_live_51QZd0SDbUnXm1lsSaHEWOCrbctlr5NJnswwtHH2imsMiHeOBuIWjPrlveh1VWcmRlnB7Tcgnm6fWsSODjv3GmcQr00YiNe0Mgh\">\n<\/stripe-buy-button>\n<\/div>\n\n\n\n<div id=\"wp-block-themeisle-blocks-advanced-column-cab67faa\" class=\"wp-block-themeisle-blocks-advanced-column\">\n<script async=\"\" src=\"https:\/\/js.stripe.com\/v3\/buy-button.js\">\n<\/script>\n\n<stripe-buy-button buy-button-id=\"buy_btn_1Qal9LDbUnXm1lsSUa1nSaZ8\" publishable-key=\"pk_live_51QZd0SDbUnXm1lsSaHEWOCrbctlr5NJnswwtHH2imsMiHeOBuIWjPrlveh1VWcmRlnB7Tcgnm6fWsSODjv3GmcQr00YiNe0Mgh\">\n<\/stripe-buy-button>\n<\/div>\n\n\n\n<div id=\"wp-block-themeisle-blocks-advanced-column-ff5e0b3a\" class=\"wp-block-themeisle-blocks-advanced-column\">\n<script async=\"\" src=\"https:\/\/js.stripe.com\/v3\/buy-button.js\">\n<\/script>\n\n<stripe-buy-button buy-button-id=\"buy_btn_1Qal2mDbUnXm1lsSRmZ6v9bF\" publishable-key=\"pk_live_51QZd0SDbUnXm1lsSaHEWOCrbctlr5NJnswwtHH2imsMiHeOBuIWjPrlveh1VWcmRlnB7Tcgnm6fWsSODjv3GmcQr00YiNe0Mgh\">\n<\/stripe-buy-button>\n<\/div>\n<\/div><\/div>\n<\/div><\/div>\n\n\n\n<div class=\"wp-block-group is-content-justification-center is-nowrap is-layout-flex wp-container-core-group-is-layout-280a8c12 wp-block-group-is-layout-flex\" style=\"padding-top:var(--wp--preset--spacing--30);padding-bottom:var(--wp--preset--spacing--30)\">\n<script async=\"\" src=\"https:\/\/js.stripe.com\/v3\/buy-button.js\">\n<\/script>\n\n<stripe-buy-button buy-button-id=\"buy_btn_1Qam1VDbUnXm1lsSue2meD6s\" publishable-key=\"pk_live_51QZd0SDbUnXm1lsSaHEWOCrbctlr5NJnswwtHH2imsMiHeOBuIWjPrlveh1VWcmRlnB7Tcgnm6fWsSODjv3GmcQr00YiNe0Mgh\">\n<\/stripe-buy-button>\n<\/div>\n<\/div><\/div>\n\n\n\n<hr class=\"wp-block-separator has-alpha-channel-opacity\"\/>\n\n\n\n<p>Pas d\u2019avantages. Pas de niveaux de r\u00e9compense. Pas de contenu exclusif. Tu soutiens le projet parce que tu veux qu\u2019il continue. C\u2019est tout.    <\/p>\n\n\n\n<hr class=\"wp-block-separator has-alpha-channel-opacity\"\/>\n\n\n\n<p><strong>Transparence\u00a0:<\/strong><\/p>\n\n\n\n<p>Nous ne publions pas de rapports financiers d\u00e9taill\u00e9s (le projet est trop petit pour cela), mais les chiffres ci-dessus sont r\u00e9els. Si tu as des questions\u00a0: \u00e9cris-nous. <\/p>\n\n\n\n<p>Mother Earth Radio fonctionne aussi longtemps qu\u2019il fonctionne. Avec ton aide, peut-\u00eatre plus longtemps. <\/p>\n<\/div>\n<\/div><\/div>\n","protected":false},"excerpt":{"rendered":"","protected":false},"author":1,"featured_media":0,"parent":0,"menu_order":0,"comment_status":"closed","ping_status":"closed","template":"","meta":{"_themeisle_gutenberg_block_has_review":false,"footnotes":""},"class_list":["post-1578","page","type-page","status-publish"],"yoast_head":"<!-- This site is optimized with the Yoast SEO Premium plugin v27.6 (Yoast SEO v27.6) - https:\/\/yoast.com\/product\/yoast-seo-premium-wordpress\/ -->\n<title>Dons - The Mother Earth Radio Network<\/title>\n<meta name=\"description\" content=\"Mother Earth Radio est gratuit. Pas de publicit\u00e9 dans le flux. Pas de paywalls. Pas d\u2019interruptions. Et \u00e7a doit le rester.\" \/>\n<meta name=\"robots\" content=\"index, follow, max-snippet:-1, max-image-preview:large, max-video-preview:-1\" \/>\n<link rel=\"canonical\" href=\"https:\/\/motherearthradio.de\/fr\/dons\/\" \/>\n<meta property=\"og:locale\" content=\"fr_FR\" \/>\n<meta property=\"og:type\" content=\"article\" \/>\n<meta property=\"og:title\" content=\"Dons\" \/>\n<meta property=\"og:description\" content=\"Mother Earth Radio est gratuit. Pas de publicit\u00e9 dans le flux. Pas de paywalls. Pas d\u2019interruptions. Et \u00e7a doit le rester.\" \/>\n<meta property=\"og:url\" content=\"https:\/\/motherearthradio.de\/fr\/dons\/\" \/>\n<meta property=\"og:site_name\" content=\"The Mother Earth Radio Network\" \/>\n<meta property=\"article:modified_time\" content=\"2026-01-05T21:45:39+00:00\" \/>\n<meta property=\"og:image\" content=\"https:\/\/www.paypal.com\/de_DE\/i\/scr\/pixel.gif\" \/>\n<meta name=\"twitter:card\" content=\"summary_large_image\" \/>\n<meta name=\"twitter:label1\" content=\"Dur\u00e9e de lecture estim\u00e9e\" \/>\n\t<meta name=\"twitter:data1\" content=\"3 minutes\" \/>\n<script type=\"application\/ld+json\" class=\"yoast-schema-graph\">{\"@context\":\"https:\\\/\\\/schema.org\",\"@graph\":[{\"@type\":\"WebPage\",\"@id\":\"https:\\\/\\\/motherearthradio.de\\\/fr\\\/dons\\\/\",\"url\":\"https:\\\/\\\/motherearthradio.de\\\/fr\\\/dons\\\/\",\"name\":\"Dons - The Mother Earth Radio Network\",\"isPartOf\":{\"@id\":\"https:\\\/\\\/motherearthradio.de\\\/fr\\\/#website\"},\"primaryImageOfPage\":{\"@id\":\"https:\\\/\\\/motherearthradio.de\\\/fr\\\/dons\\\/#primaryimage\"},\"image\":{\"@id\":\"https:\\\/\\\/motherearthradio.de\\\/fr\\\/dons\\\/#primaryimage\"},\"thumbnailUrl\":\"https:\\\/\\\/www.paypal.com\\\/de_DE\\\/i\\\/scr\\\/pixel.gif\",\"datePublished\":\"2024-03-27T19:35:59+00:00\",\"dateModified\":\"2026-01-05T21:45:39+00:00\",\"description\":\"Mother Earth Radio est gratuit. Pas de publicit\u00e9 dans le flux. Pas de paywalls. Pas d\u2019interruptions. Et \u00e7a doit le rester.\",\"breadcrumb\":{\"@id\":\"https:\\\/\\\/motherearthradio.de\\\/fr\\\/dons\\\/#breadcrumb\"},\"inLanguage\":\"fr-FR\",\"potentialAction\":[{\"@type\":\"ReadAction\",\"target\":[\"https:\\\/\\\/motherearthradio.de\\\/fr\\\/dons\\\/\"]}]},{\"@type\":\"ImageObject\",\"inLanguage\":\"fr-FR\",\"@id\":\"https:\\\/\\\/motherearthradio.de\\\/fr\\\/dons\\\/#primaryimage\",\"url\":\"https:\\\/\\\/www.paypal.com\\\/de_DE\\\/i\\\/scr\\\/pixel.gif\",\"contentUrl\":\"https:\\\/\\\/www.paypal.com\\\/de_DE\\\/i\\\/scr\\\/pixel.gif\"},{\"@type\":\"BreadcrumbList\",\"@id\":\"https:\\\/\\\/motherearthradio.de\\\/fr\\\/dons\\\/#breadcrumb\",\"itemListElement\":[{\"@type\":\"ListItem\",\"position\":1,\"name\":\"Page d'accueil\",\"item\":\"https:\\\/\\\/motherearthradio.de\\\/fr\\\/\"},{\"@type\":\"ListItem\",\"position\":2,\"name\":\"Dons\"}]},{\"@type\":\"WebSite\",\"@id\":\"https:\\\/\\\/motherearthradio.de\\\/fr\\\/#website\",\"url\":\"https:\\\/\\\/motherearthradio.de\\\/fr\\\/\",\"name\":\"The Mother Earth Radio Network\",\"description\":\"High Resolution Radio \u2022 Mother Earth Resonance\",\"publisher\":{\"@id\":\"https:\\\/\\\/motherearthradio.de\\\/fr\\\/#organization\"},\"alternateName\":\"Mother Earth Radio\",\"potentialAction\":[{\"@type\":\"SearchAction\",\"target\":{\"@type\":\"EntryPoint\",\"urlTemplate\":\"https:\\\/\\\/motherearthradio.de\\\/fr\\\/?s={search_term_string}\"},\"query-input\":{\"@type\":\"PropertyValueSpecification\",\"valueRequired\":true,\"valueName\":\"search_term_string\"}}],\"inLanguage\":\"fr-FR\"},{\"@type\":\"Organization\",\"@id\":\"https:\\\/\\\/motherearthradio.de\\\/fr\\\/#organization\",\"name\":\"Mother Earth Radio\",\"alternateName\":\"Mother Earth Radio\",\"url\":\"https:\\\/\\\/motherearthradio.de\\\/fr\\\/\",\"logo\":{\"@type\":\"ImageObject\",\"inLanguage\":\"fr-FR\",\"@id\":\"https:\\\/\\\/motherearthradio.de\\\/fr\\\/#\\\/schema\\\/logo\\\/image\\\/\",\"url\":\"https:\\\/\\\/motherearthradio.de\\\/wp-content\\\/uploads\\\/2025\\\/12\\\/mer-logo-cube-bold-1x-512.png\",\"contentUrl\":\"https:\\\/\\\/motherearthradio.de\\\/wp-content\\\/uploads\\\/2025\\\/12\\\/mer-logo-cube-bold-1x-512.png\",\"width\":512,\"height\":512,\"caption\":\"Mother Earth Radio\"},\"image\":{\"@id\":\"https:\\\/\\\/motherearthradio.de\\\/fr\\\/#\\\/schema\\\/logo\\\/image\\\/\"},\"sameAs\":[\"https:\\\/\\\/www.youtube.com\\\/channel\\\/UCX5xCDGKQ9wCS1myWo6_nwg\",\"https:\\\/\\\/www.instagram.com\\\/mother.earth.radio\\\/\"],\"description\":\"Das weltweit erste High Resolution Radio in 192 kHz FLAC. Vinyl-Digitalisierung, keine AI-Musik, kuratiert von Florian Reiterer. Mother Earth Resonance Software - der lebendige Kammerton\",\"email\":\"info@motherearthradio.de\",\"telephone\":\"00498920977034\",\"foundingDate\":\"2020-02-20\",\"numberOfEmployees\":{\"@type\":\"QuantitativeValue\",\"minValue\":\"1\",\"maxValue\":\"10\"}}]}<\/script>\n<!-- \/ Yoast SEO Premium plugin. -->","yoast_head_json":{"title":"Dons - The Mother Earth Radio Network","description":"Mother Earth Radio est gratuit. Pas de publicit\u00e9 dans le flux. Pas de paywalls. Pas d\u2019interruptions. Et \u00e7a doit le rester.","robots":{"index":"index","follow":"follow","max-snippet":"max-snippet:-1","max-image-preview":"max-image-preview:large","max-video-preview":"max-video-preview:-1"},"canonical":"https:\/\/motherearthradio.de\/fr\/dons\/","og_locale":"fr_FR","og_type":"article","og_title":"Dons","og_description":"Mother Earth Radio est gratuit. Pas de publicit\u00e9 dans le flux. Pas de paywalls. Pas d\u2019interruptions. Et \u00e7a doit le rester.","og_url":"https:\/\/motherearthradio.de\/fr\/dons\/","og_site_name":"The Mother Earth Radio Network","article_modified_time":"2026-01-05T21:45:39+00:00","og_image":[{"url":"https:\/\/www.paypal.com\/de_DE\/i\/scr\/pixel.gif","type":"","width":"","height":""}],"twitter_card":"summary_large_image","twitter_misc":{"Dur\u00e9e de lecture estim\u00e9e":"3 minutes"},"schema":{"@context":"https:\/\/schema.org","@graph":[{"@type":"WebPage","@id":"https:\/\/motherearthradio.de\/fr\/dons\/","url":"https:\/\/motherearthradio.de\/fr\/dons\/","name":"Dons - The Mother Earth Radio Network","isPartOf":{"@id":"https:\/\/motherearthradio.de\/fr\/#website"},"primaryImageOfPage":{"@id":"https:\/\/motherearthradio.de\/fr\/dons\/#primaryimage"},"image":{"@id":"https:\/\/motherearthradio.de\/fr\/dons\/#primaryimage"},"thumbnailUrl":"https:\/\/www.paypal.com\/de_DE\/i\/scr\/pixel.gif","datePublished":"2024-03-27T19:35:59+00:00","dateModified":"2026-01-05T21:45:39+00:00","description":"Mother Earth Radio est gratuit. Pas de publicit\u00e9 dans le flux. Pas de paywalls. Pas d\u2019interruptions. Et \u00e7a doit le rester.","breadcrumb":{"@id":"https:\/\/motherearthradio.de\/fr\/dons\/#breadcrumb"},"inLanguage":"fr-FR","potentialAction":[{"@type":"ReadAction","target":["https:\/\/motherearthradio.de\/fr\/dons\/"]}]},{"@type":"ImageObject","inLanguage":"fr-FR","@id":"https:\/\/motherearthradio.de\/fr\/dons\/#primaryimage","url":"https:\/\/www.paypal.com\/de_DE\/i\/scr\/pixel.gif","contentUrl":"https:\/\/www.paypal.com\/de_DE\/i\/scr\/pixel.gif"},{"@type":"BreadcrumbList","@id":"https:\/\/motherearthradio.de\/fr\/dons\/#breadcrumb","itemListElement":[{"@type":"ListItem","position":1,"name":"Page d'accueil","item":"https:\/\/motherearthradio.de\/fr\/"},{"@type":"ListItem","position":2,"name":"Dons"}]},{"@type":"WebSite","@id":"https:\/\/motherearthradio.de\/fr\/#website","url":"https:\/\/motherearthradio.de\/fr\/","name":"The Mother Earth Radio Network","description":"High Resolution Radio \u2022 Mother Earth Resonance","publisher":{"@id":"https:\/\/motherearthradio.de\/fr\/#organization"},"alternateName":"Mother Earth Radio","potentialAction":[{"@type":"SearchAction","target":{"@type":"EntryPoint","urlTemplate":"https:\/\/motherearthradio.de\/fr\/?s={search_term_string}"},"query-input":{"@type":"PropertyValueSpecification","valueRequired":true,"valueName":"search_term_string"}}],"inLanguage":"fr-FR"},{"@type":"Organization","@id":"https:\/\/motherearthradio.de\/fr\/#organization","name":"Mother Earth Radio","alternateName":"Mother Earth Radio","url":"https:\/\/motherearthradio.de\/fr\/","logo":{"@type":"ImageObject","inLanguage":"fr-FR","@id":"https:\/\/motherearthradio.de\/fr\/#\/schema\/logo\/image\/","url":"https:\/\/motherearthradio.de\/wp-content\/uploads\/2025\/12\/mer-logo-cube-bold-1x-512.png","contentUrl":"https:\/\/motherearthradio.de\/wp-content\/uploads\/2025\/12\/mer-logo-cube-bold-1x-512.png","width":512,"height":512,"caption":"Mother Earth Radio"},"image":{"@id":"https:\/\/motherearthradio.de\/fr\/#\/schema\/logo\/image\/"},"sameAs":["https:\/\/www.youtube.com\/channel\/UCX5xCDGKQ9wCS1myWo6_nwg","https:\/\/www.instagram.com\/mother.earth.radio\/"],"description":"Das weltweit erste High Resolution Radio in 192 kHz FLAC. Vinyl-Digitalisierung, keine AI-Musik, kuratiert von Florian Reiterer. Mother Earth Resonance Software - der lebendige Kammerton","email":"info@motherearthradio.de","telephone":"00498920977034","foundingDate":"2020-02-20","numberOfEmployees":{"@type":"QuantitativeValue","minValue":"1","maxValue":"10"}}]}},"_links":{"self":[{"href":"https:\/\/motherearthradio.de\/fr\/wp-json\/wp\/v2\/pages\/1578","targetHints":{"allow":["GET"]}}],"collection":[{"href":"https:\/\/motherearthradio.de\/fr\/wp-json\/wp\/v2\/pages"}],"about":[{"href":"https:\/\/motherearthradio.de\/fr\/wp-json\/wp\/v2\/types\/page"}],"author":[{"embeddable":true,"href":"https:\/\/motherearthradio.de\/fr\/wp-json\/wp\/v2\/users\/1"}],"replies":[{"embeddable":true,"href":"https:\/\/motherearthradio.de\/fr\/wp-json\/wp\/v2\/comments?post=1578"}],"version-history":[{"count":2,"href":"https:\/\/motherearthradio.de\/fr\/wp-json\/wp\/v2\/pages\/1578\/revisions"}],"predecessor-version":[{"id":9850,"href":"https:\/\/motherearthradio.de\/fr\/wp-json\/wp\/v2\/pages\/1578\/revisions\/9850"}],"wp:attachment":[{"href":"https:\/\/motherearthradio.de\/fr\/wp-json\/wp\/v2\/media?parent=1578"}],"curies":[{"name":"wp","href":"https:\/\/api.w.org\/{rel}","templated":true}]}}