{"id":4247,"date":"2025-03-25T17:36:39","date_gmt":"2025-03-25T16:36:39","guid":{"rendered":"https:\/\/motherearthradio.de\/?page_id=4247"},"modified":"2026-02-28T00:08:41","modified_gmt":"2026-02-27T23:08:41","slug":"mother-earth-instrumental-on-air","status":"publish","type":"page","link":"https:\/\/motherearthradio.de\/fr\/mother-earth-instrumental-on-air\/","title":{"rendered":"Mother Earth Instrumental On Air"},"content":{"rendered":"\n<div id=\"wp-block-themeisle-blocks-advanced-columns-f8675704\" class=\"wp-block-themeisle-blocks-advanced-columns alignwide has-1-columns has-desktop-equal-layout has-tablet-equal-layout has-mobile-equal-layout has-vertical-unset\"><div class=\"wp-block-themeisle-blocks-advanced-columns-overlay\"><\/div><div class=\"innerblocks-wrap\">\n<div id=\"wp-block-themeisle-blocks-advanced-column-280ff229\" class=\"wp-block-themeisle-blocks-advanced-column\">\n<h1 class=\"wp-block-heading has-x-large-font-size\">RADIO DE MUSIQUE INSTRUMENTALE \u2013 EN LIGNE ET HI-RES<\/h1>\n\n\n\n<p>High Resolution Radio. Instrumental. De la musique sans paroles.   Pour travailler, lire, r\u00e9fl\u00e9chir. <br\/>Gratuit dans le lecteur web. Diffus\u00e9 en FLAC 192 kHz. <\/p>\n\n\n\n<div id=\"wp-block-themeisle-blocks-advanced-columns-83687e49\" class=\"wp-block-themeisle-blocks-advanced-columns has-1-columns has-desktop-equal-layout has-tablet-equal-layout has-mobile-equal-layout has-vertical-unset\"><div class=\"wp-block-themeisle-blocks-advanced-columns-overlay\"><\/div><div class=\"innerblocks-wrap\">\n<div id=\"wp-block-themeisle-blocks-advanced-column-6afc4974\" class=\"wp-block-themeisle-blocks-advanced-column\">\n<figure class=\"wp-block-audio\"><audio controls=\"\" src=\"https:\/\/stream.motherearthradio.de\/listen\/motherearth_instrumental\/motherearth.instrumental.flac-lo\"><\/audio><\/figure>\n\n\n\n<p>\u26a0\ufe0f Lecteur web : Streaming de base uniquement : <br\/>Pas d&rsquo;infos sur l&rsquo;artiste, de jaquette ou d&rsquo;historique \u2022 Seulement 96 kHz au lieu de 192 kHz <br\/>\u2705 Dans les applications : Exp\u00e9rience compl\u00e8te : <br\/>192 kHz \u2022 M\u00e9tadonn\u00e9es \u2022 Jaquette \u2022 Historique des chansons \u2022 Requ\u00eates<\/p>\n\n\n\n<div id=\"wp-block-themeisle-blocks-advanced-columns-a24c1430\" class=\"wp-block-themeisle-blocks-advanced-columns has-3-columns has-desktop-equal-layout has-tablet-equal-layout has-mobile-collapsedRows-layout has-vertical-unset\"><div class=\"wp-block-themeisle-blocks-advanced-columns-overlay\"><\/div><div class=\"innerblocks-wrap\">\n<div id=\"wp-block-themeisle-blocks-advanced-column-d6feaa49\" class=\"wp-block-themeisle-blocks-advanced-column\">\n<figure class=\"wp-block-image size-full is-resized\"><a href=\"https:\/\/apps.microsoft.com\/detail\/9pbc5prxxx71?hl=de-DE&amp;gl=DE\" target=\"_blank\" rel=\" noreferrer noopener\"><img loading=\"lazy\" decoding=\"async\" width=\"161\" height=\"44\" src=\"https:\/\/motherearthradio.de\/wp-content\/uploads\/2025\/12\/en-us-dark-541c0d.svg\" alt=\"Radio Internet haute qualit&#xE9; sur le Microsoft Store\" class=\"wp-image-8964\" style=\"width:243px;height:auto\"\/><\/a><figcaption class=\"wp-element-caption\">16.99\u20ac \u2022 Windows 10\/11 &#8211; 7 day free trial!<\/figcaption><\/figure>\n<\/div>\n\n\n\n<div id=\"wp-block-themeisle-blocks-advanced-column-45d39b6d\" class=\"wp-block-themeisle-blocks-advanced-column\">\n<figure class=\"wp-block-image size-full is-resized\"><a href=\"https:\/\/play.google.com\/store\/apps\/details?id=appinventor.ai_munichbassa.Mother_Earth_Radio&amp;pcampaignid=web_share\" target=\"_blank\" rel=\" noreferrer noopener\"><img loading=\"lazy\" decoding=\"async\" width=\"646\" height=\"250\" src=\"https:\/\/motherearthradio.de\/wp-content\/uploads\/2025\/12\/en_badge_web_generic.png\" alt=\"Mother Earth Radio on Google Play\" class=\"wp-image-8963\" style=\"aspect-ratio:2.5842896013249734;width:251px;height:auto\" srcset=\"https:\/\/motherearthradio.de\/wp-content\/uploads\/2025\/12\/en_badge_web_generic.png 646w, https:\/\/motherearthradio.de\/wp-content\/uploads\/2025\/12\/en_badge_web_generic-300x116.png 300w\" sizes=\"auto, (max-width: 646px) 100vw, 646px\" \/><\/a><figcaption class=\"wp-element-caption\">19,99 \u20ac \u2022 Mobile \u2022 Chromecast \u2022 Smart TV<\/figcaption><\/figure>\n<\/div>\n\n\n\n<div id=\"wp-block-themeisle-blocks-advanced-column-ca836dd3\" class=\"wp-block-themeisle-blocks-advanced-column\">\n<figure class=\"wp-block-image size-full is-resized\"><a href=\"https:\/\/apps.apple.com\/app\/mother-earth-radio\/id6756082949\" target=\"_blank\" rel=\" noreferrer noopener\"><img loading=\"lazy\" decoding=\"async\" width=\"119\" height=\"40\" src=\"https:\/\/motherearthradio.de\/wp-content\/uploads\/2025\/12\/en-us-26a479.svg\" alt=\"\" class=\"wp-image-8965\" style=\"aspect-ratio:2.991819244253993;width:147px;height:auto\"\/><\/a><figcaption class=\"wp-element-caption\">24,99 \u20ac \u2022 iPhone \u2022 iPad \u2022 Mac<\/figcaption><\/figure>\n<\/div>\n<\/div><\/div>\n\n\n\n<div id=\"wp-block-themeisle-blocks-advanced-columns-c668e653\" class=\"wp-block-themeisle-blocks-advanced-columns alignwide has-1-columns has-desktop-equal-layout has-tablet-equal-layout has-mobile-equal-layout has-vertical-unset\"><div class=\"wp-block-themeisle-blocks-advanced-columns-overlay\"><\/div><div class=\"innerblocks-wrap\">\n<div id=\"wp-block-themeisle-blocks-advanced-column-4dd9d315\" class=\"wp-block-themeisle-blocks-advanced-column\">\n<div class=\"wp-block-group alignwide is-content-justification-space-between is-nowrap is-layout-flex wp-container-core-group-is-layout-0dfbf163 wp-block-group-is-layout-flex\">\n<figure class=\"wp-block-image size-thumbnail\"><img loading=\"lazy\" decoding=\"async\" width=\"150\" height=\"150\" src=\"https:\/\/motherearthradio.de\/wp-content\/uploads\/2026\/01\/Hi-Res_Radio-logo-150x150.png\" alt=\"High Resolution Radio\" class=\"wp-image-9973\" srcset=\"https:\/\/motherearthradio.de\/wp-content\/uploads\/2026\/01\/Hi-Res_Radio-logo-150x150.png 150w, https:\/\/motherearthradio.de\/wp-content\/uploads\/2026\/01\/Hi-Res_Radio-logo.png 256w\" sizes=\"auto, (max-width: 150px) 100vw, 150px\" \/><\/figure>\n\n\n\n<figure class=\"wp-block-image size-thumbnail\"><img loading=\"lazy\" decoding=\"async\" width=\"150\" height=\"150\" src=\"https:\/\/motherearthradio.de\/wp-content\/uploads\/2024\/03\/mergoldcube512-150x150.png\" alt=\"Mother Earth Radio\" class=\"wp-image-79\" srcset=\"https:\/\/motherearthradio.de\/wp-content\/uploads\/2024\/03\/mergoldcube512-150x150.png 150w, https:\/\/motherearthradio.de\/wp-content\/uploads\/2024\/03\/mergoldcube512-300x300.png 300w, https:\/\/motherearthradio.de\/wp-content\/uploads\/2024\/03\/mergoldcube512.png 512w\" sizes=\"auto, (max-width: 150px) 100vw, 150px\" \/><\/figure>\n<\/div>\n<\/div>\n<\/div><\/div>\n<\/div>\n<\/div><\/div>\n\n\n\n<hr class=\"wp-block-separator has-alpha-channel-opacity\"\/>\n\n\n\n<div id=\"wp-block-themeisle-blocks-advanced-columns-04738316\" class=\"wp-block-themeisle-blocks-advanced-columns has-1-columns has-desktop-equal-layout has-tablet-equal-layout has-mobile-equal-layout has-vertical-unset\"><div class=\"wp-block-themeisle-blocks-advanced-columns-overlay\"><\/div><div class=\"innerblocks-wrap\">\n<div id=\"wp-block-themeisle-blocks-advanced-column-a68c6fc1\" class=\"wp-block-themeisle-blocks-advanced-column\">\n<h2 class=\"wp-block-heading\">Radio de musique instrumentale pour audiophiles <\/h2>\n\n\n\n<p>Mother Earth Instrumental est une radio de musique de fond et de musique de travail en un : de la musique sans paroles qui soutient sans distraire.<\/p>\n\n\n\n<h3 class=\"wp-block-heading\" id=\"h-was-macht-diesen-kanal-anders\">Qu&rsquo;est-ce qui rend cette cha\u00eene diff\u00e9rente ?<\/h3>\n\n\n\n<p>Quand les mots d\u00e9rangent. Parce que tu veux travailler, lire, r\u00e9fl\u00e9chir. Et tu as besoin d&rsquo;une musique qui te porte, mais ne te distrait pas.  <br\/><br\/>Du post-rock \u00e0 la modern classical. Nils Frahm \u00e0 c\u00f4t\u00e9 de Snarky Puppy. De l\u2019ambient \u00e0 la guitare acoustique. Du minimalisme \u00e0 l\u2019orchestral.    De l\u2019\u00e9lectronique au tout acoustique. <br\/><br\/>Pas d&rsquo;ennui de playlist de musique de relaxation. Pas de musique de spa. Au lieu de cela : de la musique avec de la substance, qui raconte sans mots.  <br\/><br\/>Chaque morceau est accord\u00e9 \u00e0 429 Hz \u2013 un accord de diapason qui assure un son plus chaud et plus ouvert, en particulier avec les instruments acoustiques.<\/p>\n\n\n\n<h3 class=\"wp-block-heading\" id=\"h-warum-flac-bis-192-khz\">Pourquoi FLAC jusqu&rsquo;\u00e0 192 kHz ?<\/h3>\n\n\n\n<p>Sur Mother Earth Instrumental, la musique vit de d\u00e9tails. La r\u00e9verb\u00e9ration d\u2019une pi\u00e8ce. La respiration entre les notes. La texture d\u2019un son. Le FLAC pr\u00e9serve ces d\u00e9tails sans perte.     Le 192 kHz capture les transitoires plus pr\u00e9cis\u00e9ment que la qualit\u00e9 CD. <br\/><br\/>MP3 et AAC compressent ces nuances. Avec la musique instrumentale \u2013 o\u00f9 chaque d\u00e9tail compte \u2013 cela fait une diff\u00e9rence audible. <\/p>\n\n\n\n<h3 class=\"wp-block-heading\" id=\"h-fur-arbeit-konzentration-kreativitat\">Pour le travail, la concentration, la cr\u00e9ativit\u00e9<\/h3>\n\n\n\n<p>Des \u00e9tudes le montrent : la musique instrumentale peut favoriser la concentration. Pas de chant qui d\u00e9tourne l\u2019attention. Pas de paroles que tu as envie de reprendre.   Juste un son qui te porte. <br\/><br\/>Que tu \u00e9crives, programmes, lises, dessines \u2013 voici la bande sonore pour \u00e7a.<\/p>\n<\/div>\n<\/div><\/div>\n\n\n\n<div id=\"wp-block-themeisle-blocks-advanced-columns-afb82773\" class=\"wp-block-themeisle-blocks-advanced-columns has-1-columns has-desktop-equal-layout has-tablet-equal-layout has-mobile-equal-layout has-vertical-unset\"><div class=\"wp-block-themeisle-blocks-advanced-columns-overlay\"><\/div><div class=\"innerblocks-wrap\">\n<div id=\"wp-block-themeisle-blocks-advanced-column-ede8506f\" class=\"wp-block-themeisle-blocks-advanced-column\">\n<h2 class=\"wp-block-heading\" id=\"h-hor-jetzt-mother-earth-instrumental-apps-fur-volles-erlebnis\">\u00c9coutez Mother Earth Instrumental d\u00e8s maintenant. Applications pour une exp\u00e9rience compl\u00e8te.<\/h2>\n\n\n\n<p>Le lecteur web est l\u00e0 pour tester. Si vous voulez vraiment \u00e9couter \u2013 avec les m\u00e9tadonn\u00e9es, la pochette et la sortie audio native \u2013 procurez-vous l&rsquo;application. <br\/><\/p>\n\n\n\n<figure class=\"wp-block-table is-style-stripes has-medium-font-size\"><table class=\"has-fixed-layout\"><tbody><tr><td><\/td><td>Lecteur web<\/td><td>App<\/td><td>App + DAC USB<\/td><td>Streamer mat\u00e9riel<\/td><\/tr><tr><td>FLAC192kHz<\/td><td>\u274c<\/td><td>\u2705<\/td><td>\u2705<\/td><td>\u2705<\/td><\/tr><tr><td>M\u00e9tadonn\u00e9es<\/td><td>\u274c<\/td><td>\u2705<\/td><td>\u2705<\/td><td>\u274c<\/td><\/tr><tr><td>Audio natif<\/td><td>\u274c<\/td><td>\u2705<\/td><td>\u2705<\/td><td>&#8211;<\/td><\/tr><tr><td>La voie royale<\/td><td><\/td><td><\/td><td>\ud83d\udc51<\/td><td><\/td><\/tr><\/tbody><\/table><\/figure>\n\n\n\n<p>Paiement unique. Pas d&rsquo;abonnement. <\/p>\n\n\n\n<div id=\"wp-block-themeisle-blocks-advanced-columns-66e47c06\" class=\"wp-block-themeisle-blocks-advanced-columns has-3-columns has-desktop-equal-layout has-tablet-equal-layout has-mobile-collapsedRows-layout has-vertical-unset\"><div class=\"wp-block-themeisle-blocks-advanced-columns-overlay\"><\/div><div class=\"innerblocks-wrap\">\n<div id=\"wp-block-themeisle-blocks-advanced-column-afc2dffa\" class=\"wp-block-themeisle-blocks-advanced-column\">\n<figure class=\"wp-block-image size-full is-resized\"><a href=\"https:\/\/apps.microsoft.com\/detail\/9pbc5prxxx71\" target=\"_blank\" rel=\" noreferrer noopener\"><img loading=\"lazy\" decoding=\"async\" width=\"161\" height=\"44\" src=\"https:\/\/motherearthradio.de\/wp-content\/uploads\/2025\/12\/en-us-dark-541c0d.svg\" alt=\"Radio Internet haute qualit&#xE9; sur le Microsoft Store\" class=\"wp-image-8964\" style=\"width:243px;height:auto\"\/><\/a><figcaption class=\"wp-element-caption\">16.99\u20ac \u2022 Windows 10\/11 &#8211; 7 day free trial!<\/figcaption><\/figure>\n<\/div>\n\n\n\n<div id=\"wp-block-themeisle-blocks-advanced-column-55ae895a\" class=\"wp-block-themeisle-blocks-advanced-column\">\n<figure class=\"wp-block-image size-full is-resized\"><a href=\"https:\/\/play.google.com\/store\/apps\/details?id=appinventor.ai_munichbassa.Mother_Earth_Radio&amp;pcampaignid=web_share\" target=\"_blank\" rel=\" noreferrer noopener\"><img loading=\"lazy\" decoding=\"async\" width=\"646\" height=\"250\" src=\"https:\/\/motherearthradio.de\/wp-content\/uploads\/2025\/12\/en_badge_web_generic.png\" alt=\"Mother Earth Radio on Google Play\" class=\"wp-image-8963\" style=\"aspect-ratio:2.5842896013249734;width:251px;height:auto\" srcset=\"https:\/\/motherearthradio.de\/wp-content\/uploads\/2025\/12\/en_badge_web_generic.png 646w, https:\/\/motherearthradio.de\/wp-content\/uploads\/2025\/12\/en_badge_web_generic-300x116.png 300w\" sizes=\"auto, (max-width: 646px) 100vw, 646px\" \/><\/a><figcaption class=\"wp-element-caption\">19,99 \u20ac \u2022 Mobile \u2022 Chromecast \u2022 Smart TV<\/figcaption><\/figure>\n<\/div>\n\n\n\n<div id=\"wp-block-themeisle-blocks-advanced-column-ec58f84d\" class=\"wp-block-themeisle-blocks-advanced-column\">\n<figure class=\"wp-block-image size-full is-resized\"><a href=\"https:\/\/apps.apple.com\/app\/mother-earth-radio\/id6756082949\" target=\"_blank\" rel=\" noreferrer noopener\"><img loading=\"lazy\" decoding=\"async\" width=\"119\" height=\"40\" src=\"https:\/\/motherearthradio.de\/wp-content\/uploads\/2025\/12\/en-us-26a479.svg\" alt=\"\" class=\"wp-image-8965\" style=\"aspect-ratio:2.991819244253993;width:147px;height:auto\"\/><\/a><figcaption class=\"wp-element-caption\">24,99 \u20ac \u2022 iPhone \u2022 iPad \u2022 Mac<\/figcaption><\/figure>\n<\/div>\n<\/div><\/div>\n<\/div>\n<\/div><\/div>\n\n\n\n<hr class=\"wp-block-separator has-alpha-channel-opacity\"\/>\n\n\n\n<ul class=\"wp-block-yoast-seo-related-links yoast-seo-related-links\">\n<li><a href=\"https:\/\/motherearthradio.de\/fr\/mother-earth-jazz-on-air\/\">Mother Earth Jazz On Air<\/a><\/li>\n\n\n\n<li><a href=\"https:\/\/motherearthradio.de\/fr\/radio-internet-haute-qualite\/\">Une qualit\u00e9 sans \u00e9gale<\/a><\/li>\n\n\n\n<li><a href=\"https:\/\/motherearthradio.de\/fr\/\">High-Resolution Radio<\/a><\/li>\n<\/ul>\n<\/div>\n<\/div><\/div>\n","protected":false},"excerpt":{"rendered":"","protected":false},"author":1,"featured_media":0,"parent":0,"menu_order":0,"comment_status":"closed","ping_status":"closed","template":"","meta":{"_themeisle_gutenberg_block_has_review":false,"footnotes":""},"class_list":["post-4247","page","type-page","status-publish"],"yoast_head":"<!-- This site is optimized with the Yoast SEO Premium plugin v27.3 (Yoast SEO v27.3) - https:\/\/yoast.com\/product\/yoast-seo-premium-wordpress\/ -->\n<title>Mother Earth Instrumental \u2013 Radio musical en FLAC Hi-Res<\/title>\n<meta name=\"description\" content=\"Mother Earth Instrumental : Radio musical en FLAC Hi-Res. Post-Rock, Musique classique moderne, Ambiant. De la musique sans paroles pour travailler. \u00c9coute gratuite.\" \/>\n<meta name=\"robots\" content=\"index, follow, max-snippet:-1, max-image-preview:large, max-video-preview:-1\" \/>\n<link rel=\"canonical\" href=\"https:\/\/motherearthradio.de\/fr\/mother-earth-instrumental-on-air\/\" \/>\n<meta property=\"og:locale\" content=\"fr_FR\" \/>\n<meta property=\"og:type\" content=\"article\" \/>\n<meta property=\"og:title\" content=\"Mother Earth Instrumental On Air\" \/>\n<meta property=\"og:description\" content=\"Mother Earth Instrumental : Radio musical en FLAC Hi-Res. Post-Rock, Musique classique moderne, Ambiant. De la musique sans paroles pour travailler. \u00c9coute gratuite.\" \/>\n<meta property=\"og:url\" content=\"https:\/\/motherearthradio.de\/fr\/mother-earth-instrumental-on-air\/\" \/>\n<meta property=\"og:site_name\" content=\"Mother Earth Radio\" \/>\n<meta property=\"article:modified_time\" content=\"2026-02-27T23:08:41+00:00\" \/>\n<meta property=\"og:image\" content=\"https:\/\/motherearthradio.de\/wp-content\/uploads\/2024\/03\/biglogo.png\" \/>\n\t<meta property=\"og:image:width\" content=\"1200\" \/>\n\t<meta property=\"og:image:height\" content=\"728\" \/>\n\t<meta property=\"og:image:type\" content=\"image\/png\" \/>\n<meta name=\"twitter:card\" content=\"summary_large_image\" \/>\n<script type=\"application\/ld+json\" class=\"yoast-schema-graph\">{\"@context\":\"https:\\\/\\\/schema.org\",\"@graph\":[{\"@type\":\"WebPage\",\"@id\":\"https:\\\/\\\/motherearthradio.de\\\/fr\\\/mother-earth-instrumental-on-air\\\/\",\"url\":\"https:\\\/\\\/motherearthradio.de\\\/fr\\\/mother-earth-instrumental-on-air\\\/\",\"name\":\"Mother Earth Instrumental \u2013 Radio musical en FLAC Hi-Res\",\"isPartOf\":{\"@id\":\"https:\\\/\\\/motherearthradio.de\\\/fr\\\/#website\"},\"primaryImageOfPage\":{\"@id\":\"https:\\\/\\\/motherearthradio.de\\\/fr\\\/mother-earth-instrumental-on-air\\\/#primaryimage\"},\"image\":{\"@id\":\"https:\\\/\\\/motherearthradio.de\\\/fr\\\/mother-earth-instrumental-on-air\\\/#primaryimage\"},\"thumbnailUrl\":\"https:\\\/\\\/motherearthradio.de\\\/wp-content\\\/uploads\\\/2025\\\/12\\\/en-us-dark-541c0d.svg\",\"datePublished\":\"2025-03-25T16:36:39+00:00\",\"dateModified\":\"2026-02-27T23:08:41+00:00\",\"description\":\"Mother Earth Instrumental : Radio musical en FLAC Hi-Res. Post-Rock, Musique classique moderne, Ambiant. De la musique sans paroles pour travailler. \u00c9coute gratuite.\",\"breadcrumb\":{\"@id\":\"https:\\\/\\\/motherearthradio.de\\\/fr\\\/mother-earth-instrumental-on-air\\\/#breadcrumb\"},\"inLanguage\":\"fr-FR\",\"potentialAction\":[{\"@type\":\"ReadAction\",\"target\":[\"https:\\\/\\\/motherearthradio.de\\\/fr\\\/mother-earth-instrumental-on-air\\\/\"]}]},{\"@type\":\"ImageObject\",\"inLanguage\":\"fr-FR\",\"@id\":\"https:\\\/\\\/motherearthradio.de\\\/fr\\\/mother-earth-instrumental-on-air\\\/#primaryimage\",\"url\":\"https:\\\/\\\/motherearthradio.de\\\/wp-content\\\/uploads\\\/2025\\\/12\\\/en-us-dark-541c0d.svg\",\"contentUrl\":\"https:\\\/\\\/motherearthradio.de\\\/wp-content\\\/uploads\\\/2025\\\/12\\\/en-us-dark-541c0d.svg\"},{\"@type\":\"BreadcrumbList\",\"@id\":\"https:\\\/\\\/motherearthradio.de\\\/fr\\\/mother-earth-instrumental-on-air\\\/#breadcrumb\",\"itemListElement\":[{\"@type\":\"ListItem\",\"position\":1,\"name\":\"Page d'accueil\",\"item\":\"https:\\\/\\\/motherearthradio.de\\\/fr\\\/\"},{\"@type\":\"ListItem\",\"position\":2,\"name\":\"Mother Earth Instrumental On Air\"}]},{\"@type\":\"WebSite\",\"@id\":\"https:\\\/\\\/motherearthradio.de\\\/fr\\\/#website\",\"url\":\"https:\\\/\\\/motherearthradio.de\\\/fr\\\/\",\"name\":\"Mother Earth Radio\",\"description\":\"High Resolution Radio\",\"publisher\":{\"@id\":\"https:\\\/\\\/motherearthradio.de\\\/fr\\\/#organization\"},\"potentialAction\":[{\"@type\":\"SearchAction\",\"target\":{\"@type\":\"EntryPoint\",\"urlTemplate\":\"https:\\\/\\\/motherearthradio.de\\\/fr\\\/?s={search_term_string}\"},\"query-input\":{\"@type\":\"PropertyValueSpecification\",\"valueRequired\":true,\"valueName\":\"search_term_string\"}}],\"inLanguage\":\"fr-FR\"},{\"@type\":\"Organization\",\"@id\":\"https:\\\/\\\/motherearthradio.de\\\/fr\\\/#organization\",\"name\":\"Mother Earth Radio\",\"url\":\"https:\\\/\\\/motherearthradio.de\\\/fr\\\/\",\"logo\":{\"@type\":\"ImageObject\",\"inLanguage\":\"fr-FR\",\"@id\":\"https:\\\/\\\/motherearthradio.de\\\/fr\\\/#\\\/schema\\\/logo\\\/image\\\/\",\"url\":\"https:\\\/\\\/motherearthradio.de\\\/wp-content\\\/uploads\\\/2025\\\/12\\\/mer-logo-cube-bold-1x-512.png\",\"contentUrl\":\"https:\\\/\\\/motherearthradio.de\\\/wp-content\\\/uploads\\\/2025\\\/12\\\/mer-logo-cube-bold-1x-512.png\",\"width\":512,\"height\":512,\"caption\":\"Mother Earth Radio\"},\"image\":{\"@id\":\"https:\\\/\\\/motherearthradio.de\\\/fr\\\/#\\\/schema\\\/logo\\\/image\\\/\"},\"sameAs\":[\"https:\\\/\\\/www.youtube.com\\\/channel\\\/UCX5xCDGKQ9wCS1myWo6_nwg\",\"https:\\\/\\\/www.instagram.com\\\/mother.earth.radio\\\/\"],\"description\":\"Das weltweit erste High Resolution Radio in 192 kHz FLAC. Vinyl-Digitalisierung, keine AI-Musik, kuratiert von Florian Reiterer.\",\"email\":\"info@motherearthradio.de\",\"telephone\":\"00498920977034\",\"foundingDate\":\"2020-02-20\",\"numberOfEmployees\":{\"@type\":\"QuantitativeValue\",\"minValue\":\"1\",\"maxValue\":\"10\"}}]}<\/script>\n<!-- \/ Yoast SEO Premium plugin. -->","yoast_head_json":{"title":"Mother Earth Instrumental \u2013 Radio musical en FLAC Hi-Res","description":"Mother Earth Instrumental : Radio musical en FLAC Hi-Res. Post-Rock, Musique classique moderne, Ambiant. De la musique sans paroles pour travailler. \u00c9coute gratuite.","robots":{"index":"index","follow":"follow","max-snippet":"max-snippet:-1","max-image-preview":"max-image-preview:large","max-video-preview":"max-video-preview:-1"},"canonical":"https:\/\/motherearthradio.de\/fr\/mother-earth-instrumental-on-air\/","og_locale":"fr_FR","og_type":"article","og_title":"Mother Earth Instrumental On Air","og_description":"Mother Earth Instrumental : Radio musical en FLAC Hi-Res. Post-Rock, Musique classique moderne, Ambiant. De la musique sans paroles pour travailler. \u00c9coute gratuite.","og_url":"https:\/\/motherearthradio.de\/fr\/mother-earth-instrumental-on-air\/","og_site_name":"Mother Earth Radio","article_modified_time":"2026-02-27T23:08:41+00:00","og_image":[{"width":1200,"height":728,"url":"https:\/\/motherearthradio.de\/wp-content\/uploads\/2024\/03\/biglogo.png","type":"image\/png"}],"twitter_card":"summary_large_image","schema":{"@context":"https:\/\/schema.org","@graph":[{"@type":"WebPage","@id":"https:\/\/motherearthradio.de\/fr\/mother-earth-instrumental-on-air\/","url":"https:\/\/motherearthradio.de\/fr\/mother-earth-instrumental-on-air\/","name":"Mother Earth Instrumental \u2013 Radio musical en FLAC Hi-Res","isPartOf":{"@id":"https:\/\/motherearthradio.de\/fr\/#website"},"primaryImageOfPage":{"@id":"https:\/\/motherearthradio.de\/fr\/mother-earth-instrumental-on-air\/#primaryimage"},"image":{"@id":"https:\/\/motherearthradio.de\/fr\/mother-earth-instrumental-on-air\/#primaryimage"},"thumbnailUrl":"https:\/\/motherearthradio.de\/wp-content\/uploads\/2025\/12\/en-us-dark-541c0d.svg","datePublished":"2025-03-25T16:36:39+00:00","dateModified":"2026-02-27T23:08:41+00:00","description":"Mother Earth Instrumental : Radio musical en FLAC Hi-Res. Post-Rock, Musique classique moderne, Ambiant. De la musique sans paroles pour travailler. \u00c9coute gratuite.","breadcrumb":{"@id":"https:\/\/motherearthradio.de\/fr\/mother-earth-instrumental-on-air\/#breadcrumb"},"inLanguage":"fr-FR","potentialAction":[{"@type":"ReadAction","target":["https:\/\/motherearthradio.de\/fr\/mother-earth-instrumental-on-air\/"]}]},{"@type":"ImageObject","inLanguage":"fr-FR","@id":"https:\/\/motherearthradio.de\/fr\/mother-earth-instrumental-on-air\/#primaryimage","url":"https:\/\/motherearthradio.de\/wp-content\/uploads\/2025\/12\/en-us-dark-541c0d.svg","contentUrl":"https:\/\/motherearthradio.de\/wp-content\/uploads\/2025\/12\/en-us-dark-541c0d.svg"},{"@type":"BreadcrumbList","@id":"https:\/\/motherearthradio.de\/fr\/mother-earth-instrumental-on-air\/#breadcrumb","itemListElement":[{"@type":"ListItem","position":1,"name":"Page d'accueil","item":"https:\/\/motherearthradio.de\/fr\/"},{"@type":"ListItem","position":2,"name":"Mother Earth Instrumental On Air"}]},{"@type":"WebSite","@id":"https:\/\/motherearthradio.de\/fr\/#website","url":"https:\/\/motherearthradio.de\/fr\/","name":"Mother Earth Radio","description":"High Resolution Radio","publisher":{"@id":"https:\/\/motherearthradio.de\/fr\/#organization"},"potentialAction":[{"@type":"SearchAction","target":{"@type":"EntryPoint","urlTemplate":"https:\/\/motherearthradio.de\/fr\/?s={search_term_string}"},"query-input":{"@type":"PropertyValueSpecification","valueRequired":true,"valueName":"search_term_string"}}],"inLanguage":"fr-FR"},{"@type":"Organization","@id":"https:\/\/motherearthradio.de\/fr\/#organization","name":"Mother Earth Radio","url":"https:\/\/motherearthradio.de\/fr\/","logo":{"@type":"ImageObject","inLanguage":"fr-FR","@id":"https:\/\/motherearthradio.de\/fr\/#\/schema\/logo\/image\/","url":"https:\/\/motherearthradio.de\/wp-content\/uploads\/2025\/12\/mer-logo-cube-bold-1x-512.png","contentUrl":"https:\/\/motherearthradio.de\/wp-content\/uploads\/2025\/12\/mer-logo-cube-bold-1x-512.png","width":512,"height":512,"caption":"Mother Earth Radio"},"image":{"@id":"https:\/\/motherearthradio.de\/fr\/#\/schema\/logo\/image\/"},"sameAs":["https:\/\/www.youtube.com\/channel\/UCX5xCDGKQ9wCS1myWo6_nwg","https:\/\/www.instagram.com\/mother.earth.radio\/"],"description":"Das weltweit erste High Resolution Radio in 192 kHz FLAC. Vinyl-Digitalisierung, keine AI-Musik, kuratiert von Florian Reiterer.","email":"info@motherearthradio.de","telephone":"00498920977034","foundingDate":"2020-02-20","numberOfEmployees":{"@type":"QuantitativeValue","minValue":"1","maxValue":"10"}}]}},"_links":{"self":[{"href":"https:\/\/motherearthradio.de\/fr\/wp-json\/wp\/v2\/pages\/4247","targetHints":{"allow":["GET"]}}],"collection":[{"href":"https:\/\/motherearthradio.de\/fr\/wp-json\/wp\/v2\/pages"}],"about":[{"href":"https:\/\/motherearthradio.de\/fr\/wp-json\/wp\/v2\/types\/page"}],"author":[{"embeddable":true,"href":"https:\/\/motherearthradio.de\/fr\/wp-json\/wp\/v2\/users\/1"}],"replies":[{"embeddable":true,"href":"https:\/\/motherearthradio.de\/fr\/wp-json\/wp\/v2\/comments?post=4247"}],"version-history":[{"count":5,"href":"https:\/\/motherearthradio.de\/fr\/wp-json\/wp\/v2\/pages\/4247\/revisions"}],"predecessor-version":[{"id":10326,"href":"https:\/\/motherearthradio.de\/fr\/wp-json\/wp\/v2\/pages\/4247\/revisions\/10326"}],"wp:attachment":[{"href":"https:\/\/motherearthradio.de\/fr\/wp-json\/wp\/v2\/media?parent=4247"}],"curies":[{"name":"wp","href":"https:\/\/api.w.org\/{rel}","templated":true}]}}