{"id":4259,"date":"2025-03-25T17:37:08","date_gmt":"2025-03-25T16:37:08","guid":{"rendered":"https:\/\/motherearthradio.de\/?page_id=4259"},"modified":"2026-04-03T19:36:25","modified_gmt":"2026-04-03T17:36:25","slug":"mother-earth-jazz-on-air","status":"publish","type":"page","link":"https:\/\/motherearthradio.de\/fr\/mother-earth-jazz-on-air\/","title":{"rendered":"Mother Earth Jazz On Air"},"content":{"rendered":"\n<div id=\"wp-block-themeisle-blocks-advanced-columns-f8675704\" class=\"wp-block-themeisle-blocks-advanced-columns alignwide has-1-columns has-desktop-equal-layout has-tablet-equal-layout has-mobile-equal-layout has-vertical-unset\"><div class=\"wp-block-themeisle-blocks-advanced-columns-overlay\"><\/div><div class=\"innerblocks-wrap\">\n<div id=\"wp-block-themeisle-blocks-advanced-column-280ff229\" class=\"wp-block-themeisle-blocks-advanced-column\">\n<h1 class=\"wp-block-heading has-x-large-font-size\">MOTHER EARTH JAZZ \u2013 DE COOL \u00c0 FREE<\/h1>\n\n\n\n<p>High Resolution Radio : Jazz. En direct en FLAC jusqu&rsquo;\u00e0 192 kHz.  S\u00e9lectionn\u00e9 avec soin. <br\/>Gratuit sur le lecteur web. Diffus\u00e9 en 192 kHz. <\/p>\n\n\n\n<div id=\"wp-block-themeisle-blocks-advanced-columns-83687e49\" class=\"wp-block-themeisle-blocks-advanced-columns has-1-columns has-desktop-equal-layout has-tablet-equal-layout has-mobile-equal-layout has-vertical-unset\"><div class=\"wp-block-themeisle-blocks-advanced-columns-overlay\"><\/div><div class=\"innerblocks-wrap\">\n<div id=\"wp-block-themeisle-blocks-advanced-column-6afc4974\" class=\"wp-block-themeisle-blocks-advanced-column\">\n<figure class=\"wp-block-audio\"><audio controls=\"\" src=\"https:\/\/stream.motherearthradio.de\/listen\/motherearth_jazz\/motherearth.jazz.flac-lo\"><\/audio><\/figure>\n\n\n\n<p>\u26a0\ufe0f Lecteur web : Streaming de base uniquement :<br\/>Pas d&rsquo;informations sur l&rsquo;artiste, de couverture ou d&rsquo;historique \u2022 Seulement 96 kHz au lieu de 192 kHz<br\/>\u2705 Dans les applications : Exp\u00e9rience compl\u00e8te :<br\/>192 kHz \u2022 M\u00e9tadonn\u00e9es \u2022 Pochette d&rsquo;album \u2022 Historique des chansons \u2022 Demandes<\/p>\n\n\n\n<div id=\"wp-block-themeisle-blocks-advanced-columns-a24c1430\" class=\"wp-block-themeisle-blocks-advanced-columns has-3-columns has-desktop-equal-layout has-tablet-equal-layout has-mobile-collapsedRows-layout has-vertical-unset\"><div class=\"wp-block-themeisle-blocks-advanced-columns-overlay\"><\/div><div class=\"innerblocks-wrap\">\n<div id=\"wp-block-themeisle-blocks-advanced-column-d6feaa49\" class=\"wp-block-themeisle-blocks-advanced-column\">\n<figure class=\"wp-block-image size-full is-resized\"><a href=\"https:\/\/apps.microsoft.com\/detail\/9pbc5prxxx71?hl=de-DE&amp;gl=DE\" target=\"_blank\" rel=\" noreferrer noopener\"><img loading=\"lazy\" decoding=\"async\" width=\"161\" height=\"44\" src=\"https:\/\/motherearthradio.de\/wp-content\/uploads\/2025\/12\/en-us-dark-541c0d.svg\" alt=\"Radio Internet haute qualit&#xE9; sur le Microsoft Store\" class=\"wp-image-8964\" style=\"width:243px;height:auto\"\/><\/a><figcaption class=\"wp-element-caption\">16.99\u20ac \u2022 Windows 10\/11 &#8211; 7 day free trial!<\/figcaption><\/figure>\n<\/div>\n\n\n\n<div id=\"wp-block-themeisle-blocks-advanced-column-45d39b6d\" class=\"wp-block-themeisle-blocks-advanced-column\">\n<figure class=\"wp-block-image size-full is-resized\"><a href=\"https:\/\/play.google.com\/store\/apps\/details?id=appinventor.ai_munichbassa.Mother_Earth_Radio&amp;pcampaignid=web_share\" target=\"_blank\" rel=\" noreferrer noopener\"><img loading=\"lazy\" decoding=\"async\" width=\"646\" height=\"250\" src=\"https:\/\/motherearthradio.de\/wp-content\/uploads\/2025\/12\/en_badge_web_generic.png\" alt=\"Mother Earth Radio on Google Play\" class=\"wp-image-8963\" style=\"aspect-ratio:2.5842896013249734;width:251px;height:auto\" srcset=\"https:\/\/motherearthradio.de\/wp-content\/uploads\/2025\/12\/en_badge_web_generic.png 646w, https:\/\/motherearthradio.de\/wp-content\/uploads\/2025\/12\/en_badge_web_generic-300x116.png 300w\" sizes=\"auto, (max-width: 646px) 100vw, 646px\" \/><\/a><figcaption class=\"wp-element-caption\">19,99 \u20ac \u2022 Mobile \u2022 Chromecast \u2022 Smart TV<\/figcaption><\/figure>\n<\/div>\n\n\n\n<div id=\"wp-block-themeisle-blocks-advanced-column-ca836dd3\" class=\"wp-block-themeisle-blocks-advanced-column\">\n<figure class=\"wp-block-image size-full is-resized\"><a href=\"https:\/\/apps.apple.com\/app\/mother-earth-radio\/id6756082949\" target=\"_blank\" rel=\" noreferrer noopener\"><img loading=\"lazy\" decoding=\"async\" width=\"119\" height=\"40\" src=\"https:\/\/motherearthradio.de\/wp-content\/uploads\/2025\/12\/en-us-26a479.svg\" alt=\"\" class=\"wp-image-8965\" style=\"aspect-ratio:2.991819244253993;width:147px;height:auto\"\/><\/a><figcaption class=\"wp-element-caption\">24,99 \u20ac \u2022 iPhone \u2022 iPad \u2022 Mac<\/figcaption><\/figure>\n<\/div>\n<\/div><\/div>\n\n\n\n<div id=\"wp-block-themeisle-blocks-advanced-columns-c668e653\" class=\"wp-block-themeisle-blocks-advanced-columns alignwide has-1-columns has-desktop-equal-layout has-tablet-equal-layout has-mobile-equal-layout has-vertical-unset\"><div class=\"wp-block-themeisle-blocks-advanced-columns-overlay\"><\/div><div class=\"innerblocks-wrap\">\n<div id=\"wp-block-themeisle-blocks-advanced-column-4dd9d315\" class=\"wp-block-themeisle-blocks-advanced-column\">\n<div class=\"wp-block-group alignwide is-content-justification-space-between is-nowrap is-layout-flex wp-container-core-group-is-layout-0dfbf163 wp-block-group-is-layout-flex\">\n<figure class=\"wp-block-image size-thumbnail\"><img loading=\"lazy\" decoding=\"async\" width=\"150\" height=\"150\" src=\"https:\/\/motherearthradio.de\/wp-content\/uploads\/2026\/01\/Hi-Res_Radio-logo-150x150.png\" alt=\"High Resolution Radio\" class=\"wp-image-9973\" srcset=\"https:\/\/motherearthradio.de\/wp-content\/uploads\/2026\/01\/Hi-Res_Radio-logo-150x150.png 150w, https:\/\/motherearthradio.de\/wp-content\/uploads\/2026\/01\/Hi-Res_Radio-logo.png 256w\" sizes=\"auto, (max-width: 150px) 100vw, 150px\" \/><\/figure>\n\n\n\n<figure class=\"wp-block-image size-thumbnail\"><img loading=\"lazy\" decoding=\"async\" width=\"150\" height=\"150\" src=\"https:\/\/motherearthradio.de\/wp-content\/uploads\/2024\/03\/mergoldcube512-150x150.png\" alt=\"Mother Earth Radio\" class=\"wp-image-79\" srcset=\"https:\/\/motherearthradio.de\/wp-content\/uploads\/2024\/03\/mergoldcube512-150x150.png 150w, https:\/\/motherearthradio.de\/wp-content\/uploads\/2024\/03\/mergoldcube512-300x300.png 300w, https:\/\/motherearthradio.de\/wp-content\/uploads\/2024\/03\/mergoldcube512.png 512w\" sizes=\"auto, (max-width: 150px) 100vw, 150px\" \/><\/figure>\n<\/div>\n<\/div>\n<\/div><\/div>\n<\/div>\n<\/div><\/div>\n\n\n\n<hr class=\"wp-block-separator has-alpha-channel-opacity\"\/>\n\n\n\n<div id=\"wp-block-themeisle-blocks-advanced-columns-04738316\" class=\"wp-block-themeisle-blocks-advanced-columns has-1-columns has-desktop-equal-layout has-tablet-equal-layout has-mobile-equal-layout has-vertical-unset\"><div class=\"wp-block-themeisle-blocks-advanced-columns-overlay\"><\/div><div class=\"innerblocks-wrap\">\n<div id=\"wp-block-themeisle-blocks-advanced-column-a68c6fc1\" class=\"wp-block-themeisle-blocks-advanced-column\">\n<p><strong>Qu\u2019est-ce que Mother Earth Jazz ?<\/strong><\/p>\n\n\n\n<p>De la musique faite par des gens qui ont choisi la libert\u00e9. Dans la vie comme dans la musique. Aucun compromis, aucun plan B.  <\/p>\n\n\n\n<p><strong>Un exemple.<\/strong><\/p>\n\n\n\n<p>Ornette Coleman jouait sans accords. Pas parce qu\u2019il ne les connaissait pas, mais parce qu\u2019ils l\u2019enfermaient. Il n\u2019a pas aboli les harmonies parce qu\u2019il n\u2019en \u00e9tait pas capable \u2014 mais parce qu\u2019elles le g\u00eanaient. \u00c7a, c\u2019est le jazz : pas la musique. L\u2019attitude. La d\u00e9cision de continuer \u00e0 jouer plut\u00f4t que de se r\u00e9p\u00e9ter.     <\/p>\n\n\n\n<p>Joachim K\u00fchn, n\u00e9 en 1944 \u00e0 Leipzig, form\u00e9 au classique, en route pour devenir pianiste de concert \u2014 jusqu\u2019\u00e0 ce que son fr\u00e8re Rolf lui rapporte de l\u2019Ouest un disque de Coltrane. \u00c0 partir de l\u00e0, le jazz a \u00e9t\u00e9 sa vie. K\u00fchn est devenu le pianiste le plus influent de la sc\u00e8ne de la RDA. Mais un \u00c9tat qui consid\u00e9rait la libert\u00e9 comme une menace n\u2019\u00e9tait pas compatible avec Joachim K\u00fchn. En 1966, il a profit\u00e9 d\u2019une invitation \u00e0 Vienne et n\u2019est pas revenu. Le SED lui avait fait jurer de revenir. Il a jur\u00e9. Et il est parti.       <\/p>\n\n\n\n<p>Dix ans. Dix heures par jour. K\u00fchn s\u2019est pr\u00e9par\u00e9 \u00e0 tout savoir faire \u2014 puis \u00e0 tout oublier. Coleman n\u2019aimait pas les pianistes. L\u2019instrument pense en accords, et les accords \u00e9taient pr\u00e9cis\u00e9ment ce que Coleman ne voulait pas. K\u00fchn a \u00e9t\u00e9 l\u2019un des rares avec qui il a quand m\u00eame jou\u00e9. Parce que K\u00fchn \u00e9tait pr\u00eat \u00e0 tout l\u00e2cher.      <\/p>\n\n\n\n<p>La libert\u00e9.<\/p>\n\n\n\n<p>\u00ab Let\u2019s play, Ornette. \u00bb<\/p>\n<\/div>\n<\/div><\/div>\n\n\n\n<div id=\"wp-block-themeisle-blocks-advanced-columns-afb82773\" class=\"wp-block-themeisle-blocks-advanced-columns has-1-columns has-desktop-equal-layout has-tablet-equal-layout has-mobile-equal-layout has-vertical-unset\"><div class=\"wp-block-themeisle-blocks-advanced-columns-overlay\"><\/div><div class=\"innerblocks-wrap\">\n<div id=\"wp-block-themeisle-blocks-advanced-column-ede8506f\" class=\"wp-block-themeisle-blocks-advanced-column\">\n<h2 class=\"wp-block-heading\" id=\"h-hor-jetzt-jazz-radio-online-apps-fur-volles-erlebnis\">\u00c9coutez la radio jazz en ligne d\u00e8s maintenant. Applications pour une exp\u00e9rience compl\u00e8te.<\/h2>\n\n\n\n<p>\u00c9coutez du jazz gratuitement : Testez dans le lecteur web ou avec une qualit\u00e9 optimale dans les applications. M\u00e9tadonn\u00e9es, pochettes d\u2019album, historique des chansons. <br\/><\/p>\n\n\n\n<figure class=\"wp-block-table is-style-stripes has-medium-font-size\"><table class=\"has-fixed-layout\"><tbody><tr><td><\/td><td>Lecteur web<\/td><td>App<\/td><td>App + DAC USB<\/td><td>Streamer mat\u00e9riel<\/td><\/tr><tr><td>FLAC192kHz<\/td><td>\u274c<\/td><td>\u2705<\/td><td>\u2705<\/td><td>\u2705<\/td><\/tr><tr><td>M\u00e9tadonn\u00e9es<\/td><td>\u274c<\/td><td>\u2705<\/td><td>\u2705<\/td><td>\u274c<\/td><\/tr><tr><td>Audio natif<\/td><td>\u274c<\/td><td>\u2705<\/td><td>\u2705<\/td><td>&#8211;<\/td><\/tr><tr><td>La voie royale<\/td><td><\/td><td><\/td><td>\ud83d\udc51<\/td><td><\/td><\/tr><\/tbody><\/table><\/figure>\n\n\n\n<p>Paiement unique. Pas d&rsquo;abonnement. <\/p>\n\n\n\n<div id=\"wp-block-themeisle-blocks-advanced-columns-4da70d4c\" class=\"wp-block-themeisle-blocks-advanced-columns has-3-columns has-desktop-equal-layout has-tablet-equal-layout has-mobile-collapsedRows-layout has-vertical-unset\"><div class=\"wp-block-themeisle-blocks-advanced-columns-overlay\"><\/div><div class=\"innerblocks-wrap\">\n<div id=\"wp-block-themeisle-blocks-advanced-column-fb3b5d8f\" class=\"wp-block-themeisle-blocks-advanced-column\">\n<figure class=\"wp-block-image size-full is-resized\"><a href=\"https:\/\/apps.microsoft.com\/detail\/9pbc5prxxx71\" target=\"_blank\" rel=\" noreferrer noopener\"><img loading=\"lazy\" decoding=\"async\" width=\"161\" height=\"44\" src=\"https:\/\/motherearthradio.de\/wp-content\/uploads\/2025\/12\/en-us-dark-541c0d.svg\" alt=\"Radio Internet haute qualit&#xE9; sur le Microsoft Store\" class=\"wp-image-8964\" style=\"width:243px;height:auto\"\/><\/a><figcaption class=\"wp-element-caption\">16.99\u20ac \u2022 Windows 10\/11 &#8211; 7 day free trial!<\/figcaption><\/figure>\n<\/div>\n\n\n\n<div id=\"wp-block-themeisle-blocks-advanced-column-f233f790\" class=\"wp-block-themeisle-blocks-advanced-column\">\n<figure class=\"wp-block-image size-full is-resized\"><a href=\"https:\/\/play.google.com\/store\/apps\/details?id=appinventor.ai_munichbassa.Mother_Earth_Radio&amp;pcampaignid=web_share\" target=\"_blank\" rel=\" noreferrer noopener\"><img loading=\"lazy\" decoding=\"async\" width=\"646\" height=\"250\" src=\"https:\/\/motherearthradio.de\/wp-content\/uploads\/2025\/12\/en_badge_web_generic.png\" alt=\"Mother Earth Radio on Google Play\" class=\"wp-image-8963\" style=\"aspect-ratio:2.5842896013249734;width:251px;height:auto\" srcset=\"https:\/\/motherearthradio.de\/wp-content\/uploads\/2025\/12\/en_badge_web_generic.png 646w, https:\/\/motherearthradio.de\/wp-content\/uploads\/2025\/12\/en_badge_web_generic-300x116.png 300w\" sizes=\"auto, (max-width: 646px) 100vw, 646px\" \/><\/a><figcaption class=\"wp-element-caption\">19,99 \u20ac \u2022 Mobile \u2022 Chromecast \u2022 Smart TV<\/figcaption><\/figure>\n<\/div>\n\n\n\n<div id=\"wp-block-themeisle-blocks-advanced-column-359c3bbd\" class=\"wp-block-themeisle-blocks-advanced-column\">\n<figure class=\"wp-block-image size-full is-resized\"><a href=\"https:\/\/apps.apple.com\/app\/mother-earth-radio\/id6756082949\" target=\"_blank\" rel=\" noreferrer noopener\"><img loading=\"lazy\" decoding=\"async\" width=\"119\" height=\"40\" src=\"https:\/\/motherearthradio.de\/wp-content\/uploads\/2025\/12\/en-us-26a479.svg\" alt=\"\" class=\"wp-image-8965\" style=\"aspect-ratio:2.991819244253993;width:147px;height:auto\"\/><\/a><figcaption class=\"wp-element-caption\">24,99 \u20ac \u2022 iPhone \u2022 iPad \u2022 Mac<\/figcaption><\/figure>\n<\/div>\n<\/div><\/div>\n<\/div>\n<\/div><\/div>\n\n\n\n<p><a href=\"https:\/\/motherearthradio.de\/internetradio-hohe-qualitaet\/\">[\u2192 En savoir plus sur notre qualit\u00e9 audio]<\/a><\/p>\n\n\n<\/div>\n<\/div><\/div>\n","protected":false},"excerpt":{"rendered":"","protected":false},"author":1,"featured_media":0,"parent":0,"menu_order":0,"comment_status":"closed","ping_status":"closed","template":"","meta":{"_themeisle_gutenberg_block_has_review":false,"footnotes":""},"class_list":["post-4259","page","type-page","status-publish"],"yoast_head":"<!-- This site is optimized with the Yoast SEO Premium plugin v27.3 (Yoast SEO v27.3) - https:\/\/yoast.com\/product\/yoast-seo-premium-wordpress\/ -->\n<title>\u00c9coutez Mother Earth Jazz \u2013 Radio Jazz FLAC haute r\u00e9solution en direct<\/title>\n<meta name=\"description\" content=\"Mother Earth Jazz : Radio jazz en ligne en FLAC haute r\u00e9solution. De ECM au Free Jazz. \u00c9coutez du jazz gratuitement sur le lecteur web. \u00c9coutez maintenant.\" \/>\n<meta name=\"robots\" content=\"index, follow, max-snippet:-1, max-image-preview:large, max-video-preview:-1\" \/>\n<link rel=\"canonical\" href=\"https:\/\/motherearthradio.de\/fr\/mother-earth-jazz-on-air\/\" \/>\n<meta property=\"og:locale\" content=\"fr_FR\" \/>\n<meta property=\"og:type\" content=\"article\" \/>\n<meta property=\"og:title\" content=\"Mother Earth Jazz On Air\" \/>\n<meta property=\"og:description\" content=\"Mother Earth Jazz : Radio jazz en ligne en FLAC haute r\u00e9solution. De ECM au Free Jazz. \u00c9coutez du jazz gratuitement sur le lecteur web. \u00c9coutez maintenant.\" \/>\n<meta property=\"og:url\" content=\"https:\/\/motherearthradio.de\/fr\/mother-earth-jazz-on-air\/\" \/>\n<meta property=\"og:site_name\" content=\"Mother Earth Radio\" \/>\n<meta property=\"article:modified_time\" content=\"2026-04-03T17:36:25+00:00\" \/>\n<meta property=\"og:image\" content=\"https:\/\/motherearthradio.de\/wp-content\/uploads\/2024\/03\/biglogo.png\" \/>\n\t<meta property=\"og:image:width\" content=\"1200\" \/>\n\t<meta property=\"og:image:height\" content=\"728\" \/>\n\t<meta property=\"og:image:type\" content=\"image\/png\" \/>\n<meta name=\"twitter:card\" content=\"summary_large_image\" \/>\n<meta name=\"twitter:label1\" content=\"Dur\u00e9e de lecture estim\u00e9e\" \/>\n\t<meta name=\"twitter:data1\" content=\"2 minutes\" \/>\n<script type=\"application\/ld+json\" class=\"yoast-schema-graph\">{\"@context\":\"https:\\\/\\\/schema.org\",\"@graph\":[{\"@type\":\"WebPage\",\"@id\":\"https:\\\/\\\/motherearthradio.de\\\/fr\\\/mother-earth-jazz-on-air\\\/\",\"url\":\"https:\\\/\\\/motherearthradio.de\\\/fr\\\/mother-earth-jazz-on-air\\\/\",\"name\":\"\u00c9coutez Mother Earth Jazz \u2013 Radio Jazz FLAC haute r\u00e9solution en direct\",\"isPartOf\":{\"@id\":\"https:\\\/\\\/motherearthradio.de\\\/fr\\\/#website\"},\"primaryImageOfPage\":{\"@id\":\"https:\\\/\\\/motherearthradio.de\\\/fr\\\/mother-earth-jazz-on-air\\\/#primaryimage\"},\"image\":{\"@id\":\"https:\\\/\\\/motherearthradio.de\\\/fr\\\/mother-earth-jazz-on-air\\\/#primaryimage\"},\"thumbnailUrl\":\"https:\\\/\\\/motherearthradio.de\\\/wp-content\\\/uploads\\\/2025\\\/12\\\/en-us-dark-541c0d.svg\",\"datePublished\":\"2025-03-25T16:37:08+00:00\",\"dateModified\":\"2026-04-03T17:36:25+00:00\",\"description\":\"Mother Earth Jazz : Radio jazz en ligne en FLAC haute r\u00e9solution. De ECM au Free Jazz. \u00c9coutez du jazz gratuitement sur le lecteur web. \u00c9coutez maintenant.\",\"breadcrumb\":{\"@id\":\"https:\\\/\\\/motherearthradio.de\\\/fr\\\/mother-earth-jazz-on-air\\\/#breadcrumb\"},\"inLanguage\":\"fr-FR\",\"potentialAction\":[{\"@type\":\"ReadAction\",\"target\":[\"https:\\\/\\\/motherearthradio.de\\\/fr\\\/mother-earth-jazz-on-air\\\/\"]}]},{\"@type\":\"ImageObject\",\"inLanguage\":\"fr-FR\",\"@id\":\"https:\\\/\\\/motherearthradio.de\\\/fr\\\/mother-earth-jazz-on-air\\\/#primaryimage\",\"url\":\"https:\\\/\\\/motherearthradio.de\\\/wp-content\\\/uploads\\\/2025\\\/12\\\/en-us-dark-541c0d.svg\",\"contentUrl\":\"https:\\\/\\\/motherearthradio.de\\\/wp-content\\\/uploads\\\/2025\\\/12\\\/en-us-dark-541c0d.svg\"},{\"@type\":\"BreadcrumbList\",\"@id\":\"https:\\\/\\\/motherearthradio.de\\\/fr\\\/mother-earth-jazz-on-air\\\/#breadcrumb\",\"itemListElement\":[{\"@type\":\"ListItem\",\"position\":1,\"name\":\"Page d'accueil\",\"item\":\"https:\\\/\\\/motherearthradio.de\\\/fr\\\/\"},{\"@type\":\"ListItem\",\"position\":2,\"name\":\"Mother Earth Jazz On Air\"}]},{\"@type\":\"WebSite\",\"@id\":\"https:\\\/\\\/motherearthradio.de\\\/fr\\\/#website\",\"url\":\"https:\\\/\\\/motherearthradio.de\\\/fr\\\/\",\"name\":\"Mother Earth Radio\",\"description\":\"High Resolution Radio\",\"publisher\":{\"@id\":\"https:\\\/\\\/motherearthradio.de\\\/fr\\\/#organization\"},\"potentialAction\":[{\"@type\":\"SearchAction\",\"target\":{\"@type\":\"EntryPoint\",\"urlTemplate\":\"https:\\\/\\\/motherearthradio.de\\\/fr\\\/?s={search_term_string}\"},\"query-input\":{\"@type\":\"PropertyValueSpecification\",\"valueRequired\":true,\"valueName\":\"search_term_string\"}}],\"inLanguage\":\"fr-FR\"},{\"@type\":\"Organization\",\"@id\":\"https:\\\/\\\/motherearthradio.de\\\/fr\\\/#organization\",\"name\":\"Mother Earth Radio\",\"url\":\"https:\\\/\\\/motherearthradio.de\\\/fr\\\/\",\"logo\":{\"@type\":\"ImageObject\",\"inLanguage\":\"fr-FR\",\"@id\":\"https:\\\/\\\/motherearthradio.de\\\/fr\\\/#\\\/schema\\\/logo\\\/image\\\/\",\"url\":\"https:\\\/\\\/motherearthradio.de\\\/wp-content\\\/uploads\\\/2025\\\/12\\\/mer-logo-cube-bold-1x-512.png\",\"contentUrl\":\"https:\\\/\\\/motherearthradio.de\\\/wp-content\\\/uploads\\\/2025\\\/12\\\/mer-logo-cube-bold-1x-512.png\",\"width\":512,\"height\":512,\"caption\":\"Mother Earth Radio\"},\"image\":{\"@id\":\"https:\\\/\\\/motherearthradio.de\\\/fr\\\/#\\\/schema\\\/logo\\\/image\\\/\"},\"sameAs\":[\"https:\\\/\\\/www.youtube.com\\\/channel\\\/UCX5xCDGKQ9wCS1myWo6_nwg\",\"https:\\\/\\\/www.instagram.com\\\/mother.earth.radio\\\/\"],\"description\":\"Das weltweit erste High Resolution Radio in 192 kHz FLAC. Vinyl-Digitalisierung, keine AI-Musik, kuratiert von Florian Reiterer.\",\"email\":\"info@motherearthradio.de\",\"telephone\":\"00498920977034\",\"foundingDate\":\"2020-02-20\",\"numberOfEmployees\":{\"@type\":\"QuantitativeValue\",\"minValue\":\"1\",\"maxValue\":\"10\"}}]}<\/script>\n<!-- \/ Yoast SEO Premium plugin. -->","yoast_head_json":{"title":"\u00c9coutez Mother Earth Jazz \u2013 Radio Jazz FLAC haute r\u00e9solution en direct","description":"Mother Earth Jazz : Radio jazz en ligne en FLAC haute r\u00e9solution. De ECM au Free Jazz. \u00c9coutez du jazz gratuitement sur le lecteur web. \u00c9coutez maintenant.","robots":{"index":"index","follow":"follow","max-snippet":"max-snippet:-1","max-image-preview":"max-image-preview:large","max-video-preview":"max-video-preview:-1"},"canonical":"https:\/\/motherearthradio.de\/fr\/mother-earth-jazz-on-air\/","og_locale":"fr_FR","og_type":"article","og_title":"Mother Earth Jazz On Air","og_description":"Mother Earth Jazz : Radio jazz en ligne en FLAC haute r\u00e9solution. De ECM au Free Jazz. \u00c9coutez du jazz gratuitement sur le lecteur web. \u00c9coutez maintenant.","og_url":"https:\/\/motherearthradio.de\/fr\/mother-earth-jazz-on-air\/","og_site_name":"Mother Earth Radio","article_modified_time":"2026-04-03T17:36:25+00:00","og_image":[{"width":1200,"height":728,"url":"https:\/\/motherearthradio.de\/wp-content\/uploads\/2024\/03\/biglogo.png","type":"image\/png"}],"twitter_card":"summary_large_image","twitter_misc":{"Dur\u00e9e de lecture estim\u00e9e":"2 minutes"},"schema":{"@context":"https:\/\/schema.org","@graph":[{"@type":"WebPage","@id":"https:\/\/motherearthradio.de\/fr\/mother-earth-jazz-on-air\/","url":"https:\/\/motherearthradio.de\/fr\/mother-earth-jazz-on-air\/","name":"\u00c9coutez Mother Earth Jazz \u2013 Radio Jazz FLAC haute r\u00e9solution en direct","isPartOf":{"@id":"https:\/\/motherearthradio.de\/fr\/#website"},"primaryImageOfPage":{"@id":"https:\/\/motherearthradio.de\/fr\/mother-earth-jazz-on-air\/#primaryimage"},"image":{"@id":"https:\/\/motherearthradio.de\/fr\/mother-earth-jazz-on-air\/#primaryimage"},"thumbnailUrl":"https:\/\/motherearthradio.de\/wp-content\/uploads\/2025\/12\/en-us-dark-541c0d.svg","datePublished":"2025-03-25T16:37:08+00:00","dateModified":"2026-04-03T17:36:25+00:00","description":"Mother Earth Jazz : Radio jazz en ligne en FLAC haute r\u00e9solution. De ECM au Free Jazz. \u00c9coutez du jazz gratuitement sur le lecteur web. \u00c9coutez maintenant.","breadcrumb":{"@id":"https:\/\/motherearthradio.de\/fr\/mother-earth-jazz-on-air\/#breadcrumb"},"inLanguage":"fr-FR","potentialAction":[{"@type":"ReadAction","target":["https:\/\/motherearthradio.de\/fr\/mother-earth-jazz-on-air\/"]}]},{"@type":"ImageObject","inLanguage":"fr-FR","@id":"https:\/\/motherearthradio.de\/fr\/mother-earth-jazz-on-air\/#primaryimage","url":"https:\/\/motherearthradio.de\/wp-content\/uploads\/2025\/12\/en-us-dark-541c0d.svg","contentUrl":"https:\/\/motherearthradio.de\/wp-content\/uploads\/2025\/12\/en-us-dark-541c0d.svg"},{"@type":"BreadcrumbList","@id":"https:\/\/motherearthradio.de\/fr\/mother-earth-jazz-on-air\/#breadcrumb","itemListElement":[{"@type":"ListItem","position":1,"name":"Page d'accueil","item":"https:\/\/motherearthradio.de\/fr\/"},{"@type":"ListItem","position":2,"name":"Mother Earth Jazz On Air"}]},{"@type":"WebSite","@id":"https:\/\/motherearthradio.de\/fr\/#website","url":"https:\/\/motherearthradio.de\/fr\/","name":"Mother Earth Radio","description":"High Resolution Radio","publisher":{"@id":"https:\/\/motherearthradio.de\/fr\/#organization"},"potentialAction":[{"@type":"SearchAction","target":{"@type":"EntryPoint","urlTemplate":"https:\/\/motherearthradio.de\/fr\/?s={search_term_string}"},"query-input":{"@type":"PropertyValueSpecification","valueRequired":true,"valueName":"search_term_string"}}],"inLanguage":"fr-FR"},{"@type":"Organization","@id":"https:\/\/motherearthradio.de\/fr\/#organization","name":"Mother Earth Radio","url":"https:\/\/motherearthradio.de\/fr\/","logo":{"@type":"ImageObject","inLanguage":"fr-FR","@id":"https:\/\/motherearthradio.de\/fr\/#\/schema\/logo\/image\/","url":"https:\/\/motherearthradio.de\/wp-content\/uploads\/2025\/12\/mer-logo-cube-bold-1x-512.png","contentUrl":"https:\/\/motherearthradio.de\/wp-content\/uploads\/2025\/12\/mer-logo-cube-bold-1x-512.png","width":512,"height":512,"caption":"Mother Earth Radio"},"image":{"@id":"https:\/\/motherearthradio.de\/fr\/#\/schema\/logo\/image\/"},"sameAs":["https:\/\/www.youtube.com\/channel\/UCX5xCDGKQ9wCS1myWo6_nwg","https:\/\/www.instagram.com\/mother.earth.radio\/"],"description":"Das weltweit erste High Resolution Radio in 192 kHz FLAC. Vinyl-Digitalisierung, keine AI-Musik, kuratiert von Florian Reiterer.","email":"info@motherearthradio.de","telephone":"00498920977034","foundingDate":"2020-02-20","numberOfEmployees":{"@type":"QuantitativeValue","minValue":"1","maxValue":"10"}}]}},"_links":{"self":[{"href":"https:\/\/motherearthradio.de\/fr\/wp-json\/wp\/v2\/pages\/4259","targetHints":{"allow":["GET"]}}],"collection":[{"href":"https:\/\/motherearthradio.de\/fr\/wp-json\/wp\/v2\/pages"}],"about":[{"href":"https:\/\/motherearthradio.de\/fr\/wp-json\/wp\/v2\/types\/page"}],"author":[{"embeddable":true,"href":"https:\/\/motherearthradio.de\/fr\/wp-json\/wp\/v2\/users\/1"}],"replies":[{"embeddable":true,"href":"https:\/\/motherearthradio.de\/fr\/wp-json\/wp\/v2\/comments?post=4259"}],"version-history":[{"count":6,"href":"https:\/\/motherearthradio.de\/fr\/wp-json\/wp\/v2\/pages\/4259\/revisions"}],"predecessor-version":[{"id":10574,"href":"https:\/\/motherearthradio.de\/fr\/wp-json\/wp\/v2\/pages\/4259\/revisions\/10574"}],"wp:attachment":[{"href":"https:\/\/motherearthradio.de\/fr\/wp-json\/wp\/v2\/media?parent=4259"}],"curies":[{"name":"wp","href":"https:\/\/api.w.org\/{rel}","templated":true}]}}