{"id":4271,"date":"2025-03-25T17:37:38","date_gmt":"2025-03-25T16:37:38","guid":{"rendered":"https:\/\/motherearthradio.de\/?page_id=4271"},"modified":"2026-02-28T00:06:27","modified_gmt":"2026-02-27T23:06:27","slug":"mother-earth-klassik-on-air","status":"publish","type":"page","link":"https:\/\/motherearthradio.de\/fr\/mother-earth-klassik-on-air\/","title":{"rendered":"Mother Earth Klassik en direct"},"content":{"rendered":"\n<div id=\"wp-block-themeisle-blocks-advanced-columns-f8675704\" class=\"wp-block-themeisle-blocks-advanced-columns alignwide has-1-columns has-desktop-equal-layout has-tablet-equal-layout has-mobile-equal-layout has-vertical-unset\"><div class=\"wp-block-themeisle-blocks-advanced-columns-overlay\"><\/div><div class=\"innerblocks-wrap\">\n<div id=\"wp-block-themeisle-blocks-advanced-column-280ff229\" class=\"wp-block-themeisle-blocks-advanced-column\">\n<h1 class=\"wp-block-heading has-x-large-font-size\">MOTHER EARTH KLASSIK \u2013 RADIO DE MUSIQUE CLASSIQUE<\/h1>\n\n\n\n<p>High Resolution Radio : \u00e9couter du classique en direct en FLAC Hi-Res. Interpr\u00e9tations historiques, accordage \u00e0 429 Hz. <br\/>Radio gratuite dans le lecteur Web. Diffus\u00e9e en 192\u00a0kHz. <\/p>\n\n\n\n<div id=\"wp-block-themeisle-blocks-advanced-columns-83687e49\" class=\"wp-block-themeisle-blocks-advanced-columns has-1-columns has-desktop-equal-layout has-tablet-equal-layout has-mobile-equal-layout has-vertical-unset\"><div class=\"wp-block-themeisle-blocks-advanced-columns-overlay\"><\/div><div class=\"innerblocks-wrap\">\n<div id=\"wp-block-themeisle-blocks-advanced-column-6afc4974\" class=\"wp-block-themeisle-blocks-advanced-column\">\n<figure class=\"wp-block-audio\"><audio controls=\"\" src=\"https:\/\/stream.motherearthradio.de\/listen\/motherearth_klassik\/motherearth.klassik.flac-lo\"><\/audio><\/figure>\n\n\n\n<p>\u26a0\ufe0f Lecteur web : Streaming de base uniquement : <br\/>Pas d\u2019infos sur l\u2019artiste \u2022 Pas de jaquette \u2022 Pas d\u2019historique Seulement 96 kHz au lieu de 192 kHz <br\/>\u2705 Dans les applications : Exp\u00e9rience compl\u00e8te : <br\/>192 kHz \u2022 M\u00e9tadonn\u00e9es \u2022 Jaquette \u2022 Historique des chansons \u2022 Demandes<\/p>\n\n\n\n<div id=\"wp-block-themeisle-blocks-advanced-columns-a24c1430\" class=\"wp-block-themeisle-blocks-advanced-columns has-3-columns has-desktop-equal-layout has-tablet-equal-layout has-mobile-collapsedRows-layout has-vertical-unset\"><div class=\"wp-block-themeisle-blocks-advanced-columns-overlay\"><\/div><div class=\"innerblocks-wrap\">\n<div id=\"wp-block-themeisle-blocks-advanced-column-d6feaa49\" class=\"wp-block-themeisle-blocks-advanced-column\">\n<figure class=\"wp-block-image size-full is-resized\"><a href=\"https:\/\/apps.microsoft.com\/detail\/9pbc5prxxx71?hl=de-DE&amp;gl=DE\" target=\"_blank\" rel=\" noreferrer noopener\"><img loading=\"lazy\" decoding=\"async\" width=\"161\" height=\"44\" src=\"https:\/\/motherearthradio.de\/wp-content\/uploads\/2025\/12\/en-us-dark-541c0d.svg\" alt=\"Radio Internet haute qualit&#xE9; sur le Microsoft Store\" class=\"wp-image-8964\" style=\"width:243px;height:auto\"\/><\/a><figcaption class=\"wp-element-caption\">16.99\u20ac \u2022 Windows 10\/11 &#8211; 7 day free trial!<\/figcaption><\/figure>\n<\/div>\n\n\n\n<div id=\"wp-block-themeisle-blocks-advanced-column-45d39b6d\" class=\"wp-block-themeisle-blocks-advanced-column\">\n<figure class=\"wp-block-image size-full is-resized\"><a href=\"https:\/\/play.google.com\/store\/apps\/details?id=appinventor.ai_munichbassa.Mother_Earth_Radio&amp;pcampaignid=web_share\" target=\"_blank\" rel=\" noreferrer noopener\"><img loading=\"lazy\" decoding=\"async\" width=\"646\" height=\"250\" src=\"https:\/\/motherearthradio.de\/wp-content\/uploads\/2025\/12\/en_badge_web_generic.png\" alt=\"Mother Earth Radio on Google Play\" class=\"wp-image-8963\" style=\"aspect-ratio:2.5842896013249734;width:251px;height:auto\" srcset=\"https:\/\/motherearthradio.de\/wp-content\/uploads\/2025\/12\/en_badge_web_generic.png 646w, https:\/\/motherearthradio.de\/wp-content\/uploads\/2025\/12\/en_badge_web_generic-300x116.png 300w\" sizes=\"auto, (max-width: 646px) 100vw, 646px\" \/><\/a><figcaption class=\"wp-element-caption\">19,99 \u20ac \u2022 Mobile \u2022 Chromecast \u2022 Smart TV<\/figcaption><\/figure>\n<\/div>\n\n\n\n<div id=\"wp-block-themeisle-blocks-advanced-column-ca836dd3\" class=\"wp-block-themeisle-blocks-advanced-column\">\n<figure class=\"wp-block-image size-full is-resized\"><a href=\"https:\/\/apps.apple.com\/app\/mother-earth-radio\/id6756082949\" target=\"_blank\" rel=\" noreferrer noopener\"><img loading=\"lazy\" decoding=\"async\" width=\"119\" height=\"40\" src=\"https:\/\/motherearthradio.de\/wp-content\/uploads\/2025\/12\/en-us-26a479.svg\" alt=\"\" class=\"wp-image-8965\" style=\"aspect-ratio:2.991819244253993;width:147px;height:auto\"\/><\/a><figcaption class=\"wp-element-caption\">24,99 \u20ac \u2022 iPhone \u2022 iPad \u2022 Mac<\/figcaption><\/figure>\n<\/div>\n<\/div><\/div>\n\n\n\n<div id=\"wp-block-themeisle-blocks-advanced-columns-c668e653\" class=\"wp-block-themeisle-blocks-advanced-columns alignwide has-1-columns has-desktop-equal-layout has-tablet-equal-layout has-mobile-equal-layout has-vertical-unset\"><div class=\"wp-block-themeisle-blocks-advanced-columns-overlay\"><\/div><div class=\"innerblocks-wrap\">\n<div id=\"wp-block-themeisle-blocks-advanced-column-4dd9d315\" class=\"wp-block-themeisle-blocks-advanced-column\">\n<div class=\"wp-block-group alignwide is-content-justification-space-between is-nowrap is-layout-flex wp-container-core-group-is-layout-0dfbf163 wp-block-group-is-layout-flex\">\n<figure class=\"wp-block-image size-thumbnail\"><img loading=\"lazy\" decoding=\"async\" width=\"150\" height=\"150\" src=\"https:\/\/motherearthradio.de\/wp-content\/uploads\/2026\/01\/Hi-Res_Radio-logo-150x150.png\" alt=\"High Resolution Radio\" class=\"wp-image-9973\" srcset=\"https:\/\/motherearthradio.de\/wp-content\/uploads\/2026\/01\/Hi-Res_Radio-logo-150x150.png 150w, https:\/\/motherearthradio.de\/wp-content\/uploads\/2026\/01\/Hi-Res_Radio-logo.png 256w\" sizes=\"auto, (max-width: 150px) 100vw, 150px\" \/><\/figure>\n\n\n\n<figure class=\"wp-block-image size-thumbnail\"><img loading=\"lazy\" decoding=\"async\" width=\"150\" height=\"150\" src=\"https:\/\/motherearthradio.de\/wp-content\/uploads\/2024\/03\/mergoldcube512-150x150.png\" alt=\"Mother Earth Radio\" class=\"wp-image-79\" srcset=\"https:\/\/motherearthradio.de\/wp-content\/uploads\/2024\/03\/mergoldcube512-150x150.png 150w, https:\/\/motherearthradio.de\/wp-content\/uploads\/2024\/03\/mergoldcube512-300x300.png 300w, https:\/\/motherearthradio.de\/wp-content\/uploads\/2024\/03\/mergoldcube512.png 512w\" sizes=\"auto, (max-width: 150px) 100vw, 150px\" \/><\/figure>\n<\/div>\n<\/div>\n<\/div><\/div>\n<\/div>\n<\/div><\/div>\n\n\n\n<hr class=\"wp-block-separator has-alpha-channel-opacity\"\/>\n\n\n\n<div id=\"wp-block-themeisle-blocks-advanced-columns-04738316\" class=\"wp-block-themeisle-blocks-advanced-columns has-1-columns has-desktop-equal-layout has-tablet-equal-layout has-mobile-equal-layout has-vertical-unset\"><div class=\"wp-block-themeisle-blocks-advanced-columns-overlay\"><\/div><div class=\"innerblocks-wrap\">\n<div id=\"wp-block-themeisle-blocks-advanced-column-a68c6fc1\" class=\"wp-block-themeisle-blocks-advanced-column\">\n<h2 class=\"wp-block-heading\">Radio Klassik en ligne gratuite<\/h2>\n\n\n\n<p>Mother Earth Klassik, c\u2019est la radio classique en ligne comme elle devrait l\u2019\u00eatre : pratique d\u2019interpr\u00e9tation historique, musique contemporaine, accordage \u00e0 429 Hz. S\u00e9lectionn\u00e9e par un ing\u00e9nieur du son et musicien.  FLAC jusqu&rsquo;\u00e0 192 kHz.<br\/><br\/>\u00c9couter Klassik gratuitement : Testez dans le lecteur web ou avec la qualit\u00e9 maximale dans les applications.<\/p>\n\n\n\n<h3 class=\"wp-block-heading\" id=\"h-warum-429-hz\">Pourquoi 429 Hz ?<\/h3>\n\n\n\n<p>Le diapason n&rsquo;a pas toujours \u00e9t\u00e9 de 440 Hz. Verdi a compos\u00e9 \u00e0 432 Hz. Les orchestres baroques jouent \u00e0 415 Hz. Nikolaus Harnoncourt a enregistr\u00e9 Mozart dans des tonalit\u00e9s historiques \u2013 non pas par nostalgie, mais parce que les couleurs sonores changent.   <\/p>\n\n\n\n<p>Mother Earth Klassik utilise 429 Hz. Un choix d\u00e9lib\u00e9r\u00e9 entre la pratique historique et l&rsquo;accordage moderne. Assez bas pour un son d\u00e9tendu et chaleureux. Assez haut pour la pr\u00e9sence et l&rsquo;articulation.   <\/p>\n\n\n\n<h3 class=\"wp-block-heading\" id=\"h-was-lauft-auf-mother-earth-klassik\">Qu\u2019est-ce qui passe sur Mother Earth Klassik ?<\/h3>\n\n\n\n<p>Musique ancienne sur instruments d&rsquo;\u00e9poque. Enregistrements de Bach par des labels inconnus. Pratique d&rsquo;interpr\u00e9tation historique d&rsquo;ensembles que vous n&rsquo;entendez pas \u00e0 la radio autrement. Musique contemporaine \u2013 Arvo P\u00e4rt, Sofia Gubaidulina, des compositeurs qui \u00e9crivent aujourd&rsquo;hui.   <\/p>\n\n\n\n<p>Pas de blockbusters Deutsche Grammophon. Au lieu de cela : BIS Records, Harmonia Mundi, Naxos. Des labels qui privil\u00e9gient la qualit\u00e9 aux chiffres de vente. Des enregistrements acoustiquement excellents et musicalement int\u00e9ressants.   <\/p>\n\n\n\n<h3 class=\"wp-block-heading\" id=\"h-hi-res-flac-warum-es-zahlt\">FLAC Hi-Res \u2013 pourquoi c\u2019est important<\/h3>\n\n\n\n<p>La musique classique a une dynamique \u00e9norme. Du pianissimo d&rsquo;une fl\u00fbte au fortissimo d&rsquo;un orchestre. La qualit\u00e9 CD 16 bits a une plage dynamique de 96 dB. Le 24 bits en a 144 dB. Vous entendez la diff\u00e9rence dans les passages silencieux \u2013 ils restent d\u00e9taill\u00e9s, ne disparaissent pas dans le bruit.    <\/p>\n\n\n\n<p>Une fr\u00e9quence d&rsquo;\u00e9chantillonnage de 192 kHz signifie : les transitoires sont captur\u00e9s plus pr\u00e9cis\u00e9ment. L&rsquo;attaque d&rsquo;une touche de piano. L&rsquo;\u00e9tablissement d&rsquo;un violon. L&rsquo;articulation d&rsquo;un clavecin.   <\/p>\n<\/div>\n<\/div><\/div>\n\n\n\n<div id=\"wp-block-themeisle-blocks-advanced-columns-afb82773\" class=\"wp-block-themeisle-blocks-advanced-columns has-1-columns has-desktop-equal-layout has-tablet-equal-layout has-mobile-equal-layout has-vertical-unset\"><div class=\"wp-block-themeisle-blocks-advanced-columns-overlay\"><\/div><div class=\"innerblocks-wrap\">\n<div id=\"wp-block-themeisle-blocks-advanced-column-ede8506f\" class=\"wp-block-themeisle-blocks-advanced-column\">\n<h2 class=\"wp-block-heading\" id=\"h-apps-fur-volles-erlebnis\">Applications pour une exp\u00e9rience compl\u00e8te.<\/h2>\n\n\n\n<p>Le lecteur web est l\u00e0 pour tester. Si vous voulez vraiment \u00e9couter \u2013 avec les m\u00e9tadonn\u00e9es, la pochette et la sortie audio native \u2013 procurez-vous l&rsquo;application. <\/p>\n\n\n\n<figure class=\"wp-block-table is-style-stripes has-medium-font-size\"><table class=\"has-fixed-layout\"><tbody><tr><td><\/td><td>Lecteur web<\/td><td>App<\/td><td>App + DAC USB<\/td><td>Streamer mat\u00e9riel<\/td><\/tr><tr><td>FLAC192kHz<\/td><td>\u274c<\/td><td>\u2705<\/td><td>\u2705<\/td><td>\u2705<\/td><\/tr><tr><td>M\u00e9tadonn\u00e9es<\/td><td>\u274c<\/td><td>\u2705<\/td><td>\u2705<\/td><td>\u274c<\/td><\/tr><tr><td>Audio natif<\/td><td>\u274c<\/td><td>\u2705<\/td><td>\u2705<\/td><td>&#8211;<\/td><\/tr><tr><td>La voie royale<\/td><td><\/td><td><\/td><td>\ud83d\udc51<\/td><td><\/td><\/tr><\/tbody><\/table><\/figure>\n\n\n\n<p>Paiement unique. Pas d&rsquo;abonnement. <\/p>\n\n\n\n<div id=\"wp-block-themeisle-blocks-advanced-columns-15b86b63\" class=\"wp-block-themeisle-blocks-advanced-columns has-3-columns has-desktop-equal-layout has-tablet-equal-layout has-mobile-collapsedRows-layout has-vertical-unset\"><div class=\"wp-block-themeisle-blocks-advanced-columns-overlay\"><\/div><div class=\"innerblocks-wrap\">\n<div id=\"wp-block-themeisle-blocks-advanced-column-375a4a42\" class=\"wp-block-themeisle-blocks-advanced-column\">\n<figure class=\"wp-block-image size-full is-resized\"><a href=\"https:\/\/apps.microsoft.com\/detail\/9pbc5prxxx71?hl=de-DE&amp;gl=DE\" target=\"_blank\" rel=\" noreferrer noopener\"><img loading=\"lazy\" decoding=\"async\" width=\"161\" height=\"44\" src=\"https:\/\/motherearthradio.de\/wp-content\/uploads\/2025\/12\/en-us-dark-541c0d.svg\" alt=\"Radio Internet haute qualit&#xE9; sur le Microsoft Store\" class=\"wp-image-8964\" style=\"width:243px;height:auto\"\/><\/a><figcaption class=\"wp-element-caption\">16.99\u20ac \u2022 Windows 10\/11 &#8211; 7 day free trial!<\/figcaption><\/figure>\n<\/div>\n\n\n\n<div id=\"wp-block-themeisle-blocks-advanced-column-3f5b3466\" class=\"wp-block-themeisle-blocks-advanced-column\">\n<figure class=\"wp-block-image size-full is-resized\"><a href=\"https:\/\/play.google.com\/store\/apps\/details?id=appinventor.ai_munichbassa.Mother_Earth_Radio&amp;pcampaignid=web_share\" target=\"_blank\" rel=\" noreferrer noopener\"><img loading=\"lazy\" decoding=\"async\" width=\"646\" height=\"250\" src=\"https:\/\/motherearthradio.de\/wp-content\/uploads\/2025\/12\/en_badge_web_generic.png\" alt=\"Mother Earth Radio on Google Play\" class=\"wp-image-8963\" style=\"aspect-ratio:2.5842896013249734;width:251px;height:auto\" srcset=\"https:\/\/motherearthradio.de\/wp-content\/uploads\/2025\/12\/en_badge_web_generic.png 646w, https:\/\/motherearthradio.de\/wp-content\/uploads\/2025\/12\/en_badge_web_generic-300x116.png 300w\" sizes=\"auto, (max-width: 646px) 100vw, 646px\" \/><\/a><figcaption class=\"wp-element-caption\">19,99 \u20ac \u2022 Mobile \u2022 Chromecast \u2022 Smart TV<\/figcaption><\/figure>\n<\/div>\n\n\n\n<div id=\"wp-block-themeisle-blocks-advanced-column-a217b9e0\" class=\"wp-block-themeisle-blocks-advanced-column\">\n<figure class=\"wp-block-image size-full is-resized\"><a href=\"https:\/\/apps.apple.com\/app\/mother-earth-radio\/id6756082949\" target=\"_blank\" rel=\" noreferrer noopener\"><img loading=\"lazy\" decoding=\"async\" width=\"119\" height=\"40\" src=\"https:\/\/motherearthradio.de\/wp-content\/uploads\/2025\/12\/en-us-26a479.svg\" alt=\"\" class=\"wp-image-8965\" style=\"aspect-ratio:2.991819244253993;width:147px;height:auto\"\/><\/a><figcaption class=\"wp-element-caption\">24,99 \u20ac \u2022 iPhone \u2022 iPad \u2022 Mac<\/figcaption><\/figure>\n<\/div>\n<\/div><\/div>\n<\/div>\n<\/div><\/div>\n\n\n\n<hr class=\"wp-block-separator has-alpha-channel-opacity\"\/>\n\n\n\n<ul class=\"wp-block-yoast-seo-related-links yoast-seo-related-links\">\n<li><a href=\"https:\/\/motherearthradio.de\/fr\/\">High-Resolution Radio<\/a><\/li>\n<\/ul>\n<\/div>\n<\/div><\/div>\n","protected":false},"excerpt":{"rendered":"","protected":false},"author":1,"featured_media":0,"parent":0,"menu_order":0,"comment_status":"closed","ping_status":"closed","template":"","meta":{"_themeisle_gutenberg_block_has_review":false,"footnotes":""},"class_list":["post-4271","page","type-page","status-publish"],"yoast_head":"<!-- This site is optimized with the Yoast SEO Premium plugin v27.3 (Yoast SEO v27.3) - https:\/\/yoast.com\/product\/yoast-seo-premium-wordpress\/ -->\n<title>Mother Earth Klassik \u2013 Radio de musique classique en FLAC Hi-Res<\/title>\n<meta name=\"description\" content=\"Mother Earth Klassik\u00a0: Radio de musique classique en FLAC Hi-Res. Musique baroque, interpr\u00e9tations historiques. Radio classique en ligne. \u00c9coutez maintenant.\" \/>\n<meta name=\"robots\" content=\"index, follow, max-snippet:-1, max-image-preview:large, max-video-preview:-1\" \/>\n<link rel=\"canonical\" href=\"https:\/\/motherearthradio.de\/fr\/mother-earth-klassik-on-air\/\" \/>\n<meta property=\"og:locale\" content=\"fr_FR\" \/>\n<meta property=\"og:type\" content=\"article\" \/>\n<meta property=\"og:title\" content=\"Mother Earth Klassik en direct\" \/>\n<meta property=\"og:description\" content=\"Mother Earth Klassik\u00a0: Radio de musique classique en FLAC Hi-Res. Musique baroque, interpr\u00e9tations historiques. Radio classique en ligne. \u00c9coutez maintenant.\" \/>\n<meta property=\"og:url\" content=\"https:\/\/motherearthradio.de\/fr\/mother-earth-klassik-on-air\/\" \/>\n<meta property=\"og:site_name\" content=\"Mother Earth Radio\" \/>\n<meta property=\"article:modified_time\" content=\"2026-02-27T23:06:27+00:00\" \/>\n<meta property=\"og:image\" content=\"https:\/\/motherearthradio.de\/wp-content\/uploads\/2024\/03\/biglogo.png\" \/>\n\t<meta property=\"og:image:width\" content=\"1200\" \/>\n\t<meta property=\"og:image:height\" content=\"728\" \/>\n\t<meta property=\"og:image:type\" content=\"image\/png\" \/>\n<meta name=\"twitter:card\" content=\"summary_large_image\" \/>\n<meta name=\"twitter:label1\" content=\"Dur\u00e9e de lecture estim\u00e9e\" \/>\n\t<meta name=\"twitter:data1\" content=\"2 minutes\" \/>\n<script type=\"application\/ld+json\" class=\"yoast-schema-graph\">{\"@context\":\"https:\\\/\\\/schema.org\",\"@graph\":[{\"@type\":\"WebPage\",\"@id\":\"https:\\\/\\\/motherearthradio.de\\\/fr\\\/mother-earth-klassik-on-air\\\/\",\"url\":\"https:\\\/\\\/motherearthradio.de\\\/fr\\\/mother-earth-klassik-on-air\\\/\",\"name\":\"Mother Earth Klassik \u2013 Radio de musique classique en FLAC Hi-Res\",\"isPartOf\":{\"@id\":\"https:\\\/\\\/motherearthradio.de\\\/fr\\\/#website\"},\"primaryImageOfPage\":{\"@id\":\"https:\\\/\\\/motherearthradio.de\\\/fr\\\/mother-earth-klassik-on-air\\\/#primaryimage\"},\"image\":{\"@id\":\"https:\\\/\\\/motherearthradio.de\\\/fr\\\/mother-earth-klassik-on-air\\\/#primaryimage\"},\"thumbnailUrl\":\"https:\\\/\\\/motherearthradio.de\\\/wp-content\\\/uploads\\\/2025\\\/12\\\/en-us-dark-541c0d.svg\",\"datePublished\":\"2025-03-25T16:37:38+00:00\",\"dateModified\":\"2026-02-27T23:06:27+00:00\",\"description\":\"Mother Earth Klassik\u00a0: Radio de musique classique en FLAC Hi-Res. Musique baroque, interpr\u00e9tations historiques. Radio classique en ligne. \u00c9coutez maintenant.\",\"breadcrumb\":{\"@id\":\"https:\\\/\\\/motherearthradio.de\\\/fr\\\/mother-earth-klassik-on-air\\\/#breadcrumb\"},\"inLanguage\":\"fr-FR\",\"potentialAction\":[{\"@type\":\"ReadAction\",\"target\":[\"https:\\\/\\\/motherearthradio.de\\\/fr\\\/mother-earth-klassik-on-air\\\/\"]}]},{\"@type\":\"ImageObject\",\"inLanguage\":\"fr-FR\",\"@id\":\"https:\\\/\\\/motherearthradio.de\\\/fr\\\/mother-earth-klassik-on-air\\\/#primaryimage\",\"url\":\"https:\\\/\\\/motherearthradio.de\\\/wp-content\\\/uploads\\\/2025\\\/12\\\/en-us-dark-541c0d.svg\",\"contentUrl\":\"https:\\\/\\\/motherearthradio.de\\\/wp-content\\\/uploads\\\/2025\\\/12\\\/en-us-dark-541c0d.svg\"},{\"@type\":\"BreadcrumbList\",\"@id\":\"https:\\\/\\\/motherearthradio.de\\\/fr\\\/mother-earth-klassik-on-air\\\/#breadcrumb\",\"itemListElement\":[{\"@type\":\"ListItem\",\"position\":1,\"name\":\"Page d'accueil\",\"item\":\"https:\\\/\\\/motherearthradio.de\\\/fr\\\/\"},{\"@type\":\"ListItem\",\"position\":2,\"name\":\"Mother Earth Klassik en direct\"}]},{\"@type\":\"WebSite\",\"@id\":\"https:\\\/\\\/motherearthradio.de\\\/fr\\\/#website\",\"url\":\"https:\\\/\\\/motherearthradio.de\\\/fr\\\/\",\"name\":\"Mother Earth Radio\",\"description\":\"High Resolution Radio\",\"publisher\":{\"@id\":\"https:\\\/\\\/motherearthradio.de\\\/fr\\\/#organization\"},\"potentialAction\":[{\"@type\":\"SearchAction\",\"target\":{\"@type\":\"EntryPoint\",\"urlTemplate\":\"https:\\\/\\\/motherearthradio.de\\\/fr\\\/?s={search_term_string}\"},\"query-input\":{\"@type\":\"PropertyValueSpecification\",\"valueRequired\":true,\"valueName\":\"search_term_string\"}}],\"inLanguage\":\"fr-FR\"},{\"@type\":\"Organization\",\"@id\":\"https:\\\/\\\/motherearthradio.de\\\/fr\\\/#organization\",\"name\":\"Mother Earth Radio\",\"url\":\"https:\\\/\\\/motherearthradio.de\\\/fr\\\/\",\"logo\":{\"@type\":\"ImageObject\",\"inLanguage\":\"fr-FR\",\"@id\":\"https:\\\/\\\/motherearthradio.de\\\/fr\\\/#\\\/schema\\\/logo\\\/image\\\/\",\"url\":\"https:\\\/\\\/motherearthradio.de\\\/wp-content\\\/uploads\\\/2025\\\/12\\\/mer-logo-cube-bold-1x-512.png\",\"contentUrl\":\"https:\\\/\\\/motherearthradio.de\\\/wp-content\\\/uploads\\\/2025\\\/12\\\/mer-logo-cube-bold-1x-512.png\",\"width\":512,\"height\":512,\"caption\":\"Mother Earth Radio\"},\"image\":{\"@id\":\"https:\\\/\\\/motherearthradio.de\\\/fr\\\/#\\\/schema\\\/logo\\\/image\\\/\"},\"sameAs\":[\"https:\\\/\\\/www.youtube.com\\\/channel\\\/UCX5xCDGKQ9wCS1myWo6_nwg\",\"https:\\\/\\\/www.instagram.com\\\/mother.earth.radio\\\/\"],\"description\":\"Das weltweit erste High Resolution Radio in 192 kHz FLAC. Vinyl-Digitalisierung, keine AI-Musik, kuratiert von Florian Reiterer.\",\"email\":\"info@motherearthradio.de\",\"telephone\":\"00498920977034\",\"foundingDate\":\"2020-02-20\",\"numberOfEmployees\":{\"@type\":\"QuantitativeValue\",\"minValue\":\"1\",\"maxValue\":\"10\"}}]}<\/script>\n<!-- \/ Yoast SEO Premium plugin. -->","yoast_head_json":{"title":"Mother Earth Klassik \u2013 Radio de musique classique en FLAC Hi-Res","description":"Mother Earth Klassik\u00a0: Radio de musique classique en FLAC Hi-Res. Musique baroque, interpr\u00e9tations historiques. Radio classique en ligne. \u00c9coutez maintenant.","robots":{"index":"index","follow":"follow","max-snippet":"max-snippet:-1","max-image-preview":"max-image-preview:large","max-video-preview":"max-video-preview:-1"},"canonical":"https:\/\/motherearthradio.de\/fr\/mother-earth-klassik-on-air\/","og_locale":"fr_FR","og_type":"article","og_title":"Mother Earth Klassik en direct","og_description":"Mother Earth Klassik\u00a0: Radio de musique classique en FLAC Hi-Res. Musique baroque, interpr\u00e9tations historiques. Radio classique en ligne. \u00c9coutez maintenant.","og_url":"https:\/\/motherearthradio.de\/fr\/mother-earth-klassik-on-air\/","og_site_name":"Mother Earth Radio","article_modified_time":"2026-02-27T23:06:27+00:00","og_image":[{"width":1200,"height":728,"url":"https:\/\/motherearthradio.de\/wp-content\/uploads\/2024\/03\/biglogo.png","type":"image\/png"}],"twitter_card":"summary_large_image","twitter_misc":{"Dur\u00e9e de lecture estim\u00e9e":"2 minutes"},"schema":{"@context":"https:\/\/schema.org","@graph":[{"@type":"WebPage","@id":"https:\/\/motherearthradio.de\/fr\/mother-earth-klassik-on-air\/","url":"https:\/\/motherearthradio.de\/fr\/mother-earth-klassik-on-air\/","name":"Mother Earth Klassik \u2013 Radio de musique classique en FLAC Hi-Res","isPartOf":{"@id":"https:\/\/motherearthradio.de\/fr\/#website"},"primaryImageOfPage":{"@id":"https:\/\/motherearthradio.de\/fr\/mother-earth-klassik-on-air\/#primaryimage"},"image":{"@id":"https:\/\/motherearthradio.de\/fr\/mother-earth-klassik-on-air\/#primaryimage"},"thumbnailUrl":"https:\/\/motherearthradio.de\/wp-content\/uploads\/2025\/12\/en-us-dark-541c0d.svg","datePublished":"2025-03-25T16:37:38+00:00","dateModified":"2026-02-27T23:06:27+00:00","description":"Mother Earth Klassik\u00a0: Radio de musique classique en FLAC Hi-Res. Musique baroque, interpr\u00e9tations historiques. Radio classique en ligne. \u00c9coutez maintenant.","breadcrumb":{"@id":"https:\/\/motherearthradio.de\/fr\/mother-earth-klassik-on-air\/#breadcrumb"},"inLanguage":"fr-FR","potentialAction":[{"@type":"ReadAction","target":["https:\/\/motherearthradio.de\/fr\/mother-earth-klassik-on-air\/"]}]},{"@type":"ImageObject","inLanguage":"fr-FR","@id":"https:\/\/motherearthradio.de\/fr\/mother-earth-klassik-on-air\/#primaryimage","url":"https:\/\/motherearthradio.de\/wp-content\/uploads\/2025\/12\/en-us-dark-541c0d.svg","contentUrl":"https:\/\/motherearthradio.de\/wp-content\/uploads\/2025\/12\/en-us-dark-541c0d.svg"},{"@type":"BreadcrumbList","@id":"https:\/\/motherearthradio.de\/fr\/mother-earth-klassik-on-air\/#breadcrumb","itemListElement":[{"@type":"ListItem","position":1,"name":"Page d'accueil","item":"https:\/\/motherearthradio.de\/fr\/"},{"@type":"ListItem","position":2,"name":"Mother Earth Klassik en direct"}]},{"@type":"WebSite","@id":"https:\/\/motherearthradio.de\/fr\/#website","url":"https:\/\/motherearthradio.de\/fr\/","name":"Mother Earth Radio","description":"High Resolution Radio","publisher":{"@id":"https:\/\/motherearthradio.de\/fr\/#organization"},"potentialAction":[{"@type":"SearchAction","target":{"@type":"EntryPoint","urlTemplate":"https:\/\/motherearthradio.de\/fr\/?s={search_term_string}"},"query-input":{"@type":"PropertyValueSpecification","valueRequired":true,"valueName":"search_term_string"}}],"inLanguage":"fr-FR"},{"@type":"Organization","@id":"https:\/\/motherearthradio.de\/fr\/#organization","name":"Mother Earth Radio","url":"https:\/\/motherearthradio.de\/fr\/","logo":{"@type":"ImageObject","inLanguage":"fr-FR","@id":"https:\/\/motherearthradio.de\/fr\/#\/schema\/logo\/image\/","url":"https:\/\/motherearthradio.de\/wp-content\/uploads\/2025\/12\/mer-logo-cube-bold-1x-512.png","contentUrl":"https:\/\/motherearthradio.de\/wp-content\/uploads\/2025\/12\/mer-logo-cube-bold-1x-512.png","width":512,"height":512,"caption":"Mother Earth Radio"},"image":{"@id":"https:\/\/motherearthradio.de\/fr\/#\/schema\/logo\/image\/"},"sameAs":["https:\/\/www.youtube.com\/channel\/UCX5xCDGKQ9wCS1myWo6_nwg","https:\/\/www.instagram.com\/mother.earth.radio\/"],"description":"Das weltweit erste High Resolution Radio in 192 kHz FLAC. Vinyl-Digitalisierung, keine AI-Musik, kuratiert von Florian Reiterer.","email":"info@motherearthradio.de","telephone":"00498920977034","foundingDate":"2020-02-20","numberOfEmployees":{"@type":"QuantitativeValue","minValue":"1","maxValue":"10"}}]}},"_links":{"self":[{"href":"https:\/\/motherearthradio.de\/fr\/wp-json\/wp\/v2\/pages\/4271","targetHints":{"allow":["GET"]}}],"collection":[{"href":"https:\/\/motherearthradio.de\/fr\/wp-json\/wp\/v2\/pages"}],"about":[{"href":"https:\/\/motherearthradio.de\/fr\/wp-json\/wp\/v2\/types\/page"}],"author":[{"embeddable":true,"href":"https:\/\/motherearthradio.de\/fr\/wp-json\/wp\/v2\/users\/1"}],"replies":[{"embeddable":true,"href":"https:\/\/motherearthradio.de\/fr\/wp-json\/wp\/v2\/comments?post=4271"}],"version-history":[{"count":7,"href":"https:\/\/motherearthradio.de\/fr\/wp-json\/wp\/v2\/pages\/4271\/revisions"}],"predecessor-version":[{"id":10308,"href":"https:\/\/motherearthradio.de\/fr\/wp-json\/wp\/v2\/pages\/4271\/revisions\/10308"}],"wp:attachment":[{"href":"https:\/\/motherearthradio.de\/fr\/wp-json\/wp\/v2\/media?parent=4271"}],"curies":[{"name":"wp","href":"https:\/\/api.w.org\/{rel}","templated":true}]}}