{"id":8081,"date":"2025-10-03T19:32:19","date_gmt":"2025-10-03T17:32:19","guid":{"rendered":"https:\/\/motherearthradio.de\/philosophie-a-propos-de-nous\/"},"modified":"2026-01-05T22:51:17","modified_gmt":"2026-01-05T21:51:17","slug":"philosophie-a-propos-de-nous","status":"publish","type":"page","link":"https:\/\/motherearthradio.de\/fr\/philosophie-a-propos-de-nous\/","title":{"rendered":"Philosophie \/ \u00c0 propos de nous"},"content":{"rendered":"\n<div id=\"wp-block-themeisle-blocks-advanced-columns-b609be49\" class=\"wp-block-themeisle-blocks-advanced-columns has-1-columns has-desktop-equal-layout has-tablet-equal-layout has-mobile-equal-layout has-vertical-unset\"><div class=\"wp-block-themeisle-blocks-advanced-columns-overlay\"><\/div><div class=\"innerblocks-wrap\">\n<div id=\"wp-block-themeisle-blocks-advanced-column-324ce504\" class=\"wp-block-themeisle-blocks-advanced-column\">\n<h1 class=\"wp-block-heading\" id=\"h-high-resolution-radio-von-einem-tontechniker-der-weiss-wie-musik-klingen-sollte\">High Resolution Radio. Par un ing\u00e9nieur du son qui sait comment la musique doit sonner. <\/h1>\n\n\n\n<p>Mother Earth Radio n&rsquo;est pas un algorithme. C&rsquo;est de la musique s\u00e9lectionn\u00e9e \u00e0 la main en qualit\u00e9 lossless \u2013 organis\u00e9e selon une philosophie. Par quelqu&rsquo;un qui a fait 30 ans de production audio professionnelle.   <br\/><br\/>Pas de playlists bas\u00e9es sur le nombre de clics. Pas de compression. Pas de labels majeurs. Seulement de la musique qui m\u00e9rite d&rsquo;\u00eatre \u00e9cout\u00e9e en pleine r\u00e9solution.   <\/p>\n\n\n\n<h2 class=\"wp-block-heading\" id=\"h-die-philosophie\">La philosophie<\/h2>\n\n\n\n<h3 class=\"wp-block-heading\" id=\"h-vinyl-ist-die-erste-kopie\">Le vinyle est la premi\u00e8re copie<\/h3>\n\n\n\n<div id=\"wp-block-themeisle-blocks-advanced-columns-5dcd5d5b\" class=\"wp-block-themeisle-blocks-advanced-columns has-2-columns has-desktop-twoOne-layout has-tablet-equal-layout has-mobile-collapsedRows-layout has-vertical-unset\"><div class=\"wp-block-themeisle-blocks-advanced-columns-overlay\"><\/div><div class=\"innerblocks-wrap\">\n<div id=\"wp-block-themeisle-blocks-advanced-column-f6533abb\" class=\"wp-block-themeisle-blocks-advanced-column\">\n<p>Il n&rsquo;y a qu&rsquo;une seule \u00e9tape entre l&rsquo;enregistrement en studio et le disque vinyle. Pas de conversion num\u00e9rique, pas de compression, pas de Loudness War. Le sillon pr\u00e9serve ce qui a \u00e9t\u00e9 jou\u00e9.   <\/p>\n<\/div>\n\n\n\n<div id=\"wp-block-themeisle-blocks-advanced-column-28e6046d\" class=\"wp-block-themeisle-blocks-advanced-column\">\n<figure class=\"wp-block-image size-medium\"><img loading=\"lazy\" decoding=\"async\" width=\"300\" height=\"225\" src=\"https:\/\/motherearthradio.de\/wp-content\/uploads\/2024\/12\/ingo-schulz-mwWZTLr9Tcg-unsplash-300x225.jpg\" alt=\"philosophie analogique \/ &#xC0; propos de nous\" class=\"wp-image-2989\" srcset=\"https:\/\/motherearthradio.de\/wp-content\/uploads\/2024\/12\/ingo-schulz-mwWZTLr9Tcg-unsplash-300x225.jpg 300w, https:\/\/motherearthradio.de\/wp-content\/uploads\/2024\/12\/ingo-schulz-mwWZTLr9Tcg-unsplash-1024x768.jpg 1024w, https:\/\/motherearthradio.de\/wp-content\/uploads\/2024\/12\/ingo-schulz-mwWZTLr9Tcg-unsplash-768x576.jpg 768w, https:\/\/motherearthradio.de\/wp-content\/uploads\/2024\/12\/ingo-schulz-mwWZTLr9Tcg-unsplash-1536x1152.jpg 1536w, https:\/\/motherearthradio.de\/wp-content\/uploads\/2024\/12\/ingo-schulz-mwWZTLr9Tcg-unsplash-2048x1536.jpg 2048w\" sizes=\"auto, (max-width: 300px) 100vw, 300px\" \/><\/figure>\n<\/div>\n<\/div><\/div>\n\n\n\n<div id=\"wp-block-themeisle-blocks-advanced-columns-ea832221\" class=\"wp-block-themeisle-blocks-advanced-columns has-2-columns has-desktop-oneTwo-layout has-tablet-equal-layout has-mobile-collapsedRows-layout has-vertical-unset\"><div class=\"wp-block-themeisle-blocks-advanced-columns-overlay\"><\/div><div class=\"innerblocks-wrap\">\n<div id=\"wp-block-themeisle-blocks-advanced-column-488d3a84\" class=\"wp-block-themeisle-blocks-advanced-column\">\n<figure class=\"wp-block-image size-medium\"><img loading=\"lazy\" decoding=\"async\" width=\"200\" height=\"300\" src=\"https:\/\/motherearthradio.de\/wp-content\/uploads\/2025\/07\/markus-spiske-igj1YmV2UIc-unsplash-200x300.jpg\" alt=\"\" class=\"wp-image-6277\" srcset=\"https:\/\/motherearthradio.de\/wp-content\/uploads\/2025\/07\/markus-spiske-igj1YmV2UIc-unsplash-200x300.jpg 200w, https:\/\/motherearthradio.de\/wp-content\/uploads\/2025\/07\/markus-spiske-igj1YmV2UIc-unsplash-683x1024.jpg 683w, https:\/\/motherearthradio.de\/wp-content\/uploads\/2025\/07\/markus-spiske-igj1YmV2UIc-unsplash-768x1152.jpg 768w, https:\/\/motherearthradio.de\/wp-content\/uploads\/2025\/07\/markus-spiske-igj1YmV2UIc-unsplash-1024x1536.jpg 1024w, https:\/\/motherearthradio.de\/wp-content\/uploads\/2025\/07\/markus-spiske-igj1YmV2UIc-unsplash-1366x2048.jpg 1366w, https:\/\/motherearthradio.de\/wp-content\/uploads\/2025\/07\/markus-spiske-igj1YmV2UIc-unsplash-scaled.jpg 1707w\" sizes=\"auto, (max-width: 200px) 100vw, 200px\" \/><\/figure>\n<\/div>\n\n\n\n<div id=\"wp-block-themeisle-blocks-advanced-column-2a4ca719\" class=\"wp-block-themeisle-blocks-advanced-column\">\n<p>C&rsquo;est la g\u00e9n\u00e9ration qui compte. Nous num\u00e9risons cette premi\u00e8re copie avec un \u00e9quipement audiophile. 24 bits, 192 kHz. Pour que vous obteniez ce que les artistes ont enregistr\u00e9 \u2013 avant que l&rsquo;industrie ne l&rsquo;ait aplati.   <\/p>\n<\/div>\n<\/div><\/div>\n\n\n\n<h3 class=\"wp-block-heading\">429\u00a0Hz\u00a0: L\u2019accordage physique<\/h3>\n\n\n\n<p>La plupart des musiques sont accord\u00e9es \u00e0 440\u00a0Hz. C\u2019est une convention, rien de plus. Nous accordons \u00e0 429\u00a0Hz \u2013 le diapason bas\u00e9 sur les fr\u00e9quences fondamentales physiques.  <\/p>\n\n\n\n<p>Pas d\u2019\u00e9sot\u00e9risme. Physique. Tu l\u2019entends. Plus profond. Plus naturel. Comme si la musique respirait.     <\/p>\n\n\n\n<p>Chaque morceau est r\u00e9accord\u00e9 individuellement. \u00c0 la main. Cela prend du temps. Mais cela fait la diff\u00e9rence.   <\/p>\n\n\n\n<p class=\"is-style-text-annotation\"><a href=\"https:\/\/motherearthradio.de\/fr\/429-hz-diapason\/\">en savoir plus sur 429Hz<\/a><\/p>\n\n\n\n<h3 class=\"wp-block-heading\">Haute r\u00e9solution signifie\u00a0: tout reste dedans<\/h3>\n\n\n\n<p class=\"is-style-default\">L\u2019industrie musicale compresse. MP3, AAC \u2013 tout devient plus petit, plus maniable, plus mort. Nous prenons l\u2019autre chemin.  <br\/><br\/>FLAC Lossless. Aucune perte. La dynamique compl\u00e8te. Cela signifie\u00a0: les passages silencieux restent silencieux, les passages forts ne s\u2019interrompent pas. La musique peut se d\u00e9ployer.    <br\/><br\/>Tu n\u2019as pas besoin d\u2019un c\u00e2ble en or pour cela. Mais de bons haut-parleurs ou des \u00e9couteurs aident. Alors tu entends ce que d\u2019autres cha\u00eenes jettent.  <\/p>\n\n\n\n<p class=\"is-style-text-annotation\"><br\/><a href=\"https:\/\/motherearthradio.de\/fr\/le-son-high-res-explique\/\">Hi-Res Audio expliqu\u00e9<\/a><\/p>\n\n\n\n<h3 class=\"wp-block-heading\">Au-del\u00e0 du courant dominant<\/h3>\n\n\n\n<p>Nous ne diffusons pas ce que tout le monde conna\u00eet. Nous s\u00e9lectionnons. Des harmonies audacieuses. Des \u00e9motions authentiques. De la musique d\u2019une \u00e9poque o\u00f9 les musiciens se r\u00e9unissaient encore en studio.    <\/p>\n\n\n\n<p>Des trouvailles obscures. Des pressages rares. Du jazz que tu ne trouves pas sur Spotify. Du classique en dehors des Greatest Hits. De l\u2019instrumental qui n\u2019est pas seulement un fond sonore.    <\/p>\n\n\n\n<p>Ce n\u2019est pas une radio pour \u00e9couter en passant. C\u2019est une radio pour les moments o\u00f9 tu veux vraiment \u00e9couter. <\/p>\n\n\n\n<h2 class=\"wp-block-heading\">\u00c0 propos de Florian Reiterer<\/h2>\n\n\n\n<p><strong>Florian Reiterer<\/strong> (*1974, Munich) est le fondateur et curateur de Mother Earth Radio.<\/p>\n\n\n\n<h3 class=\"wp-block-heading\" id=\"h-musikalische-wurzeln\">Racines musicales<\/h3>\n\n\n\n<p>N\u00e9 du com\u00e9dien Herbert Rhom-Reiterer (Residenztheater M\u00fcnchen) et de la premi\u00e8re ballerine Puck Oosthoek (Staatstheater Innsbruck), la musique a fait partie de sa vie d\u00e8s le d\u00e9but. Il a commenc\u00e9 \u00e0 jouer du piano \u00e0 l&rsquo;\u00e2ge de sept ans et a essay\u00e9 tous les instruments \u00e0 cordes au fil des ans. Son instrument principal est devenu la basse \u2013 aujourd&rsquo;hui, il joue des instruments du luthier <a href=\"http:\/\/ctbasses.com\">Carl Thompson<\/a>, connu comme \u00ab\u00a0le Stradivarius de la guitare basse\u00a0\u00bb, ainsi qu&rsquo;une contrebasse verticale.  <\/p>\n\n\n\n<figure class=\"wp-block-image size-medium\"><img loading=\"lazy\" decoding=\"async\" width=\"225\" height=\"300\" src=\"https:\/\/motherearthradio.de\/wp-content\/uploads\/2025\/04\/8-2-98_007-225x300.jpg\" alt=\"Guitare basse Carl Thompson\" class=\"wp-image-4437\" srcset=\"https:\/\/motherearthradio.de\/wp-content\/uploads\/2025\/04\/8-2-98_007-225x300.jpg 225w, https:\/\/motherearthradio.de\/wp-content\/uploads\/2025\/04\/8-2-98_007.jpg 488w\" sizes=\"auto, (max-width: 225px) 100vw, 225px\" \/><figcaption class=\"wp-element-caption\">\u00ab Trip Irish \u00bb &#8211; Six cordes sans frettes<\/figcaption><\/figure>\n\n\n\n<h3 class=\"wp-block-heading\" id=\"h-30-jahre-audio-engineering\">30 ans d&rsquo;ing\u00e9nierie audio<\/h3>\n\n\n\n<p>Apr\u00e8s sa formation \u00e0 la SAE Munich (1994), Florian a commenc\u00e9 comme <strong>technicien de support client Digidesign pour l&rsquo;Allemagne, l&rsquo;Autriche et la Suisse<\/strong> (1995-98). Pendant cette p\u00e9riode, il a aid\u00e9 les professionnels de l&rsquo;audio avec des workflows Pro Tools complexes.  <br\/><br\/>En tant qu&rsquo;ing\u00e9nieur au <strong>Polyester Studio Munich<\/strong> chez Axel Kr\u00f6ll, il a transform\u00e9 une r\u00e9gie Digidesign ProControl en un <strong>studio de mixage de musique pop 5.1<\/strong> \u2013 \u00e0 l&rsquo;\u00e9poque, une technologie de pointe pour les productions surround. <br\/><br\/>Depuis les ann\u00e9es 2000, Florian travaille comme <strong>ing\u00e9nieur du son et producteur de jingles \u00e0 la Bayerischer Rundfunk<\/strong> (BR Funkhaus Munich), o\u00f9 il pratique la conception sonore et la production audio au plus haut niveau technique.<\/p>\n\n\n\n<h3 class=\"wp-block-heading\" id=\"h-warum-mother-earth-radio\">Pourquoi Mother Earth Radio<\/h3>\n\n\n\n<p>En 2020, Florian a fond\u00e9 Mother Earth Radio \u00e0 partir d&rsquo;une mission personnelle : pr\u00e9server le savoir-faire et l&rsquo;authenticit\u00e9 de la musique qui se perdent dans les services de streaming modernes. <br\/><br\/>Gr\u00e2ce \u00e0 son expertise en ing\u00e9nierie audio haute r\u00e9solution, il num\u00e9rise des disques vinyles avec une technologie professionnelle (nettoyage par ultrasons Degritter, \u00e9quipement audiophile) et les diffuse en FLAC 192 kHz\/24 bits \u2013 accord\u00e9 \u00e0 429 Hz. <br\/><br\/>Mother Earth Radio est le r\u00e9sultat de plus de 30 ans d&rsquo;expertise audio, d&rsquo;une passion musicale de toute une vie et du d\u00e9sir de pr\u00e9senter la musique telle qu&rsquo;elle devrait sonner.<\/p>\n\n\n\n<h2 class=\"wp-block-heading\" id=\"h-das-ergebnis\">Le r\u00e9sultat<\/h2>\n\n\n\n<p>Radio FLAC Hi-Res sans compromis. S\u00e9lectionn\u00e9e par quelqu&rsquo;un qui peut non seulement expliquer techniquement la diff\u00e9rence entre 320 kbps et Lossless, mais aussi l&rsquo;entendre.  <br\/><br\/>Pas de publicit\u00e9. Pas d\u2019abonnement. Pas d\u2019interruptions. Seulement de la musique.   <\/p>\n\n\n\n<div class=\"wp-block-buttons is-layout-flex wp-block-buttons-is-layout-flex\">\n<div class=\"wp-block-button\"><a class=\"wp-block-button__link wp-element-button\" href=\"https:\/\/motherearthradio.de#channels\">\u00c9coutez gratuitement sur le lecteur web d\u00e8s maintenant<\/a><\/div>\n<\/div>\n\n\n\n<div id=\"wp-block-themeisle-blocks-advanced-columns-a24c1430\" class=\"wp-block-themeisle-blocks-advanced-columns has-3-columns has-desktop-equal-layout has-tablet-equal-layout has-mobile-collapsedRows-layout has-vertical-unset\"><div class=\"wp-block-themeisle-blocks-advanced-columns-overlay\"><\/div><div class=\"innerblocks-wrap\">\n<div id=\"wp-block-themeisle-blocks-advanced-column-d6feaa49\" class=\"wp-block-themeisle-blocks-advanced-column\">\n<figure class=\"wp-block-image size-full is-resized\"><a href=\"https:\/\/apps.microsoft.com\/detail\/9pbc5prxxx71?hl=de-DE&amp;gl=DE\" target=\"_blank\" rel=\" noreferrer noopener\"><img loading=\"lazy\" decoding=\"async\" width=\"161\" height=\"44\" src=\"https:\/\/motherearthradio.de\/wp-content\/uploads\/2025\/12\/en-us-dark-541c0d.svg\" alt=\"Radio Internet haute qualit&#xE9; sur le Microsoft Store\" class=\"wp-image-8964\" style=\"width:243px;height:auto\"\/><\/a><figcaption class=\"wp-element-caption\">16.99\u20ac \u2022 Windows 10\/11 &#8211; 7 day free trial!<\/figcaption><\/figure>\n<\/div>\n\n\n\n<div id=\"wp-block-themeisle-blocks-advanced-column-45d39b6d\" class=\"wp-block-themeisle-blocks-advanced-column\">\n<figure class=\"wp-block-image size-full is-resized\"><a href=\"https:\/\/play.google.com\/store\/apps\/details?id=appinventor.ai_munichbassa.Mother_Earth_Radio&amp;pcampaignid=web_share\" target=\"_blank\" rel=\" noreferrer noopener\"><img loading=\"lazy\" decoding=\"async\" width=\"646\" height=\"250\" src=\"https:\/\/motherearthradio.de\/wp-content\/uploads\/2025\/12\/en_badge_web_generic.png\" alt=\"Mother Earth Radio on Google Play\" class=\"wp-image-8963\" style=\"aspect-ratio:2.5842896013249734;width:251px;height:auto\" srcset=\"https:\/\/motherearthradio.de\/wp-content\/uploads\/2025\/12\/en_badge_web_generic.png 646w, https:\/\/motherearthradio.de\/wp-content\/uploads\/2025\/12\/en_badge_web_generic-300x116.png 300w\" sizes=\"auto, (max-width: 646px) 100vw, 646px\" \/><\/a><figcaption class=\"wp-element-caption\">19,99 \u20ac \u2022 Mobile \u2022 Chromecast \u2022 Smart TV<\/figcaption><\/figure>\n<\/div>\n\n\n\n<div id=\"wp-block-themeisle-blocks-advanced-column-ca836dd3\" class=\"wp-block-themeisle-blocks-advanced-column\">\n<figure class=\"wp-block-image size-full is-resized\"><a href=\"https:\/\/apps.apple.com\/app\/mother-earth-radio\/id6756082949\" target=\"_blank\" rel=\" noreferrer noopener\"><img loading=\"lazy\" decoding=\"async\" width=\"119\" height=\"40\" src=\"https:\/\/motherearthradio.de\/wp-content\/uploads\/2025\/12\/en-us-26a479.svg\" alt=\"\" class=\"wp-image-8965\" style=\"aspect-ratio:2.991819244253993;width:147px;height:auto\"\/><\/a><figcaption class=\"wp-element-caption\">24,99 \u20ac \u2022 iPhone \u2022 iPad \u2022 Mac<\/figcaption><\/figure>\n<\/div>\n<\/div><\/div>\n<\/div>\n<\/div><\/div>\n","protected":false},"excerpt":{"rendered":"","protected":false},"author":1,"featured_media":0,"parent":0,"menu_order":0,"comment_status":"closed","ping_status":"closed","template":"","meta":{"_themeisle_gutenberg_block_has_review":false,"footnotes":""},"class_list":["post-8081","page","type-page","status-publish"],"yoast_head":"<!-- This site is optimized with the Yoast SEO Premium plugin v27.3 (Yoast SEO v27.3) - https:\/\/yoast.com\/product\/yoast-seo-premium-wordpress\/ -->\n<title>Philosophie \/ \u00c0 propos de nous - Mother Earth Radio<\/title>\n<meta name=\"description\" content=\"Philosophie \/ \u00c0 propos de nous : Nous ne jouons pas ce que tout le monde conna\u00eet. Des harmonies audacieuses. Des \u00e9motions authentiques. Des enregistrements studio r\u00e9alis\u00e9s en direct.\" \/>\n<meta name=\"robots\" content=\"index, follow, max-snippet:-1, max-image-preview:large, max-video-preview:-1\" \/>\n<link rel=\"canonical\" href=\"https:\/\/motherearthradio.de\/fr\/philosophie-a-propos-de-nous\/\" \/>\n<meta property=\"og:locale\" content=\"fr_FR\" \/>\n<meta property=\"og:type\" content=\"article\" \/>\n<meta property=\"og:title\" content=\"Philosophie \/ \u00c0 propos de nous\" \/>\n<meta property=\"og:description\" content=\"Philosophie \/ \u00c0 propos de nous : Nous ne jouons pas ce que tout le monde conna\u00eet. Des harmonies audacieuses. Des \u00e9motions authentiques. Des enregistrements studio r\u00e9alis\u00e9s en direct.\" \/>\n<meta property=\"og:url\" content=\"https:\/\/motherearthradio.de\/fr\/philosophie-a-propos-de-nous\/\" \/>\n<meta property=\"og:site_name\" content=\"Mother Earth Radio\" \/>\n<meta property=\"article:modified_time\" content=\"2026-01-05T21:51:17+00:00\" \/>\n<meta property=\"og:image\" content=\"https:\/\/motherearthradio.de\/wp-content\/uploads\/2024\/12\/ingo-schulz-mwWZTLr9Tcg-unsplash-scaled.jpg\" \/>\n\t<meta property=\"og:image:width\" content=\"2560\" \/>\n\t<meta property=\"og:image:height\" content=\"1920\" \/>\n\t<meta property=\"og:image:type\" content=\"image\/jpeg\" \/>\n<meta name=\"twitter:card\" content=\"summary_large_image\" \/>\n<meta name=\"twitter:label1\" content=\"Dur\u00e9e de lecture estim\u00e9e\" \/>\n\t<meta name=\"twitter:data1\" content=\"4 minutes\" \/>\n<script type=\"application\/ld+json\" class=\"yoast-schema-graph\">{\"@context\":\"https:\\\/\\\/schema.org\",\"@graph\":[{\"@type\":\"WebPage\",\"@id\":\"https:\\\/\\\/motherearthradio.de\\\/fr\\\/philosophie-a-propos-de-nous\\\/\",\"url\":\"https:\\\/\\\/motherearthradio.de\\\/fr\\\/philosophie-a-propos-de-nous\\\/\",\"name\":\"Philosophie \\\/ \u00c0 propos de nous - Mother Earth Radio\",\"isPartOf\":{\"@id\":\"https:\\\/\\\/motherearthradio.de\\\/fr\\\/#website\"},\"primaryImageOfPage\":{\"@id\":\"https:\\\/\\\/motherearthradio.de\\\/fr\\\/philosophie-a-propos-de-nous\\\/#primaryimage\"},\"image\":{\"@id\":\"https:\\\/\\\/motherearthradio.de\\\/fr\\\/philosophie-a-propos-de-nous\\\/#primaryimage\"},\"thumbnailUrl\":\"https:\\\/\\\/motherearthradio.de\\\/wp-content\\\/uploads\\\/2024\\\/12\\\/ingo-schulz-mwWZTLr9Tcg-unsplash-300x225.jpg\",\"datePublished\":\"2025-10-03T17:32:19+00:00\",\"dateModified\":\"2026-01-05T21:51:17+00:00\",\"description\":\"Philosophie \\\/ \u00c0 propos de nous : Nous ne jouons pas ce que tout le monde conna\u00eet. Des harmonies audacieuses. Des \u00e9motions authentiques. Des enregistrements studio r\u00e9alis\u00e9s en direct.\",\"breadcrumb\":{\"@id\":\"https:\\\/\\\/motherearthradio.de\\\/fr\\\/philosophie-a-propos-de-nous\\\/#breadcrumb\"},\"inLanguage\":\"fr-FR\",\"potentialAction\":[{\"@type\":\"ReadAction\",\"target\":[\"https:\\\/\\\/motherearthradio.de\\\/fr\\\/philosophie-a-propos-de-nous\\\/\"]}]},{\"@type\":\"ImageObject\",\"inLanguage\":\"fr-FR\",\"@id\":\"https:\\\/\\\/motherearthradio.de\\\/fr\\\/philosophie-a-propos-de-nous\\\/#primaryimage\",\"url\":\"https:\\\/\\\/motherearthradio.de\\\/wp-content\\\/uploads\\\/2024\\\/12\\\/ingo-schulz-mwWZTLr9Tcg-unsplash-300x225.jpg\",\"contentUrl\":\"https:\\\/\\\/motherearthradio.de\\\/wp-content\\\/uploads\\\/2024\\\/12\\\/ingo-schulz-mwWZTLr9Tcg-unsplash-300x225.jpg\"},{\"@type\":\"BreadcrumbList\",\"@id\":\"https:\\\/\\\/motherearthradio.de\\\/fr\\\/philosophie-a-propos-de-nous\\\/#breadcrumb\",\"itemListElement\":[{\"@type\":\"ListItem\",\"position\":1,\"name\":\"Page d'accueil\",\"item\":\"https:\\\/\\\/motherearthradio.de\\\/fr\\\/\"},{\"@type\":\"ListItem\",\"position\":2,\"name\":\"Philosophie \\\/ \u00c0 propos de nous\"}]},{\"@type\":\"WebSite\",\"@id\":\"https:\\\/\\\/motherearthradio.de\\\/fr\\\/#website\",\"url\":\"https:\\\/\\\/motherearthradio.de\\\/fr\\\/\",\"name\":\"Mother Earth Radio\",\"description\":\"High Resolution Radio\",\"publisher\":{\"@id\":\"https:\\\/\\\/motherearthradio.de\\\/fr\\\/#organization\"},\"potentialAction\":[{\"@type\":\"SearchAction\",\"target\":{\"@type\":\"EntryPoint\",\"urlTemplate\":\"https:\\\/\\\/motherearthradio.de\\\/fr\\\/?s={search_term_string}\"},\"query-input\":{\"@type\":\"PropertyValueSpecification\",\"valueRequired\":true,\"valueName\":\"search_term_string\"}}],\"inLanguage\":\"fr-FR\"},{\"@type\":\"Organization\",\"@id\":\"https:\\\/\\\/motherearthradio.de\\\/fr\\\/#organization\",\"name\":\"Mother Earth Radio\",\"url\":\"https:\\\/\\\/motherearthradio.de\\\/fr\\\/\",\"logo\":{\"@type\":\"ImageObject\",\"inLanguage\":\"fr-FR\",\"@id\":\"https:\\\/\\\/motherearthradio.de\\\/fr\\\/#\\\/schema\\\/logo\\\/image\\\/\",\"url\":\"https:\\\/\\\/motherearthradio.de\\\/wp-content\\\/uploads\\\/2025\\\/12\\\/mer-logo-cube-bold-1x-512.png\",\"contentUrl\":\"https:\\\/\\\/motherearthradio.de\\\/wp-content\\\/uploads\\\/2025\\\/12\\\/mer-logo-cube-bold-1x-512.png\",\"width\":512,\"height\":512,\"caption\":\"Mother Earth Radio\"},\"image\":{\"@id\":\"https:\\\/\\\/motherearthradio.de\\\/fr\\\/#\\\/schema\\\/logo\\\/image\\\/\"},\"sameAs\":[\"https:\\\/\\\/www.youtube.com\\\/channel\\\/UCX5xCDGKQ9wCS1myWo6_nwg\",\"https:\\\/\\\/www.instagram.com\\\/mother.earth.radio\\\/\"],\"description\":\"Das weltweit erste High Resolution Radio in 192 kHz FLAC. Vinyl-Digitalisierung, keine AI-Musik, kuratiert von Florian Reiterer.\",\"email\":\"info@motherearthradio.de\",\"telephone\":\"00498920977034\",\"foundingDate\":\"2020-02-20\",\"numberOfEmployees\":{\"@type\":\"QuantitativeValue\",\"minValue\":\"1\",\"maxValue\":\"10\"}}]}<\/script>\n<!-- \/ Yoast SEO Premium plugin. -->","yoast_head_json":{"title":"Philosophie \/ \u00c0 propos de nous - Mother Earth Radio","description":"Philosophie \/ \u00c0 propos de nous : Nous ne jouons pas ce que tout le monde conna\u00eet. Des harmonies audacieuses. Des \u00e9motions authentiques. Des enregistrements studio r\u00e9alis\u00e9s en direct.","robots":{"index":"index","follow":"follow","max-snippet":"max-snippet:-1","max-image-preview":"max-image-preview:large","max-video-preview":"max-video-preview:-1"},"canonical":"https:\/\/motherearthradio.de\/fr\/philosophie-a-propos-de-nous\/","og_locale":"fr_FR","og_type":"article","og_title":"Philosophie \/ \u00c0 propos de nous","og_description":"Philosophie \/ \u00c0 propos de nous : Nous ne jouons pas ce que tout le monde conna\u00eet. Des harmonies audacieuses. Des \u00e9motions authentiques. Des enregistrements studio r\u00e9alis\u00e9s en direct.","og_url":"https:\/\/motherearthradio.de\/fr\/philosophie-a-propos-de-nous\/","og_site_name":"Mother Earth Radio","article_modified_time":"2026-01-05T21:51:17+00:00","og_image":[{"width":2560,"height":1920,"url":"https:\/\/motherearthradio.de\/wp-content\/uploads\/2024\/12\/ingo-schulz-mwWZTLr9Tcg-unsplash-scaled.jpg","type":"image\/jpeg"}],"twitter_card":"summary_large_image","twitter_misc":{"Dur\u00e9e de lecture estim\u00e9e":"4 minutes"},"schema":{"@context":"https:\/\/schema.org","@graph":[{"@type":"WebPage","@id":"https:\/\/motherearthradio.de\/fr\/philosophie-a-propos-de-nous\/","url":"https:\/\/motherearthradio.de\/fr\/philosophie-a-propos-de-nous\/","name":"Philosophie \/ \u00c0 propos de nous - Mother Earth Radio","isPartOf":{"@id":"https:\/\/motherearthradio.de\/fr\/#website"},"primaryImageOfPage":{"@id":"https:\/\/motherearthradio.de\/fr\/philosophie-a-propos-de-nous\/#primaryimage"},"image":{"@id":"https:\/\/motherearthradio.de\/fr\/philosophie-a-propos-de-nous\/#primaryimage"},"thumbnailUrl":"https:\/\/motherearthradio.de\/wp-content\/uploads\/2024\/12\/ingo-schulz-mwWZTLr9Tcg-unsplash-300x225.jpg","datePublished":"2025-10-03T17:32:19+00:00","dateModified":"2026-01-05T21:51:17+00:00","description":"Philosophie \/ \u00c0 propos de nous : Nous ne jouons pas ce que tout le monde conna\u00eet. Des harmonies audacieuses. Des \u00e9motions authentiques. Des enregistrements studio r\u00e9alis\u00e9s en direct.","breadcrumb":{"@id":"https:\/\/motherearthradio.de\/fr\/philosophie-a-propos-de-nous\/#breadcrumb"},"inLanguage":"fr-FR","potentialAction":[{"@type":"ReadAction","target":["https:\/\/motherearthradio.de\/fr\/philosophie-a-propos-de-nous\/"]}]},{"@type":"ImageObject","inLanguage":"fr-FR","@id":"https:\/\/motherearthradio.de\/fr\/philosophie-a-propos-de-nous\/#primaryimage","url":"https:\/\/motherearthradio.de\/wp-content\/uploads\/2024\/12\/ingo-schulz-mwWZTLr9Tcg-unsplash-300x225.jpg","contentUrl":"https:\/\/motherearthradio.de\/wp-content\/uploads\/2024\/12\/ingo-schulz-mwWZTLr9Tcg-unsplash-300x225.jpg"},{"@type":"BreadcrumbList","@id":"https:\/\/motherearthradio.de\/fr\/philosophie-a-propos-de-nous\/#breadcrumb","itemListElement":[{"@type":"ListItem","position":1,"name":"Page d'accueil","item":"https:\/\/motherearthradio.de\/fr\/"},{"@type":"ListItem","position":2,"name":"Philosophie \/ \u00c0 propos de nous"}]},{"@type":"WebSite","@id":"https:\/\/motherearthradio.de\/fr\/#website","url":"https:\/\/motherearthradio.de\/fr\/","name":"Mother Earth Radio","description":"High Resolution Radio","publisher":{"@id":"https:\/\/motherearthradio.de\/fr\/#organization"},"potentialAction":[{"@type":"SearchAction","target":{"@type":"EntryPoint","urlTemplate":"https:\/\/motherearthradio.de\/fr\/?s={search_term_string}"},"query-input":{"@type":"PropertyValueSpecification","valueRequired":true,"valueName":"search_term_string"}}],"inLanguage":"fr-FR"},{"@type":"Organization","@id":"https:\/\/motherearthradio.de\/fr\/#organization","name":"Mother Earth Radio","url":"https:\/\/motherearthradio.de\/fr\/","logo":{"@type":"ImageObject","inLanguage":"fr-FR","@id":"https:\/\/motherearthradio.de\/fr\/#\/schema\/logo\/image\/","url":"https:\/\/motherearthradio.de\/wp-content\/uploads\/2025\/12\/mer-logo-cube-bold-1x-512.png","contentUrl":"https:\/\/motherearthradio.de\/wp-content\/uploads\/2025\/12\/mer-logo-cube-bold-1x-512.png","width":512,"height":512,"caption":"Mother Earth Radio"},"image":{"@id":"https:\/\/motherearthradio.de\/fr\/#\/schema\/logo\/image\/"},"sameAs":["https:\/\/www.youtube.com\/channel\/UCX5xCDGKQ9wCS1myWo6_nwg","https:\/\/www.instagram.com\/mother.earth.radio\/"],"description":"Das weltweit erste High Resolution Radio in 192 kHz FLAC. Vinyl-Digitalisierung, keine AI-Musik, kuratiert von Florian Reiterer.","email":"info@motherearthradio.de","telephone":"00498920977034","foundingDate":"2020-02-20","numberOfEmployees":{"@type":"QuantitativeValue","minValue":"1","maxValue":"10"}}]}},"_links":{"self":[{"href":"https:\/\/motherearthradio.de\/fr\/wp-json\/wp\/v2\/pages\/8081","targetHints":{"allow":["GET"]}}],"collection":[{"href":"https:\/\/motherearthradio.de\/fr\/wp-json\/wp\/v2\/pages"}],"about":[{"href":"https:\/\/motherearthradio.de\/fr\/wp-json\/wp\/v2\/types\/page"}],"author":[{"embeddable":true,"href":"https:\/\/motherearthradio.de\/fr\/wp-json\/wp\/v2\/users\/1"}],"replies":[{"embeddable":true,"href":"https:\/\/motherearthradio.de\/fr\/wp-json\/wp\/v2\/comments?post=8081"}],"version-history":[{"count":2,"href":"https:\/\/motherearthradio.de\/fr\/wp-json\/wp\/v2\/pages\/8081\/revisions"}],"predecessor-version":[{"id":9934,"href":"https:\/\/motherearthradio.de\/fr\/wp-json\/wp\/v2\/pages\/8081\/revisions\/9934"}],"wp:attachment":[{"href":"https:\/\/motherearthradio.de\/fr\/wp-json\/wp\/v2\/media?parent=8081"}],"curies":[{"name":"wp","href":"https:\/\/api.w.org\/{rel}","templated":true}]}}