{"id":9288,"date":"2025-12-12T23:38:09","date_gmt":"2025-12-12T22:38:09","guid":{"rendered":"https:\/\/motherearthradio.de\/archive-des-playlists\/"},"modified":"2025-12-13T00:55:33","modified_gmt":"2025-12-12T23:55:33","slug":"archive-des-playlists","status":"publish","type":"page","link":"https:\/\/motherearthradio.de\/fr\/archive-des-playlists\/","title":{"rendered":"Archive des playlists"},"content":{"rendered":"<div class=\"mer-playlist-intro\"><p><strong>\ud83d\udcfb Playlist-Archiv:<\/strong> Hier siehst du Tracks, die vor 24-48 Stunden gespielt wurden.<\/p><p><strong>Willst du wissen, was JETZT l\u00e4uft?<\/strong> Lade unsere Apps:<\/p><div class=\"mer-app-buttons\"><a href=\"https:\/\/apps.microsoft.com\/detail\/9pbc5prxxx71?hl=de-DE&gl=DE\" class=\"mer-app-btn mer-app-windows\">\ud83e\ude9f Windows App<\/a><a href=\"https:\/\/play.google.com\/store\/apps\/details?id=de.motherearthradio.android\" class=\"mer-app-btn mer-app-android\">\ud83d\udcf1 Android App<\/a><a href=\"https:\/\/apps.apple.com\/de\/app\/mother-earth-radio\/id6738393535\" class=\"mer-app-btn mer-app-ios\">\ud83c\udf4e iOS App<\/a><\/div><\/div><h2 class=\"mer-playlist-heading\">\ud83c\udfb5 K\u00fcrzlich gespielt (vor 24-48 Stunden)<\/h2><div class=\"mer-playlist-container\"><div class=\"track-item\"><div class=\"track-info\"><strong class=\"artist\">Alice Russell<\/strong> - <span class=\"title\">Citizens<\/span><br><span class=\"album\">Album: To Dust<\/span><\/div><div class=\"track-date\"><span class=\"date\">Gespielt: 23.04.2026 08:27<\/span><\/div><\/div><div class=\"track-item\"><div class=\"track-info\"><strong class=\"artist\">Snarky Puppy<\/strong> - <span class=\"title\">Bigly Strictness<\/span><br><span class=\"album\">Album: Immigrance<\/span><\/div><div class=\"track-date\"><span class=\"date\">Gespielt: 23.04.2026 08:20<\/span><\/div><\/div><div class=\"track-item\"><div class=\"track-info\"><strong class=\"artist\">Joachim K\u00fchn<\/strong> - <span class=\"title\">Norwegian Psalm<\/span><br><span class=\"album\">Album: Europeana<\/span><\/div><div class=\"track-date\"><span class=\"date\">Gespielt: 23.04.2026 08:15<\/span><\/div><\/div><div class=\"track-item\"><div class=\"track-info\"><strong class=\"artist\">Moonchild<\/strong> - <span class=\"title\">Wise Women<\/span><br><span class=\"album\">Album: Little Ghost<\/span><\/div><div class=\"track-date\"><span class=\"date\">Gespielt: 23.04.2026 08:11<\/span><\/div><\/div><div class=\"track-item\"><div class=\"track-info\"><strong class=\"artist\">Edythe Wright<\/strong> - <span class=\"title\">Music, Maestro, Please<\/span><br><span class=\"album\">Album: Tommy Dorsey Frank Sinatra<\/span><\/div><div class=\"track-date\"><span class=\"date\">Gespielt: 23.04.2026 08:08<\/span><\/div><\/div><div class=\"track-item\"><div class=\"track-info\"><strong class=\"artist\">Sofa Surfers<\/strong> - <span class=\"title\">Sofa Rockers (Richard Dorfmeister Remix)<\/span><br><span class=\"album\">Album: K&amp;D Sessions<\/span><\/div><div class=\"track-date\"><span class=\"date\">Gespielt: 23.04.2026 08:04<\/span><\/div><\/div><div class=\"track-item\"><div class=\"track-info\"><strong class=\"artist\">Mois\u00e9s P. S\u00e1nchez<\/strong> - <span class=\"title\">Dodecat\u00f3nico<\/span><br><span class=\"album\">Album: Dedication II<\/span><\/div><div class=\"track-date\"><span class=\"date\">Gespielt: 23.04.2026 07:52<\/span><\/div><\/div><div class=\"track-item\"><div class=\"track-info\"><strong class=\"artist\">John Zorn The Dreamers<\/strong> - <span class=\"title\">Mysterious Starling<\/span><br><span class=\"album\">Album: The Gentle Side<\/span><\/div><div class=\"track-date\"><span class=\"date\">Gespielt: 23.04.2026 07:48<\/span><\/div><\/div><div class=\"track-item\"><div class=\"track-info\"><strong class=\"artist\">Tom Waits<\/strong> - <span class=\"title\">House Where Nobody Lives<\/span><br><span class=\"album\">Album: Mule Variations<\/span><\/div><div class=\"track-date\"><span class=\"date\">Gespielt: 23.04.2026 07:44<\/span><\/div><\/div><div class=\"track-item\"><div class=\"track-info\"><strong class=\"artist\">Joachim K\u00fchn<\/strong> - <span class=\"title\">Lost Thoughts<\/span><br><span class=\"album\">Album: Melodic Ornette Coleman<\/span><\/div><div class=\"track-date\"><span class=\"date\">Gespielt: 23.04.2026 07:40<\/span><\/div><\/div><div class=\"track-item\"><div class=\"track-info\"><strong class=\"artist\">J Felix<\/strong> - <span class=\"title\">Mind Up Feat Andrew Ashong<\/span><br><span class=\"album\">Album: Whole Again Hooligan<\/span><\/div><div class=\"track-date\"><span class=\"date\">Gespielt: 23.04.2026 07:36<\/span><\/div><\/div><div class=\"track-item\"><div class=\"track-info\"><strong class=\"artist\">Joachim K\u00fchn<\/strong> - <span class=\"title\">She Moved Through The Fair<\/span><br><span class=\"album\">Album: Europeana<\/span><\/div><div class=\"track-date\"><span class=\"date\">Gespielt: 23.04.2026 07:30<\/span><\/div><\/div><div class=\"track-item\"><div class=\"track-info\"><strong class=\"artist\">Apparat<\/strong> - <span class=\"title\">Gravity Test<\/span><br><span class=\"album\">Album: A Hum Of Maybe<\/span><\/div><div class=\"track-date\"><span class=\"date\">Gespielt: 23.04.2026 07:29<\/span><\/div><\/div><div class=\"track-item\"><div class=\"track-info\"><strong class=\"artist\">Tobias Hoffmann Trio<\/strong> - <span class=\"title\">The Loco-Motion<\/span><br><span class=\"album\">Album: Slow Dance<\/span><\/div><div class=\"track-date\"><span class=\"date\">Gespielt: 23.04.2026 07:25<\/span><\/div><\/div><div class=\"track-item\"><div class=\"track-info\"><strong class=\"artist\">Nils Frahm<\/strong> - <span class=\"title\">All Melody<\/span><br><span class=\"album\">Album: Tripping With Nils Frahm<\/span><\/div><div class=\"track-date\"><span class=\"date\">Gespielt: 23.04.2026 07:10<\/span><\/div><\/div><\/div><div class=\"mer-playlist-footer\"><p><strong>\ud83d\udca1 M\u00f6chtest du wissen, was JETZT l\u00e4uft?<\/strong><\/p><p>Lade unsere Apps und erlebe Mother Earth Radio in voller Qualit\u00e4t (192kHz\/24bit FLAC @ 429Hz):<\/p><div class=\"mer-app-buttons\"><a href=\"https:\/\/apps.microsoft.com\/detail\/9pbc5prxxx71?hl=de-DE&gl=DE\" class=\"mer-app-btn mer-app-windows\">\ud83e\ude9f Windows App<\/a><a href=\"https:\/\/play.google.com\/store\/apps\/details?id=de.motherearthradio.android\" class=\"mer-app-btn mer-app-android\">\ud83d\udcf1 Android App<\/a><a href=\"https:\/\/apps.apple.com\/de\/app\/mother-earth-radio\/id6738393535\" class=\"mer-app-btn mer-app-ios\">\ud83c\udf4e iOS App<\/a><\/div><\/div><script type=\"application\/ld+json\">{\"@context\":\"https:\/\/schema.org\",\"@type\":\"MusicPlaylist\",\"name\":\"Mother Earth Radio - Playlist Archiv\",\"description\":\"K\u00fcrzlich gespielte Tracks von Mother Earth Radio\",\"numTracks\":15,\"track\":[{\"@type\":\"MusicRecording\",\"name\":\"Citizens\",\"byArtist\":{\"@type\":\"MusicGroup\",\"name\":\"Alice Russell\"},\"inAlbum\":{\"@type\":\"MusicAlbum\",\"name\":\"To Dust\"},\"datePublished\":\"2026-04-23\"},{\"@type\":\"MusicRecording\",\"name\":\"Bigly Strictness\",\"byArtist\":{\"@type\":\"MusicGroup\",\"name\":\"Snarky Puppy\"},\"inAlbum\":{\"@type\":\"MusicAlbum\",\"name\":\"Immigrance\"},\"datePublished\":\"2026-04-23\"},{\"@type\":\"MusicRecording\",\"name\":\"Norwegian Psalm\",\"byArtist\":{\"@type\":\"MusicGroup\",\"name\":\"Joachim K\u00fchn\"},\"inAlbum\":{\"@type\":\"MusicAlbum\",\"name\":\"Europeana\"},\"datePublished\":\"2026-04-23\"},{\"@type\":\"MusicRecording\",\"name\":\"Wise Women\",\"byArtist\":{\"@type\":\"MusicGroup\",\"name\":\"Moonchild\"},\"inAlbum\":{\"@type\":\"MusicAlbum\",\"name\":\"Little Ghost\"},\"datePublished\":\"2026-04-23\"},{\"@type\":\"MusicRecording\",\"name\":\"Music, Maestro, Please\",\"byArtist\":{\"@type\":\"MusicGroup\",\"name\":\"Edythe Wright\"},\"inAlbum\":{\"@type\":\"MusicAlbum\",\"name\":\"Tommy Dorsey Frank Sinatra\"},\"datePublished\":\"2026-04-23\"},{\"@type\":\"MusicRecording\",\"name\":\"Sofa Rockers (Richard Dorfmeister Remix)\",\"byArtist\":{\"@type\":\"MusicGroup\",\"name\":\"Sofa Surfers\"},\"inAlbum\":{\"@type\":\"MusicAlbum\",\"name\":\"K&amp;D Sessions\"},\"datePublished\":\"2026-04-23\"},{\"@type\":\"MusicRecording\",\"name\":\"Dodecat\u00f3nico\",\"byArtist\":{\"@type\":\"MusicGroup\",\"name\":\"Mois\u00e9s P. S\u00e1nchez\"},\"inAlbum\":{\"@type\":\"MusicAlbum\",\"name\":\"Dedication II\"},\"datePublished\":\"2026-04-23\"},{\"@type\":\"MusicRecording\",\"name\":\"Mysterious Starling\",\"byArtist\":{\"@type\":\"MusicGroup\",\"name\":\"John Zorn The Dreamers\"},\"inAlbum\":{\"@type\":\"MusicAlbum\",\"name\":\"The Gentle Side\"},\"datePublished\":\"2026-04-23\"},{\"@type\":\"MusicRecording\",\"name\":\"House Where Nobody Lives\",\"byArtist\":{\"@type\":\"MusicGroup\",\"name\":\"Tom Waits\"},\"inAlbum\":{\"@type\":\"MusicAlbum\",\"name\":\"Mule Variations\"},\"datePublished\":\"2026-04-23\"},{\"@type\":\"MusicRecording\",\"name\":\"Lost Thoughts\",\"byArtist\":{\"@type\":\"MusicGroup\",\"name\":\"Joachim K\u00fchn\"},\"inAlbum\":{\"@type\":\"MusicAlbum\",\"name\":\"Melodic Ornette Coleman\"},\"datePublished\":\"2026-04-23\"},{\"@type\":\"MusicRecording\",\"name\":\"Mind Up Feat Andrew Ashong\",\"byArtist\":{\"@type\":\"MusicGroup\",\"name\":\"J Felix\"},\"inAlbum\":{\"@type\":\"MusicAlbum\",\"name\":\"Whole Again Hooligan\"},\"datePublished\":\"2026-04-23\"},{\"@type\":\"MusicRecording\",\"name\":\"She Moved Through The Fair\",\"byArtist\":{\"@type\":\"MusicGroup\",\"name\":\"Joachim K\u00fchn\"},\"inAlbum\":{\"@type\":\"MusicAlbum\",\"name\":\"Europeana\"},\"datePublished\":\"2026-04-23\"},{\"@type\":\"MusicRecording\",\"name\":\"Gravity Test\",\"byArtist\":{\"@type\":\"MusicGroup\",\"name\":\"Apparat\"},\"inAlbum\":{\"@type\":\"MusicAlbum\",\"name\":\"A Hum Of Maybe\"},\"datePublished\":\"2026-04-23\"},{\"@type\":\"MusicRecording\",\"name\":\"The Loco-Motion\",\"byArtist\":{\"@type\":\"MusicGroup\",\"name\":\"Tobias Hoffmann Trio\"},\"inAlbum\":{\"@type\":\"MusicAlbum\",\"name\":\"Slow Dance\"},\"datePublished\":\"2026-04-23\"},{\"@type\":\"MusicRecording\",\"name\":\"All Melody\",\"byArtist\":{\"@type\":\"MusicGroup\",\"name\":\"Nils Frahm\"},\"inAlbum\":{\"@type\":\"MusicAlbum\",\"name\":\"Tripping With Nils Frahm\"},\"datePublished\":\"2026-04-23\"}]}<\/script>\n","protected":false},"excerpt":{"rendered":"","protected":false},"author":1,"featured_media":0,"parent":0,"menu_order":0,"comment_status":"closed","ping_status":"closed","template":"","meta":{"_themeisle_gutenberg_block_has_review":false,"footnotes":""},"class_list":["post-9288","page","type-page","status-publish"],"yoast_head":"<!-- This site is optimized with the Yoast SEO Premium plugin v27.3 (Yoast SEO v27.3) - https:\/\/yoast.com\/product\/yoast-seo-premium-wordpress\/ -->\n<title>Archive des playlists | Mother Earth Radio - Lectures r\u00e9centes<\/title>\n<meta name=\"description\" content=\"Titres r\u00e9cemment diffus\u00e9s (il y a 24 \u00e0 48 heures) sur Mother Earth Radio. Musique tri\u00e9e sur le volet \u00e0 partir de vinyles en FLAC 192 kHz. Pour des infos en direct \u2192 Apps.\" \/>\n<meta name=\"robots\" content=\"index, follow, max-snippet:-1, max-image-preview:large, max-video-preview:-1\" \/>\n<link rel=\"canonical\" href=\"https:\/\/motherearthradio.de\/fr\/archive-des-playlists\/\" \/>\n<meta property=\"og:locale\" content=\"fr_FR\" \/>\n<meta property=\"og:type\" content=\"article\" \/>\n<meta property=\"og:title\" content=\"Archive des playlists\" \/>\n<meta property=\"og:description\" content=\"Titres r\u00e9cemment diffus\u00e9s (il y a 24 \u00e0 48 heures) sur Mother Earth Radio. Musique tri\u00e9e sur le volet \u00e0 partir de vinyles en FLAC 192 kHz. Pour des infos en direct \u2192 Apps.\" \/>\n<meta property=\"og:url\" content=\"https:\/\/motherearthradio.de\/fr\/archive-des-playlists\/\" \/>\n<meta property=\"og:site_name\" content=\"Mother Earth Radio\" \/>\n<meta property=\"article:modified_time\" content=\"2025-12-12T23:55:33+00:00\" \/>\n<meta property=\"og:image\" content=\"https:\/\/motherearthradio.de\/wp-content\/uploads\/2024\/03\/biglogo.png\" \/>\n\t<meta property=\"og:image:width\" content=\"1200\" \/>\n\t<meta property=\"og:image:height\" content=\"728\" \/>\n\t<meta property=\"og:image:type\" content=\"image\/png\" \/>\n<meta name=\"twitter:card\" content=\"summary_large_image\" \/>\n<script type=\"application\/ld+json\" class=\"yoast-schema-graph\">{\"@context\":\"https:\\\/\\\/schema.org\",\"@graph\":[{\"@type\":\"WebPage\",\"@id\":\"https:\\\/\\\/motherearthradio.de\\\/fr\\\/archive-des-playlists\\\/\",\"url\":\"https:\\\/\\\/motherearthradio.de\\\/fr\\\/archive-des-playlists\\\/\",\"name\":\"Archive des playlists | Mother Earth Radio - Lectures r\u00e9centes\",\"isPartOf\":{\"@id\":\"https:\\\/\\\/motherearthradio.de\\\/fr\\\/#website\"},\"datePublished\":\"2025-12-12T22:38:09+00:00\",\"dateModified\":\"2025-12-12T23:55:33+00:00\",\"description\":\"Titres r\u00e9cemment diffus\u00e9s (il y a 24 \u00e0 48 heures) sur Mother Earth Radio. Musique tri\u00e9e sur le volet \u00e0 partir de vinyles en FLAC 192 kHz. Pour des infos en direct \u2192 Apps.\",\"breadcrumb\":{\"@id\":\"https:\\\/\\\/motherearthradio.de\\\/fr\\\/archive-des-playlists\\\/#breadcrumb\"},\"inLanguage\":\"fr-FR\",\"potentialAction\":[{\"@type\":\"ReadAction\",\"target\":[\"https:\\\/\\\/motherearthradio.de\\\/fr\\\/archive-des-playlists\\\/\"]}]},{\"@type\":\"BreadcrumbList\",\"@id\":\"https:\\\/\\\/motherearthradio.de\\\/fr\\\/archive-des-playlists\\\/#breadcrumb\",\"itemListElement\":[{\"@type\":\"ListItem\",\"position\":1,\"name\":\"Page d'accueil\",\"item\":\"https:\\\/\\\/motherearthradio.de\\\/fr\\\/\"},{\"@type\":\"ListItem\",\"position\":2,\"name\":\"Archive des playlists\"}]},{\"@type\":\"WebSite\",\"@id\":\"https:\\\/\\\/motherearthradio.de\\\/fr\\\/#website\",\"url\":\"https:\\\/\\\/motherearthradio.de\\\/fr\\\/\",\"name\":\"Mother Earth Radio\",\"description\":\"High Resolution Radio\",\"publisher\":{\"@id\":\"https:\\\/\\\/motherearthradio.de\\\/fr\\\/#organization\"},\"potentialAction\":[{\"@type\":\"SearchAction\",\"target\":{\"@type\":\"EntryPoint\",\"urlTemplate\":\"https:\\\/\\\/motherearthradio.de\\\/fr\\\/?s={search_term_string}\"},\"query-input\":{\"@type\":\"PropertyValueSpecification\",\"valueRequired\":true,\"valueName\":\"search_term_string\"}}],\"inLanguage\":\"fr-FR\"},{\"@type\":\"Organization\",\"@id\":\"https:\\\/\\\/motherearthradio.de\\\/fr\\\/#organization\",\"name\":\"Mother Earth Radio\",\"url\":\"https:\\\/\\\/motherearthradio.de\\\/fr\\\/\",\"logo\":{\"@type\":\"ImageObject\",\"inLanguage\":\"fr-FR\",\"@id\":\"https:\\\/\\\/motherearthradio.de\\\/fr\\\/#\\\/schema\\\/logo\\\/image\\\/\",\"url\":\"https:\\\/\\\/motherearthradio.de\\\/wp-content\\\/uploads\\\/2025\\\/12\\\/mer-logo-cube-bold-1x-512.png\",\"contentUrl\":\"https:\\\/\\\/motherearthradio.de\\\/wp-content\\\/uploads\\\/2025\\\/12\\\/mer-logo-cube-bold-1x-512.png\",\"width\":512,\"height\":512,\"caption\":\"Mother Earth Radio\"},\"image\":{\"@id\":\"https:\\\/\\\/motherearthradio.de\\\/fr\\\/#\\\/schema\\\/logo\\\/image\\\/\"},\"sameAs\":[\"https:\\\/\\\/www.youtube.com\\\/channel\\\/UCX5xCDGKQ9wCS1myWo6_nwg\",\"https:\\\/\\\/www.instagram.com\\\/mother.earth.radio\\\/\"],\"description\":\"Das weltweit erste High Resolution Radio in 192 kHz FLAC. Vinyl-Digitalisierung, keine AI-Musik, kuratiert von Florian Reiterer.\",\"email\":\"info@motherearthradio.de\",\"telephone\":\"00498920977034\",\"foundingDate\":\"2020-02-20\",\"numberOfEmployees\":{\"@type\":\"QuantitativeValue\",\"minValue\":\"1\",\"maxValue\":\"10\"}}]}<\/script>\n<!-- \/ Yoast SEO Premium plugin. -->","yoast_head_json":{"title":"Archive des playlists | Mother Earth Radio - Lectures r\u00e9centes","description":"Titres r\u00e9cemment diffus\u00e9s (il y a 24 \u00e0 48 heures) sur Mother Earth Radio. Musique tri\u00e9e sur le volet \u00e0 partir de vinyles en FLAC 192 kHz. Pour des infos en direct \u2192 Apps.","robots":{"index":"index","follow":"follow","max-snippet":"max-snippet:-1","max-image-preview":"max-image-preview:large","max-video-preview":"max-video-preview:-1"},"canonical":"https:\/\/motherearthradio.de\/fr\/archive-des-playlists\/","og_locale":"fr_FR","og_type":"article","og_title":"Archive des playlists","og_description":"Titres r\u00e9cemment diffus\u00e9s (il y a 24 \u00e0 48 heures) sur Mother Earth Radio. Musique tri\u00e9e sur le volet \u00e0 partir de vinyles en FLAC 192 kHz. Pour des infos en direct \u2192 Apps.","og_url":"https:\/\/motherearthradio.de\/fr\/archive-des-playlists\/","og_site_name":"Mother Earth Radio","article_modified_time":"2025-12-12T23:55:33+00:00","og_image":[{"width":1200,"height":728,"url":"https:\/\/motherearthradio.de\/wp-content\/uploads\/2024\/03\/biglogo.png","type":"image\/png"}],"twitter_card":"summary_large_image","schema":{"@context":"https:\/\/schema.org","@graph":[{"@type":"WebPage","@id":"https:\/\/motherearthradio.de\/fr\/archive-des-playlists\/","url":"https:\/\/motherearthradio.de\/fr\/archive-des-playlists\/","name":"Archive des playlists | Mother Earth Radio - Lectures r\u00e9centes","isPartOf":{"@id":"https:\/\/motherearthradio.de\/fr\/#website"},"datePublished":"2025-12-12T22:38:09+00:00","dateModified":"2025-12-12T23:55:33+00:00","description":"Titres r\u00e9cemment diffus\u00e9s (il y a 24 \u00e0 48 heures) sur Mother Earth Radio. Musique tri\u00e9e sur le volet \u00e0 partir de vinyles en FLAC 192 kHz. Pour des infos en direct \u2192 Apps.","breadcrumb":{"@id":"https:\/\/motherearthradio.de\/fr\/archive-des-playlists\/#breadcrumb"},"inLanguage":"fr-FR","potentialAction":[{"@type":"ReadAction","target":["https:\/\/motherearthradio.de\/fr\/archive-des-playlists\/"]}]},{"@type":"BreadcrumbList","@id":"https:\/\/motherearthradio.de\/fr\/archive-des-playlists\/#breadcrumb","itemListElement":[{"@type":"ListItem","position":1,"name":"Page d'accueil","item":"https:\/\/motherearthradio.de\/fr\/"},{"@type":"ListItem","position":2,"name":"Archive des playlists"}]},{"@type":"WebSite","@id":"https:\/\/motherearthradio.de\/fr\/#website","url":"https:\/\/motherearthradio.de\/fr\/","name":"Mother Earth Radio","description":"High Resolution Radio","publisher":{"@id":"https:\/\/motherearthradio.de\/fr\/#organization"},"potentialAction":[{"@type":"SearchAction","target":{"@type":"EntryPoint","urlTemplate":"https:\/\/motherearthradio.de\/fr\/?s={search_term_string}"},"query-input":{"@type":"PropertyValueSpecification","valueRequired":true,"valueName":"search_term_string"}}],"inLanguage":"fr-FR"},{"@type":"Organization","@id":"https:\/\/motherearthradio.de\/fr\/#organization","name":"Mother Earth Radio","url":"https:\/\/motherearthradio.de\/fr\/","logo":{"@type":"ImageObject","inLanguage":"fr-FR","@id":"https:\/\/motherearthradio.de\/fr\/#\/schema\/logo\/image\/","url":"https:\/\/motherearthradio.de\/wp-content\/uploads\/2025\/12\/mer-logo-cube-bold-1x-512.png","contentUrl":"https:\/\/motherearthradio.de\/wp-content\/uploads\/2025\/12\/mer-logo-cube-bold-1x-512.png","width":512,"height":512,"caption":"Mother Earth Radio"},"image":{"@id":"https:\/\/motherearthradio.de\/fr\/#\/schema\/logo\/image\/"},"sameAs":["https:\/\/www.youtube.com\/channel\/UCX5xCDGKQ9wCS1myWo6_nwg","https:\/\/www.instagram.com\/mother.earth.radio\/"],"description":"Das weltweit erste High Resolution Radio in 192 kHz FLAC. Vinyl-Digitalisierung, keine AI-Musik, kuratiert von Florian Reiterer.","email":"info@motherearthradio.de","telephone":"00498920977034","foundingDate":"2020-02-20","numberOfEmployees":{"@type":"QuantitativeValue","minValue":"1","maxValue":"10"}}]}},"_links":{"self":[{"href":"https:\/\/motherearthradio.de\/fr\/wp-json\/wp\/v2\/pages\/9288","targetHints":{"allow":["GET"]}}],"collection":[{"href":"https:\/\/motherearthradio.de\/fr\/wp-json\/wp\/v2\/pages"}],"about":[{"href":"https:\/\/motherearthradio.de\/fr\/wp-json\/wp\/v2\/types\/page"}],"author":[{"embeddable":true,"href":"https:\/\/motherearthradio.de\/fr\/wp-json\/wp\/v2\/users\/1"}],"replies":[{"embeddable":true,"href":"https:\/\/motherearthradio.de\/fr\/wp-json\/wp\/v2\/comments?post=9288"}],"version-history":[{"count":0,"href":"https:\/\/motherearthradio.de\/fr\/wp-json\/wp\/v2\/pages\/9288\/revisions"}],"wp:attachment":[{"href":"https:\/\/motherearthradio.de\/fr\/wp-json\/wp\/v2\/media?parent=9288"}],"curies":[{"name":"wp","href":"https:\/\/api.w.org\/{rel}","templated":true}]}}