{"id":1580,"date":"2024-03-27T20:35:59","date_gmt":"2024-03-27T19:35:59","guid":{"rendered":"https:\/\/motherearthradio.de\/donazioni\/"},"modified":"2026-01-05T22:53:59","modified_gmt":"2026-01-05T21:53:59","slug":"donazioni","status":"publish","type":"page","link":"https:\/\/motherearthradio.de\/it\/donazioni\/","title":{"rendered":"Donazioni"},"content":{"rendered":"\n<div id=\"wp-block-themeisle-blocks-advanced-columns-fc855b35\" class=\"wp-block-themeisle-blocks-advanced-columns alignwide has-1-columns has-desktop-equal-layout has-tablet-equal-layout has-mobile-equal-layout has-vertical-unset\"><div class=\"wp-block-themeisle-blocks-advanced-columns-overlay\"><\/div><div class=\"innerblocks-wrap\">\n<div id=\"wp-block-themeisle-blocks-advanced-column-38ec9a53\" class=\"wp-block-themeisle-blocks-advanced-column\">\n<h1 class=\"wp-block-heading\" id=\"h-unterstutzen\">Supporta<\/h1>\n\n\n\n<p>High Resolution Radio \u2013 senza pubblicit\u00e0 e senza interruzioni. Mother Earth Radio \u00e8 gratuita. <\/p>\n\n\n\n<p>E deve rimanere tale.<\/p>\n\n\n\n<h2 class=\"wp-block-heading\" id=\"h-was-es-kostet\">Quanto costa<\/h2>\n\n\n\n<p>Circa <strong>1.600 euro all&#8217;anno.<\/strong><\/p>\n\n\n\n<p>Di questi, circa 1.000 euro vanno in licenze musicali. Abbiamo una licenza multinazionale tramite ICE Services \u2013 un progetto unico per le piccole stazioni di streaming. Quasi 50 paesi, pagati equamente. Un po&#8217; pi\u00f9 economico della GEMA.   <\/p>\n\n\n\n<p>Ma: Sony, BMG, EMI, Universal e Warner non sono inclusi. Le Big 5 concedono licenze tramite accordi separati. Per questo abbiamo il geo-blocking. Per questo manca il catalogo Universal.   <\/p>\n\n\n\n<p>I restanti 600 euro sono destinati a server, larghezza di banda, software. L&#8217;Hi-Res FLAC ha bisogno di un&#8217;infrastruttura adeguata. <\/p>\n\n\n\n<h2 class=\"wp-block-heading\" id=\"h-warum-keine-werbung\">Perch\u00e9 nessuna pubblicit\u00e0?<\/h2>\n\n\n\n<p>Perch\u00e9 la pubblicit\u00e0 rovina lo streaming. Perch\u00e9 qui dovresti ascoltare, non essere venduto. Perch\u00e9 Mother Earth Radio \u00e8 un rifugio, non uno spazio pubblicitario.  <\/p>\n\n\n\n<h2 class=\"wp-block-heading\" id=\"h-wenn-du-unterstutzen-willst\">Se vuoi supportare<\/h2>\n\n\n\n<p>Se il progetto vale qualcosa per te e puoi, allora ogni contributo aiuta. Sia una tantum che regolarmente. <\/p>\n\n\n\n<p>In caso contrario, continua semplicemente ad ascoltare. Seriamente. Il progetto esiste per te, non viceversa.  <\/p>\n\n\n\n<hr class=\"wp-block-separator has-alpha-channel-opacity\"\/>\n\n\n\n<h3 class=\"wp-block-heading\" id=\"h-spendenmoglichkeiten\">Possibilit\u00e0 di donazione<\/h3>\n\n\n\n<div class=\"wp-block-group is-nowrap is-layout-flex wp-container-core-group-is-layout-ad2f72ca wp-block-group-is-layout-flex\">\n<p><strong>PayPal:<\/strong> <\/p>\n\n\n\n<form action=\"https:\/\/www.paypal.com\/donate\" method=\"post\" target=\"_top\">\n<input type=\"hidden\" name=\"hosted_button_id\" value=\"Y6V3B8T3ZVD2G\"\/>\n<input type=\"image\" src=\"https:\/\/www.paypalobjects.com\/de_DE\/DE\/i\/btn\/btn_donateCC_LG.gif\" border=\"0\" name=\"submit\" title=\"PayPal - Il modo pi\u00f9 sicuro e semplice per pagare online!\" alt=\"Donazione con il pulsante PayPal\"\/>\n<img loading=\"lazy\" decoding=\"async\" alt=\"\" border=\"0\" src=\"https:\/\/www.paypal.com\/de_DE\/i\/scr\/pixel.gif\" width=\"1\" height=\"1\"\/>\n<\/form>\n<\/div>\n\n\n\n<p><strong>Bonifico bancario:<\/strong> IBAN: DE 29 4306 0967 8214 0604 00 &#8211; BIC: GENODEM1GLS<\/p>\n\n\n\n<div class=\"wp-block-group alignwide has-neve-text-color-color has-nv-site-bg-background-color has-text-color has-background has-link-color has-medium-font-size wp-elements-c06225785688c6e82bd05e350e87a086\" style=\"border-style:none;border-width:0px;border-radius:16px;padding-top:var(--wp--preset--spacing--40);padding-right:var(--wp--preset--spacing--50);padding-bottom:var(--wp--preset--spacing--40);padding-left:var(--wp--preset--spacing--50)\"><div class=\"wp-block-group__inner-container is-layout-constrained wp-container-core-group-is-layout-282d97d7 wp-block-group-is-layout-constrained\">\n<div class=\"wp-block-group alignwide\"><div class=\"wp-block-group__inner-container is-layout-constrained wp-block-group-is-layout-constrained\">\n<div id=\"wp-block-themeisle-blocks-advanced-columns-34470862\" class=\"wp-block-themeisle-blocks-advanced-columns alignwide has-3-columns has-desktop-equal-layout has-tablet-equal-layout has-mobile-collapsedRows-layout has-vertical-center\"><div class=\"wp-block-themeisle-blocks-advanced-columns-overlay\"><\/div><div class=\"innerblocks-wrap\">\n<div id=\"wp-block-themeisle-blocks-advanced-column-a8e309af\" class=\"wp-block-themeisle-blocks-advanced-column\">\n<script async=\"\" src=\"https:\/\/js.stripe.com\/v3\/buy-button.js\">\n<\/script>\n\n<stripe-buy-button buy-button-id=\"buy_btn_1Qal83DbUnXm1lsSUPaTOwiB\" publishable-key=\"pk_live_51QZd0SDbUnXm1lsSaHEWOCrbctlr5NJnswwtHH2imsMiHeOBuIWjPrlveh1VWcmRlnB7Tcgnm6fWsSODjv3GmcQr00YiNe0Mgh\">\n<\/stripe-buy-button>\n<\/div>\n\n\n\n<div id=\"wp-block-themeisle-blocks-advanced-column-cab67faa\" class=\"wp-block-themeisle-blocks-advanced-column\">\n<script async=\"\" src=\"https:\/\/js.stripe.com\/v3\/buy-button.js\">\n<\/script>\n\n<stripe-buy-button buy-button-id=\"buy_btn_1Qal9LDbUnXm1lsSUa1nSaZ8\" publishable-key=\"pk_live_51QZd0SDbUnXm1lsSaHEWOCrbctlr5NJnswwtHH2imsMiHeOBuIWjPrlveh1VWcmRlnB7Tcgnm6fWsSODjv3GmcQr00YiNe0Mgh\">\n<\/stripe-buy-button>\n<\/div>\n\n\n\n<div id=\"wp-block-themeisle-blocks-advanced-column-ff5e0b3a\" class=\"wp-block-themeisle-blocks-advanced-column\">\n<script async=\"\" src=\"https:\/\/js.stripe.com\/v3\/buy-button.js\">\n<\/script>\n\n<stripe-buy-button buy-button-id=\"buy_btn_1Qal2mDbUnXm1lsSRmZ6v9bF\" publishable-key=\"pk_live_51QZd0SDbUnXm1lsSaHEWOCrbctlr5NJnswwtHH2imsMiHeOBuIWjPrlveh1VWcmRlnB7Tcgnm6fWsSODjv3GmcQr00YiNe0Mgh\">\n<\/stripe-buy-button>\n<\/div>\n<\/div><\/div>\n<\/div><\/div>\n\n\n\n<div class=\"wp-block-group is-content-justification-center is-nowrap is-layout-flex wp-container-core-group-is-layout-280a8c12 wp-block-group-is-layout-flex\" style=\"padding-top:var(--wp--preset--spacing--30);padding-bottom:var(--wp--preset--spacing--30)\">\n<script async=\"\" src=\"https:\/\/js.stripe.com\/v3\/buy-button.js\">\n<\/script>\n\n<stripe-buy-button buy-button-id=\"buy_btn_1Qam1VDbUnXm1lsSue2meD6s\" publishable-key=\"pk_live_51QZd0SDbUnXm1lsSaHEWOCrbctlr5NJnswwtHH2imsMiHeOBuIWjPrlveh1VWcmRlnB7Tcgnm6fWsSODjv3GmcQr00YiNe0Mgh\">\n<\/stripe-buy-button>\n<\/div>\n<\/div><\/div>\n\n\n\n<hr class=\"wp-block-separator has-alpha-channel-opacity\"\/>\n\n\n\n<p>Nessun vantaggio. Nessun livello di ricompensa. Nessun contenuto esclusivo. Supporti il progetto perch\u00e9 vuoi che continui. Questo \u00e8 tutto.    <\/p>\n\n\n\n<hr class=\"wp-block-separator has-alpha-channel-opacity\"\/>\n\n\n\n<p><strong>Trasparenza:<\/strong><\/p>\n\n\n\n<p>Non pubblichiamo rendiconti finanziari dettagliati (il progetto \u00e8 troppo piccolo per questo), ma i numeri sopra sono reali. Se hai domande: scrivici. <\/p>\n\n\n\n<p>Mother Earth Radio andr\u00e0 avanti finch\u00e9 andr\u00e0 avanti. Con il tuo aiuto, forse pi\u00f9 a lungo. <\/p>\n<\/div>\n<\/div><\/div>\n","protected":false},"excerpt":{"rendered":"","protected":false},"author":1,"featured_media":0,"parent":0,"menu_order":0,"comment_status":"closed","ping_status":"closed","template":"","meta":{"_themeisle_gutenberg_block_has_review":false,"footnotes":""},"class_list":["post-1580","page","type-page","status-publish"],"yoast_head":"<!-- This site is optimized with the Yoast SEO Premium plugin v27.6 (Yoast SEO v27.6) - https:\/\/yoast.com\/product\/yoast-seo-premium-wordpress\/ -->\n<title>Donazioni - The Mother Earth Radio Network<\/title>\n<meta name=\"description\" content=\"Mother Earth Radio \u00e8 gratis. Nessuna pubblicit\u00e0 nello streaming. Nessun paywall. Nessuna interruzione. E deve rimanere tale.\" \/>\n<meta name=\"robots\" content=\"index, follow, max-snippet:-1, max-image-preview:large, max-video-preview:-1\" \/>\n<link rel=\"canonical\" href=\"https:\/\/motherearthradio.de\/it\/donazioni\/\" \/>\n<meta property=\"og:locale\" content=\"it_IT\" \/>\n<meta property=\"og:type\" content=\"article\" \/>\n<meta property=\"og:title\" content=\"Donazioni\" \/>\n<meta property=\"og:description\" content=\"Mother Earth Radio \u00e8 gratis. Nessuna pubblicit\u00e0 nello streaming. Nessun paywall. Nessuna interruzione. E deve rimanere tale.\" \/>\n<meta property=\"og:url\" content=\"https:\/\/motherearthradio.de\/it\/donazioni\/\" \/>\n<meta property=\"og:site_name\" content=\"The Mother Earth Radio Network\" \/>\n<meta property=\"article:modified_time\" content=\"2026-01-05T21:53:59+00:00\" \/>\n<meta property=\"og:image\" content=\"https:\/\/www.paypal.com\/de_DE\/i\/scr\/pixel.gif\" \/>\n<meta name=\"twitter:card\" content=\"summary_large_image\" \/>\n<meta name=\"twitter:label1\" content=\"Tempo di lettura stimato\" \/>\n\t<meta name=\"twitter:data1\" content=\"2 minuto\" \/>\n<script type=\"application\/ld+json\" class=\"yoast-schema-graph\">{\"@context\":\"https:\\\/\\\/schema.org\",\"@graph\":[{\"@type\":\"WebPage\",\"@id\":\"https:\\\/\\\/motherearthradio.de\\\/it\\\/donazioni\\\/\",\"url\":\"https:\\\/\\\/motherearthradio.de\\\/it\\\/donazioni\\\/\",\"name\":\"Donazioni - The Mother Earth Radio Network\",\"isPartOf\":{\"@id\":\"https:\\\/\\\/motherearthradio.de\\\/it\\\/#website\"},\"primaryImageOfPage\":{\"@id\":\"https:\\\/\\\/motherearthradio.de\\\/it\\\/donazioni\\\/#primaryimage\"},\"image\":{\"@id\":\"https:\\\/\\\/motherearthradio.de\\\/it\\\/donazioni\\\/#primaryimage\"},\"thumbnailUrl\":\"https:\\\/\\\/www.paypal.com\\\/de_DE\\\/i\\\/scr\\\/pixel.gif\",\"datePublished\":\"2024-03-27T19:35:59+00:00\",\"dateModified\":\"2026-01-05T21:53:59+00:00\",\"description\":\"Mother Earth Radio \u00e8 gratis. Nessuna pubblicit\u00e0 nello streaming. Nessun paywall. Nessuna interruzione. E deve rimanere tale.\",\"breadcrumb\":{\"@id\":\"https:\\\/\\\/motherearthradio.de\\\/it\\\/donazioni\\\/#breadcrumb\"},\"inLanguage\":\"it-IT\",\"potentialAction\":[{\"@type\":\"ReadAction\",\"target\":[\"https:\\\/\\\/motherearthradio.de\\\/it\\\/donazioni\\\/\"]}]},{\"@type\":\"ImageObject\",\"inLanguage\":\"it-IT\",\"@id\":\"https:\\\/\\\/motherearthradio.de\\\/it\\\/donazioni\\\/#primaryimage\",\"url\":\"https:\\\/\\\/www.paypal.com\\\/de_DE\\\/i\\\/scr\\\/pixel.gif\",\"contentUrl\":\"https:\\\/\\\/www.paypal.com\\\/de_DE\\\/i\\\/scr\\\/pixel.gif\"},{\"@type\":\"BreadcrumbList\",\"@id\":\"https:\\\/\\\/motherearthradio.de\\\/it\\\/donazioni\\\/#breadcrumb\",\"itemListElement\":[{\"@type\":\"ListItem\",\"position\":1,\"name\":\"Pagina iniziale\",\"item\":\"https:\\\/\\\/motherearthradio.de\\\/it\\\/\"},{\"@type\":\"ListItem\",\"position\":2,\"name\":\"Donazioni\"}]},{\"@type\":\"WebSite\",\"@id\":\"https:\\\/\\\/motherearthradio.de\\\/it\\\/#website\",\"url\":\"https:\\\/\\\/motherearthradio.de\\\/it\\\/\",\"name\":\"The Mother Earth Radio Network\",\"description\":\"High Resolution Radio \u2022 Mother Earth Resonance\",\"publisher\":{\"@id\":\"https:\\\/\\\/motherearthradio.de\\\/it\\\/#organization\"},\"alternateName\":\"Mother Earth Radio\",\"potentialAction\":[{\"@type\":\"SearchAction\",\"target\":{\"@type\":\"EntryPoint\",\"urlTemplate\":\"https:\\\/\\\/motherearthradio.de\\\/it\\\/?s={search_term_string}\"},\"query-input\":{\"@type\":\"PropertyValueSpecification\",\"valueRequired\":true,\"valueName\":\"search_term_string\"}}],\"inLanguage\":\"it-IT\"},{\"@type\":\"Organization\",\"@id\":\"https:\\\/\\\/motherearthradio.de\\\/it\\\/#organization\",\"name\":\"Mother Earth Radio\",\"alternateName\":\"Mother Earth Radio\",\"url\":\"https:\\\/\\\/motherearthradio.de\\\/it\\\/\",\"logo\":{\"@type\":\"ImageObject\",\"inLanguage\":\"it-IT\",\"@id\":\"https:\\\/\\\/motherearthradio.de\\\/it\\\/#\\\/schema\\\/logo\\\/image\\\/\",\"url\":\"https:\\\/\\\/motherearthradio.de\\\/wp-content\\\/uploads\\\/2025\\\/12\\\/mer-logo-cube-bold-1x-512.png\",\"contentUrl\":\"https:\\\/\\\/motherearthradio.de\\\/wp-content\\\/uploads\\\/2025\\\/12\\\/mer-logo-cube-bold-1x-512.png\",\"width\":512,\"height\":512,\"caption\":\"Mother Earth Radio\"},\"image\":{\"@id\":\"https:\\\/\\\/motherearthradio.de\\\/it\\\/#\\\/schema\\\/logo\\\/image\\\/\"},\"sameAs\":[\"https:\\\/\\\/www.youtube.com\\\/channel\\\/UCX5xCDGKQ9wCS1myWo6_nwg\",\"https:\\\/\\\/www.instagram.com\\\/mother.earth.radio\\\/\"],\"description\":\"Das weltweit erste High Resolution Radio in 192 kHz FLAC. Vinyl-Digitalisierung, keine AI-Musik, kuratiert von Florian Reiterer. Mother Earth Resonance Software - der lebendige Kammerton\",\"email\":\"info@motherearthradio.de\",\"telephone\":\"00498920977034\",\"foundingDate\":\"2020-02-20\",\"numberOfEmployees\":{\"@type\":\"QuantitativeValue\",\"minValue\":\"1\",\"maxValue\":\"10\"}}]}<\/script>\n<!-- \/ Yoast SEO Premium plugin. -->","yoast_head_json":{"title":"Donazioni - The Mother Earth Radio Network","description":"Mother Earth Radio \u00e8 gratis. Nessuna pubblicit\u00e0 nello streaming. Nessun paywall. Nessuna interruzione. E deve rimanere tale.","robots":{"index":"index","follow":"follow","max-snippet":"max-snippet:-1","max-image-preview":"max-image-preview:large","max-video-preview":"max-video-preview:-1"},"canonical":"https:\/\/motherearthradio.de\/it\/donazioni\/","og_locale":"it_IT","og_type":"article","og_title":"Donazioni","og_description":"Mother Earth Radio \u00e8 gratis. Nessuna pubblicit\u00e0 nello streaming. Nessun paywall. Nessuna interruzione. E deve rimanere tale.","og_url":"https:\/\/motherearthradio.de\/it\/donazioni\/","og_site_name":"The Mother Earth Radio Network","article_modified_time":"2026-01-05T21:53:59+00:00","og_image":[{"url":"https:\/\/www.paypal.com\/de_DE\/i\/scr\/pixel.gif","type":"","width":"","height":""}],"twitter_card":"summary_large_image","twitter_misc":{"Tempo di lettura stimato":"2 minuto"},"schema":{"@context":"https:\/\/schema.org","@graph":[{"@type":"WebPage","@id":"https:\/\/motherearthradio.de\/it\/donazioni\/","url":"https:\/\/motherearthradio.de\/it\/donazioni\/","name":"Donazioni - The Mother Earth Radio Network","isPartOf":{"@id":"https:\/\/motherearthradio.de\/it\/#website"},"primaryImageOfPage":{"@id":"https:\/\/motherearthradio.de\/it\/donazioni\/#primaryimage"},"image":{"@id":"https:\/\/motherearthradio.de\/it\/donazioni\/#primaryimage"},"thumbnailUrl":"https:\/\/www.paypal.com\/de_DE\/i\/scr\/pixel.gif","datePublished":"2024-03-27T19:35:59+00:00","dateModified":"2026-01-05T21:53:59+00:00","description":"Mother Earth Radio \u00e8 gratis. Nessuna pubblicit\u00e0 nello streaming. Nessun paywall. Nessuna interruzione. E deve rimanere tale.","breadcrumb":{"@id":"https:\/\/motherearthradio.de\/it\/donazioni\/#breadcrumb"},"inLanguage":"it-IT","potentialAction":[{"@type":"ReadAction","target":["https:\/\/motherearthradio.de\/it\/donazioni\/"]}]},{"@type":"ImageObject","inLanguage":"it-IT","@id":"https:\/\/motherearthradio.de\/it\/donazioni\/#primaryimage","url":"https:\/\/www.paypal.com\/de_DE\/i\/scr\/pixel.gif","contentUrl":"https:\/\/www.paypal.com\/de_DE\/i\/scr\/pixel.gif"},{"@type":"BreadcrumbList","@id":"https:\/\/motherearthradio.de\/it\/donazioni\/#breadcrumb","itemListElement":[{"@type":"ListItem","position":1,"name":"Pagina iniziale","item":"https:\/\/motherearthradio.de\/it\/"},{"@type":"ListItem","position":2,"name":"Donazioni"}]},{"@type":"WebSite","@id":"https:\/\/motherearthradio.de\/it\/#website","url":"https:\/\/motherearthradio.de\/it\/","name":"The Mother Earth Radio Network","description":"High Resolution Radio \u2022 Mother Earth Resonance","publisher":{"@id":"https:\/\/motherearthradio.de\/it\/#organization"},"alternateName":"Mother Earth Radio","potentialAction":[{"@type":"SearchAction","target":{"@type":"EntryPoint","urlTemplate":"https:\/\/motherearthradio.de\/it\/?s={search_term_string}"},"query-input":{"@type":"PropertyValueSpecification","valueRequired":true,"valueName":"search_term_string"}}],"inLanguage":"it-IT"},{"@type":"Organization","@id":"https:\/\/motherearthradio.de\/it\/#organization","name":"Mother Earth Radio","alternateName":"Mother Earth Radio","url":"https:\/\/motherearthradio.de\/it\/","logo":{"@type":"ImageObject","inLanguage":"it-IT","@id":"https:\/\/motherearthradio.de\/it\/#\/schema\/logo\/image\/","url":"https:\/\/motherearthradio.de\/wp-content\/uploads\/2025\/12\/mer-logo-cube-bold-1x-512.png","contentUrl":"https:\/\/motherearthradio.de\/wp-content\/uploads\/2025\/12\/mer-logo-cube-bold-1x-512.png","width":512,"height":512,"caption":"Mother Earth Radio"},"image":{"@id":"https:\/\/motherearthradio.de\/it\/#\/schema\/logo\/image\/"},"sameAs":["https:\/\/www.youtube.com\/channel\/UCX5xCDGKQ9wCS1myWo6_nwg","https:\/\/www.instagram.com\/mother.earth.radio\/"],"description":"Das weltweit erste High Resolution Radio in 192 kHz FLAC. Vinyl-Digitalisierung, keine AI-Musik, kuratiert von Florian Reiterer. Mother Earth Resonance Software - der lebendige Kammerton","email":"info@motherearthradio.de","telephone":"00498920977034","foundingDate":"2020-02-20","numberOfEmployees":{"@type":"QuantitativeValue","minValue":"1","maxValue":"10"}}]}},"_links":{"self":[{"href":"https:\/\/motherearthradio.de\/it\/wp-json\/wp\/v2\/pages\/1580","targetHints":{"allow":["GET"]}}],"collection":[{"href":"https:\/\/motherearthradio.de\/it\/wp-json\/wp\/v2\/pages"}],"about":[{"href":"https:\/\/motherearthradio.de\/it\/wp-json\/wp\/v2\/types\/page"}],"author":[{"embeddable":true,"href":"https:\/\/motherearthradio.de\/it\/wp-json\/wp\/v2\/users\/1"}],"replies":[{"embeddable":true,"href":"https:\/\/motherearthradio.de\/it\/wp-json\/wp\/v2\/comments?post=1580"}],"version-history":[{"count":2,"href":"https:\/\/motherearthradio.de\/it\/wp-json\/wp\/v2\/pages\/1580\/revisions"}],"predecessor-version":[{"id":9966,"href":"https:\/\/motherearthradio.de\/it\/wp-json\/wp\/v2\/pages\/1580\/revisions\/9966"}],"wp:attachment":[{"href":"https:\/\/motherearthradio.de\/it\/wp-json\/wp\/v2\/media?parent=1580"}],"curies":[{"name":"wp","href":"https:\/\/api.w.org\/{rel}","templated":true}]}}