{"id":4261,"date":"2025-03-25T17:37:08","date_gmt":"2025-03-25T16:37:08","guid":{"rendered":"https:\/\/motherearthradio.de\/?page_id=4261"},"modified":"2026-04-23T21:19:40","modified_gmt":"2026-04-23T19:19:40","slug":"mother-earth-jazz-on-air","status":"publish","type":"page","link":"https:\/\/motherearthradio.de\/it\/mother-earth-jazz-on-air\/","title":{"rendered":"Mother Earth Jazz On Air"},"content":{"rendered":"\n<div id=\"wp-block-themeisle-blocks-advanced-columns-f8675704\" class=\"wp-block-themeisle-blocks-advanced-columns alignwide has-1-columns has-desktop-equal-layout has-tablet-equal-layout has-mobile-equal-layout has-vertical-unset\"><div class=\"wp-block-themeisle-blocks-advanced-columns-overlay\"><\/div><div class=\"innerblocks-wrap\">\n<div id=\"wp-block-themeisle-blocks-advanced-column-280ff229\" class=\"wp-block-themeisle-blocks-advanced-column\">\n<h1 class=\"wp-block-heading has-x-large-font-size\">MOTHER EARTH JAZZ \u2013 DAL COOL AL FREE<\/h1>\n\n\n\n<p>High Resolution Radio: Jazz. Live in FLAC fino a 192 kHz.  Selezionato con cura. <br\/>Gratis nel web player. In streaming a 192 kHz. <\/p>\n\n\n\n<p><em>\u2726 Nuovo nella famiglia: <strong>Mother Earth Resonance<\/strong> \u2014 il diapason vivente \u2192 <a href=\"https:\/\/resonance.motherearthradio.de\">scopri di pi\u00f9<\/a><\/em><\/p>\n\n\n\n<div id=\"wp-block-themeisle-blocks-advanced-columns-83687e49\" class=\"wp-block-themeisle-blocks-advanced-columns has-1-columns has-desktop-equal-layout has-tablet-equal-layout has-mobile-equal-layout has-vertical-unset\"><div class=\"wp-block-themeisle-blocks-advanced-columns-overlay\"><\/div><div class=\"innerblocks-wrap\">\n<div id=\"wp-block-themeisle-blocks-advanced-column-6afc4974\" class=\"wp-block-themeisle-blocks-advanced-column\">\n<figure class=\"wp-block-audio\"><audio controls=\"\" src=\"https:\/\/stream.motherearthradio.de\/listen\/motherearth_jazz\/motherearth.jazz.flac-lo\"><\/audio><\/figure>\n\n\n\n<p>\u26a0\ufe0f Web-Player: solo streaming di base:<br\/>Nessuna info sull&#8217;artista, copertina o cronologia \u2022 Solo 96 kHz invece di 192 kHz<br\/>\u2705 Nelle app: esperienza completa:<br\/>192 kHz \u2022 Metadati \u2022 Copertina \u2022 Cronologia dei brani \u2022 Richieste<\/p>\n\n\n\n<div id=\"wp-block-themeisle-blocks-advanced-columns-a24c1430\" class=\"wp-block-themeisle-blocks-advanced-columns has-3-columns has-desktop-equal-layout has-tablet-equal-layout has-mobile-collapsedRows-layout has-vertical-unset\"><div class=\"wp-block-themeisle-blocks-advanced-columns-overlay\"><\/div><div class=\"innerblocks-wrap\">\n<div id=\"wp-block-themeisle-blocks-advanced-column-d6feaa49\" class=\"wp-block-themeisle-blocks-advanced-column\">\n<figure class=\"wp-block-image size-full is-resized\"><a href=\"https:\/\/apps.microsoft.com\/detail\/9pbc5prxxx71?hl=de-DE&amp;gl=DE\" target=\"_blank\" rel=\" noreferrer noopener\"><img loading=\"lazy\" decoding=\"async\" width=\"161\" height=\"44\" src=\"https:\/\/motherearthradio.de\/wp-content\/uploads\/2025\/12\/en-us-dark-541c0d.svg\" alt=\"Radio Internet ad alta qualit&#xE0; nel Microsoft Store\" class=\"wp-image-8964\" style=\"width:243px;height:auto\"\/><\/a><figcaption class=\"wp-element-caption\">16.99\u20ac \u2022 Windows 10\/11 &#8211; 7 giorni di prova gratuita!<\/figcaption><\/figure>\n<\/div>\n\n\n\n<div id=\"wp-block-themeisle-blocks-advanced-column-45d39b6d\" class=\"wp-block-themeisle-blocks-advanced-column\">\n<figure class=\"wp-block-image size-full is-resized\"><a href=\"https:\/\/play.google.com\/store\/apps\/details?id=appinventor.ai_munichbassa.Mother_Earth_Radio&amp;pcampaignid=web_share\" target=\"_blank\" rel=\" noreferrer noopener\"><img loading=\"lazy\" decoding=\"async\" width=\"646\" height=\"250\" src=\"https:\/\/motherearthradio.de\/wp-content\/uploads\/2025\/12\/en_badge_web_generic.png\" alt=\"Mother Earth Radio su Google Play\" class=\"wp-image-8963\" style=\"aspect-ratio:2.5842896013249734;width:251px;height:auto\" srcset=\"https:\/\/motherearthradio.de\/wp-content\/uploads\/2025\/12\/en_badge_web_generic.png 646w, https:\/\/motherearthradio.de\/wp-content\/uploads\/2025\/12\/en_badge_web_generic-300x116.png 300w\" sizes=\"auto, (max-width: 646px) 100vw, 646px\" \/><\/a><figcaption class=\"wp-element-caption\">19.99\u20ac \u2022 Mobile \u2022 Chromecast \u2022 Smart TV<\/figcaption><\/figure>\n<\/div>\n\n\n\n<div id=\"wp-block-themeisle-blocks-advanced-column-ca836dd3\" class=\"wp-block-themeisle-blocks-advanced-column\">\n<figure class=\"wp-block-image size-full is-resized\"><a href=\"https:\/\/apps.apple.com\/app\/mother-earth-radio\/id6756082949\" target=\"_blank\" rel=\" noreferrer noopener\"><img loading=\"lazy\" decoding=\"async\" width=\"119\" height=\"40\" src=\"https:\/\/motherearthradio.de\/wp-content\/uploads\/2025\/12\/en-us-26a479.svg\" alt=\"\" class=\"wp-image-8965\" style=\"aspect-ratio:2.991819244253993;width:147px;height:auto\"\/><\/a><figcaption class=\"wp-element-caption\">24.99\u20ac \u2022 iPhone \u2022 iPad \u2022 Mac<\/figcaption><\/figure>\n<\/div>\n<\/div><\/div>\n\n\n\n<div id=\"wp-block-themeisle-blocks-advanced-columns-c668e653\" class=\"wp-block-themeisle-blocks-advanced-columns alignwide has-1-columns has-desktop-equal-layout has-tablet-equal-layout has-mobile-equal-layout has-vertical-unset\"><div class=\"wp-block-themeisle-blocks-advanced-columns-overlay\"><\/div><div class=\"innerblocks-wrap\">\n<div id=\"wp-block-themeisle-blocks-advanced-column-4dd9d315\" class=\"wp-block-themeisle-blocks-advanced-column\">\n<div class=\"wp-block-group alignwide is-content-justification-space-between is-nowrap is-layout-flex wp-container-core-group-is-layout-0dfbf163 wp-block-group-is-layout-flex\">\n<figure class=\"wp-block-image size-thumbnail\"><img loading=\"lazy\" decoding=\"async\" width=\"150\" height=\"150\" src=\"https:\/\/motherearthradio.de\/wp-content\/uploads\/2026\/01\/Hi-Res_Radio-logo-150x150.png\" alt=\"High Resolution Radio\" class=\"wp-image-9973\" srcset=\"https:\/\/motherearthradio.de\/wp-content\/uploads\/2026\/01\/Hi-Res_Radio-logo-150x150.png 150w, https:\/\/motherearthradio.de\/wp-content\/uploads\/2026\/01\/Hi-Res_Radio-logo.png 256w\" sizes=\"auto, (max-width: 150px) 100vw, 150px\" \/><\/figure>\n\n\n\n<figure class=\"wp-block-image size-thumbnail\"><img loading=\"lazy\" decoding=\"async\" width=\"150\" height=\"150\" src=\"https:\/\/motherearthradio.de\/wp-content\/uploads\/2024\/03\/mergoldcube512-150x150.png\" alt=\"Mother Earth Radio\" class=\"wp-image-79\" srcset=\"https:\/\/motherearthradio.de\/wp-content\/uploads\/2024\/03\/mergoldcube512-150x150.png 150w, https:\/\/motherearthradio.de\/wp-content\/uploads\/2024\/03\/mergoldcube512-300x300.png 300w, https:\/\/motherearthradio.de\/wp-content\/uploads\/2024\/03\/mergoldcube512.png 512w\" sizes=\"auto, (max-width: 150px) 100vw, 150px\" \/><\/figure>\n<\/div>\n<\/div>\n<\/div><\/div>\n<\/div>\n<\/div><\/div>\n\n\n\n<hr class=\"wp-block-separator has-alpha-channel-opacity\"\/>\n\n\n\n<div id=\"wp-block-themeisle-blocks-advanced-columns-04738316\" class=\"wp-block-themeisle-blocks-advanced-columns has-1-columns has-desktop-equal-layout has-tablet-equal-layout has-mobile-equal-layout has-vertical-unset\"><div class=\"wp-block-themeisle-blocks-advanced-columns-overlay\"><\/div><div class=\"innerblocks-wrap\">\n<div id=\"wp-block-themeisle-blocks-advanced-column-a68c6fc1\" class=\"wp-block-themeisle-blocks-advanced-column\">\n<p><strong>Cos&#8217;\u00e8 Mother Earth Jazz?<\/strong><\/p>\n\n\n\n<p>Musica di persone che hanno scelto la libert\u00e0. Nella vita e nella musica. Niente compromessi, niente piano B.  <\/p>\n\n\n\n<p><strong>Un esempio.<\/strong><\/p>\n\n\n\n<p>Ornette Coleman suonava senza accordi. Non perch\u00e9 non li conoscesse, ma perch\u00e9 lo imprigionavano. Non ha abolito le armonie perch\u00e9 non fosse in grado di usarle, ma perch\u00e9 gli intralciavano la strada. Questo \u00e8 il jazz: non la musica, ma l&#8217;attitudine. La decisione di continuare a suonare invece di ripetere.     <\/p>\n\n\n\n<p>Joachim K\u00fchn, nato nel 1944 a Lipsia, formazione classica, avviato alla carriera di pianista concertista \u2014 finch\u00e9 suo fratello Rolf non gli port\u00f2 un disco di Coltrane dall&#8217;Ovest. Da quel momento, il jazz divenne la sua vita. K\u00fchn divenne il pianista pi\u00f9 influente della scena della DDR. Ma uno Stato che vedeva la libert\u00e0 come una minaccia non era compatibile con Joachim K\u00fchn. Nel 1966 approfitt\u00f2 di un invito a Vienna e non torn\u00f2 pi\u00f9 indietro. La SED gli aveva fatto giurare di tornare. Lui giur\u00f2. E se ne and\u00f2.       <\/p>\n\n\n\n<p>Dieci anni. Dieci ore al giorno. K\u00fchn si \u00e8 preparato per saper fare tutto \u2014 e poi dimenticare tutto. Coleman non amava i pianisti. Lo strumento ragiona per accordi, e gli accordi erano esattamente ci\u00f2 che Coleman non voleva. K\u00fchn fu uno dei pochi con cui suon\u00f2 comunque. Perch\u00e9 K\u00fchn era pronto a lasciarsi andare completamente.      <\/p>\n\n\n\n<p>Libert\u00e0.<\/p>\n\n\n\n<p>\u201cLet&#8217;s play, Ornette.\u201d<\/p>\n<\/div>\n<\/div><\/div>\n\n\n\n<div id=\"wp-block-themeisle-blocks-advanced-columns-afb82773\" class=\"wp-block-themeisle-blocks-advanced-columns has-1-columns has-desktop-equal-layout has-tablet-equal-layout has-mobile-equal-layout has-vertical-unset\"><div class=\"wp-block-themeisle-blocks-advanced-columns-overlay\"><\/div><div class=\"innerblocks-wrap\">\n<div id=\"wp-block-themeisle-blocks-advanced-column-ede8506f\" class=\"wp-block-themeisle-blocks-advanced-column\">\n<h2 class=\"wp-block-heading\" id=\"h-hor-jetzt-jazz-radio-online-apps-fur-volles-erlebnis\">Ascolta ora Jazz Radio online. App per un&#8217;esperienza completa.<\/h2>\n\n\n\n<p>Ascolta Jazz gratis: Prova nel web player o con la massima qualit\u00e0 nelle app. Metadati, Cover Art, Cronologia brani. <br\/><\/p>\n\n\n\n<figure class=\"wp-block-table is-style-stripes has-medium-font-size\"><table class=\"has-fixed-layout\"><tbody><tr><td><\/td><td>Web Player<\/td><td>App<\/td><td>App + DAC USB<\/td><td>Streamer hardware<\/td><\/tr><tr><td>FLAC 192 kHz<\/td><td>\u274c<\/td><td>\u2705<\/td><td>\u2705<\/td><td>\u2705<\/td><\/tr><tr><td>Metadati<\/td><td>\u274c<\/td><td>\u2705<\/td><td>\u2705<\/td><td>\u274c<\/td><\/tr><tr><td>Audio Nativo<\/td><td>\u274c<\/td><td>\u2705<\/td><td>\u2705<\/td><td>&#8211;<\/td><\/tr><tr><td>La soluzione migliore<\/td><td><\/td><td><\/td><td>\ud83d\udc51<\/td><td><\/td><\/tr><\/tbody><\/table><\/figure>\n\n\n\n<p>Pagamento unico. Nessun abbonamento. <\/p>\n\n\n\n<div id=\"wp-block-themeisle-blocks-advanced-columns-4da70d4c\" class=\"wp-block-themeisle-blocks-advanced-columns has-3-columns has-desktop-equal-layout has-tablet-equal-layout has-mobile-collapsedRows-layout has-vertical-unset\"><div class=\"wp-block-themeisle-blocks-advanced-columns-overlay\"><\/div><div class=\"innerblocks-wrap\">\n<div id=\"wp-block-themeisle-blocks-advanced-column-fb3b5d8f\" class=\"wp-block-themeisle-blocks-advanced-column\">\n<figure class=\"wp-block-image size-full is-resized\"><a href=\"https:\/\/apps.microsoft.com\/detail\/9pbc5prxxx71\" target=\"_blank\" rel=\" noreferrer noopener\"><img loading=\"lazy\" decoding=\"async\" width=\"161\" height=\"44\" src=\"https:\/\/motherearthradio.de\/wp-content\/uploads\/2025\/12\/en-us-dark-541c0d.svg\" alt=\"Radio Internet ad alta qualit&#xE0; nel Microsoft Store\" class=\"wp-image-8964\" style=\"width:243px;height:auto\"\/><\/a><figcaption class=\"wp-element-caption\">16.99\u20ac \u2022 Windows 10\/11 &#8211; 7 giorni di prova gratuita!<\/figcaption><\/figure>\n<\/div>\n\n\n\n<div id=\"wp-block-themeisle-blocks-advanced-column-f233f790\" class=\"wp-block-themeisle-blocks-advanced-column\">\n<figure class=\"wp-block-image size-full is-resized\"><a href=\"https:\/\/play.google.com\/store\/apps\/details?id=appinventor.ai_munichbassa.Mother_Earth_Radio&amp;pcampaignid=web_share\" target=\"_blank\" rel=\" noreferrer noopener\"><img loading=\"lazy\" decoding=\"async\" width=\"646\" height=\"250\" src=\"https:\/\/motherearthradio.de\/wp-content\/uploads\/2025\/12\/en_badge_web_generic.png\" alt=\"Mother Earth Radio su Google Play\" class=\"wp-image-8963\" style=\"aspect-ratio:2.5842896013249734;width:251px;height:auto\" srcset=\"https:\/\/motherearthradio.de\/wp-content\/uploads\/2025\/12\/en_badge_web_generic.png 646w, https:\/\/motherearthradio.de\/wp-content\/uploads\/2025\/12\/en_badge_web_generic-300x116.png 300w\" sizes=\"auto, (max-width: 646px) 100vw, 646px\" \/><\/a><figcaption class=\"wp-element-caption\">19.99\u20ac \u2022 Mobile \u2022 Chromecast \u2022 Smart TV<\/figcaption><\/figure>\n<\/div>\n\n\n\n<div id=\"wp-block-themeisle-blocks-advanced-column-359c3bbd\" class=\"wp-block-themeisle-blocks-advanced-column\">\n<figure class=\"wp-block-image size-full is-resized\"><a href=\"https:\/\/apps.apple.com\/app\/mother-earth-radio\/id6756082949\" target=\"_blank\" rel=\" noreferrer noopener\"><img loading=\"lazy\" decoding=\"async\" width=\"119\" height=\"40\" src=\"https:\/\/motherearthradio.de\/wp-content\/uploads\/2025\/12\/en-us-26a479.svg\" alt=\"\" class=\"wp-image-8965\" style=\"aspect-ratio:2.991819244253993;width:147px;height:auto\"\/><\/a><figcaption class=\"wp-element-caption\">24.99\u20ac \u2022 iPhone \u2022 iPad \u2022 Mac<\/figcaption><\/figure>\n<\/div>\n<\/div><\/div>\n<\/div>\n<\/div><\/div>\n\n\n\n<p><a href=\"https:\/\/motherearthradio.de\/internetradio-hohe-qualitaet\/\">[\u2192 Scopri di pi\u00f9 sulla nostra qualit\u00e0 audio]<\/a><\/p>\n\n\n<\/div>\n<\/div><\/div>\n","protected":false},"excerpt":{"rendered":"","protected":false},"author":1,"featured_media":0,"parent":0,"menu_order":0,"comment_status":"closed","ping_status":"closed","template":"","meta":{"_themeisle_gutenberg_block_has_review":false,"footnotes":""},"class_list":["post-4261","page","type-page","status-publish"],"yoast_head":"<!-- This site is optimized with the Yoast SEO Premium plugin v27.4 (Yoast SEO v27.4) - https:\/\/yoast.com\/product\/yoast-seo-premium-wordpress\/ -->\n<title>Mother Earth Jazz \u2013 Ascolta la radio Jazz Hi-Res FLAC in diretta<\/title>\n<meta name=\"description\" content=\"Mother Earth Jazz: Radio Jazz online in Hi-Res FLAC. Dall&#039;ECM al Free Jazz. Ascolta Jazz gratuitamente nel web player. Ascolta ora.\" \/>\n<meta name=\"robots\" content=\"index, follow, max-snippet:-1, max-image-preview:large, max-video-preview:-1\" \/>\n<link rel=\"canonical\" href=\"https:\/\/motherearthradio.de\/it\/mother-earth-jazz-on-air\/\" \/>\n<meta property=\"og:locale\" content=\"it_IT\" \/>\n<meta property=\"og:type\" content=\"article\" \/>\n<meta property=\"og:title\" content=\"Mother Earth Jazz On Air\" \/>\n<meta property=\"og:description\" content=\"Mother Earth Jazz: Radio Jazz online in Hi-Res FLAC. Dall&#039;ECM al Free Jazz. Ascolta Jazz gratuitamente nel web player. Ascolta ora.\" \/>\n<meta property=\"og:url\" content=\"https:\/\/motherearthradio.de\/it\/mother-earth-jazz-on-air\/\" \/>\n<meta property=\"og:site_name\" content=\"The Mother Earth Radio Network\" \/>\n<meta property=\"article:modified_time\" content=\"2026-04-23T19:19:40+00:00\" \/>\n<meta property=\"og:image\" content=\"https:\/\/motherearthradio.de\/wp-content\/uploads\/2024\/03\/biglogo.png\" \/>\n\t<meta property=\"og:image:width\" content=\"1200\" \/>\n\t<meta property=\"og:image:height\" content=\"728\" \/>\n\t<meta property=\"og:image:type\" content=\"image\/png\" \/>\n<meta name=\"twitter:card\" content=\"summary_large_image\" \/>\n<meta name=\"twitter:label1\" content=\"Tempo di lettura stimato\" \/>\n\t<meta name=\"twitter:data1\" content=\"2 minuto\" \/>\n<script type=\"application\/ld+json\" class=\"yoast-schema-graph\">{\"@context\":\"https:\\\/\\\/schema.org\",\"@graph\":[{\"@type\":\"WebPage\",\"@id\":\"https:\\\/\\\/motherearthradio.de\\\/it\\\/mother-earth-jazz-on-air\\\/\",\"url\":\"https:\\\/\\\/motherearthradio.de\\\/it\\\/mother-earth-jazz-on-air\\\/\",\"name\":\"Mother Earth Jazz \u2013 Ascolta la radio Jazz Hi-Res FLAC in diretta\",\"isPartOf\":{\"@id\":\"https:\\\/\\\/motherearthradio.de\\\/it\\\/#website\"},\"primaryImageOfPage\":{\"@id\":\"https:\\\/\\\/motherearthradio.de\\\/it\\\/mother-earth-jazz-on-air\\\/#primaryimage\"},\"image\":{\"@id\":\"https:\\\/\\\/motherearthradio.de\\\/it\\\/mother-earth-jazz-on-air\\\/#primaryimage\"},\"thumbnailUrl\":\"https:\\\/\\\/motherearthradio.de\\\/wp-content\\\/uploads\\\/2025\\\/12\\\/en-us-dark-541c0d.svg\",\"datePublished\":\"2025-03-25T16:37:08+00:00\",\"dateModified\":\"2026-04-23T19:19:40+00:00\",\"description\":\"Mother Earth Jazz: Radio Jazz online in Hi-Res FLAC. Dall'ECM al Free Jazz. Ascolta Jazz gratuitamente nel web player. Ascolta ora.\",\"breadcrumb\":{\"@id\":\"https:\\\/\\\/motherearthradio.de\\\/it\\\/mother-earth-jazz-on-air\\\/#breadcrumb\"},\"inLanguage\":\"it-IT\",\"potentialAction\":[{\"@type\":\"ReadAction\",\"target\":[\"https:\\\/\\\/motherearthradio.de\\\/it\\\/mother-earth-jazz-on-air\\\/\"]}]},{\"@type\":\"ImageObject\",\"inLanguage\":\"it-IT\",\"@id\":\"https:\\\/\\\/motherearthradio.de\\\/it\\\/mother-earth-jazz-on-air\\\/#primaryimage\",\"url\":\"https:\\\/\\\/motherearthradio.de\\\/wp-content\\\/uploads\\\/2025\\\/12\\\/en-us-dark-541c0d.svg\",\"contentUrl\":\"https:\\\/\\\/motherearthradio.de\\\/wp-content\\\/uploads\\\/2025\\\/12\\\/en-us-dark-541c0d.svg\"},{\"@type\":\"BreadcrumbList\",\"@id\":\"https:\\\/\\\/motherearthradio.de\\\/it\\\/mother-earth-jazz-on-air\\\/#breadcrumb\",\"itemListElement\":[{\"@type\":\"ListItem\",\"position\":1,\"name\":\"Pagina iniziale\",\"item\":\"https:\\\/\\\/motherearthradio.de\\\/it\\\/\"},{\"@type\":\"ListItem\",\"position\":2,\"name\":\"Mother Earth Jazz On Air\"}]},{\"@type\":\"WebSite\",\"@id\":\"https:\\\/\\\/motherearthradio.de\\\/it\\\/#website\",\"url\":\"https:\\\/\\\/motherearthradio.de\\\/it\\\/\",\"name\":\"The Mother Earth Radio Network\",\"description\":\"High Resolution Radio \u2022 Mother Earth Resonance\",\"publisher\":{\"@id\":\"https:\\\/\\\/motherearthradio.de\\\/it\\\/#organization\"},\"alternateName\":\"Mother Earth Radio\",\"potentialAction\":[{\"@type\":\"SearchAction\",\"target\":{\"@type\":\"EntryPoint\",\"urlTemplate\":\"https:\\\/\\\/motherearthradio.de\\\/it\\\/?s={search_term_string}\"},\"query-input\":{\"@type\":\"PropertyValueSpecification\",\"valueRequired\":true,\"valueName\":\"search_term_string\"}}],\"inLanguage\":\"it-IT\"},{\"@type\":\"Organization\",\"@id\":\"https:\\\/\\\/motherearthradio.de\\\/it\\\/#organization\",\"name\":\"Mother Earth Radio\",\"alternateName\":\"Mother Earth Radio\",\"url\":\"https:\\\/\\\/motherearthradio.de\\\/it\\\/\",\"logo\":{\"@type\":\"ImageObject\",\"inLanguage\":\"it-IT\",\"@id\":\"https:\\\/\\\/motherearthradio.de\\\/it\\\/#\\\/schema\\\/logo\\\/image\\\/\",\"url\":\"https:\\\/\\\/motherearthradio.de\\\/wp-content\\\/uploads\\\/2025\\\/12\\\/mer-logo-cube-bold-1x-512.png\",\"contentUrl\":\"https:\\\/\\\/motherearthradio.de\\\/wp-content\\\/uploads\\\/2025\\\/12\\\/mer-logo-cube-bold-1x-512.png\",\"width\":512,\"height\":512,\"caption\":\"Mother Earth Radio\"},\"image\":{\"@id\":\"https:\\\/\\\/motherearthradio.de\\\/it\\\/#\\\/schema\\\/logo\\\/image\\\/\"},\"sameAs\":[\"https:\\\/\\\/www.youtube.com\\\/channel\\\/UCX5xCDGKQ9wCS1myWo6_nwg\",\"https:\\\/\\\/www.instagram.com\\\/mother.earth.radio\\\/\"],\"description\":\"Das weltweit erste High Resolution Radio in 192 kHz FLAC. Vinyl-Digitalisierung, keine AI-Musik, kuratiert von Florian Reiterer. Mother Earth Resonance Software - der lebendige Kammerton\",\"email\":\"info@motherearthradio.de\",\"telephone\":\"00498920977034\",\"foundingDate\":\"2020-02-20\",\"numberOfEmployees\":{\"@type\":\"QuantitativeValue\",\"minValue\":\"1\",\"maxValue\":\"10\"}}]}<\/script>\n<!-- \/ Yoast SEO Premium plugin. -->","yoast_head_json":{"title":"Mother Earth Jazz \u2013 Ascolta la radio Jazz Hi-Res FLAC in diretta","description":"Mother Earth Jazz: Radio Jazz online in Hi-Res FLAC. Dall'ECM al Free Jazz. Ascolta Jazz gratuitamente nel web player. Ascolta ora.","robots":{"index":"index","follow":"follow","max-snippet":"max-snippet:-1","max-image-preview":"max-image-preview:large","max-video-preview":"max-video-preview:-1"},"canonical":"https:\/\/motherearthradio.de\/it\/mother-earth-jazz-on-air\/","og_locale":"it_IT","og_type":"article","og_title":"Mother Earth Jazz On Air","og_description":"Mother Earth Jazz: Radio Jazz online in Hi-Res FLAC. Dall'ECM al Free Jazz. Ascolta Jazz gratuitamente nel web player. Ascolta ora.","og_url":"https:\/\/motherearthradio.de\/it\/mother-earth-jazz-on-air\/","og_site_name":"The Mother Earth Radio Network","article_modified_time":"2026-04-23T19:19:40+00:00","og_image":[{"width":1200,"height":728,"url":"https:\/\/motherearthradio.de\/wp-content\/uploads\/2024\/03\/biglogo.png","type":"image\/png"}],"twitter_card":"summary_large_image","twitter_misc":{"Tempo di lettura stimato":"2 minuto"},"schema":{"@context":"https:\/\/schema.org","@graph":[{"@type":"WebPage","@id":"https:\/\/motherearthradio.de\/it\/mother-earth-jazz-on-air\/","url":"https:\/\/motherearthradio.de\/it\/mother-earth-jazz-on-air\/","name":"Mother Earth Jazz \u2013 Ascolta la radio Jazz Hi-Res FLAC in diretta","isPartOf":{"@id":"https:\/\/motherearthradio.de\/it\/#website"},"primaryImageOfPage":{"@id":"https:\/\/motherearthradio.de\/it\/mother-earth-jazz-on-air\/#primaryimage"},"image":{"@id":"https:\/\/motherearthradio.de\/it\/mother-earth-jazz-on-air\/#primaryimage"},"thumbnailUrl":"https:\/\/motherearthradio.de\/wp-content\/uploads\/2025\/12\/en-us-dark-541c0d.svg","datePublished":"2025-03-25T16:37:08+00:00","dateModified":"2026-04-23T19:19:40+00:00","description":"Mother Earth Jazz: Radio Jazz online in Hi-Res FLAC. Dall'ECM al Free Jazz. Ascolta Jazz gratuitamente nel web player. Ascolta ora.","breadcrumb":{"@id":"https:\/\/motherearthradio.de\/it\/mother-earth-jazz-on-air\/#breadcrumb"},"inLanguage":"it-IT","potentialAction":[{"@type":"ReadAction","target":["https:\/\/motherearthradio.de\/it\/mother-earth-jazz-on-air\/"]}]},{"@type":"ImageObject","inLanguage":"it-IT","@id":"https:\/\/motherearthradio.de\/it\/mother-earth-jazz-on-air\/#primaryimage","url":"https:\/\/motherearthradio.de\/wp-content\/uploads\/2025\/12\/en-us-dark-541c0d.svg","contentUrl":"https:\/\/motherearthradio.de\/wp-content\/uploads\/2025\/12\/en-us-dark-541c0d.svg"},{"@type":"BreadcrumbList","@id":"https:\/\/motherearthradio.de\/it\/mother-earth-jazz-on-air\/#breadcrumb","itemListElement":[{"@type":"ListItem","position":1,"name":"Pagina iniziale","item":"https:\/\/motherearthradio.de\/it\/"},{"@type":"ListItem","position":2,"name":"Mother Earth Jazz On Air"}]},{"@type":"WebSite","@id":"https:\/\/motherearthradio.de\/it\/#website","url":"https:\/\/motherearthradio.de\/it\/","name":"The Mother Earth Radio Network","description":"High Resolution Radio \u2022 Mother Earth Resonance","publisher":{"@id":"https:\/\/motherearthradio.de\/it\/#organization"},"alternateName":"Mother Earth Radio","potentialAction":[{"@type":"SearchAction","target":{"@type":"EntryPoint","urlTemplate":"https:\/\/motherearthradio.de\/it\/?s={search_term_string}"},"query-input":{"@type":"PropertyValueSpecification","valueRequired":true,"valueName":"search_term_string"}}],"inLanguage":"it-IT"},{"@type":"Organization","@id":"https:\/\/motherearthradio.de\/it\/#organization","name":"Mother Earth Radio","alternateName":"Mother Earth Radio","url":"https:\/\/motherearthradio.de\/it\/","logo":{"@type":"ImageObject","inLanguage":"it-IT","@id":"https:\/\/motherearthradio.de\/it\/#\/schema\/logo\/image\/","url":"https:\/\/motherearthradio.de\/wp-content\/uploads\/2025\/12\/mer-logo-cube-bold-1x-512.png","contentUrl":"https:\/\/motherearthradio.de\/wp-content\/uploads\/2025\/12\/mer-logo-cube-bold-1x-512.png","width":512,"height":512,"caption":"Mother Earth Radio"},"image":{"@id":"https:\/\/motherearthradio.de\/it\/#\/schema\/logo\/image\/"},"sameAs":["https:\/\/www.youtube.com\/channel\/UCX5xCDGKQ9wCS1myWo6_nwg","https:\/\/www.instagram.com\/mother.earth.radio\/"],"description":"Das weltweit erste High Resolution Radio in 192 kHz FLAC. Vinyl-Digitalisierung, keine AI-Musik, kuratiert von Florian Reiterer. Mother Earth Resonance Software - der lebendige Kammerton","email":"info@motherearthradio.de","telephone":"00498920977034","foundingDate":"2020-02-20","numberOfEmployees":{"@type":"QuantitativeValue","minValue":"1","maxValue":"10"}}]}},"_links":{"self":[{"href":"https:\/\/motherearthradio.de\/it\/wp-json\/wp\/v2\/pages\/4261","targetHints":{"allow":["GET"]}}],"collection":[{"href":"https:\/\/motherearthradio.de\/it\/wp-json\/wp\/v2\/pages"}],"about":[{"href":"https:\/\/motherearthradio.de\/it\/wp-json\/wp\/v2\/types\/page"}],"author":[{"embeddable":true,"href":"https:\/\/motherearthradio.de\/it\/wp-json\/wp\/v2\/users\/1"}],"replies":[{"embeddable":true,"href":"https:\/\/motherearthradio.de\/it\/wp-json\/wp\/v2\/comments?post=4261"}],"version-history":[{"count":9,"href":"https:\/\/motherearthradio.de\/it\/wp-json\/wp\/v2\/pages\/4261\/revisions"}],"predecessor-version":[{"id":10698,"href":"https:\/\/motherearthradio.de\/it\/wp-json\/wp\/v2\/pages\/4261\/revisions\/10698"}],"wp:attachment":[{"href":"https:\/\/motherearthradio.de\/it\/wp-json\/wp\/v2\/media?parent=4261"}],"curies":[{"name":"wp","href":"https:\/\/api.w.org\/{rel}","templated":true}]}}