{"id":8079,"date":"2025-10-03T19:32:19","date_gmt":"2025-10-03T17:32:19","guid":{"rendered":"https:\/\/motherearthradio.de\/filosofia-chi-siamo\/"},"modified":"2026-01-05T22:51:15","modified_gmt":"2026-01-05T21:51:15","slug":"filosofia-chi-siamo","status":"publish","type":"page","link":"https:\/\/motherearthradio.de\/it\/filosofia-chi-siamo\/","title":{"rendered":"Filosofia \/ Chi siamo"},"content":{"rendered":"\n<div id=\"wp-block-themeisle-blocks-advanced-columns-b609be49\" class=\"wp-block-themeisle-blocks-advanced-columns has-1-columns has-desktop-equal-layout has-tablet-equal-layout has-mobile-equal-layout has-vertical-unset\"><div class=\"wp-block-themeisle-blocks-advanced-columns-overlay\"><\/div><div class=\"innerblocks-wrap\">\n<div id=\"wp-block-themeisle-blocks-advanced-column-324ce504\" class=\"wp-block-themeisle-blocks-advanced-column\">\n<h1 class=\"wp-block-heading\" id=\"h-high-resolution-radio-von-einem-tontechniker-der-weiss-wie-musik-klingen-sollte\">High Resolution Radio. Da un ingegnere del suono che sa come dovrebbe suonare la musica. <\/h1>\n\n\n\n<p>Mother Earth Radio non \u00e8 un algoritmo. \u00c8 musica selezionata a mano in qualit\u00e0 lossless, curata con una filosofia. Da qualcuno che ha lavorato per 30 anni nella produzione audio professionale.   <br\/><br\/>Niente playlist basate sui click. Nessuna compressione. Nessuna major label. Solo musica che merita di essere ascoltata in piena risoluzione.   <\/p>\n\n\n\n<h2 class=\"wp-block-heading\" id=\"h-die-philosophie\">La filosofia<\/h2>\n\n\n\n<h3 class=\"wp-block-heading\" id=\"h-vinyl-ist-die-erste-kopie\">Il vinile \u00e8 la prima copia<\/h3>\n\n\n\n<div id=\"wp-block-themeisle-blocks-advanced-columns-5dcd5d5b\" class=\"wp-block-themeisle-blocks-advanced-columns has-2-columns has-desktop-twoOne-layout has-tablet-equal-layout has-mobile-collapsedRows-layout has-vertical-unset\"><div class=\"wp-block-themeisle-blocks-advanced-columns-overlay\"><\/div><div class=\"innerblocks-wrap\">\n<div id=\"wp-block-themeisle-blocks-advanced-column-f6533abb\" class=\"wp-block-themeisle-blocks-advanced-column\">\n<p>C&#8217;\u00e8 solo un passaggio tra la registrazione in studio e il disco in vinile. Nessuna conversione digitale, nessuna compressione, nessuna loudness war. Il solco preserva ci\u00f2 che \u00e8 stato suonato.   <\/p>\n<\/div>\n\n\n\n<div id=\"wp-block-themeisle-blocks-advanced-column-28e6046d\" class=\"wp-block-themeisle-blocks-advanced-column\">\n<figure class=\"wp-block-image size-medium\"><img loading=\"lazy\" decoding=\"async\" width=\"300\" height=\"225\" src=\"https:\/\/motherearthradio.de\/wp-content\/uploads\/2024\/12\/ingo-schulz-mwWZTLr9Tcg-unsplash-300x225.jpg\" alt=\"filosofia analogica \/ Chi siamo\" class=\"wp-image-2989\" srcset=\"https:\/\/motherearthradio.de\/wp-content\/uploads\/2024\/12\/ingo-schulz-mwWZTLr9Tcg-unsplash-300x225.jpg 300w, https:\/\/motherearthradio.de\/wp-content\/uploads\/2024\/12\/ingo-schulz-mwWZTLr9Tcg-unsplash-1024x768.jpg 1024w, https:\/\/motherearthradio.de\/wp-content\/uploads\/2024\/12\/ingo-schulz-mwWZTLr9Tcg-unsplash-768x576.jpg 768w, https:\/\/motherearthradio.de\/wp-content\/uploads\/2024\/12\/ingo-schulz-mwWZTLr9Tcg-unsplash-1536x1152.jpg 1536w, https:\/\/motherearthradio.de\/wp-content\/uploads\/2024\/12\/ingo-schulz-mwWZTLr9Tcg-unsplash-2048x1536.jpg 2048w\" sizes=\"auto, (max-width: 300px) 100vw, 300px\" \/><\/figure>\n<\/div>\n<\/div><\/div>\n\n\n\n<div id=\"wp-block-themeisle-blocks-advanced-columns-ea832221\" class=\"wp-block-themeisle-blocks-advanced-columns has-2-columns has-desktop-oneTwo-layout has-tablet-equal-layout has-mobile-collapsedRows-layout has-vertical-unset\"><div class=\"wp-block-themeisle-blocks-advanced-columns-overlay\"><\/div><div class=\"innerblocks-wrap\">\n<div id=\"wp-block-themeisle-blocks-advanced-column-488d3a84\" class=\"wp-block-themeisle-blocks-advanced-column\">\n<figure class=\"wp-block-image size-medium\"><img loading=\"lazy\" decoding=\"async\" width=\"200\" height=\"300\" src=\"https:\/\/motherearthradio.de\/wp-content\/uploads\/2025\/07\/markus-spiske-igj1YmV2UIc-unsplash-200x300.jpg\" alt=\"\" class=\"wp-image-6277\" srcset=\"https:\/\/motherearthradio.de\/wp-content\/uploads\/2025\/07\/markus-spiske-igj1YmV2UIc-unsplash-200x300.jpg 200w, https:\/\/motherearthradio.de\/wp-content\/uploads\/2025\/07\/markus-spiske-igj1YmV2UIc-unsplash-683x1024.jpg 683w, https:\/\/motherearthradio.de\/wp-content\/uploads\/2025\/07\/markus-spiske-igj1YmV2UIc-unsplash-768x1152.jpg 768w, https:\/\/motherearthradio.de\/wp-content\/uploads\/2025\/07\/markus-spiske-igj1YmV2UIc-unsplash-1024x1536.jpg 1024w, https:\/\/motherearthradio.de\/wp-content\/uploads\/2025\/07\/markus-spiske-igj1YmV2UIc-unsplash-1366x2048.jpg 1366w, https:\/\/motherearthradio.de\/wp-content\/uploads\/2025\/07\/markus-spiske-igj1YmV2UIc-unsplash-scaled.jpg 1707w\" sizes=\"auto, (max-width: 200px) 100vw, 200px\" \/><\/figure>\n<\/div>\n\n\n\n<div id=\"wp-block-themeisle-blocks-advanced-column-2a4ca719\" class=\"wp-block-themeisle-blocks-advanced-column\">\n<p>Questa \u00e8 la generazione che conta. Digitalizziamo questa prima copia con apparecchiature audiofile. 24 bit, 192 kHz. In modo che tu possa ottenere ci\u00f2 che gli artisti hanno registrato, prima che l&#8217;industria lo distruggesse.   <\/p>\n<\/div>\n<\/div><\/div>\n\n\n\n<h3 class=\"wp-block-heading\">429 Hz: L&#8217;accordatura fisica<\/h3>\n\n\n\n<p>La maggior parte della musica \u00e8 accordata a 440 Hz. Questa \u00e8 una convenzione, niente di pi\u00f9. Noi accordiamo a 429 Hz: il diapason basato sulle frequenze fisiche fondamentali.  <\/p>\n\n\n\n<p>Niente esoterismo. Fisica. Lo senti. Pi\u00f9 profondo. Pi\u00f9 naturale. Come se la musica respirasse.     <\/p>\n\n\n\n<p>Ogni traccia viene riaccordata individualmente. A mano. Ci vuole tempo. Ma fa la differenza.   <\/p>\n\n\n\n<p class=\"is-style-text-annotation\"><a href=\"https:\/\/motherearthradio.de\/it\/429-hz-diapason\/\">maggiori informazioni su 429Hz<\/a><\/p>\n\n\n\n<h3 class=\"wp-block-heading\">Alta risoluzione significa: tutto rimane dentro<\/h3>\n\n\n\n<p class=\"is-style-default\">L&#8217;industria musicale comprime. MP3, AAC: tutto diventa pi\u00f9 piccolo, pi\u00f9 maneggevole, pi\u00f9 morto. Noi prendiamo la strada opposta.  <br\/><br\/>FLAC Lossless. Nessuna perdita. La piena dinamica. Questo significa: i passaggi silenziosi rimangono silenziosi, i passaggi forti non si interrompono. La musica pu\u00f2 svilupparsi.    <br\/><br\/>Non hai bisogno di un cavo d&#8217;oro per questo. Ma dei buoni altoparlanti o cuffie aiutano. Allora senti ci\u00f2 che altre emittenti buttano via.  <\/p>\n\n\n\n<p class=\"is-style-text-annotation\"><br\/><a href=\"https:\/\/motherearthradio.de\/it\/high-res-audio-spiegato\/\">Hi-Res Audio spiegato<\/a><\/p>\n\n\n\n<h3 class=\"wp-block-heading\">Oltre il mainstream<\/h3>\n\n\n\n<p>Non trasmettiamo ci\u00f2 che conoscono tutti. Curiamo. Armonie audaci. Emozioni vere. Musica di quando i musicisti si riunivano ancora in studio.    <\/p>\n\n\n\n<p>Reperti oscuri. Stampe rare. Jazz che non trovi su Spotify. Classica al di fuori dei Greatest Hits. Strumentale che non \u00e8 solo sottofondo.    <\/p>\n\n\n\n<p>Questa non \u00e8 una radio da ascoltare distrattamente. Questa \u00e8 la radio per i momenti in cui vuoi davvero ascoltare. <\/p>\n\n\n\n<h2 class=\"wp-block-heading\">Informazioni su Florian Reiterer<\/h2>\n\n\n\n<p><strong>Florian Reiterer<\/strong> (*1974, Monaco) \u00e8 il fondatore e curatore di Mother Earth Radio.<\/p>\n\n\n\n<h3 class=\"wp-block-heading\" id=\"h-musikalische-wurzeln\">Radici musicali<\/h3>\n\n\n\n<p>Nato come figlio dell&#8217;attore statale Herbert Rhom-Reiterer (Residenztheater Monaco) e della prima ballerina Puck Oosthoek (Staatstheater Innsbruck), la musica ha fatto parte della sua vita fin dall&#8217;inizio. All&#8217;et\u00e0 di sette anni ha iniziato a suonare il pianoforte e nel corso degli anni ha provato tutti gli strumenti a corda. Il suo strumento principale \u00e8 diventato il basso: oggi suona strumenti del liutaio <a href=\"http:\/\/ctbasses.com\">Carl Thompson<\/a>, noto come &#8220;The Stradivari of Bass Guitar&#8221;, nonch\u00e9 un contrabbasso verticale.  <\/p>\n\n\n\n<figure class=\"wp-block-image size-medium\"><img loading=\"lazy\" decoding=\"async\" width=\"225\" height=\"300\" src=\"https:\/\/motherearthradio.de\/wp-content\/uploads\/2025\/04\/8-2-98_007-225x300.jpg\" alt=\"Carl Thompson Bass Guitar\" class=\"wp-image-4437\" srcset=\"https:\/\/motherearthradio.de\/wp-content\/uploads\/2025\/04\/8-2-98_007-225x300.jpg 225w, https:\/\/motherearthradio.de\/wp-content\/uploads\/2025\/04\/8-2-98_007.jpg 488w\" sizes=\"auto, (max-width: 225px) 100vw, 225px\" \/><figcaption class=\"wp-element-caption\">&#8220;Trip Irish&#8221; &#8211; Sei corde fretless<\/figcaption><\/figure>\n\n\n\n<h3 class=\"wp-block-heading\" id=\"h-30-jahre-audio-engineering\">30 anni di audio engineering<\/h3>\n\n\n\n<p>Dopo la sua formazione presso la SAE Monaco (1994), Florian ha iniziato come <strong>tecnico dell&#8217;assistenza clienti Digidesign per Germania, Austria e Svizzera<\/strong> (1995-98). Durante questo periodo, ha supportato i professionisti dell&#8217;audio con complessi flussi di lavoro di Pro Tools.  <br\/><br\/>Come ingegnere presso il <strong>Polyester Studio Monaco<\/strong> con Axel Kr\u00f6ll, ha trasformato una regia Digidesign ProControl in uno <strong>studio di missaggio di musica pop 5.1<\/strong>, all&#8217;epoca una tecnologia all&#8217;avanguardia per le produzioni surround. <br\/><br\/>Dagli anni 2000, Florian lavora come <strong>tecnico del suono e produttore di jingle presso la Bayerischer Rundfunk<\/strong> (BR Funkhaus Monaco), dove si occupa di sound design e produzione audio al pi\u00f9 alto livello tecnico.<\/p>\n\n\n\n<h3 class=\"wp-block-heading\" id=\"h-warum-mother-earth-radio\">Perch\u00e9 Mother Earth Radio<\/h3>\n\n\n\n<p>Nel 2020, Florian ha fondato Mother Earth Radio da una missione personale: preservare l&#8217;artigianato e l&#8217;autenticit\u00e0 della musica che si perde nei moderni servizi di streaming. <br\/><br\/>Con la sua esperienza nell&#8217;audio engineering ad alta risoluzione, digitalizza dischi in vinile con tecnologia professionale (pulizia a ultrasuoni Degritter, apparecchiature audiofile) e li trasmette in streaming in FLAC a 192 kHz\/24 bit, sintonizzati a 429 Hz. <br\/><br\/>Mother Earth Radio \u00e8 il risultato di oltre 30 anni di esperienza audio, passione musicale per tutta la vita e il desiderio di presentare la musica come dovrebbe suonare.<\/p>\n\n\n\n<h2 class=\"wp-block-heading\" id=\"h-das-ergebnis\">Il risultato<\/h2>\n\n\n\n<p>Radio FLAC Hi-Res senza compromessi. Curata da qualcuno che non solo pu\u00f2 spiegare tecnicamente la differenza tra 320 kbps e Lossless, ma pu\u00f2 anche sentirla.  <br\/><br\/>Nessuna pubblicit\u00e0. Nessun abbonamento. Nessuna interruzione. Solo musica.   <\/p>\n\n\n\n<div class=\"wp-block-buttons is-layout-flex wp-block-buttons-is-layout-flex\">\n<div class=\"wp-block-button\"><a class=\"wp-block-button__link wp-element-button\" href=\"https:\/\/motherearthradio.de#channels\">Ascolta ora gratuitamente nel web player<\/a><\/div>\n<\/div>\n\n\n\n<div id=\"wp-block-themeisle-blocks-advanced-columns-a24c1430\" class=\"wp-block-themeisle-blocks-advanced-columns has-3-columns has-desktop-equal-layout has-tablet-equal-layout has-mobile-collapsedRows-layout has-vertical-unset\"><div class=\"wp-block-themeisle-blocks-advanced-columns-overlay\"><\/div><div class=\"innerblocks-wrap\">\n<div id=\"wp-block-themeisle-blocks-advanced-column-d6feaa49\" class=\"wp-block-themeisle-blocks-advanced-column\">\n<figure class=\"wp-block-image size-full is-resized\"><a href=\"https:\/\/apps.microsoft.com\/detail\/9pbc5prxxx71?hl=de-DE&amp;gl=DE\" target=\"_blank\" rel=\" noreferrer noopener\"><img loading=\"lazy\" decoding=\"async\" width=\"161\" height=\"44\" src=\"https:\/\/motherearthradio.de\/wp-content\/uploads\/2025\/12\/en-us-dark-541c0d.svg\" alt=\"Radio Internet ad alta qualit&#xE0; nel Microsoft Store\" class=\"wp-image-8964\" style=\"width:243px;height:auto\"\/><\/a><figcaption class=\"wp-element-caption\">16.99\u20ac \u2022 Windows 10\/11 &#8211; 7 giorni di prova gratuita!<\/figcaption><\/figure>\n<\/div>\n\n\n\n<div id=\"wp-block-themeisle-blocks-advanced-column-45d39b6d\" class=\"wp-block-themeisle-blocks-advanced-column\">\n<figure class=\"wp-block-image size-full is-resized\"><a href=\"https:\/\/play.google.com\/store\/apps\/details?id=appinventor.ai_munichbassa.Mother_Earth_Radio&amp;pcampaignid=web_share\" target=\"_blank\" rel=\" noreferrer noopener\"><img loading=\"lazy\" decoding=\"async\" width=\"646\" height=\"250\" src=\"https:\/\/motherearthradio.de\/wp-content\/uploads\/2025\/12\/en_badge_web_generic.png\" alt=\"Mother Earth Radio su Google Play\" class=\"wp-image-8963\" style=\"aspect-ratio:2.5842896013249734;width:251px;height:auto\" srcset=\"https:\/\/motherearthradio.de\/wp-content\/uploads\/2025\/12\/en_badge_web_generic.png 646w, https:\/\/motherearthradio.de\/wp-content\/uploads\/2025\/12\/en_badge_web_generic-300x116.png 300w\" sizes=\"auto, (max-width: 646px) 100vw, 646px\" \/><\/a><figcaption class=\"wp-element-caption\">19.99\u20ac \u2022 Mobile \u2022 Chromecast \u2022 Smart TV<\/figcaption><\/figure>\n<\/div>\n\n\n\n<div id=\"wp-block-themeisle-blocks-advanced-column-ca836dd3\" class=\"wp-block-themeisle-blocks-advanced-column\">\n<figure class=\"wp-block-image size-full is-resized\"><a href=\"https:\/\/apps.apple.com\/app\/mother-earth-radio\/id6756082949\" target=\"_blank\" rel=\" noreferrer noopener\"><img loading=\"lazy\" decoding=\"async\" width=\"119\" height=\"40\" src=\"https:\/\/motherearthradio.de\/wp-content\/uploads\/2025\/12\/en-us-26a479.svg\" alt=\"\" class=\"wp-image-8965\" style=\"aspect-ratio:2.991819244253993;width:147px;height:auto\"\/><\/a><figcaption class=\"wp-element-caption\">24.99\u20ac \u2022 iPhone \u2022 iPad \u2022 Mac<\/figcaption><\/figure>\n<\/div>\n<\/div><\/div>\n<\/div>\n<\/div><\/div>\n","protected":false},"excerpt":{"rendered":"","protected":false},"author":1,"featured_media":0,"parent":0,"menu_order":0,"comment_status":"closed","ping_status":"closed","template":"","meta":{"_themeisle_gutenberg_block_has_review":false,"footnotes":""},"class_list":["post-8079","page","type-page","status-publish"],"yoast_head":"<!-- This site is optimized with the Yoast SEO Premium plugin v27.3 (Yoast SEO v27.3) - https:\/\/yoast.com\/product\/yoast-seo-premium-wordpress\/ -->\n<title>Filosofia \/ Chi siamo - Mother Earth Radio<\/title>\n<meta name=\"description\" content=\"Filosofia \/ Chi siamo: Non suoniamo ci\u00f2 che tutti conoscono. Armonie audaci. Emozioni vere. Registrazioni in studio eseguite dal vivo.\" \/>\n<meta name=\"robots\" content=\"index, follow, max-snippet:-1, max-image-preview:large, max-video-preview:-1\" \/>\n<link rel=\"canonical\" href=\"https:\/\/motherearthradio.de\/it\/filosofia-chi-siamo\/\" \/>\n<meta property=\"og:locale\" content=\"it_IT\" \/>\n<meta property=\"og:type\" content=\"article\" \/>\n<meta property=\"og:title\" content=\"Filosofia \/ Chi siamo\" \/>\n<meta property=\"og:description\" content=\"Filosofia \/ Chi siamo: Non suoniamo ci\u00f2 che tutti conoscono. Armonie audaci. Emozioni vere. Registrazioni in studio eseguite dal vivo.\" \/>\n<meta property=\"og:url\" content=\"https:\/\/motherearthradio.de\/it\/filosofia-chi-siamo\/\" \/>\n<meta property=\"og:site_name\" content=\"Mother Earth Radio\" \/>\n<meta property=\"article:modified_time\" content=\"2026-01-05T21:51:15+00:00\" \/>\n<meta property=\"og:image\" content=\"https:\/\/motherearthradio.de\/wp-content\/uploads\/2024\/12\/ingo-schulz-mwWZTLr9Tcg-unsplash-scaled.jpg\" \/>\n\t<meta property=\"og:image:width\" content=\"2560\" \/>\n\t<meta property=\"og:image:height\" content=\"1920\" \/>\n\t<meta property=\"og:image:type\" content=\"image\/jpeg\" \/>\n<meta name=\"twitter:card\" content=\"summary_large_image\" \/>\n<meta name=\"twitter:label1\" content=\"Tempo di lettura stimato\" \/>\n\t<meta name=\"twitter:data1\" content=\"3 minuto\" \/>\n<script type=\"application\/ld+json\" class=\"yoast-schema-graph\">{\"@context\":\"https:\\\/\\\/schema.org\",\"@graph\":[{\"@type\":\"WebPage\",\"@id\":\"https:\\\/\\\/motherearthradio.de\\\/it\\\/filosofia-chi-siamo\\\/\",\"url\":\"https:\\\/\\\/motherearthradio.de\\\/it\\\/filosofia-chi-siamo\\\/\",\"name\":\"Filosofia \\\/ Chi siamo - Mother Earth Radio\",\"isPartOf\":{\"@id\":\"https:\\\/\\\/motherearthradio.de\\\/it\\\/#website\"},\"primaryImageOfPage\":{\"@id\":\"https:\\\/\\\/motherearthradio.de\\\/it\\\/filosofia-chi-siamo\\\/#primaryimage\"},\"image\":{\"@id\":\"https:\\\/\\\/motherearthradio.de\\\/it\\\/filosofia-chi-siamo\\\/#primaryimage\"},\"thumbnailUrl\":\"https:\\\/\\\/motherearthradio.de\\\/wp-content\\\/uploads\\\/2024\\\/12\\\/ingo-schulz-mwWZTLr9Tcg-unsplash-300x225.jpg\",\"datePublished\":\"2025-10-03T17:32:19+00:00\",\"dateModified\":\"2026-01-05T21:51:15+00:00\",\"description\":\"Filosofia \\\/ Chi siamo: Non suoniamo ci\u00f2 che tutti conoscono. Armonie audaci. Emozioni vere. Registrazioni in studio eseguite dal vivo.\",\"breadcrumb\":{\"@id\":\"https:\\\/\\\/motherearthradio.de\\\/it\\\/filosofia-chi-siamo\\\/#breadcrumb\"},\"inLanguage\":\"it-IT\",\"potentialAction\":[{\"@type\":\"ReadAction\",\"target\":[\"https:\\\/\\\/motherearthradio.de\\\/it\\\/filosofia-chi-siamo\\\/\"]}]},{\"@type\":\"ImageObject\",\"inLanguage\":\"it-IT\",\"@id\":\"https:\\\/\\\/motherearthradio.de\\\/it\\\/filosofia-chi-siamo\\\/#primaryimage\",\"url\":\"https:\\\/\\\/motherearthradio.de\\\/wp-content\\\/uploads\\\/2024\\\/12\\\/ingo-schulz-mwWZTLr9Tcg-unsplash-300x225.jpg\",\"contentUrl\":\"https:\\\/\\\/motherearthradio.de\\\/wp-content\\\/uploads\\\/2024\\\/12\\\/ingo-schulz-mwWZTLr9Tcg-unsplash-300x225.jpg\"},{\"@type\":\"BreadcrumbList\",\"@id\":\"https:\\\/\\\/motherearthradio.de\\\/it\\\/filosofia-chi-siamo\\\/#breadcrumb\",\"itemListElement\":[{\"@type\":\"ListItem\",\"position\":1,\"name\":\"Pagina iniziale\",\"item\":\"https:\\\/\\\/motherearthradio.de\\\/it\\\/\"},{\"@type\":\"ListItem\",\"position\":2,\"name\":\"Filosofia \\\/ Chi siamo\"}]},{\"@type\":\"WebSite\",\"@id\":\"https:\\\/\\\/motherearthradio.de\\\/it\\\/#website\",\"url\":\"https:\\\/\\\/motherearthradio.de\\\/it\\\/\",\"name\":\"Mother Earth Radio\",\"description\":\"High Resolution Radio\",\"publisher\":{\"@id\":\"https:\\\/\\\/motherearthradio.de\\\/it\\\/#organization\"},\"potentialAction\":[{\"@type\":\"SearchAction\",\"target\":{\"@type\":\"EntryPoint\",\"urlTemplate\":\"https:\\\/\\\/motherearthradio.de\\\/it\\\/?s={search_term_string}\"},\"query-input\":{\"@type\":\"PropertyValueSpecification\",\"valueRequired\":true,\"valueName\":\"search_term_string\"}}],\"inLanguage\":\"it-IT\"},{\"@type\":\"Organization\",\"@id\":\"https:\\\/\\\/motherearthradio.de\\\/it\\\/#organization\",\"name\":\"Mother Earth Radio\",\"url\":\"https:\\\/\\\/motherearthradio.de\\\/it\\\/\",\"logo\":{\"@type\":\"ImageObject\",\"inLanguage\":\"it-IT\",\"@id\":\"https:\\\/\\\/motherearthradio.de\\\/it\\\/#\\\/schema\\\/logo\\\/image\\\/\",\"url\":\"https:\\\/\\\/motherearthradio.de\\\/wp-content\\\/uploads\\\/2025\\\/12\\\/mer-logo-cube-bold-1x-512.png\",\"contentUrl\":\"https:\\\/\\\/motherearthradio.de\\\/wp-content\\\/uploads\\\/2025\\\/12\\\/mer-logo-cube-bold-1x-512.png\",\"width\":512,\"height\":512,\"caption\":\"Mother Earth Radio\"},\"image\":{\"@id\":\"https:\\\/\\\/motherearthradio.de\\\/it\\\/#\\\/schema\\\/logo\\\/image\\\/\"},\"sameAs\":[\"https:\\\/\\\/www.youtube.com\\\/channel\\\/UCX5xCDGKQ9wCS1myWo6_nwg\",\"https:\\\/\\\/www.instagram.com\\\/mother.earth.radio\\\/\"],\"description\":\"Das weltweit erste High Resolution Radio in 192 kHz FLAC. Vinyl-Digitalisierung, keine AI-Musik, kuratiert von Florian Reiterer.\",\"email\":\"info@motherearthradio.de\",\"telephone\":\"00498920977034\",\"foundingDate\":\"2020-02-20\",\"numberOfEmployees\":{\"@type\":\"QuantitativeValue\",\"minValue\":\"1\",\"maxValue\":\"10\"}}]}<\/script>\n<!-- \/ Yoast SEO Premium plugin. -->","yoast_head_json":{"title":"Filosofia \/ Chi siamo - Mother Earth Radio","description":"Filosofia \/ Chi siamo: Non suoniamo ci\u00f2 che tutti conoscono. Armonie audaci. Emozioni vere. Registrazioni in studio eseguite dal vivo.","robots":{"index":"index","follow":"follow","max-snippet":"max-snippet:-1","max-image-preview":"max-image-preview:large","max-video-preview":"max-video-preview:-1"},"canonical":"https:\/\/motherearthradio.de\/it\/filosofia-chi-siamo\/","og_locale":"it_IT","og_type":"article","og_title":"Filosofia \/ Chi siamo","og_description":"Filosofia \/ Chi siamo: Non suoniamo ci\u00f2 che tutti conoscono. Armonie audaci. Emozioni vere. Registrazioni in studio eseguite dal vivo.","og_url":"https:\/\/motherearthradio.de\/it\/filosofia-chi-siamo\/","og_site_name":"Mother Earth Radio","article_modified_time":"2026-01-05T21:51:15+00:00","og_image":[{"width":2560,"height":1920,"url":"https:\/\/motherearthradio.de\/wp-content\/uploads\/2024\/12\/ingo-schulz-mwWZTLr9Tcg-unsplash-scaled.jpg","type":"image\/jpeg"}],"twitter_card":"summary_large_image","twitter_misc":{"Tempo di lettura stimato":"3 minuto"},"schema":{"@context":"https:\/\/schema.org","@graph":[{"@type":"WebPage","@id":"https:\/\/motherearthradio.de\/it\/filosofia-chi-siamo\/","url":"https:\/\/motherearthradio.de\/it\/filosofia-chi-siamo\/","name":"Filosofia \/ Chi siamo - Mother Earth Radio","isPartOf":{"@id":"https:\/\/motherearthradio.de\/it\/#website"},"primaryImageOfPage":{"@id":"https:\/\/motherearthradio.de\/it\/filosofia-chi-siamo\/#primaryimage"},"image":{"@id":"https:\/\/motherearthradio.de\/it\/filosofia-chi-siamo\/#primaryimage"},"thumbnailUrl":"https:\/\/motherearthradio.de\/wp-content\/uploads\/2024\/12\/ingo-schulz-mwWZTLr9Tcg-unsplash-300x225.jpg","datePublished":"2025-10-03T17:32:19+00:00","dateModified":"2026-01-05T21:51:15+00:00","description":"Filosofia \/ Chi siamo: Non suoniamo ci\u00f2 che tutti conoscono. Armonie audaci. Emozioni vere. Registrazioni in studio eseguite dal vivo.","breadcrumb":{"@id":"https:\/\/motherearthradio.de\/it\/filosofia-chi-siamo\/#breadcrumb"},"inLanguage":"it-IT","potentialAction":[{"@type":"ReadAction","target":["https:\/\/motherearthradio.de\/it\/filosofia-chi-siamo\/"]}]},{"@type":"ImageObject","inLanguage":"it-IT","@id":"https:\/\/motherearthradio.de\/it\/filosofia-chi-siamo\/#primaryimage","url":"https:\/\/motherearthradio.de\/wp-content\/uploads\/2024\/12\/ingo-schulz-mwWZTLr9Tcg-unsplash-300x225.jpg","contentUrl":"https:\/\/motherearthradio.de\/wp-content\/uploads\/2024\/12\/ingo-schulz-mwWZTLr9Tcg-unsplash-300x225.jpg"},{"@type":"BreadcrumbList","@id":"https:\/\/motherearthradio.de\/it\/filosofia-chi-siamo\/#breadcrumb","itemListElement":[{"@type":"ListItem","position":1,"name":"Pagina iniziale","item":"https:\/\/motherearthradio.de\/it\/"},{"@type":"ListItem","position":2,"name":"Filosofia \/ Chi siamo"}]},{"@type":"WebSite","@id":"https:\/\/motherearthradio.de\/it\/#website","url":"https:\/\/motherearthradio.de\/it\/","name":"Mother Earth Radio","description":"High Resolution Radio","publisher":{"@id":"https:\/\/motherearthradio.de\/it\/#organization"},"potentialAction":[{"@type":"SearchAction","target":{"@type":"EntryPoint","urlTemplate":"https:\/\/motherearthradio.de\/it\/?s={search_term_string}"},"query-input":{"@type":"PropertyValueSpecification","valueRequired":true,"valueName":"search_term_string"}}],"inLanguage":"it-IT"},{"@type":"Organization","@id":"https:\/\/motherearthradio.de\/it\/#organization","name":"Mother Earth Radio","url":"https:\/\/motherearthradio.de\/it\/","logo":{"@type":"ImageObject","inLanguage":"it-IT","@id":"https:\/\/motherearthradio.de\/it\/#\/schema\/logo\/image\/","url":"https:\/\/motherearthradio.de\/wp-content\/uploads\/2025\/12\/mer-logo-cube-bold-1x-512.png","contentUrl":"https:\/\/motherearthradio.de\/wp-content\/uploads\/2025\/12\/mer-logo-cube-bold-1x-512.png","width":512,"height":512,"caption":"Mother Earth Radio"},"image":{"@id":"https:\/\/motherearthradio.de\/it\/#\/schema\/logo\/image\/"},"sameAs":["https:\/\/www.youtube.com\/channel\/UCX5xCDGKQ9wCS1myWo6_nwg","https:\/\/www.instagram.com\/mother.earth.radio\/"],"description":"Das weltweit erste High Resolution Radio in 192 kHz FLAC. Vinyl-Digitalisierung, keine AI-Musik, kuratiert von Florian Reiterer.","email":"info@motherearthradio.de","telephone":"00498920977034","foundingDate":"2020-02-20","numberOfEmployees":{"@type":"QuantitativeValue","minValue":"1","maxValue":"10"}}]}},"_links":{"self":[{"href":"https:\/\/motherearthradio.de\/it\/wp-json\/wp\/v2\/pages\/8079","targetHints":{"allow":["GET"]}}],"collection":[{"href":"https:\/\/motherearthradio.de\/it\/wp-json\/wp\/v2\/pages"}],"about":[{"href":"https:\/\/motherearthradio.de\/it\/wp-json\/wp\/v2\/types\/page"}],"author":[{"embeddable":true,"href":"https:\/\/motherearthradio.de\/it\/wp-json\/wp\/v2\/users\/1"}],"replies":[{"embeddable":true,"href":"https:\/\/motherearthradio.de\/it\/wp-json\/wp\/v2\/comments?post=8079"}],"version-history":[{"count":2,"href":"https:\/\/motherearthradio.de\/it\/wp-json\/wp\/v2\/pages\/8079\/revisions"}],"predecessor-version":[{"id":9929,"href":"https:\/\/motherearthradio.de\/it\/wp-json\/wp\/v2\/pages\/8079\/revisions\/9929"}],"wp:attachment":[{"href":"https:\/\/motherearthradio.de\/it\/wp-json\/wp\/v2\/media?parent=8079"}],"curies":[{"name":"wp","href":"https:\/\/api.w.org\/{rel}","templated":true}]}}