{"id":10076,"date":"2026-01-10T21:24:59","date_gmt":"2026-01-10T20:24:59","guid":{"rendered":"https:\/\/motherearthradio.de\/swiadome-sluchanie\/"},"modified":"2026-01-18T11:54:30","modified_gmt":"2026-01-18T10:54:30","slug":"swiadome-sluchanie","status":"publish","type":"page","link":"https:\/\/motherearthradio.de\/pl\/swiadome-sluchanie\/","title":{"rendered":"\u015awiadome s\u0142uchanie"},"content":{"rendered":"\n<div id=\"wp-block-themeisle-blocks-advanced-columns-f9cb4fa2\" class=\"wp-block-themeisle-blocks-advanced-columns alignwide has-1-columns has-desktop-equal-layout has-tablet-equal-layout has-mobile-equal-layout has-vertical-unset\"><div class=\"wp-block-themeisle-blocks-advanced-columns-overlay\"><\/div><div class=\"innerblocks-wrap\">\n<div id=\"wp-block-themeisle-blocks-advanced-column-ea35630d\" class=\"wp-block-themeisle-blocks-advanced-column\">\n<h1 class=\"wp-block-heading\" id=\"h-endlich-frieden\">W ko\u0144cu spok\u00f3j.<\/h1>\n\n\n\n<h1 class=\"wp-block-heading\" id=\"h-klangzelle-mother-earth-radio-bewusstes-horen\">Klangzelle + Mother Earth Radio = \u015awiadome s\u0142uchanie.<\/h1>\n\n\n\n<div id=\"wp-block-themeisle-blocks-advanced-columns-08f56ccf\" class=\"wp-block-themeisle-blocks-advanced-columns alignwide has-2-columns has-desktop-equal-layout has-tablet-equal-layout has-mobile-collapsedRows-layout has-vertical-center\"><div class=\"wp-block-themeisle-blocks-advanced-columns-overlay\"><\/div><div class=\"innerblocks-wrap\">\n<div id=\"wp-block-themeisle-blocks-advanced-column-bdc20202\" class=\"wp-block-themeisle-blocks-advanced-column\"><div class=\"wp-block-image\">\n<figure class=\"aligncenter size-medium\"><img loading=\"lazy\" decoding=\"async\" width=\"300\" height=\"182\" src=\"https:\/\/motherearthradio.de\/wp-content\/uploads\/2026\/01\/mer-logo-wide-smooth-1x-300x182.png\" alt=\"&#x15A;wiadome s&#x142;uchanie\" class=\"wp-image-10089\"\/><\/figure>\n<\/div><\/div>\n\n\n\n<div id=\"wp-block-themeisle-blocks-advanced-column-3eae5be7\" class=\"wp-block-themeisle-blocks-advanced-column\"><div class=\"wp-block-image\">\n<figure class=\"aligncenter size-medium\"><img loading=\"lazy\" decoding=\"async\" width=\"300\" height=\"237\" src=\"https:\/\/motherearthradio.de\/wp-content\/uploads\/2026\/01\/Kugel_Planet-e1716147442747-300x237.png\" alt=\"Klangzelle&#10;\" class=\"wp-image-10088\" srcset=\"https:\/\/motherearthradio.de\/wp-content\/uploads\/2026\/01\/Kugel_Planet-e1716147442747-300x237.png 300w, https:\/\/motherearthradio.de\/wp-content\/uploads\/2026\/01\/Kugel_Planet-e1716147442747-1024x809.png 1024w, https:\/\/motherearthradio.de\/wp-content\/uploads\/2026\/01\/Kugel_Planet-e1716147442747-768x607.png 768w, https:\/\/motherearthradio.de\/wp-content\/uploads\/2026\/01\/Kugel_Planet-e1716147442747-1536x1214.png 1536w, https:\/\/motherearthradio.de\/wp-content\/uploads\/2026\/01\/Kugel_Planet-e1716147442747.png 2000w\" sizes=\"auto, (max-width: 300px) 100vw, 300px\" \/><\/figure>\n<\/div><\/div>\n<\/div><\/div>\n\n\n\n<p>Mam na imi\u0119 Florian. Od 30 lat pracuj\u0119 jako in\u017cynier d\u017awi\u0119ku. <\/p>\n\n\n\n<p>W pewnym momencie magia znikn\u0119\u0142a. Muzyka sta\u0142a si\u0119 tylko formu\u0142\u0105. Potem pojawi\u0142 si\u0119 Sylvio ze swoimi Klangzellen. I z 429 Hz.   <\/p>\n\n\n\n<p>Od tego czasu znowu s\u0142ysz\u0119 jak kiedy\u015b. Jak 12-latek przed du\u017cymi g\u0142o\u015bnikami ojca. <\/p>\n\n\n\n<p>Mother Earth Radio to moja pr\u00f3ba przekazania tego dalej.<\/p>\n\n\n\n<hr class=\"wp-block-separator has-alpha-channel-opacity\"\/>\n\n\n\n<h3 class=\"wp-block-heading\">CO JEST INNEGO<\/h3>\n\n\n\n<p><strong>Format:<\/strong> Nadaj\u0119 w FLAC do 192 kHz. Od zawsze. Poniewa\u017c jako in\u017cynier d\u017awi\u0119ku wiem, co kompresja robi z fal\u0105 d\u017awi\u0119kow\u0105 \u2013 z transjentami, z pog\u0142osami, z przestrzeni\u0105 w nagraniu. Czego wtedy nie wiedzia\u0142em: istnieje ca\u0142a dziedzina bada\u0144 na ten temat. \u201eListening Effort\u201d \u2013 ile wysi\u0142ku musi w\u0142o\u017cy\u0107 tw\u00f3j m\u00f3zg podczas s\u0142uchania. Wynik: Skompresowane sygna\u0142y kosztuj\u0105 wi\u0119cej zasob\u00f3w poznawczych. Nawet je\u015bli nie s\u0142yszysz r\u00f3\u017cnicy. Dlatego Fraunhofer \u2013 tw\u00f3rcy MP3 \u2013 stale opracowuj\u0105 lepsze kodeki. Pracuj\u0105 nad problemem. Ja rozwi\u0105za\u0142em to inaczej: W og\u00f3le nie kompresuj\u0119.         <\/p>\n\n\n\n<p><strong>Odtwarzanie:<\/strong> Klangzellen Sylvio maj\u0105 jeden przetwornik. Bez kompromis\u00f3w wielodro\u017cnych. D\u017awi\u0119k pochodzi z jednego punktu. Jak w prawdziwym instrumencie.   <\/p>\n\n\n\n<p><strong>Strojenie:<\/strong> 429 Hz. Nie z powodu czakr. Nie z powodu cz\u0119stotliwo\u015bci uzdrawiaj\u0105cych. Tylko dlatego, \u017ce dla mnie to brzmi. Poniewa\u017c muzyka znowu oddycha. Poniewa\u017c znowu s\u0142ucham, zamiast tylko s\u0142ysze\u0107.     <\/p>\n\n\n\n<p>Czy to robi r\u00f3\u017cnic\u0119? Pos\u0142uchaj sam. <\/p>\n\n\n\n<hr class=\"wp-block-separator has-alpha-channel-opacity\"\/>\n\n\n\n<h3 class=\"wp-block-heading\">\u017bADEN MARKETING<\/h3>\n\n\n\n<p>Nie sprzedaj\u0119 transformacji. Sylvio nie sprzedaje uzdrowienia. <\/p>\n\n\n\n<p>Robimy g\u0142o\u015bniki i radio. Dobrze zrobione. Z trosk\u0105. Je\u015bli to jest dla ciebie co\u015b warte, kup aplikacj\u0119 lub g\u0142o\u015bnik. Je\u015bli nie, s\u0142uchaj za darmo. Bez dramatu.     <\/p>\n\n\n\n<hr class=\"wp-block-separator has-alpha-channel-opacity\"\/>\n\n\n\n<h3 class=\"wp-block-heading\">CYTAT<\/h3>\n\n\n\n<blockquote class=\"wp-block-quote is-layout-flow wp-block-quote-is-layout-flow\">\n<p>\u201eArtefakty audio odzwierciedlaj\u0105 si\u0119 w sygna\u0142ach m\u00f3zgowych \u2013 nawet poni\u017cej progu \u015bwiadomej percepcji\u201d. \u2014 Prof. Dr. Benjamin Blankertz, TU Berlin<\/p>\n<\/blockquote>\n\n\n\n<p>To nie jest marketing. To e-mail, kt\u00f3ry napisa\u0142 do mnie osobi\u015bcie \u2013 po tym, jak napisa\u0142em do niego w sprawie jego badania. Jeden z wielu w tej dziedzinie bada\u0144. Nauka jest zgodna: Tw\u00f3j m\u00f3zg s\u0142yszy wi\u0119cej, ni\u017c my\u015blisz.   <\/p>\n\n\n\n<hr class=\"wp-block-separator has-alpha-channel-opacity\"\/>\n\n\n\n<h2 class=\"wp-block-heading\" id=\"h-fur-die-neugierigen\">DLA CIEKAWYCH <\/h2>\n\n\n\n<p>Badania nazywaj\u0105 to \u201eListening Effort\u201d. <br\/><br\/>Dla tych, kt\u00f3rzy chc\u0105 zag\u0142\u0119bi\u0107 si\u0119 w temat: <br\/>&#8211; Porbadnigk, Blankertz et al. (2013): Neuronalne przetwarzanie artefakt\u00f3w audio. [\u2192 <a href=\"https:\/\/doi.org\/10.1088\/1741-2560\/10\/5\/056003\">Studium<\/a>]<br\/>&#8211; Peelle (2018): Przegl\u0105d bada\u0144 nad Listening Effort. [\u2192 <a href=\"https:\/\/doi.org\/10.1097\/AUD.0000000000000494\">Artyku\u0142<\/a>] <br\/>&#8211; Fraunhofer IIS: Dlaczego kodeki staj\u0105 si\u0119 coraz lepsze. [\u2192 <a href=\"https:\/\/www.iis.fraunhofer.de\/en\/ff\/amm\/audio-coding.html\">Strona internetowa<\/a>]    <br\/><br\/>Wyja\u015bnione bardziej szczeg\u00f3\u0142owo: <br\/>[<a href=\"https:\/\/klangzelle.de\/mother-earth-radio\/\">\u2192 Ekosystem na klangzelle.de<\/a>]<\/p>\n\n\n\n<h3 class=\"wp-block-heading\">LINKI<\/h3>\n\n\n\n<p><strong>[<a href=\"http:\/\/klangzelle.de\" target=\"_blank\" rel=\"noreferrer noopener\">G\u0142o\u015bniki Klangzelle \u2192<\/a>]<\/strong> <strong>[<a href=\"https:\/\/motherearthradio.de\/pl\/\">Mother Earth Radio \u2192<\/a>]<\/strong> <strong>[<a href=\"https:\/\/klangzelle.de\/klangatelier\/\" target=\"_blank\" rel=\"noreferrer noopener\">Ods\u0142uch w Klangatelier \u2192<\/a>]<\/strong><\/p>\n<\/div>\n<\/div><\/div>\n\n<ul class=\"wp-block-yoast-seo-related-links yoast-seo-related-links\">\n<li><a href=\"https:\/\/motherearthradio.de\/pl\/429-hz-stroj-koncertowy\/\">429 Hz &#8211; str\u00f3j koncertowy<\/a><\/li>\n\n\n\n<li><a href=\"https:\/\/motherearthradio.de\/pl\/mother-earth-radio-on-air\/\">Mother Earth Radio On Air<\/a><\/li>\n\n\n\n<li><a href=\"https:\/\/motherearthradio.de\/pl\/wyjasnienie-audio-high-res\/\">WYJA\u015aNIENIE AUDIO HIGH-RES<\/a><\/li>\n<\/ul>\n","protected":false},"excerpt":{"rendered":"","protected":false},"author":1,"featured_media":0,"parent":0,"menu_order":0,"comment_status":"closed","ping_status":"closed","template":"","meta":{"_themeisle_gutenberg_block_has_review":false,"footnotes":""},"class_list":["post-10076","page","type-page","status-publish"],"yoast_head":"<!-- This site is optimized with the Yoast SEO Premium plugin v27.3 (Yoast SEO v27.3) - https:\/\/yoast.com\/product\/yoast-seo-premium-wordpress\/ -->\n<title>\u015awiadome s\u0142uchanie \u2013 Klangzelle + High Resolution Radio w 429 Hz<\/title>\n<meta name=\"description\" content=\"\u015awiadome s\u0142uchanie: Mother Earth + Klangzelle. Dlaczego m\u00f3zg reaguje na straty jako\u015bci audio \u2013 i jak tego unikn\u0105\u0107.\" \/>\n<meta name=\"robots\" content=\"index, follow, max-snippet:-1, max-image-preview:large, max-video-preview:-1\" \/>\n<link rel=\"canonical\" href=\"https:\/\/motherearthradio.de\/pl\/swiadome-sluchanie\/\" \/>\n<meta property=\"og:locale\" content=\"pl_PL\" \/>\n<meta property=\"og:type\" content=\"article\" \/>\n<meta property=\"og:title\" content=\"\u015awiadome s\u0142uchanie\" \/>\n<meta property=\"og:description\" content=\"\u015awiadome s\u0142uchanie: Mother Earth + Klangzelle. Dlaczego m\u00f3zg reaguje na straty jako\u015bci audio \u2013 i jak tego unikn\u0105\u0107.\" \/>\n<meta property=\"og:url\" content=\"https:\/\/motherearthradio.de\/pl\/swiadome-sluchanie\/\" \/>\n<meta property=\"og:site_name\" content=\"Mother Earth Radio\" \/>\n<meta property=\"article:modified_time\" content=\"2026-01-18T10:54:30+00:00\" \/>\n<meta property=\"og:image\" content=\"https:\/\/motherearthradio.de\/wp-content\/uploads\/2026\/01\/mer-logo-wide-smooth-1x-e1775320112812.png\" \/>\n\t<meta property=\"og:image:width\" content=\"268\" \/>\n\t<meta property=\"og:image:height\" content=\"123\" \/>\n\t<meta property=\"og:image:type\" content=\"image\/png\" \/>\n<meta name=\"twitter:card\" content=\"summary_large_image\" \/>\n<meta name=\"twitter:label1\" content=\"Szacowany czas czytania\" \/>\n\t<meta name=\"twitter:data1\" content=\"2 minuty\" \/>\n<script type=\"application\/ld+json\" class=\"yoast-schema-graph\">{\"@context\":\"https:\\\/\\\/schema.org\",\"@graph\":[{\"@type\":\"WebPage\",\"@id\":\"https:\\\/\\\/motherearthradio.de\\\/pl\\\/swiadome-sluchanie\\\/\",\"url\":\"https:\\\/\\\/motherearthradio.de\\\/pl\\\/swiadome-sluchanie\\\/\",\"name\":\"\u015awiadome s\u0142uchanie \u2013 Klangzelle + High Resolution Radio w 429 Hz\",\"isPartOf\":{\"@id\":\"https:\\\/\\\/motherearthradio.de\\\/pl\\\/#website\"},\"primaryImageOfPage\":{\"@id\":\"https:\\\/\\\/motherearthradio.de\\\/pl\\\/swiadome-sluchanie\\\/#primaryimage\"},\"image\":{\"@id\":\"https:\\\/\\\/motherearthradio.de\\\/pl\\\/swiadome-sluchanie\\\/#primaryimage\"},\"thumbnailUrl\":\"https:\\\/\\\/motherearthradio.de\\\/wp-content\\\/uploads\\\/2026\\\/01\\\/mer-logo-wide-smooth-1x-300x182.png\",\"datePublished\":\"2026-01-10T20:24:59+00:00\",\"dateModified\":\"2026-01-18T10:54:30+00:00\",\"description\":\"\u015awiadome s\u0142uchanie: Mother Earth + Klangzelle. Dlaczego m\u00f3zg reaguje na straty jako\u015bci audio \u2013 i jak tego unikn\u0105\u0107.\",\"breadcrumb\":{\"@id\":\"https:\\\/\\\/motherearthradio.de\\\/pl\\\/swiadome-sluchanie\\\/#breadcrumb\"},\"inLanguage\":\"pl-PL\",\"potentialAction\":[{\"@type\":\"ReadAction\",\"target\":[\"https:\\\/\\\/motherearthradio.de\\\/pl\\\/swiadome-sluchanie\\\/\"]}]},{\"@type\":\"ImageObject\",\"inLanguage\":\"pl-PL\",\"@id\":\"https:\\\/\\\/motherearthradio.de\\\/pl\\\/swiadome-sluchanie\\\/#primaryimage\",\"url\":\"https:\\\/\\\/motherearthradio.de\\\/wp-content\\\/uploads\\\/2026\\\/01\\\/mer-logo-wide-smooth-1x-300x182.png\",\"contentUrl\":\"https:\\\/\\\/motherearthradio.de\\\/wp-content\\\/uploads\\\/2026\\\/01\\\/mer-logo-wide-smooth-1x-300x182.png\"},{\"@type\":\"BreadcrumbList\",\"@id\":\"https:\\\/\\\/motherearthradio.de\\\/pl\\\/swiadome-sluchanie\\\/#breadcrumb\",\"itemListElement\":[{\"@type\":\"ListItem\",\"position\":1,\"name\":\"Startseite\",\"item\":\"https:\\\/\\\/motherearthradio.de\\\/pl\\\/\"},{\"@type\":\"ListItem\",\"position\":2,\"name\":\"\u015awiadome s\u0142uchanie\"}]},{\"@type\":\"WebSite\",\"@id\":\"https:\\\/\\\/motherearthradio.de\\\/pl\\\/#website\",\"url\":\"https:\\\/\\\/motherearthradio.de\\\/pl\\\/\",\"name\":\"Mother Earth Radio\",\"description\":\"High Resolution Radio\",\"publisher\":{\"@id\":\"https:\\\/\\\/motherearthradio.de\\\/pl\\\/#organization\"},\"potentialAction\":[{\"@type\":\"SearchAction\",\"target\":{\"@type\":\"EntryPoint\",\"urlTemplate\":\"https:\\\/\\\/motherearthradio.de\\\/pl\\\/?s={search_term_string}\"},\"query-input\":{\"@type\":\"PropertyValueSpecification\",\"valueRequired\":true,\"valueName\":\"search_term_string\"}}],\"inLanguage\":\"pl-PL\"},{\"@type\":\"Organization\",\"@id\":\"https:\\\/\\\/motherearthradio.de\\\/pl\\\/#organization\",\"name\":\"Mother Earth Radio\",\"url\":\"https:\\\/\\\/motherearthradio.de\\\/pl\\\/\",\"logo\":{\"@type\":\"ImageObject\",\"inLanguage\":\"pl-PL\",\"@id\":\"https:\\\/\\\/motherearthradio.de\\\/pl\\\/#\\\/schema\\\/logo\\\/image\\\/\",\"url\":\"https:\\\/\\\/motherearthradio.de\\\/wp-content\\\/uploads\\\/2025\\\/12\\\/mer-logo-cube-bold-1x-512.png\",\"contentUrl\":\"https:\\\/\\\/motherearthradio.de\\\/wp-content\\\/uploads\\\/2025\\\/12\\\/mer-logo-cube-bold-1x-512.png\",\"width\":512,\"height\":512,\"caption\":\"Mother Earth Radio\"},\"image\":{\"@id\":\"https:\\\/\\\/motherearthradio.de\\\/pl\\\/#\\\/schema\\\/logo\\\/image\\\/\"},\"sameAs\":[\"https:\\\/\\\/www.youtube.com\\\/channel\\\/UCX5xCDGKQ9wCS1myWo6_nwg\",\"https:\\\/\\\/www.instagram.com\\\/mother.earth.radio\\\/\"],\"description\":\"Das weltweit erste High Resolution Radio in 192 kHz FLAC. Vinyl-Digitalisierung, keine AI-Musik, kuratiert von Florian Reiterer.\",\"email\":\"info@motherearthradio.de\",\"telephone\":\"00498920977034\",\"foundingDate\":\"2020-02-20\",\"numberOfEmployees\":{\"@type\":\"QuantitativeValue\",\"minValue\":\"1\",\"maxValue\":\"10\"}}]}<\/script>\n<!-- \/ Yoast SEO Premium plugin. -->","yoast_head_json":{"title":"\u015awiadome s\u0142uchanie \u2013 Klangzelle + High Resolution Radio w 429 Hz","description":"\u015awiadome s\u0142uchanie: Mother Earth + Klangzelle. Dlaczego m\u00f3zg reaguje na straty jako\u015bci audio \u2013 i jak tego unikn\u0105\u0107.","robots":{"index":"index","follow":"follow","max-snippet":"max-snippet:-1","max-image-preview":"max-image-preview:large","max-video-preview":"max-video-preview:-1"},"canonical":"https:\/\/motherearthradio.de\/pl\/swiadome-sluchanie\/","og_locale":"pl_PL","og_type":"article","og_title":"\u015awiadome s\u0142uchanie","og_description":"\u015awiadome s\u0142uchanie: Mother Earth + Klangzelle. Dlaczego m\u00f3zg reaguje na straty jako\u015bci audio \u2013 i jak tego unikn\u0105\u0107.","og_url":"https:\/\/motherearthradio.de\/pl\/swiadome-sluchanie\/","og_site_name":"Mother Earth Radio","article_modified_time":"2026-01-18T10:54:30+00:00","og_image":[{"width":268,"height":123,"url":"https:\/\/motherearthradio.de\/wp-content\/uploads\/2026\/01\/mer-logo-wide-smooth-1x-e1775320112812.png","type":"image\/png"}],"twitter_card":"summary_large_image","twitter_misc":{"Szacowany czas czytania":"2 minuty"},"schema":{"@context":"https:\/\/schema.org","@graph":[{"@type":"WebPage","@id":"https:\/\/motherearthradio.de\/pl\/swiadome-sluchanie\/","url":"https:\/\/motherearthradio.de\/pl\/swiadome-sluchanie\/","name":"\u015awiadome s\u0142uchanie \u2013 Klangzelle + High Resolution Radio w 429 Hz","isPartOf":{"@id":"https:\/\/motherearthradio.de\/pl\/#website"},"primaryImageOfPage":{"@id":"https:\/\/motherearthradio.de\/pl\/swiadome-sluchanie\/#primaryimage"},"image":{"@id":"https:\/\/motherearthradio.de\/pl\/swiadome-sluchanie\/#primaryimage"},"thumbnailUrl":"https:\/\/motherearthradio.de\/wp-content\/uploads\/2026\/01\/mer-logo-wide-smooth-1x-300x182.png","datePublished":"2026-01-10T20:24:59+00:00","dateModified":"2026-01-18T10:54:30+00:00","description":"\u015awiadome s\u0142uchanie: Mother Earth + Klangzelle. Dlaczego m\u00f3zg reaguje na straty jako\u015bci audio \u2013 i jak tego unikn\u0105\u0107.","breadcrumb":{"@id":"https:\/\/motherearthradio.de\/pl\/swiadome-sluchanie\/#breadcrumb"},"inLanguage":"pl-PL","potentialAction":[{"@type":"ReadAction","target":["https:\/\/motherearthradio.de\/pl\/swiadome-sluchanie\/"]}]},{"@type":"ImageObject","inLanguage":"pl-PL","@id":"https:\/\/motherearthradio.de\/pl\/swiadome-sluchanie\/#primaryimage","url":"https:\/\/motherearthradio.de\/wp-content\/uploads\/2026\/01\/mer-logo-wide-smooth-1x-300x182.png","contentUrl":"https:\/\/motherearthradio.de\/wp-content\/uploads\/2026\/01\/mer-logo-wide-smooth-1x-300x182.png"},{"@type":"BreadcrumbList","@id":"https:\/\/motherearthradio.de\/pl\/swiadome-sluchanie\/#breadcrumb","itemListElement":[{"@type":"ListItem","position":1,"name":"Startseite","item":"https:\/\/motherearthradio.de\/pl\/"},{"@type":"ListItem","position":2,"name":"\u015awiadome s\u0142uchanie"}]},{"@type":"WebSite","@id":"https:\/\/motherearthradio.de\/pl\/#website","url":"https:\/\/motherearthradio.de\/pl\/","name":"Mother Earth Radio","description":"High Resolution Radio","publisher":{"@id":"https:\/\/motherearthradio.de\/pl\/#organization"},"potentialAction":[{"@type":"SearchAction","target":{"@type":"EntryPoint","urlTemplate":"https:\/\/motherearthradio.de\/pl\/?s={search_term_string}"},"query-input":{"@type":"PropertyValueSpecification","valueRequired":true,"valueName":"search_term_string"}}],"inLanguage":"pl-PL"},{"@type":"Organization","@id":"https:\/\/motherearthradio.de\/pl\/#organization","name":"Mother Earth Radio","url":"https:\/\/motherearthradio.de\/pl\/","logo":{"@type":"ImageObject","inLanguage":"pl-PL","@id":"https:\/\/motherearthradio.de\/pl\/#\/schema\/logo\/image\/","url":"https:\/\/motherearthradio.de\/wp-content\/uploads\/2025\/12\/mer-logo-cube-bold-1x-512.png","contentUrl":"https:\/\/motherearthradio.de\/wp-content\/uploads\/2025\/12\/mer-logo-cube-bold-1x-512.png","width":512,"height":512,"caption":"Mother Earth Radio"},"image":{"@id":"https:\/\/motherearthradio.de\/pl\/#\/schema\/logo\/image\/"},"sameAs":["https:\/\/www.youtube.com\/channel\/UCX5xCDGKQ9wCS1myWo6_nwg","https:\/\/www.instagram.com\/mother.earth.radio\/"],"description":"Das weltweit erste High Resolution Radio in 192 kHz FLAC. Vinyl-Digitalisierung, keine AI-Musik, kuratiert von Florian Reiterer.","email":"info@motherearthradio.de","telephone":"00498920977034","foundingDate":"2020-02-20","numberOfEmployees":{"@type":"QuantitativeValue","minValue":"1","maxValue":"10"}}]}},"_links":{"self":[{"href":"https:\/\/motherearthradio.de\/pl\/wp-json\/wp\/v2\/pages\/10076","targetHints":{"allow":["GET"]}}],"collection":[{"href":"https:\/\/motherearthradio.de\/pl\/wp-json\/wp\/v2\/pages"}],"about":[{"href":"https:\/\/motherearthradio.de\/pl\/wp-json\/wp\/v2\/types\/page"}],"author":[{"embeddable":true,"href":"https:\/\/motherearthradio.de\/pl\/wp-json\/wp\/v2\/users\/1"}],"replies":[{"embeddable":true,"href":"https:\/\/motherearthradio.de\/pl\/wp-json\/wp\/v2\/comments?post=10076"}],"version-history":[{"count":4,"href":"https:\/\/motherearthradio.de\/pl\/wp-json\/wp\/v2\/pages\/10076\/revisions"}],"predecessor-version":[{"id":10153,"href":"https:\/\/motherearthradio.de\/pl\/wp-json\/wp\/v2\/pages\/10076\/revisions\/10153"}],"wp:attachment":[{"href":"https:\/\/motherearthradio.de\/pl\/wp-json\/wp\/v2\/media?parent=10076"}],"curies":[{"name":"wp","href":"https:\/\/api.w.org\/{rel}","templated":true}]}}