{"id":9127,"date":"2025-03-25T17:37:38","date_gmt":"2025-03-25T16:37:38","guid":{"rendered":"https:\/\/motherearthradio.de\/mother-earth-klassik-on-air\/"},"modified":"2026-02-28T00:06:42","modified_gmt":"2026-02-27T23:06:42","slug":"mother-earth-klassik-on-air","status":"publish","type":"page","link":"https:\/\/motherearthradio.de\/pl\/mother-earth-klassik-on-air\/","title":{"rendered":"Mother Earth Klassik On Air"},"content":{"rendered":"\n<div id=\"wp-block-themeisle-blocks-advanced-columns-f8675704\" class=\"wp-block-themeisle-blocks-advanced-columns alignwide has-1-columns has-desktop-equal-layout has-tablet-equal-layout has-mobile-equal-layout has-vertical-unset\"><div class=\"wp-block-themeisle-blocks-advanced-columns-overlay\"><\/div><div class=\"innerblocks-wrap\">\n<div id=\"wp-block-themeisle-blocks-advanced-column-280ff229\" class=\"wp-block-themeisle-blocks-advanced-column\">\n<h1 class=\"wp-block-heading has-x-large-font-size\">MOTHER EARTH KLASSIK \u2013 RADIO MUZYKI KLASYCZNEJ<\/h1>\n\n\n\n<p>High Resolution Radio: s\u0142uchaj muzyki klasycznej na \u017cywo w High-Res FLAC. Historyczne wykonania, str\u00f3j 429 Hz. <br\/>Darmowe radio w odtwarzaczu internetowym. Strumieniowane w 192 kHz. <\/p>\n\n\n\n<div id=\"wp-block-themeisle-blocks-advanced-columns-83687e49\" class=\"wp-block-themeisle-blocks-advanced-columns has-1-columns has-desktop-equal-layout has-tablet-equal-layout has-mobile-equal-layout has-vertical-unset\"><div class=\"wp-block-themeisle-blocks-advanced-columns-overlay\"><\/div><div class=\"innerblocks-wrap\">\n<div id=\"wp-block-themeisle-blocks-advanced-column-6afc4974\" class=\"wp-block-themeisle-blocks-advanced-column\">\n<figure class=\"wp-block-audio\"><audio controls=\"\" src=\"https:\/\/stream.motherearthradio.de\/listen\/motherearth_klassik\/motherearth.klassik.flac-lo\"><\/audio><\/figure>\n\n\n\n<p>\u26a0\ufe0f Odtwarzacz internetowy: Tylko podstawowe strumieniowanie: <br\/>Brak informacji o wykonawcach \u2022 Brak ok\u0142adek \u2022 Brak historii Tylko 96 kHz zamiast 192 kHz <br\/>\u2705 W aplikacjach: Pe\u0142ne do\u015bwiadczenie: <br\/>192 kHz \u2022 Metadane \u2022 Ok\u0142adki \u2022 Historia utwor\u00f3w \u2022 \u017b\u0105dania<\/p>\n\n\n\n<div id=\"wp-block-themeisle-blocks-advanced-columns-a24c1430\" class=\"wp-block-themeisle-blocks-advanced-columns has-3-columns has-desktop-equal-layout has-tablet-equal-layout has-mobile-collapsedRows-layout has-vertical-unset\"><div class=\"wp-block-themeisle-blocks-advanced-columns-overlay\"><\/div><div class=\"innerblocks-wrap\">\n<div id=\"wp-block-themeisle-blocks-advanced-column-d6feaa49\" class=\"wp-block-themeisle-blocks-advanced-column\">\n<figure class=\"wp-block-image size-full is-resized\"><a href=\"https:\/\/apps.microsoft.com\/detail\/9pbc5prxxx71?hl=de-DE&amp;gl=DE\" target=\"_blank\" rel=\" noreferrer noopener\"><img loading=\"lazy\" decoding=\"async\" width=\"161\" height=\"44\" src=\"https:\/\/motherearthradio.de\/wp-content\/uploads\/2025\/12\/en-us-dark-541c0d.svg\" alt=\"Radio internetowe wysokiej jako&#x15B;ci w Microsoft Store\" class=\"wp-image-8964\" style=\"width:243px;height:auto\"\/><\/a><figcaption class=\"wp-element-caption\">16.99\u20ac \u2022 Windows 10\/11 &#8211; 7-dniowy darmowy okres pr\u00f3bny!<\/figcaption><\/figure>\n<\/div>\n\n\n\n<div id=\"wp-block-themeisle-blocks-advanced-column-45d39b6d\" class=\"wp-block-themeisle-blocks-advanced-column\">\n<figure class=\"wp-block-image size-full is-resized\"><a href=\"https:\/\/play.google.com\/store\/apps\/details?id=appinventor.ai_munichbassa.Mother_Earth_Radio&amp;pcampaignid=web_share\" target=\"_blank\" rel=\" noreferrer noopener\"><img loading=\"lazy\" decoding=\"async\" width=\"646\" height=\"250\" src=\"https:\/\/motherearthradio.de\/wp-content\/uploads\/2025\/12\/en_badge_web_generic.png\" alt=\"Mother Earth Radio w Google Play\" class=\"wp-image-8963\" style=\"aspect-ratio:2.5842896013249734;width:251px;height:auto\" srcset=\"https:\/\/motherearthradio.de\/wp-content\/uploads\/2025\/12\/en_badge_web_generic.png 646w, https:\/\/motherearthradio.de\/wp-content\/uploads\/2025\/12\/en_badge_web_generic-300x116.png 300w\" sizes=\"auto, (max-width: 646px) 100vw, 646px\" \/><\/a><figcaption class=\"wp-element-caption\">19.99\u20ac \u2022 Mobile \u2022 Chromecast \u2022 Smart TV<\/figcaption><\/figure>\n<\/div>\n\n\n\n<div id=\"wp-block-themeisle-blocks-advanced-column-ca836dd3\" class=\"wp-block-themeisle-blocks-advanced-column\">\n<figure class=\"wp-block-image size-full is-resized\"><a href=\"https:\/\/apps.apple.com\/app\/mother-earth-radio\/id6756082949\" target=\"_blank\" rel=\" noreferrer noopener\"><img loading=\"lazy\" decoding=\"async\" width=\"119\" height=\"40\" src=\"https:\/\/motherearthradio.de\/wp-content\/uploads\/2025\/12\/en-us-26a479.svg\" alt=\"\" class=\"wp-image-8965\" style=\"aspect-ratio:2.991819244253993;width:147px;height:auto\"\/><\/a><figcaption class=\"wp-element-caption\">24.99\u20ac \u2022 iPhone \u2022 iPad \u2022 Mac<\/figcaption><\/figure>\n<\/div>\n<\/div><\/div>\n\n\n\n<div id=\"wp-block-themeisle-blocks-advanced-columns-c668e653\" class=\"wp-block-themeisle-blocks-advanced-columns alignwide has-1-columns has-desktop-equal-layout has-tablet-equal-layout has-mobile-equal-layout has-vertical-unset\"><div class=\"wp-block-themeisle-blocks-advanced-columns-overlay\"><\/div><div class=\"innerblocks-wrap\">\n<div id=\"wp-block-themeisle-blocks-advanced-column-4dd9d315\" class=\"wp-block-themeisle-blocks-advanced-column\">\n<div class=\"wp-block-group alignwide is-content-justification-space-between is-nowrap is-layout-flex wp-container-core-group-is-layout-0dfbf163 wp-block-group-is-layout-flex\">\n<figure class=\"wp-block-image size-thumbnail\"><img loading=\"lazy\" decoding=\"async\" width=\"150\" height=\"150\" src=\"https:\/\/motherearthradio.de\/wp-content\/uploads\/2026\/01\/Hi-Res_Radio-logo-150x150.png\" alt=\"High Resolution Radio\" class=\"wp-image-9973\" srcset=\"https:\/\/motherearthradio.de\/wp-content\/uploads\/2026\/01\/Hi-Res_Radio-logo-150x150.png 150w, https:\/\/motherearthradio.de\/wp-content\/uploads\/2026\/01\/Hi-Res_Radio-logo.png 256w\" sizes=\"auto, (max-width: 150px) 100vw, 150px\" \/><\/figure>\n\n\n\n<figure class=\"wp-block-image size-thumbnail\"><img loading=\"lazy\" decoding=\"async\" width=\"150\" height=\"150\" src=\"https:\/\/motherearthradio.de\/wp-content\/uploads\/2024\/03\/mergoldcube512-150x150.png\" alt=\"Mother Earth Radio\" class=\"wp-image-79\" srcset=\"https:\/\/motherearthradio.de\/wp-content\/uploads\/2024\/03\/mergoldcube512-150x150.png 150w, https:\/\/motherearthradio.de\/wp-content\/uploads\/2024\/03\/mergoldcube512-300x300.png 300w, https:\/\/motherearthradio.de\/wp-content\/uploads\/2024\/03\/mergoldcube512.png 512w\" sizes=\"auto, (max-width: 150px) 100vw, 150px\" \/><\/figure>\n<\/div>\n<\/div>\n<\/div><\/div>\n<\/div>\n<\/div><\/div>\n\n\n\n<hr class=\"wp-block-separator has-alpha-channel-opacity\"\/>\n\n\n\n<div id=\"wp-block-themeisle-blocks-advanced-columns-04738316\" class=\"wp-block-themeisle-blocks-advanced-columns has-1-columns has-desktop-equal-layout has-tablet-equal-layout has-mobile-equal-layout has-vertical-unset\"><div class=\"wp-block-themeisle-blocks-advanced-columns-overlay\"><\/div><div class=\"innerblocks-wrap\">\n<div id=\"wp-block-themeisle-blocks-advanced-column-a68c6fc1\" class=\"wp-block-themeisle-blocks-advanced-column\">\n<h2 class=\"wp-block-heading\">Darmowe radio klasyczne online<\/h2>\n\n\n\n<p>Mother Earth Klassik to radio klasyczne online takie, jakie powinno by\u0107: historyczna praktyka wykonawcza, muzyka wsp\u00f3\u0142czesna, str\u00f3j 429 Hz. Kuratorowane przez in\u017cyniera d\u017awi\u0119ku i muzyka.  FLAC do 192 kHz.<br\/><br\/>S\u0142uchaj muzyki klasycznej za darmo: Przetestuj w odtwarzaczu internetowym lub z pe\u0142n\u0105 jako\u015bci\u0105 w aplikacjach.<\/p>\n\n\n\n<h3 class=\"wp-block-heading\" id=\"h-warum-429-hz\">Dlaczego 429 Hz?<\/h3>\n\n\n\n<p>Ton kamertonowy nie zawsze wynosi\u0142 440 Hz. Verdi komponowa\u0142 przy 432 Hz. Orkiestry barokowe graj\u0105 przy 415 Hz. Nikolaus Harnoncourt nagrywa\u0142 Mozarta w historycznych strojeniach \u2013 nie z nostalgii, ale dlatego, \u017ce zmieniaj\u0105 si\u0119 barwy d\u017awi\u0119ku.   <\/p>\n\n\n\n<p>Mother Earth Klassik u\u017cywa 429 Hz. To \u015bwiadoma decyzja pomi\u0119dzy praktyk\u0105 historyczn\u0105 a nowoczesnym strojeniem. Wystarczaj\u0105co nisko dla zrelaksowanego, ciep\u0142ego brzmienia. Wystarczaj\u0105co wysoko dla obecno\u015bci i artykulacji.   <\/p>\n\n\n\n<h3 class=\"wp-block-heading\" id=\"h-was-lauft-auf-mother-earth-klassik\">Co gra na Mother Earth Klassik?<\/h3>\n\n\n\n<p>Muzyka dawna na oryginalnych instrumentach. Nagrania Bacha z nieznanych wytw\u00f3rni. Historyczna praktyka wykonawcza zespo\u0142\u00f3w, kt\u00f3rych nie us\u0142yszysz w innych radiach. Muzyka wsp\u00f3\u0142czesna \u2013 Arvo P\u00e4rt, Sofia Gubaidulina, kompozytorzy tworz\u0105cy dzi\u015b.   <\/p>\n\n\n\n<p>\u017badnych hit\u00f3w Deutsche Grammophon. Zamiast tego: BIS Records, Harmonia Mundi, Naxos. Wytw\u00f3rnie, kt\u00f3re przedk\u0142adaj\u0105 jako\u015b\u0107 nad sprzeda\u017c. Nagrania, kt\u00f3re s\u0105 akustycznie doskona\u0142e i muzycznie interesuj\u0105ce.   <\/p>\n\n\n\n<h3 class=\"wp-block-heading\" id=\"h-hi-res-flac-warum-es-zahlt\">Hi-Res FLAC \u2013 dlaczego to wa\u017cne<\/h3>\n\n\n\n<p>Muzyka klasyczna ma ogromn\u0105 dynamik\u0119. Od pianissimo fletu do fortissimo orkiestry. Jako\u015b\u0107 CD 16-bitowa ma zakres dynamiki 96 dB. 24-bitowa ma 144 dB. S\u0142yszysz r\u00f3\u017cnic\u0119 w cichych fragmentach \u2013 pozostaj\u0105 szczeg\u00f3\u0142owe, nie gin\u0105 w szumie.    <\/p>\n\n\n\n<p>Cz\u0119stotliwo\u015b\u0107 pr\u00f3bkowania 192 kHz oznacza: transjenty s\u0105 precyzyjniej uchwycone. Uderzenie klawisza fortepianu. Pocz\u0105tek d\u017awi\u0119ku skrzypiec. Artykulacja klawesynu.   <\/p>\n<\/div>\n<\/div><\/div>\n\n\n\n<div id=\"wp-block-themeisle-blocks-advanced-columns-afb82773\" class=\"wp-block-themeisle-blocks-advanced-columns has-1-columns has-desktop-equal-layout has-tablet-equal-layout has-mobile-equal-layout has-vertical-unset\"><div class=\"wp-block-themeisle-blocks-advanced-columns-overlay\"><\/div><div class=\"innerblocks-wrap\">\n<div id=\"wp-block-themeisle-blocks-advanced-column-ede8506f\" class=\"wp-block-themeisle-blocks-advanced-column\">\n<h2 class=\"wp-block-heading\" id=\"h-apps-fur-volles-erlebnis\">Aplikacje dla pe\u0142nego do\u015bwiadczenia.<\/h2>\n\n\n\n<p>Odtwarzacz internetowy s\u0142u\u017cy do testowania. Je\u015bli naprawd\u0119 chcesz s\u0142ucha\u0107 \u2013 z metadanymi, ok\u0142adkami i natywnym wyj\u015bciem audio \u2013 pobierz aplikacj\u0119. <\/p>\n\n\n\n<figure class=\"wp-block-table is-style-stripes has-medium-font-size\"><table class=\"has-fixed-layout\"><tbody><tr><td><\/td><td>Odtwarzacz web<\/td><td>Aplikacja<\/td><td>Aplikacja + USB DAC<\/td><td>Streamer sprz\u0119towy<\/td><\/tr><tr><td>FLAC192kHz<\/td><td>\u274c<\/td><td>\u2705<\/td><td>\u2705<\/td><td>\u2705<\/td><\/tr><tr><td>Metadane<\/td><td>\u274c<\/td><td>\u2705<\/td><td>\u2705<\/td><td>\u274c<\/td><\/tr><tr><td>Natywne audio<\/td><td>\u274c<\/td><td>\u2705<\/td><td>\u2705<\/td><td>&#8211;<\/td><\/tr><tr><td>Optymalne rozwi\u0105zanie<\/td><td><\/td><td><\/td><td>\ud83d\udc51<\/td><td><\/td><\/tr><\/tbody><\/table><\/figure>\n\n\n\n<p>Zap\u0142a\u0107 raz. Bez abonamentu. <\/p>\n\n\n\n<div id=\"wp-block-themeisle-blocks-advanced-columns-15b86b63\" class=\"wp-block-themeisle-blocks-advanced-columns has-3-columns has-desktop-equal-layout has-tablet-equal-layout has-mobile-collapsedRows-layout has-vertical-unset\"><div class=\"wp-block-themeisle-blocks-advanced-columns-overlay\"><\/div><div class=\"innerblocks-wrap\">\n<div id=\"wp-block-themeisle-blocks-advanced-column-375a4a42\" class=\"wp-block-themeisle-blocks-advanced-column\">\n<figure class=\"wp-block-image size-full is-resized\"><a href=\"https:\/\/apps.microsoft.com\/detail\/9pbc5prxxx71?hl=de-DE&amp;gl=DE\" target=\"_blank\" rel=\" noreferrer noopener\"><img loading=\"lazy\" decoding=\"async\" width=\"161\" height=\"44\" src=\"https:\/\/motherearthradio.de\/wp-content\/uploads\/2025\/12\/en-us-dark-541c0d.svg\" alt=\"Radio internetowe wysokiej jako&#x15B;ci w Microsoft Store\" class=\"wp-image-8964\" style=\"width:243px;height:auto\"\/><\/a><figcaption class=\"wp-element-caption\">16.99\u20ac \u2022 Windows 10\/11 &#8211; 7-dniowy darmowy okres pr\u00f3bny!<\/figcaption><\/figure>\n<\/div>\n\n\n\n<div id=\"wp-block-themeisle-blocks-advanced-column-3f5b3466\" class=\"wp-block-themeisle-blocks-advanced-column\">\n<figure class=\"wp-block-image size-full is-resized\"><a href=\"https:\/\/play.google.com\/store\/apps\/details?id=appinventor.ai_munichbassa.Mother_Earth_Radio&amp;pcampaignid=web_share\" target=\"_blank\" rel=\" noreferrer noopener\"><img loading=\"lazy\" decoding=\"async\" width=\"646\" height=\"250\" src=\"https:\/\/motherearthradio.de\/wp-content\/uploads\/2025\/12\/en_badge_web_generic.png\" alt=\"Mother Earth Radio w Google Play\" class=\"wp-image-8963\" style=\"aspect-ratio:2.5842896013249734;width:251px;height:auto\" srcset=\"https:\/\/motherearthradio.de\/wp-content\/uploads\/2025\/12\/en_badge_web_generic.png 646w, https:\/\/motherearthradio.de\/wp-content\/uploads\/2025\/12\/en_badge_web_generic-300x116.png 300w\" sizes=\"auto, (max-width: 646px) 100vw, 646px\" \/><\/a><figcaption class=\"wp-element-caption\">19.99\u20ac \u2022 Mobile \u2022 Chromecast \u2022 Smart TV<\/figcaption><\/figure>\n<\/div>\n\n\n\n<div id=\"wp-block-themeisle-blocks-advanced-column-a217b9e0\" class=\"wp-block-themeisle-blocks-advanced-column\">\n<figure class=\"wp-block-image size-full is-resized\"><a href=\"https:\/\/apps.apple.com\/app\/mother-earth-radio\/id6756082949\" target=\"_blank\" rel=\" noreferrer noopener\"><img loading=\"lazy\" decoding=\"async\" width=\"119\" height=\"40\" src=\"https:\/\/motherearthradio.de\/wp-content\/uploads\/2025\/12\/en-us-26a479.svg\" alt=\"\" class=\"wp-image-8965\" style=\"aspect-ratio:2.991819244253993;width:147px;height:auto\"\/><\/a><figcaption class=\"wp-element-caption\">24.99\u20ac \u2022 iPhone \u2022 iPad \u2022 Mac<\/figcaption><\/figure>\n<\/div>\n<\/div><\/div>\n<\/div>\n<\/div><\/div>\n\n\n\n<hr class=\"wp-block-separator has-alpha-channel-opacity\"\/>\n\n\n\n<ul class=\"wp-block-yoast-seo-related-links yoast-seo-related-links\">\n<li><a href=\"https:\/\/motherearthradio.de\/pl\/\">High-Resolution Radio<\/a><\/li>\n<\/ul>\n<\/div>\n<\/div><\/div>\n","protected":false},"excerpt":{"rendered":"","protected":false},"author":1,"featured_media":0,"parent":0,"menu_order":0,"comment_status":"closed","ping_status":"closed","template":"","meta":{"_themeisle_gutenberg_block_has_review":false,"footnotes":""},"class_list":["post-9127","page","type-page","status-publish"],"yoast_head":"<!-- This site is optimized with the Yoast SEO Premium plugin v27.3 (Yoast SEO v27.3) - https:\/\/yoast.com\/product\/yoast-seo-premium-wordpress\/ -->\n<title>Mother Earth Klassik \u2013 Radio muzyki klasycznej w Hi-Res FLAC<\/title>\n<meta name=\"description\" content=\"Mother Earth Klassik: Radio muzyki klasycznej w Hi-Res FLAC. Muzyka barokowa, wykonania historyczne. Radio klasyczne online. Pos\u0142uchaj teraz.\" \/>\n<meta name=\"robots\" content=\"index, follow, max-snippet:-1, max-image-preview:large, max-video-preview:-1\" \/>\n<link rel=\"canonical\" href=\"https:\/\/motherearthradio.de\/pl\/mother-earth-klassik-on-air\/\" \/>\n<meta property=\"og:locale\" content=\"pl_PL\" \/>\n<meta property=\"og:type\" content=\"article\" \/>\n<meta property=\"og:title\" content=\"Mother Earth Klassik On Air\" \/>\n<meta property=\"og:description\" content=\"Mother Earth Klassik: Radio muzyki klasycznej w Hi-Res FLAC. Muzyka barokowa, wykonania historyczne. Radio klasyczne online. Pos\u0142uchaj teraz.\" \/>\n<meta property=\"og:url\" content=\"https:\/\/motherearthradio.de\/pl\/mother-earth-klassik-on-air\/\" \/>\n<meta property=\"og:site_name\" content=\"Mother Earth Radio\" \/>\n<meta property=\"article:modified_time\" content=\"2026-02-27T23:06:42+00:00\" \/>\n<meta property=\"og:image\" content=\"https:\/\/motherearthradio.de\/wp-content\/uploads\/2024\/03\/biglogo.png\" \/>\n\t<meta property=\"og:image:width\" content=\"1200\" \/>\n\t<meta property=\"og:image:height\" content=\"728\" \/>\n\t<meta property=\"og:image:type\" content=\"image\/png\" \/>\n<meta name=\"twitter:card\" content=\"summary_large_image\" \/>\n<meta name=\"twitter:label1\" content=\"Szacowany czas czytania\" \/>\n\t<meta name=\"twitter:data1\" content=\"2 minuty\" \/>\n<script type=\"application\/ld+json\" class=\"yoast-schema-graph\">{\"@context\":\"https:\\\/\\\/schema.org\",\"@graph\":[{\"@type\":\"WebPage\",\"@id\":\"https:\\\/\\\/motherearthradio.de\\\/pl\\\/mother-earth-klassik-on-air\\\/\",\"url\":\"https:\\\/\\\/motherearthradio.de\\\/pl\\\/mother-earth-klassik-on-air\\\/\",\"name\":\"Mother Earth Klassik \u2013 Radio muzyki klasycznej w Hi-Res FLAC\",\"isPartOf\":{\"@id\":\"https:\\\/\\\/motherearthradio.de\\\/pl\\\/#website\"},\"primaryImageOfPage\":{\"@id\":\"https:\\\/\\\/motherearthradio.de\\\/pl\\\/mother-earth-klassik-on-air\\\/#primaryimage\"},\"image\":{\"@id\":\"https:\\\/\\\/motherearthradio.de\\\/pl\\\/mother-earth-klassik-on-air\\\/#primaryimage\"},\"thumbnailUrl\":\"https:\\\/\\\/motherearthradio.de\\\/wp-content\\\/uploads\\\/2025\\\/12\\\/en-us-dark-541c0d.svg\",\"datePublished\":\"2025-03-25T16:37:38+00:00\",\"dateModified\":\"2026-02-27T23:06:42+00:00\",\"description\":\"Mother Earth Klassik: Radio muzyki klasycznej w Hi-Res FLAC. Muzyka barokowa, wykonania historyczne. Radio klasyczne online. Pos\u0142uchaj teraz.\",\"breadcrumb\":{\"@id\":\"https:\\\/\\\/motherearthradio.de\\\/pl\\\/mother-earth-klassik-on-air\\\/#breadcrumb\"},\"inLanguage\":\"pl-PL\",\"potentialAction\":[{\"@type\":\"ReadAction\",\"target\":[\"https:\\\/\\\/motherearthradio.de\\\/pl\\\/mother-earth-klassik-on-air\\\/\"]}]},{\"@type\":\"ImageObject\",\"inLanguage\":\"pl-PL\",\"@id\":\"https:\\\/\\\/motherearthradio.de\\\/pl\\\/mother-earth-klassik-on-air\\\/#primaryimage\",\"url\":\"https:\\\/\\\/motherearthradio.de\\\/wp-content\\\/uploads\\\/2025\\\/12\\\/en-us-dark-541c0d.svg\",\"contentUrl\":\"https:\\\/\\\/motherearthradio.de\\\/wp-content\\\/uploads\\\/2025\\\/12\\\/en-us-dark-541c0d.svg\"},{\"@type\":\"BreadcrumbList\",\"@id\":\"https:\\\/\\\/motherearthradio.de\\\/pl\\\/mother-earth-klassik-on-air\\\/#breadcrumb\",\"itemListElement\":[{\"@type\":\"ListItem\",\"position\":1,\"name\":\"Startseite\",\"item\":\"https:\\\/\\\/motherearthradio.de\\\/pl\\\/\"},{\"@type\":\"ListItem\",\"position\":2,\"name\":\"Mother Earth Klassik On Air\"}]},{\"@type\":\"WebSite\",\"@id\":\"https:\\\/\\\/motherearthradio.de\\\/pl\\\/#website\",\"url\":\"https:\\\/\\\/motherearthradio.de\\\/pl\\\/\",\"name\":\"Mother Earth Radio\",\"description\":\"High Resolution Radio\",\"publisher\":{\"@id\":\"https:\\\/\\\/motherearthradio.de\\\/pl\\\/#organization\"},\"potentialAction\":[{\"@type\":\"SearchAction\",\"target\":{\"@type\":\"EntryPoint\",\"urlTemplate\":\"https:\\\/\\\/motherearthradio.de\\\/pl\\\/?s={search_term_string}\"},\"query-input\":{\"@type\":\"PropertyValueSpecification\",\"valueRequired\":true,\"valueName\":\"search_term_string\"}}],\"inLanguage\":\"pl-PL\"},{\"@type\":\"Organization\",\"@id\":\"https:\\\/\\\/motherearthradio.de\\\/pl\\\/#organization\",\"name\":\"Mother Earth Radio\",\"url\":\"https:\\\/\\\/motherearthradio.de\\\/pl\\\/\",\"logo\":{\"@type\":\"ImageObject\",\"inLanguage\":\"pl-PL\",\"@id\":\"https:\\\/\\\/motherearthradio.de\\\/pl\\\/#\\\/schema\\\/logo\\\/image\\\/\",\"url\":\"https:\\\/\\\/motherearthradio.de\\\/wp-content\\\/uploads\\\/2025\\\/12\\\/mer-logo-cube-bold-1x-512.png\",\"contentUrl\":\"https:\\\/\\\/motherearthradio.de\\\/wp-content\\\/uploads\\\/2025\\\/12\\\/mer-logo-cube-bold-1x-512.png\",\"width\":512,\"height\":512,\"caption\":\"Mother Earth Radio\"},\"image\":{\"@id\":\"https:\\\/\\\/motherearthradio.de\\\/pl\\\/#\\\/schema\\\/logo\\\/image\\\/\"},\"sameAs\":[\"https:\\\/\\\/www.youtube.com\\\/channel\\\/UCX5xCDGKQ9wCS1myWo6_nwg\",\"https:\\\/\\\/www.instagram.com\\\/mother.earth.radio\\\/\"],\"description\":\"Das weltweit erste High Resolution Radio in 192 kHz FLAC. Vinyl-Digitalisierung, keine AI-Musik, kuratiert von Florian Reiterer.\",\"email\":\"info@motherearthradio.de\",\"telephone\":\"00498920977034\",\"foundingDate\":\"2020-02-20\",\"numberOfEmployees\":{\"@type\":\"QuantitativeValue\",\"minValue\":\"1\",\"maxValue\":\"10\"}}]}<\/script>\n<!-- \/ Yoast SEO Premium plugin. -->","yoast_head_json":{"title":"Mother Earth Klassik \u2013 Radio muzyki klasycznej w Hi-Res FLAC","description":"Mother Earth Klassik: Radio muzyki klasycznej w Hi-Res FLAC. Muzyka barokowa, wykonania historyczne. Radio klasyczne online. Pos\u0142uchaj teraz.","robots":{"index":"index","follow":"follow","max-snippet":"max-snippet:-1","max-image-preview":"max-image-preview:large","max-video-preview":"max-video-preview:-1"},"canonical":"https:\/\/motherearthradio.de\/pl\/mother-earth-klassik-on-air\/","og_locale":"pl_PL","og_type":"article","og_title":"Mother Earth Klassik On Air","og_description":"Mother Earth Klassik: Radio muzyki klasycznej w Hi-Res FLAC. Muzyka barokowa, wykonania historyczne. Radio klasyczne online. Pos\u0142uchaj teraz.","og_url":"https:\/\/motherearthradio.de\/pl\/mother-earth-klassik-on-air\/","og_site_name":"Mother Earth Radio","article_modified_time":"2026-02-27T23:06:42+00:00","og_image":[{"width":1200,"height":728,"url":"https:\/\/motherearthradio.de\/wp-content\/uploads\/2024\/03\/biglogo.png","type":"image\/png"}],"twitter_card":"summary_large_image","twitter_misc":{"Szacowany czas czytania":"2 minuty"},"schema":{"@context":"https:\/\/schema.org","@graph":[{"@type":"WebPage","@id":"https:\/\/motherearthradio.de\/pl\/mother-earth-klassik-on-air\/","url":"https:\/\/motherearthradio.de\/pl\/mother-earth-klassik-on-air\/","name":"Mother Earth Klassik \u2013 Radio muzyki klasycznej w Hi-Res FLAC","isPartOf":{"@id":"https:\/\/motherearthradio.de\/pl\/#website"},"primaryImageOfPage":{"@id":"https:\/\/motherearthradio.de\/pl\/mother-earth-klassik-on-air\/#primaryimage"},"image":{"@id":"https:\/\/motherearthradio.de\/pl\/mother-earth-klassik-on-air\/#primaryimage"},"thumbnailUrl":"https:\/\/motherearthradio.de\/wp-content\/uploads\/2025\/12\/en-us-dark-541c0d.svg","datePublished":"2025-03-25T16:37:38+00:00","dateModified":"2026-02-27T23:06:42+00:00","description":"Mother Earth Klassik: Radio muzyki klasycznej w Hi-Res FLAC. Muzyka barokowa, wykonania historyczne. Radio klasyczne online. Pos\u0142uchaj teraz.","breadcrumb":{"@id":"https:\/\/motherearthradio.de\/pl\/mother-earth-klassik-on-air\/#breadcrumb"},"inLanguage":"pl-PL","potentialAction":[{"@type":"ReadAction","target":["https:\/\/motherearthradio.de\/pl\/mother-earth-klassik-on-air\/"]}]},{"@type":"ImageObject","inLanguage":"pl-PL","@id":"https:\/\/motherearthradio.de\/pl\/mother-earth-klassik-on-air\/#primaryimage","url":"https:\/\/motherearthradio.de\/wp-content\/uploads\/2025\/12\/en-us-dark-541c0d.svg","contentUrl":"https:\/\/motherearthradio.de\/wp-content\/uploads\/2025\/12\/en-us-dark-541c0d.svg"},{"@type":"BreadcrumbList","@id":"https:\/\/motherearthradio.de\/pl\/mother-earth-klassik-on-air\/#breadcrumb","itemListElement":[{"@type":"ListItem","position":1,"name":"Startseite","item":"https:\/\/motherearthradio.de\/pl\/"},{"@type":"ListItem","position":2,"name":"Mother Earth Klassik On Air"}]},{"@type":"WebSite","@id":"https:\/\/motherearthradio.de\/pl\/#website","url":"https:\/\/motherearthradio.de\/pl\/","name":"Mother Earth Radio","description":"High Resolution Radio","publisher":{"@id":"https:\/\/motherearthradio.de\/pl\/#organization"},"potentialAction":[{"@type":"SearchAction","target":{"@type":"EntryPoint","urlTemplate":"https:\/\/motherearthradio.de\/pl\/?s={search_term_string}"},"query-input":{"@type":"PropertyValueSpecification","valueRequired":true,"valueName":"search_term_string"}}],"inLanguage":"pl-PL"},{"@type":"Organization","@id":"https:\/\/motherearthradio.de\/pl\/#organization","name":"Mother Earth Radio","url":"https:\/\/motherearthradio.de\/pl\/","logo":{"@type":"ImageObject","inLanguage":"pl-PL","@id":"https:\/\/motherearthradio.de\/pl\/#\/schema\/logo\/image\/","url":"https:\/\/motherearthradio.de\/wp-content\/uploads\/2025\/12\/mer-logo-cube-bold-1x-512.png","contentUrl":"https:\/\/motherearthradio.de\/wp-content\/uploads\/2025\/12\/mer-logo-cube-bold-1x-512.png","width":512,"height":512,"caption":"Mother Earth Radio"},"image":{"@id":"https:\/\/motherearthradio.de\/pl\/#\/schema\/logo\/image\/"},"sameAs":["https:\/\/www.youtube.com\/channel\/UCX5xCDGKQ9wCS1myWo6_nwg","https:\/\/www.instagram.com\/mother.earth.radio\/"],"description":"Das weltweit erste High Resolution Radio in 192 kHz FLAC. Vinyl-Digitalisierung, keine AI-Musik, kuratiert von Florian Reiterer.","email":"info@motherearthradio.de","telephone":"00498920977034","foundingDate":"2020-02-20","numberOfEmployees":{"@type":"QuantitativeValue","minValue":"1","maxValue":"10"}}]}},"_links":{"self":[{"href":"https:\/\/motherearthradio.de\/pl\/wp-json\/wp\/v2\/pages\/9127","targetHints":{"allow":["GET"]}}],"collection":[{"href":"https:\/\/motherearthradio.de\/pl\/wp-json\/wp\/v2\/pages"}],"about":[{"href":"https:\/\/motherearthradio.de\/pl\/wp-json\/wp\/v2\/types\/page"}],"author":[{"embeddable":true,"href":"https:\/\/motherearthradio.de\/pl\/wp-json\/wp\/v2\/users\/1"}],"replies":[{"embeddable":true,"href":"https:\/\/motherearthradio.de\/pl\/wp-json\/wp\/v2\/comments?post=9127"}],"version-history":[{"count":5,"href":"https:\/\/motherearthradio.de\/pl\/wp-json\/wp\/v2\/pages\/9127\/revisions"}],"predecessor-version":[{"id":10313,"href":"https:\/\/motherearthradio.de\/pl\/wp-json\/wp\/v2\/pages\/9127\/revisions\/10313"}],"wp:attachment":[{"href":"https:\/\/motherearthradio.de\/pl\/wp-json\/wp\/v2\/media?parent=9127"}],"curies":[{"name":"wp","href":"https:\/\/api.w.org\/{rel}","templated":true}]}}