{"id":9129,"date":"2025-03-25T17:38:06","date_gmt":"2025-03-25T16:38:06","guid":{"rendered":"https:\/\/motherearthradio.de\/mother-earth-radio-on-air\/"},"modified":"2026-04-03T19:41:54","modified_gmt":"2026-04-03T17:41:54","slug":"mother-earth-radio-on-air","status":"publish","type":"page","link":"https:\/\/motherearthradio.de\/pl\/mother-earth-radio-on-air\/","title":{"rendered":"Mother Earth Radio On Air"},"content":{"rendered":"\n<div id=\"wp-block-themeisle-blocks-advanced-columns-f8675704\" class=\"wp-block-themeisle-blocks-advanced-columns alignwide has-1-columns has-desktop-equal-layout has-tablet-equal-layout has-mobile-equal-layout has-vertical-unset\"><div class=\"wp-block-themeisle-blocks-advanced-columns-overlay\"><\/div><div class=\"innerblocks-wrap\">\n<div id=\"wp-block-themeisle-blocks-advanced-column-280ff229\" class=\"wp-block-themeisle-blocks-advanced-column\">\n<h1 class=\"wp-block-heading has-x-large-font-size\">MOTHER EARTH RADIO NA \u017bYWO \u2013 EKLEKTYCZNE I STARANNIE WYBRANE<\/h1>\n\n\n\n<p>High Resolution Radio: S\u0142uchaj teraz za darmo na \u017cywo w High-Res FLAC. Od Toma Waitsa po Nilsa Frahma. Poza g\u0142\u00f3wnym nurtem. Streaming w 192 kHz.   <\/p>\n\n\n\n<div id=\"wp-block-themeisle-blocks-advanced-columns-83687e49\" class=\"wp-block-themeisle-blocks-advanced-columns has-1-columns has-desktop-equal-layout has-tablet-equal-layout has-mobile-equal-layout has-vertical-unset\"><div class=\"wp-block-themeisle-blocks-advanced-columns-overlay\"><\/div><div class=\"innerblocks-wrap\">\n<div id=\"wp-block-themeisle-blocks-advanced-column-6afc4974\" class=\"wp-block-themeisle-blocks-advanced-column\">\n<figure class=\"wp-block-audio\"><audio controls=\"\" src=\"https:\/\/stream.motherearthradio.de\/listen\/motherearth\/motherearth.flac-lo\"><\/audio><\/figure>\n\n\n\n<p>\u26a0\ufe0f Odtwarzacz internetowy: Tylko podstawowe strumieniowanie: <br\/>Brak informacji o wykonawcach \u2022 Brak ok\u0142adek \u2022 Brak historii Tylko 96 kHz zamiast 192 kHz <br\/>\u2705 W aplikacjach: Pe\u0142ne do\u015bwiadczenie: <br\/>192 kHz \u2022 Metadane \u2022 Ok\u0142adki \u2022 Historia utwor\u00f3w \u2022 \u017b\u0105dania<\/p>\n\n\n\n<div id=\"wp-block-themeisle-blocks-advanced-columns-a24c1430\" class=\"wp-block-themeisle-blocks-advanced-columns has-3-columns has-desktop-equal-layout has-tablet-equal-layout has-mobile-collapsedRows-layout has-vertical-unset\"><div class=\"wp-block-themeisle-blocks-advanced-columns-overlay\"><\/div><div class=\"innerblocks-wrap\">\n<div id=\"wp-block-themeisle-blocks-advanced-column-d6feaa49\" class=\"wp-block-themeisle-blocks-advanced-column\">\n<figure class=\"wp-block-image size-full is-resized\"><a href=\"https:\/\/apps.microsoft.com\/detail\/9pbc5prxxx71?hl=de-DE&amp;gl=DE\" target=\"_blank\" rel=\" noreferrer noopener\"><img loading=\"lazy\" decoding=\"async\" width=\"161\" height=\"44\" src=\"https:\/\/motherearthradio.de\/wp-content\/uploads\/2025\/12\/en-us-dark-541c0d.svg\" alt=\"Radio internetowe wysokiej jako&#x15B;ci w Microsoft Store\" class=\"wp-image-8964\" style=\"width:243px;height:auto\"\/><\/a><figcaption class=\"wp-element-caption\">16.99\u20ac \u2022 Windows 10\/11 &#8211; 7-dniowy darmowy okres pr\u00f3bny!<\/figcaption><\/figure>\n<\/div>\n\n\n\n<div id=\"wp-block-themeisle-blocks-advanced-column-45d39b6d\" class=\"wp-block-themeisle-blocks-advanced-column\">\n<figure class=\"wp-block-image size-full is-resized\"><a href=\"https:\/\/play.google.com\/store\/apps\/details?id=appinventor.ai_munichbassa.Mother_Earth_Radio&amp;pcampaignid=web_share\" target=\"_blank\" rel=\" noreferrer noopener\"><img loading=\"lazy\" decoding=\"async\" width=\"646\" height=\"250\" src=\"https:\/\/motherearthradio.de\/wp-content\/uploads\/2025\/12\/en_badge_web_generic.png\" alt=\"Mother Earth Radio w Google Play\" class=\"wp-image-8963\" style=\"aspect-ratio:2.5842896013249734;width:251px;height:auto\" srcset=\"https:\/\/motherearthradio.de\/wp-content\/uploads\/2025\/12\/en_badge_web_generic.png 646w, https:\/\/motherearthradio.de\/wp-content\/uploads\/2025\/12\/en_badge_web_generic-300x116.png 300w\" sizes=\"auto, (max-width: 646px) 100vw, 646px\" \/><\/a><figcaption class=\"wp-element-caption\">19.99\u20ac \u2022 Mobile \u2022 Chromecast \u2022 Smart TV<\/figcaption><\/figure>\n<\/div>\n\n\n\n<div id=\"wp-block-themeisle-blocks-advanced-column-ca836dd3\" class=\"wp-block-themeisle-blocks-advanced-column\">\n<figure class=\"wp-block-image size-full is-resized\"><a href=\"https:\/\/apps.apple.com\/app\/mother-earth-radio\/id6756082949\" target=\"_blank\" rel=\" noreferrer noopener\"><img loading=\"lazy\" decoding=\"async\" width=\"119\" height=\"40\" src=\"https:\/\/motherearthradio.de\/wp-content\/uploads\/2025\/12\/en-us-26a479.svg\" alt=\"\" class=\"wp-image-8965\" style=\"aspect-ratio:2.991819244253993;width:147px;height:auto\"\/><\/a><figcaption class=\"wp-element-caption\">24.99\u20ac \u2022 iPhone \u2022 iPad \u2022 Mac<\/figcaption><\/figure>\n<\/div>\n<\/div><\/div>\n\n\n\n<div id=\"wp-block-themeisle-blocks-advanced-columns-c668e653\" class=\"wp-block-themeisle-blocks-advanced-columns alignwide has-1-columns has-desktop-equal-layout has-tablet-equal-layout has-mobile-equal-layout has-vertical-unset\"><div class=\"wp-block-themeisle-blocks-advanced-columns-overlay\"><\/div><div class=\"innerblocks-wrap\">\n<div id=\"wp-block-themeisle-blocks-advanced-column-4dd9d315\" class=\"wp-block-themeisle-blocks-advanced-column\">\n<div class=\"wp-block-group alignwide is-content-justification-space-between is-nowrap is-layout-flex wp-container-core-group-is-layout-0dfbf163 wp-block-group-is-layout-flex\">\n<figure class=\"wp-block-image size-thumbnail\"><img loading=\"lazy\" decoding=\"async\" width=\"150\" height=\"150\" src=\"https:\/\/motherearthradio.de\/wp-content\/uploads\/2026\/01\/Hi-Res_Radio-logo-150x150.png\" alt=\"High Resolution Radio\" class=\"wp-image-9973\" srcset=\"https:\/\/motherearthradio.de\/wp-content\/uploads\/2026\/01\/Hi-Res_Radio-logo-150x150.png 150w, https:\/\/motherearthradio.de\/wp-content\/uploads\/2026\/01\/Hi-Res_Radio-logo.png 256w\" sizes=\"auto, (max-width: 150px) 100vw, 150px\" \/><\/figure>\n\n\n\n<figure class=\"wp-block-image size-thumbnail\"><img loading=\"lazy\" decoding=\"async\" width=\"150\" height=\"150\" src=\"https:\/\/motherearthradio.de\/wp-content\/uploads\/2024\/03\/mergoldcube512-150x150.png\" alt=\"Mother Earth Radio\" class=\"wp-image-79\" srcset=\"https:\/\/motherearthradio.de\/wp-content\/uploads\/2024\/03\/mergoldcube512-150x150.png 150w, https:\/\/motherearthradio.de\/wp-content\/uploads\/2024\/03\/mergoldcube512-300x300.png 300w, https:\/\/motherearthradio.de\/wp-content\/uploads\/2024\/03\/mergoldcube512.png 512w\" sizes=\"auto, (max-width: 150px) 100vw, 150px\" \/><\/figure>\n<\/div>\n<\/div>\n<\/div><\/div>\n<\/div>\n<\/div><\/div>\n\n\n\n<hr class=\"wp-block-separator has-alpha-channel-opacity\"\/>\n\n\n\n<div id=\"wp-block-themeisle-blocks-advanced-columns-04738316\" class=\"wp-block-themeisle-blocks-advanced-columns has-1-columns has-desktop-equal-layout has-tablet-equal-layout has-mobile-equal-layout has-vertical-unset\"><div class=\"wp-block-themeisle-blocks-advanced-columns-overlay\"><\/div><div class=\"innerblocks-wrap\">\n<div id=\"wp-block-themeisle-blocks-advanced-column-a68c6fc1\" class=\"wp-block-themeisle-blocks-advanced-column\">\n<p><strong>Czym jest Mother Earth Radio?<\/strong><\/p>\n\n\n\n<p>Muzyka od ludzi, kt\u00f3rzy zachowali swoje prawa. Odtwarzana przez stacj\u0119, kt\u00f3ra zachowa\u0142a swoj\u0105 niezale\u017cno\u015b\u0107. <\/p>\n\n\n\n<p><strong>Przyk\u0142ad.<\/strong><\/p>\n\n\n\n<p>W 1972 roku Bob Marley podpisa\u0142 kontrakt z Island Records. Chris Blackwell, za\u0142o\u017cyciel wytw\u00f3rni, od razu zrozumia\u0142, co ma przed sob\u0105. Zrobi\u0142 z Marleya \u015bwiatow\u0105 gwiazd\u0119. P\u00f3\u017aniej Blackwell sprzeda\u0142 Island Records firmie PolyGram, kt\u00f3ra sta\u0142a si\u0119 Universal \u2014 dzi\u015b najwi\u0119kszym koncernem muzycznym na \u015bwiecie. Od tamtej pory nagrania Marleya nale\u017c\u0105 do Universal. Rodzina pozwa\u0142a wytw\u00f3rni\u0119 i przegra\u0142a.     <\/p>\n\n\n\n<p>Ale kompozycje \u2014 same utwory \u2014 nigdy nie nale\u017ca\u0142y do Universal. Blackwell od pocz\u0105tku prowadzi\u0142 prawa wydawnicze Marleya przez w\u0142asn\u0105 firm\u0119: Blue Mountain Music. Niezale\u017cnie. Oddzielnie od umowy z wytw\u00f3rni\u0105. Przez ponad czterdzie\u015bci lat. Gdy w ko\u0144cu sprzeda\u0142 je w 2018 roku, trafi\u0142y do Primary Wave. R\u00f3wnie\u017c niezale\u017cnej.      <\/p>\n\n\n\n<p>Redemption Song. No Woman, No Cry. Wszystko, co Marley napisa\u0142 \u2014 wolne od major\u00f3w. Nie dlatego, \u017ce tak wysz\u0142o. Tylko dlatego, \u017ce kto\u015b zdecydowa\u0142, \u017ce niekt\u00f3rych rzeczy nie da si\u0119 sprzeda\u0107.    <\/p>\n<\/div>\n<\/div><\/div>\n\n\n\n<div id=\"wp-block-themeisle-blocks-advanced-columns-afb82773\" class=\"wp-block-themeisle-blocks-advanced-columns has-1-columns has-desktop-equal-layout has-tablet-equal-layout has-mobile-equal-layout has-vertical-unset\"><div class=\"wp-block-themeisle-blocks-advanced-columns-overlay\"><\/div><div class=\"innerblocks-wrap\">\n<div id=\"wp-block-themeisle-blocks-advanced-column-ede8506f\" class=\"wp-block-themeisle-blocks-advanced-column\">\n<h2 class=\"wp-block-heading\" id=\"h-hor-jetzt-mother-earth-radio-live-online-apps-fur-volles-erlebnis\">S\u0142uchaj teraz Mother Earth Radio na \u017cywo online. Aplikacje dla pe\u0142nego do\u015bwiadczenia. <\/h2>\n\n\n\n<p>S\u0142uchaj Mother Earth Radio: Za darmo w odtwarzaczu webowym lub z pe\u0142n\u0105 jako\u015bci\u0105 w aplikacjach. <br\/>FLAC do 192 kHz.<\/p>\n\n\n\n<figure class=\"wp-block-table is-style-stripes has-medium-font-size\"><table class=\"has-fixed-layout\"><tbody><tr><td><\/td><td>Odtwarzacz web<\/td><td>Aplikacja<\/td><td>Aplikacja + USB DAC<\/td><td>Streamer sprz\u0119towy<\/td><\/tr><tr><td>FLAC192kHz<\/td><td>\u274c<\/td><td>\u2705<\/td><td>\u2705<\/td><td>\u2705<\/td><\/tr><tr><td>Metadane<\/td><td>\u274c<\/td><td>\u2705<\/td><td>\u2705<\/td><td>\u274c<\/td><\/tr><tr><td>Natywne audio<\/td><td>\u274c<\/td><td>\u2705<\/td><td>\u2705<\/td><td>&#8211;<\/td><\/tr><tr><td>Optymalne rozwi\u0105zanie<\/td><td><\/td><td><\/td><td>\ud83d\udc51<\/td><td><\/td><\/tr><\/tbody><\/table><\/figure>\n\n\n\n<p>Zap\u0142a\u0107 raz. Bez abonamentu. <\/p>\n\n\n\n<div id=\"wp-block-themeisle-blocks-advanced-columns-09ce5154\" class=\"wp-block-themeisle-blocks-advanced-columns has-3-columns has-desktop-equal-layout has-tablet-equal-layout has-mobile-collapsedRows-layout has-vertical-unset\"><div class=\"wp-block-themeisle-blocks-advanced-columns-overlay\"><\/div><div class=\"innerblocks-wrap\">\n<div id=\"wp-block-themeisle-blocks-advanced-column-1b987a94\" class=\"wp-block-themeisle-blocks-advanced-column\">\n<figure class=\"wp-block-image size-full is-resized\"><a href=\"https:\/\/apps.microsoft.com\/detail\/9pbc5prxxx71?hl=de-DE&amp;gl=DE\" target=\"_blank\" rel=\" noreferrer noopener\"><img loading=\"lazy\" decoding=\"async\" width=\"161\" height=\"44\" src=\"https:\/\/motherearthradio.de\/wp-content\/uploads\/2025\/12\/en-us-dark-541c0d.svg\" alt=\"Radio internetowe wysokiej jako&#x15B;ci w Microsoft Store\" class=\"wp-image-8964\" style=\"width:243px;height:auto\"\/><\/a><figcaption class=\"wp-element-caption\">16.99\u20ac \u2022 Windows 10\/11 &#8211; 7-dniowy darmowy okres pr\u00f3bny!<\/figcaption><\/figure>\n<\/div>\n\n\n\n<div id=\"wp-block-themeisle-blocks-advanced-column-98e2e839\" class=\"wp-block-themeisle-blocks-advanced-column\">\n<figure class=\"wp-block-image size-full is-resized\"><a href=\"https:\/\/play.google.com\/store\/apps\/details?id=appinventor.ai_munichbassa.Mother_Earth_Radio&amp;pcampaignid=web_share\" target=\"_blank\" rel=\" noreferrer noopener\"><img loading=\"lazy\" decoding=\"async\" width=\"646\" height=\"250\" src=\"https:\/\/motherearthradio.de\/wp-content\/uploads\/2025\/12\/en_badge_web_generic.png\" alt=\"Mother Earth Radio w Google Play\" class=\"wp-image-8963\" style=\"aspect-ratio:2.5842896013249734;width:251px;height:auto\" srcset=\"https:\/\/motherearthradio.de\/wp-content\/uploads\/2025\/12\/en_badge_web_generic.png 646w, https:\/\/motherearthradio.de\/wp-content\/uploads\/2025\/12\/en_badge_web_generic-300x116.png 300w\" sizes=\"auto, (max-width: 646px) 100vw, 646px\" \/><\/a><figcaption class=\"wp-element-caption\">19.99\u20ac \u2022 Mobile \u2022 Chromecast \u2022 Smart TV<\/figcaption><\/figure>\n<\/div>\n\n\n\n<div id=\"wp-block-themeisle-blocks-advanced-column-52cbf3c7\" class=\"wp-block-themeisle-blocks-advanced-column\">\n<figure class=\"wp-block-image size-full is-resized\"><a href=\"https:\/\/apps.apple.com\/app\/mother-earth-radio\/id6756082949\" target=\"_blank\" rel=\" noreferrer noopener\"><img loading=\"lazy\" decoding=\"async\" width=\"119\" height=\"40\" src=\"https:\/\/motherearthradio.de\/wp-content\/uploads\/2025\/12\/en-us-26a479.svg\" alt=\"\" class=\"wp-image-8965\" style=\"aspect-ratio:2.991819244253993;width:147px;height:auto\"\/><\/a><figcaption class=\"wp-element-caption\">24.99\u20ac \u2022 iPhone \u2022 iPad \u2022 Mac<\/figcaption><\/figure>\n<\/div>\n<\/div><\/div>\n<\/div>\n<\/div><\/div>\n\n\n\n<hr class=\"wp-block-separator has-alpha-channel-opacity\"\/>\n\n\n\n<ul class=\"wp-block-yoast-seo-related-links yoast-seo-related-links\">\n<li><a href=\"https:\/\/motherearthradio.de\/pl\/mother-earth-instrumental-on-air\/\">Mother Earth Instrumental On Air<\/a><\/li>\n\n\n\n<li><a href=\"https:\/\/motherearthradio.de\/internetradio-hohe-qualitaet\/\">Radio internetowe wysokiej jako\u015bci<\/a><\/li>\n\n\n\n<li><a href=\"https:\/\/motherearthradio.de\/high-res-audio-erklaert\/\">WYJA\u015aNIENIE AUDIO HIGH-RES<\/a><\/li>\n\n\n\n<li><a href=\"https:\/\/motherearthradio.de\/pl\/\">High-Resolution Radio<\/a><\/li>\n<\/ul>\n<\/div>\n<\/div><\/div>\n","protected":false},"excerpt":{"rendered":"","protected":false},"author":1,"featured_media":0,"parent":0,"menu_order":0,"comment_status":"closed","ping_status":"closed","template":"","meta":{"_themeisle_gutenberg_block_has_review":false,"footnotes":""},"class_list":["post-9129","page","type-page","status-publish"],"yoast_head":"<!-- This site is optimized with the Yoast SEO Premium plugin v27.3 (Yoast SEO v27.3) - https:\/\/yoast.com\/product\/yoast-seo-premium-wordpress\/ -->\n<title>Mother Earth Radio na \u017cywo \u2013 S\u0142uchaj teraz za darmo w Hi-Res FLAC<\/title>\n<meta name=\"description\" content=\"Mother Earth Radio na \u017cywo w przegl\u0105darce! Do\u015bwiadcz najlepszego d\u017awi\u0119ku w Hi-Res Audio i ciep\u0142ej jako\u015bci winyla. W\u0142\u0105cz teraz za darmo!\" \/>\n<meta name=\"robots\" content=\"index, follow, max-snippet:-1, max-image-preview:large, max-video-preview:-1\" \/>\n<link rel=\"canonical\" href=\"https:\/\/motherearthradio.de\/pl\/mother-earth-radio-on-air\/\" \/>\n<meta property=\"og:locale\" content=\"pl_PL\" \/>\n<meta property=\"og:type\" content=\"article\" \/>\n<meta property=\"og:title\" content=\"Mother Earth Radio On Air\" \/>\n<meta property=\"og:description\" content=\"Mother Earth Radio na \u017cywo w przegl\u0105darce! Do\u015bwiadcz najlepszego d\u017awi\u0119ku w Hi-Res Audio i ciep\u0142ej jako\u015bci winyla. W\u0142\u0105cz teraz za darmo!\" \/>\n<meta property=\"og:url\" content=\"https:\/\/motherearthradio.de\/pl\/mother-earth-radio-on-air\/\" \/>\n<meta property=\"og:site_name\" content=\"Mother Earth Radio\" \/>\n<meta property=\"article:modified_time\" content=\"2026-04-03T17:41:54+00:00\" \/>\n<meta property=\"og:image\" content=\"https:\/\/motherearthradio.de\/wp-content\/uploads\/2024\/03\/biglogo.png\" \/>\n\t<meta property=\"og:image:width\" content=\"1200\" \/>\n\t<meta property=\"og:image:height\" content=\"728\" \/>\n\t<meta property=\"og:image:type\" content=\"image\/png\" \/>\n<meta name=\"twitter:card\" content=\"summary_large_image\" \/>\n<meta name=\"twitter:label1\" content=\"Szacowany czas czytania\" \/>\n\t<meta name=\"twitter:data1\" content=\"2 minuty\" \/>\n<script type=\"application\/ld+json\" class=\"yoast-schema-graph\">{\"@context\":\"https:\\\/\\\/schema.org\",\"@graph\":[{\"@type\":\"WebPage\",\"@id\":\"https:\\\/\\\/motherearthradio.de\\\/pl\\\/mother-earth-radio-on-air\\\/\",\"url\":\"https:\\\/\\\/motherearthradio.de\\\/pl\\\/mother-earth-radio-on-air\\\/\",\"name\":\"Mother Earth Radio na \u017cywo \u2013 S\u0142uchaj teraz za darmo w Hi-Res FLAC\",\"isPartOf\":{\"@id\":\"https:\\\/\\\/motherearthradio.de\\\/pl\\\/#website\"},\"primaryImageOfPage\":{\"@id\":\"https:\\\/\\\/motherearthradio.de\\\/pl\\\/mother-earth-radio-on-air\\\/#primaryimage\"},\"image\":{\"@id\":\"https:\\\/\\\/motherearthradio.de\\\/pl\\\/mother-earth-radio-on-air\\\/#primaryimage\"},\"thumbnailUrl\":\"https:\\\/\\\/motherearthradio.de\\\/wp-content\\\/uploads\\\/2025\\\/12\\\/en-us-dark-541c0d.svg\",\"datePublished\":\"2025-03-25T16:38:06+00:00\",\"dateModified\":\"2026-04-03T17:41:54+00:00\",\"description\":\"Mother Earth Radio na \u017cywo w przegl\u0105darce! Do\u015bwiadcz najlepszego d\u017awi\u0119ku w Hi-Res Audio i ciep\u0142ej jako\u015bci winyla. W\u0142\u0105cz teraz za darmo!\",\"breadcrumb\":{\"@id\":\"https:\\\/\\\/motherearthradio.de\\\/pl\\\/mother-earth-radio-on-air\\\/#breadcrumb\"},\"inLanguage\":\"pl-PL\",\"potentialAction\":[{\"@type\":\"ReadAction\",\"target\":[\"https:\\\/\\\/motherearthradio.de\\\/pl\\\/mother-earth-radio-on-air\\\/\"]}]},{\"@type\":\"ImageObject\",\"inLanguage\":\"pl-PL\",\"@id\":\"https:\\\/\\\/motherearthradio.de\\\/pl\\\/mother-earth-radio-on-air\\\/#primaryimage\",\"url\":\"https:\\\/\\\/motherearthradio.de\\\/wp-content\\\/uploads\\\/2025\\\/12\\\/en-us-dark-541c0d.svg\",\"contentUrl\":\"https:\\\/\\\/motherearthradio.de\\\/wp-content\\\/uploads\\\/2025\\\/12\\\/en-us-dark-541c0d.svg\"},{\"@type\":\"BreadcrumbList\",\"@id\":\"https:\\\/\\\/motherearthradio.de\\\/pl\\\/mother-earth-radio-on-air\\\/#breadcrumb\",\"itemListElement\":[{\"@type\":\"ListItem\",\"position\":1,\"name\":\"Startseite\",\"item\":\"https:\\\/\\\/motherearthradio.de\\\/pl\\\/\"},{\"@type\":\"ListItem\",\"position\":2,\"name\":\"Mother Earth Radio On Air\"}]},{\"@type\":\"WebSite\",\"@id\":\"https:\\\/\\\/motherearthradio.de\\\/pl\\\/#website\",\"url\":\"https:\\\/\\\/motherearthradio.de\\\/pl\\\/\",\"name\":\"Mother Earth Radio\",\"description\":\"High Resolution Radio\",\"publisher\":{\"@id\":\"https:\\\/\\\/motherearthradio.de\\\/pl\\\/#organization\"},\"potentialAction\":[{\"@type\":\"SearchAction\",\"target\":{\"@type\":\"EntryPoint\",\"urlTemplate\":\"https:\\\/\\\/motherearthradio.de\\\/pl\\\/?s={search_term_string}\"},\"query-input\":{\"@type\":\"PropertyValueSpecification\",\"valueRequired\":true,\"valueName\":\"search_term_string\"}}],\"inLanguage\":\"pl-PL\"},{\"@type\":\"Organization\",\"@id\":\"https:\\\/\\\/motherearthradio.de\\\/pl\\\/#organization\",\"name\":\"Mother Earth Radio\",\"url\":\"https:\\\/\\\/motherearthradio.de\\\/pl\\\/\",\"logo\":{\"@type\":\"ImageObject\",\"inLanguage\":\"pl-PL\",\"@id\":\"https:\\\/\\\/motherearthradio.de\\\/pl\\\/#\\\/schema\\\/logo\\\/image\\\/\",\"url\":\"https:\\\/\\\/motherearthradio.de\\\/wp-content\\\/uploads\\\/2025\\\/12\\\/mer-logo-cube-bold-1x-512.png\",\"contentUrl\":\"https:\\\/\\\/motherearthradio.de\\\/wp-content\\\/uploads\\\/2025\\\/12\\\/mer-logo-cube-bold-1x-512.png\",\"width\":512,\"height\":512,\"caption\":\"Mother Earth Radio\"},\"image\":{\"@id\":\"https:\\\/\\\/motherearthradio.de\\\/pl\\\/#\\\/schema\\\/logo\\\/image\\\/\"},\"sameAs\":[\"https:\\\/\\\/www.youtube.com\\\/channel\\\/UCX5xCDGKQ9wCS1myWo6_nwg\",\"https:\\\/\\\/www.instagram.com\\\/mother.earth.radio\\\/\"],\"description\":\"Das weltweit erste High Resolution Radio in 192 kHz FLAC. Vinyl-Digitalisierung, keine AI-Musik, kuratiert von Florian Reiterer.\",\"email\":\"info@motherearthradio.de\",\"telephone\":\"00498920977034\",\"foundingDate\":\"2020-02-20\",\"numberOfEmployees\":{\"@type\":\"QuantitativeValue\",\"minValue\":\"1\",\"maxValue\":\"10\"}}]}<\/script>\n<!-- \/ Yoast SEO Premium plugin. -->","yoast_head_json":{"title":"Mother Earth Radio na \u017cywo \u2013 S\u0142uchaj teraz za darmo w Hi-Res FLAC","description":"Mother Earth Radio na \u017cywo w przegl\u0105darce! Do\u015bwiadcz najlepszego d\u017awi\u0119ku w Hi-Res Audio i ciep\u0142ej jako\u015bci winyla. W\u0142\u0105cz teraz za darmo!","robots":{"index":"index","follow":"follow","max-snippet":"max-snippet:-1","max-image-preview":"max-image-preview:large","max-video-preview":"max-video-preview:-1"},"canonical":"https:\/\/motherearthradio.de\/pl\/mother-earth-radio-on-air\/","og_locale":"pl_PL","og_type":"article","og_title":"Mother Earth Radio On Air","og_description":"Mother Earth Radio na \u017cywo w przegl\u0105darce! Do\u015bwiadcz najlepszego d\u017awi\u0119ku w Hi-Res Audio i ciep\u0142ej jako\u015bci winyla. W\u0142\u0105cz teraz za darmo!","og_url":"https:\/\/motherearthradio.de\/pl\/mother-earth-radio-on-air\/","og_site_name":"Mother Earth Radio","article_modified_time":"2026-04-03T17:41:54+00:00","og_image":[{"width":1200,"height":728,"url":"https:\/\/motherearthradio.de\/wp-content\/uploads\/2024\/03\/biglogo.png","type":"image\/png"}],"twitter_card":"summary_large_image","twitter_misc":{"Szacowany czas czytania":"2 minuty"},"schema":{"@context":"https:\/\/schema.org","@graph":[{"@type":"WebPage","@id":"https:\/\/motherearthradio.de\/pl\/mother-earth-radio-on-air\/","url":"https:\/\/motherearthradio.de\/pl\/mother-earth-radio-on-air\/","name":"Mother Earth Radio na \u017cywo \u2013 S\u0142uchaj teraz za darmo w Hi-Res FLAC","isPartOf":{"@id":"https:\/\/motherearthradio.de\/pl\/#website"},"primaryImageOfPage":{"@id":"https:\/\/motherearthradio.de\/pl\/mother-earth-radio-on-air\/#primaryimage"},"image":{"@id":"https:\/\/motherearthradio.de\/pl\/mother-earth-radio-on-air\/#primaryimage"},"thumbnailUrl":"https:\/\/motherearthradio.de\/wp-content\/uploads\/2025\/12\/en-us-dark-541c0d.svg","datePublished":"2025-03-25T16:38:06+00:00","dateModified":"2026-04-03T17:41:54+00:00","description":"Mother Earth Radio na \u017cywo w przegl\u0105darce! Do\u015bwiadcz najlepszego d\u017awi\u0119ku w Hi-Res Audio i ciep\u0142ej jako\u015bci winyla. W\u0142\u0105cz teraz za darmo!","breadcrumb":{"@id":"https:\/\/motherearthradio.de\/pl\/mother-earth-radio-on-air\/#breadcrumb"},"inLanguage":"pl-PL","potentialAction":[{"@type":"ReadAction","target":["https:\/\/motherearthradio.de\/pl\/mother-earth-radio-on-air\/"]}]},{"@type":"ImageObject","inLanguage":"pl-PL","@id":"https:\/\/motherearthradio.de\/pl\/mother-earth-radio-on-air\/#primaryimage","url":"https:\/\/motherearthradio.de\/wp-content\/uploads\/2025\/12\/en-us-dark-541c0d.svg","contentUrl":"https:\/\/motherearthradio.de\/wp-content\/uploads\/2025\/12\/en-us-dark-541c0d.svg"},{"@type":"BreadcrumbList","@id":"https:\/\/motherearthradio.de\/pl\/mother-earth-radio-on-air\/#breadcrumb","itemListElement":[{"@type":"ListItem","position":1,"name":"Startseite","item":"https:\/\/motherearthradio.de\/pl\/"},{"@type":"ListItem","position":2,"name":"Mother Earth Radio On Air"}]},{"@type":"WebSite","@id":"https:\/\/motherearthradio.de\/pl\/#website","url":"https:\/\/motherearthradio.de\/pl\/","name":"Mother Earth Radio","description":"High Resolution Radio","publisher":{"@id":"https:\/\/motherearthradio.de\/pl\/#organization"},"potentialAction":[{"@type":"SearchAction","target":{"@type":"EntryPoint","urlTemplate":"https:\/\/motherearthradio.de\/pl\/?s={search_term_string}"},"query-input":{"@type":"PropertyValueSpecification","valueRequired":true,"valueName":"search_term_string"}}],"inLanguage":"pl-PL"},{"@type":"Organization","@id":"https:\/\/motherearthradio.de\/pl\/#organization","name":"Mother Earth Radio","url":"https:\/\/motherearthradio.de\/pl\/","logo":{"@type":"ImageObject","inLanguage":"pl-PL","@id":"https:\/\/motherearthradio.de\/pl\/#\/schema\/logo\/image\/","url":"https:\/\/motherearthradio.de\/wp-content\/uploads\/2025\/12\/mer-logo-cube-bold-1x-512.png","contentUrl":"https:\/\/motherearthradio.de\/wp-content\/uploads\/2025\/12\/mer-logo-cube-bold-1x-512.png","width":512,"height":512,"caption":"Mother Earth Radio"},"image":{"@id":"https:\/\/motherearthradio.de\/pl\/#\/schema\/logo\/image\/"},"sameAs":["https:\/\/www.youtube.com\/channel\/UCX5xCDGKQ9wCS1myWo6_nwg","https:\/\/www.instagram.com\/mother.earth.radio\/"],"description":"Das weltweit erste High Resolution Radio in 192 kHz FLAC. Vinyl-Digitalisierung, keine AI-Musik, kuratiert von Florian Reiterer.","email":"info@motherearthradio.de","telephone":"00498920977034","foundingDate":"2020-02-20","numberOfEmployees":{"@type":"QuantitativeValue","minValue":"1","maxValue":"10"}}]}},"_links":{"self":[{"href":"https:\/\/motherearthradio.de\/pl\/wp-json\/wp\/v2\/pages\/9129","targetHints":{"allow":["GET"]}}],"collection":[{"href":"https:\/\/motherearthradio.de\/pl\/wp-json\/wp\/v2\/pages"}],"about":[{"href":"https:\/\/motherearthradio.de\/pl\/wp-json\/wp\/v2\/types\/page"}],"author":[{"embeddable":true,"href":"https:\/\/motherearthradio.de\/pl\/wp-json\/wp\/v2\/users\/1"}],"replies":[{"embeddable":true,"href":"https:\/\/motherearthradio.de\/pl\/wp-json\/wp\/v2\/comments?post=9129"}],"version-history":[{"count":8,"href":"https:\/\/motherearthradio.de\/pl\/wp-json\/wp\/v2\/pages\/9129\/revisions"}],"predecessor-version":[{"id":10587,"href":"https:\/\/motherearthradio.de\/pl\/wp-json\/wp\/v2\/pages\/9129\/revisions\/10587"}],"wp:attachment":[{"href":"https:\/\/motherearthradio.de\/pl\/wp-json\/wp\/v2\/media?parent=9129"}],"curies":[{"name":"wp","href":"https:\/\/api.w.org\/{rel}","templated":true}]}}