{"id":9138,"date":"2025-10-03T19:32:19","date_gmt":"2025-10-03T17:32:19","guid":{"rendered":"https:\/\/motherearthradio.de\/filozofia-o-nas\/"},"modified":"2026-01-05T22:51:24","modified_gmt":"2026-01-05T21:51:24","slug":"filozofia-o-nas","status":"publish","type":"page","link":"https:\/\/motherearthradio.de\/pl\/filozofia-o-nas\/","title":{"rendered":"Filozofia \/ O nas"},"content":{"rendered":"\n<div id=\"wp-block-themeisle-blocks-advanced-columns-b609be49\" class=\"wp-block-themeisle-blocks-advanced-columns has-1-columns has-desktop-equal-layout has-tablet-equal-layout has-mobile-equal-layout has-vertical-unset\"><div class=\"wp-block-themeisle-blocks-advanced-columns-overlay\"><\/div><div class=\"innerblocks-wrap\">\n<div id=\"wp-block-themeisle-blocks-advanced-column-324ce504\" class=\"wp-block-themeisle-blocks-advanced-column\">\n<h1 class=\"wp-block-heading\" id=\"h-high-resolution-radio-von-einem-tontechniker-der-weiss-wie-musik-klingen-sollte\">High Resolution Radio. Od in\u017cyniera d\u017awi\u0119ku, kt\u00f3ry wie, jak powinna brzmie\u0107 muzyka. <\/h1>\n\n\n\n<p>Mother Earth Radio to nie algorytm. To r\u0119cznie wyselekcjonowana muzyka w bezstratnej jako\u015bci \u2013 kuratorowana z pewn\u0105 filozofi\u0105. Przez kogo\u015b, kto przez 30 lat zajmowa\u0142 si\u0119 profesjonaln\u0105 produkcj\u0105 audio.   <br\/><br\/>\u017badnych playlist tworzonych na podstawie liczby klikni\u0119\u0107. \u017badnej kompresji. \u017badnych du\u017cych wytw\u00f3rni. Tylko muzyka, kt\u00f3ra zas\u0142uguje na to, by s\u0142ucha\u0107 jej w pe\u0142nej rozdzielczo\u015bci.   <\/p>\n\n\n\n<h2 class=\"wp-block-heading\" id=\"h-die-philosophie\">Filozofia<\/h2>\n\n\n\n<h3 class=\"wp-block-heading\" id=\"h-vinyl-ist-die-erste-kopie\">Vinyl to pierwsza kopia<\/h3>\n\n\n\n<div id=\"wp-block-themeisle-blocks-advanced-columns-5dcd5d5b\" class=\"wp-block-themeisle-blocks-advanced-columns has-2-columns has-desktop-twoOne-layout has-tablet-equal-layout has-mobile-collapsedRows-layout has-vertical-unset\"><div class=\"wp-block-themeisle-blocks-advanced-columns-overlay\"><\/div><div class=\"innerblocks-wrap\">\n<div id=\"wp-block-themeisle-blocks-advanced-column-f6533abb\" class=\"wp-block-themeisle-blocks-advanced-column\">\n<p>Mi\u0119dzy nagraniem w studio a p\u0142yt\u0105 winylow\u0105 jest tylko jeden krok. \u017badnej cyfrowej konwersji, \u017cadnej kompresji, \u017cadnej wojny g\u0142o\u015bno\u015bci. Rowek zachowuje to, co zosta\u0142o zagrane.   <\/p>\n<\/div>\n\n\n\n<div id=\"wp-block-themeisle-blocks-advanced-column-28e6046d\" class=\"wp-block-themeisle-blocks-advanced-column\">\n<figure class=\"wp-block-image size-medium\"><img loading=\"lazy\" decoding=\"async\" width=\"300\" height=\"225\" src=\"https:\/\/motherearthradio.de\/wp-content\/uploads\/2024\/12\/ingo-schulz-mwWZTLr9Tcg-unsplash-300x225.jpg\" alt=\"analogowa filozofia \/ O nas\" class=\"wp-image-2989\" srcset=\"https:\/\/motherearthradio.de\/wp-content\/uploads\/2024\/12\/ingo-schulz-mwWZTLr9Tcg-unsplash-300x225.jpg 300w, https:\/\/motherearthradio.de\/wp-content\/uploads\/2024\/12\/ingo-schulz-mwWZTLr9Tcg-unsplash-1024x768.jpg 1024w, https:\/\/motherearthradio.de\/wp-content\/uploads\/2024\/12\/ingo-schulz-mwWZTLr9Tcg-unsplash-768x576.jpg 768w, https:\/\/motherearthradio.de\/wp-content\/uploads\/2024\/12\/ingo-schulz-mwWZTLr9Tcg-unsplash-1536x1152.jpg 1536w, https:\/\/motherearthradio.de\/wp-content\/uploads\/2024\/12\/ingo-schulz-mwWZTLr9Tcg-unsplash-2048x1536.jpg 2048w\" sizes=\"auto, (max-width: 300px) 100vw, 300px\" \/><\/figure>\n<\/div>\n<\/div><\/div>\n\n\n\n<div id=\"wp-block-themeisle-blocks-advanced-columns-ea832221\" class=\"wp-block-themeisle-blocks-advanced-columns has-2-columns has-desktop-oneTwo-layout has-tablet-equal-layout has-mobile-collapsedRows-layout has-vertical-unset\"><div class=\"wp-block-themeisle-blocks-advanced-columns-overlay\"><\/div><div class=\"innerblocks-wrap\">\n<div id=\"wp-block-themeisle-blocks-advanced-column-488d3a84\" class=\"wp-block-themeisle-blocks-advanced-column\">\n<figure class=\"wp-block-image size-medium\"><img loading=\"lazy\" decoding=\"async\" width=\"200\" height=\"300\" src=\"https:\/\/motherearthradio.de\/wp-content\/uploads\/2025\/07\/markus-spiske-igj1YmV2UIc-unsplash-200x300.jpg\" alt=\"\" class=\"wp-image-6277\" srcset=\"https:\/\/motherearthradio.de\/wp-content\/uploads\/2025\/07\/markus-spiske-igj1YmV2UIc-unsplash-200x300.jpg 200w, https:\/\/motherearthradio.de\/wp-content\/uploads\/2025\/07\/markus-spiske-igj1YmV2UIc-unsplash-683x1024.jpg 683w, https:\/\/motherearthradio.de\/wp-content\/uploads\/2025\/07\/markus-spiske-igj1YmV2UIc-unsplash-768x1152.jpg 768w, https:\/\/motherearthradio.de\/wp-content\/uploads\/2025\/07\/markus-spiske-igj1YmV2UIc-unsplash-1024x1536.jpg 1024w, https:\/\/motherearthradio.de\/wp-content\/uploads\/2025\/07\/markus-spiske-igj1YmV2UIc-unsplash-1366x2048.jpg 1366w, https:\/\/motherearthradio.de\/wp-content\/uploads\/2025\/07\/markus-spiske-igj1YmV2UIc-unsplash-scaled.jpg 1707w\" sizes=\"auto, (max-width: 200px) 100vw, 200px\" \/><\/figure>\n<\/div>\n\n\n\n<div id=\"wp-block-themeisle-blocks-advanced-column-2a4ca719\" class=\"wp-block-themeisle-blocks-advanced-column\">\n<p>To jest pokolenie, kt\u00f3re si\u0119 liczy. Digitalizujemy t\u0119 pierwsz\u0105 kopi\u0119 za pomoc\u0105 audiofilskiego sprz\u0119tu. 24 bity, 192 kHz. Po to, \u017ceby\u015b dosta\u0142 to, co nagrali arty\u015bci \u2013 zanim przemys\u0142 to sp\u0142aszczy\u0142.   <\/p>\n<\/div>\n<\/div><\/div>\n\n\n\n<h3 class=\"wp-block-heading\">429 Hz: Strojenie fizyczne<\/h3>\n\n\n\n<p>Wi\u0119kszo\u015b\u0107 muzyki jest strojona na 440 Hz. To jest konwencja, nic wi\u0119cej. My stroimy na 429 Hz \u2013 ton podstawowy, kt\u00f3ry opiera si\u0119 na fizycznych cz\u0119stotliwo\u015bciach podstawowych.  <\/p>\n\n\n\n<p>\u017badnej ezoteryki. Fizyka. S\u0142yszysz to. G\u0142\u0119biej. Naturalniej. Jakby muzyka oddycha\u0142a.     <\/p>\n\n\n\n<p>Ka\u017cdy utw\u00f3r jest przestrajany pojedynczo. R\u0119cznie. To trwa. Ale to robi r\u00f3\u017cnic\u0119.   <\/p>\n\n\n\n<p class=\"is-style-text-annotation\"><a href=\"https:\/\/motherearthradio.de\/pl\/429-hz-stroj-koncertowy\/\">wi\u0119cej o 429Hz<\/a><\/p>\n\n\n\n<h3 class=\"wp-block-heading\">High-Resolution oznacza: Wszystko zostaje w \u015brodku<\/h3>\n\n\n\n<p class=\"is-style-default\">Przemys\u0142 muzyczny kompresuje. MP3, AAC \u2013 wszystko staje si\u0119 mniejsze, por\u0119czniejsze, martwe. My idziemy w drug\u0105 stron\u0119.  <br\/><br\/>FLAC Lossless. Bez strat. Pe\u0142na dynamika. To oznacza: ciche fragmenty pozostaj\u0105 ciche, g\u0142o\u015bne fragmenty si\u0119 nie urywaj\u0105. Muzyka mo\u017ce si\u0119 rozwija\u0107.    <br\/><br\/>Nie potrzebujesz do tego z\u0142otego kabla. Ale dobre g\u0142o\u015bniki lub s\u0142uchawki pomog\u0105. Wtedy us\u0142yszysz, co inne stacje wyrzucaj\u0105.  <\/p>\n\n\n\n<p class=\"is-style-text-annotation\"><br\/><a href=\"https:\/\/motherearthradio.de\/pl\/wyjasnienie-audio-high-res\/\">Wyja\u015bnienie Hi-Res Audio<\/a><\/p>\n\n\n\n<h3 class=\"wp-block-heading\">Poza g\u0142\u00f3wnym nurtem<\/h3>\n\n\n\n<p>Nie gramy tego, co wszyscy znaj\u0105. Kuratorujemy. Odwa\u017cne harmonie. Prawdziwe emocje. Muzyka z czas\u00f3w, gdy muzycy siedzieli jeszcze razem w studio.    <\/p>\n\n\n\n<p>Nieznane znaleziska. Rzadkie t\u0142oczenia. Jazz, kt\u00f3rego nie znajdziesz na Spotify. Klasyka z dala od Greatest Hits. Instrumental, kt\u00f3ry nie jest tylko t\u0142em.    <\/p>\n\n\n\n<p>To nie jest radio do s\u0142uchania w tle. To jest radio na chwile, w kt\u00f3rych naprawd\u0119 chcesz pos\u0142ucha\u0107. <\/p>\n\n\n\n<h2 class=\"wp-block-heading\">O Florianie Reitererze<\/h2>\n\n\n\n<p><strong>Florian Reiterer<\/strong> (*1974, Monachium) jest za\u0142o\u017cycielem i kuratorem Mother Earth Radio.<\/p>\n\n\n\n<h3 class=\"wp-block-heading\" id=\"h-musikalische-wurzeln\">Muzyczne korzenie<\/h3>\n\n\n\n<p>Urodzony jako syn aktora Herberta Rhom-Reiterera (Residenztheater M\u00fcnchen) i primabaleriny Puck Oosthoek (Staatstheater Innsbruck), od pocz\u0105tku swojego \u017cycia by\u0142 zwi\u0105zany z muzyk\u0105. W wieku siedmiu lat zacz\u0105\u0142 gra\u0107 na fortepianie, a z biegiem lat wypr\u00f3bowa\u0142 wszystkie instrumenty strunowe. Jego g\u0142\u00f3wnym instrumentem sta\u0142 si\u0119 bas \u2013 dzi\u015b gra na instrumentach lutnika <a href=\"http:\/\/ctbasses.com\">Carla Thompsona<\/a>, znanego jako \u201eStradivarius gitary basowej\u201d, a tak\u017ce na kontrabasie.  <\/p>\n\n\n\n<figure class=\"wp-block-image size-medium\"><img loading=\"lazy\" decoding=\"async\" width=\"225\" height=\"300\" src=\"https:\/\/motherearthradio.de\/wp-content\/uploads\/2025\/04\/8-2-98_007-225x300.jpg\" alt=\"Gitara basowa Carla Thompsona\" class=\"wp-image-4437\" srcset=\"https:\/\/motherearthradio.de\/wp-content\/uploads\/2025\/04\/8-2-98_007-225x300.jpg 225w, https:\/\/motherearthradio.de\/wp-content\/uploads\/2025\/04\/8-2-98_007.jpg 488w\" sizes=\"auto, (max-width: 225px) 100vw, 225px\" \/><figcaption class=\"wp-element-caption\">\u201eTrip Irish\u201d \u2013 Sze\u015bciostrunowy bezprogowy<\/figcaption><\/figure>\n\n\n\n<h3 class=\"wp-block-heading\" id=\"h-30-jahre-audio-engineering\">30 lat in\u017cynierii d\u017awi\u0119ku<\/h3>\n\n\n\n<p>Po uko\u0144czeniu studi\u00f3w w SAE M\u00fcnchen (1994) Florian rozpocz\u0105\u0142 prac\u0119 jako <strong>technik wsparcia klienta Digidesign dla Niemiec, Austrii i Szwajcarii<\/strong> (1995-98). W tym czasie wspiera\u0142 profesjonalist\u00f3w audio w z\u0142o\u017conych workflowach Pro Tools.  <br\/><br\/>Jako in\u017cynier w <strong>Polyester Studio M\u00fcnchen<\/strong> u Axela Kr\u00f6lla przebudowa\u0142 re\u017cyserk\u0119 Digidesign ProControl na <strong>studio miksu muzyki pop 5.1<\/strong> \u2013 \u00f3wczesn\u0105 najnowocze\u015bniejsz\u0105 technologi\u0119 do produkcji surround. <br\/><br\/>Od lat 2000 Florian pracuje jako <strong>in\u017cynier d\u017awi\u0119ku i producent jingli w Bayerischer Rundfunk<\/strong> (BR Funkhaus M\u00fcnchen), gdzie zajmuje si\u0119 projektowaniem d\u017awi\u0119ku i produkcj\u0105 audio na najwy\u017cszym poziomie technicznym.<\/p>\n\n\n\n<h3 class=\"wp-block-heading\" id=\"h-warum-mother-earth-radio\">Dlaczego Mother Earth Radio<\/h3>\n\n\n\n<p>W 2020 roku Florian za\u0142o\u017cy\u0142 Mother Earth Radio z osobistej misji: aby zachowa\u0107 kunszt i autentyczno\u015b\u0107 muzyki, kt\u00f3ra ginie we wsp\u00f3\u0142czesnych serwisach streamingowych. <br\/><br\/>Dzi\u0119ki swojemu do\u015bwiadczeniu w in\u017cynierii d\u017awi\u0119ku wysokiej rozdzielczo\u015bci digitalizuje p\u0142yty winylowe za pomoc\u0105 profesjonalnego sprz\u0119tu (czyszczenie ultrad\u017awi\u0119kowe Degritter, sprz\u0119t audiofilski) i streamuje je w 192 kHz\/24-bit FLAC \u2013 nastrojone na 429 Hz. <br\/><br\/>Mother Earth Radio to wynik ponad 30 lat do\u015bwiadczenia w dziedzinie audio, \u017cyciowej pasji do muzyki i pragnienia, by prezentowa\u0107 muzyk\u0119 tak, jak powinna brzmie\u0107.<\/p>\n\n\n\n<h2 class=\"wp-block-heading\" id=\"h-das-ergebnis\">Rezultat<\/h2>\n\n\n\n<p>Radio Hi-Res FLAC bez kompromis\u00f3w. Kuratorowane przez kogo\u015b, kto r\u00f3\u017cnic\u0119 mi\u0119dzy 320 kbps a Lossless potrafi nie tylko technicznie wyja\u015bni\u0107, ale i us\u0142ysze\u0107.  <br\/><br\/>\u017badnych reklam. \u017badnej subskrypcji. \u017badnych przerw. Tylko muzyka.   <\/p>\n\n\n\n<div class=\"wp-block-buttons is-layout-flex wp-block-buttons-is-layout-flex\">\n<div class=\"wp-block-button\"><a class=\"wp-block-button__link wp-element-button\" href=\"https:\/\/motherearthradio.de#channels\">Pos\u0142uchaj teraz za darmo w webplayerze<\/a><\/div>\n<\/div>\n\n\n\n<div id=\"wp-block-themeisle-blocks-advanced-columns-a24c1430\" class=\"wp-block-themeisle-blocks-advanced-columns has-3-columns has-desktop-equal-layout has-tablet-equal-layout has-mobile-collapsedRows-layout has-vertical-unset\"><div class=\"wp-block-themeisle-blocks-advanced-columns-overlay\"><\/div><div class=\"innerblocks-wrap\">\n<div id=\"wp-block-themeisle-blocks-advanced-column-d6feaa49\" class=\"wp-block-themeisle-blocks-advanced-column\">\n<figure class=\"wp-block-image size-full is-resized\"><a href=\"https:\/\/apps.microsoft.com\/detail\/9pbc5prxxx71?hl=de-DE&amp;gl=DE\" target=\"_blank\" rel=\" noreferrer noopener\"><img loading=\"lazy\" decoding=\"async\" width=\"161\" height=\"44\" src=\"https:\/\/motherearthradio.de\/wp-content\/uploads\/2025\/12\/en-us-dark-541c0d.svg\" alt=\"Radio internetowe wysokiej jako&#x15B;ci w Microsoft Store\" class=\"wp-image-8964\" style=\"width:243px;height:auto\"\/><\/a><figcaption class=\"wp-element-caption\">16.99\u20ac \u2022 Windows 10\/11 &#8211; 7-dniowy darmowy okres pr\u00f3bny!<\/figcaption><\/figure>\n<\/div>\n\n\n\n<div id=\"wp-block-themeisle-blocks-advanced-column-45d39b6d\" class=\"wp-block-themeisle-blocks-advanced-column\">\n<figure class=\"wp-block-image size-full is-resized\"><a href=\"https:\/\/play.google.com\/store\/apps\/details?id=appinventor.ai_munichbassa.Mother_Earth_Radio&amp;pcampaignid=web_share\" target=\"_blank\" rel=\" noreferrer noopener\"><img loading=\"lazy\" decoding=\"async\" width=\"646\" height=\"250\" src=\"https:\/\/motherearthradio.de\/wp-content\/uploads\/2025\/12\/en_badge_web_generic.png\" alt=\"Mother Earth Radio w Google Play\" class=\"wp-image-8963\" style=\"aspect-ratio:2.5842896013249734;width:251px;height:auto\" srcset=\"https:\/\/motherearthradio.de\/wp-content\/uploads\/2025\/12\/en_badge_web_generic.png 646w, https:\/\/motherearthradio.de\/wp-content\/uploads\/2025\/12\/en_badge_web_generic-300x116.png 300w\" sizes=\"auto, (max-width: 646px) 100vw, 646px\" \/><\/a><figcaption class=\"wp-element-caption\">19.99\u20ac \u2022 Mobile \u2022 Chromecast \u2022 Smart TV<\/figcaption><\/figure>\n<\/div>\n\n\n\n<div id=\"wp-block-themeisle-blocks-advanced-column-ca836dd3\" class=\"wp-block-themeisle-blocks-advanced-column\">\n<figure class=\"wp-block-image size-full is-resized\"><a href=\"https:\/\/apps.apple.com\/app\/mother-earth-radio\/id6756082949\" target=\"_blank\" rel=\" noreferrer noopener\"><img loading=\"lazy\" decoding=\"async\" width=\"119\" height=\"40\" src=\"https:\/\/motherearthradio.de\/wp-content\/uploads\/2025\/12\/en-us-26a479.svg\" alt=\"\" class=\"wp-image-8965\" style=\"aspect-ratio:2.991819244253993;width:147px;height:auto\"\/><\/a><figcaption class=\"wp-element-caption\">24.99\u20ac \u2022 iPhone \u2022 iPad \u2022 Mac<\/figcaption><\/figure>\n<\/div>\n<\/div><\/div>\n<\/div>\n<\/div><\/div>\n","protected":false},"excerpt":{"rendered":"","protected":false},"author":1,"featured_media":0,"parent":0,"menu_order":0,"comment_status":"closed","ping_status":"closed","template":"","meta":{"_themeisle_gutenberg_block_has_review":false,"footnotes":""},"class_list":["post-9138","page","type-page","status-publish"],"yoast_head":"<!-- This site is optimized with the Yoast SEO Premium plugin v27.3 (Yoast SEO v27.3) - https:\/\/yoast.com\/product\/yoast-seo-premium-wordpress\/ -->\n<title>Filozofia \/ O nas - Mother Earth Radio<\/title>\n<meta name=\"description\" content=\"Filozofia \/ O nas: Nie gramy tego, co wszyscy znaj\u0105. Odwa\u017cne harmonie. Prawdziwe emocje. Nagrania studyjne rejestrowane na \u017cywo.\" \/>\n<meta name=\"robots\" content=\"index, follow, max-snippet:-1, max-image-preview:large, max-video-preview:-1\" \/>\n<link rel=\"canonical\" href=\"https:\/\/motherearthradio.de\/pl\/filozofia-o-nas\/\" \/>\n<meta property=\"og:locale\" content=\"pl_PL\" \/>\n<meta property=\"og:type\" content=\"article\" \/>\n<meta property=\"og:title\" content=\"Filozofia \/ O nas\" \/>\n<meta property=\"og:description\" content=\"Filozofia \/ O nas: Nie gramy tego, co wszyscy znaj\u0105. Odwa\u017cne harmonie. Prawdziwe emocje. Nagrania studyjne rejestrowane na \u017cywo.\" \/>\n<meta property=\"og:url\" content=\"https:\/\/motherearthradio.de\/pl\/filozofia-o-nas\/\" \/>\n<meta property=\"og:site_name\" content=\"Mother Earth Radio\" \/>\n<meta property=\"article:modified_time\" content=\"2026-01-05T21:51:24+00:00\" \/>\n<meta property=\"og:image\" content=\"https:\/\/motherearthradio.de\/wp-content\/uploads\/2024\/12\/ingo-schulz-mwWZTLr9Tcg-unsplash-scaled.jpg\" \/>\n\t<meta property=\"og:image:width\" content=\"2560\" \/>\n\t<meta property=\"og:image:height\" content=\"1920\" \/>\n\t<meta property=\"og:image:type\" content=\"image\/jpeg\" \/>\n<meta name=\"twitter:card\" content=\"summary_large_image\" \/>\n<meta name=\"twitter:label1\" content=\"Szacowany czas czytania\" \/>\n\t<meta name=\"twitter:data1\" content=\"4 minuty\" \/>\n<script type=\"application\/ld+json\" class=\"yoast-schema-graph\">{\"@context\":\"https:\\\/\\\/schema.org\",\"@graph\":[{\"@type\":\"WebPage\",\"@id\":\"https:\\\/\\\/motherearthradio.de\\\/pl\\\/filozofia-o-nas\\\/\",\"url\":\"https:\\\/\\\/motherearthradio.de\\\/pl\\\/filozofia-o-nas\\\/\",\"name\":\"Filozofia \\\/ O nas - Mother Earth Radio\",\"isPartOf\":{\"@id\":\"https:\\\/\\\/motherearthradio.de\\\/pl\\\/#website\"},\"primaryImageOfPage\":{\"@id\":\"https:\\\/\\\/motherearthradio.de\\\/pl\\\/filozofia-o-nas\\\/#primaryimage\"},\"image\":{\"@id\":\"https:\\\/\\\/motherearthradio.de\\\/pl\\\/filozofia-o-nas\\\/#primaryimage\"},\"thumbnailUrl\":\"https:\\\/\\\/motherearthradio.de\\\/wp-content\\\/uploads\\\/2024\\\/12\\\/ingo-schulz-mwWZTLr9Tcg-unsplash-300x225.jpg\",\"datePublished\":\"2025-10-03T17:32:19+00:00\",\"dateModified\":\"2026-01-05T21:51:24+00:00\",\"description\":\"Filozofia \\\/ O nas: Nie gramy tego, co wszyscy znaj\u0105. Odwa\u017cne harmonie. Prawdziwe emocje. Nagrania studyjne rejestrowane na \u017cywo.\",\"breadcrumb\":{\"@id\":\"https:\\\/\\\/motherearthradio.de\\\/pl\\\/filozofia-o-nas\\\/#breadcrumb\"},\"inLanguage\":\"pl-PL\",\"potentialAction\":[{\"@type\":\"ReadAction\",\"target\":[\"https:\\\/\\\/motherearthradio.de\\\/pl\\\/filozofia-o-nas\\\/\"]}]},{\"@type\":\"ImageObject\",\"inLanguage\":\"pl-PL\",\"@id\":\"https:\\\/\\\/motherearthradio.de\\\/pl\\\/filozofia-o-nas\\\/#primaryimage\",\"url\":\"https:\\\/\\\/motherearthradio.de\\\/wp-content\\\/uploads\\\/2024\\\/12\\\/ingo-schulz-mwWZTLr9Tcg-unsplash-300x225.jpg\",\"contentUrl\":\"https:\\\/\\\/motherearthradio.de\\\/wp-content\\\/uploads\\\/2024\\\/12\\\/ingo-schulz-mwWZTLr9Tcg-unsplash-300x225.jpg\"},{\"@type\":\"BreadcrumbList\",\"@id\":\"https:\\\/\\\/motherearthradio.de\\\/pl\\\/filozofia-o-nas\\\/#breadcrumb\",\"itemListElement\":[{\"@type\":\"ListItem\",\"position\":1,\"name\":\"Startseite\",\"item\":\"https:\\\/\\\/motherearthradio.de\\\/pl\\\/\"},{\"@type\":\"ListItem\",\"position\":2,\"name\":\"Filozofia \\\/ O nas\"}]},{\"@type\":\"WebSite\",\"@id\":\"https:\\\/\\\/motherearthradio.de\\\/pl\\\/#website\",\"url\":\"https:\\\/\\\/motherearthradio.de\\\/pl\\\/\",\"name\":\"Mother Earth Radio\",\"description\":\"High Resolution Radio\",\"publisher\":{\"@id\":\"https:\\\/\\\/motherearthradio.de\\\/pl\\\/#organization\"},\"potentialAction\":[{\"@type\":\"SearchAction\",\"target\":{\"@type\":\"EntryPoint\",\"urlTemplate\":\"https:\\\/\\\/motherearthradio.de\\\/pl\\\/?s={search_term_string}\"},\"query-input\":{\"@type\":\"PropertyValueSpecification\",\"valueRequired\":true,\"valueName\":\"search_term_string\"}}],\"inLanguage\":\"pl-PL\"},{\"@type\":\"Organization\",\"@id\":\"https:\\\/\\\/motherearthradio.de\\\/pl\\\/#organization\",\"name\":\"Mother Earth Radio\",\"url\":\"https:\\\/\\\/motherearthradio.de\\\/pl\\\/\",\"logo\":{\"@type\":\"ImageObject\",\"inLanguage\":\"pl-PL\",\"@id\":\"https:\\\/\\\/motherearthradio.de\\\/pl\\\/#\\\/schema\\\/logo\\\/image\\\/\",\"url\":\"https:\\\/\\\/motherearthradio.de\\\/wp-content\\\/uploads\\\/2025\\\/12\\\/mer-logo-cube-bold-1x-512.png\",\"contentUrl\":\"https:\\\/\\\/motherearthradio.de\\\/wp-content\\\/uploads\\\/2025\\\/12\\\/mer-logo-cube-bold-1x-512.png\",\"width\":512,\"height\":512,\"caption\":\"Mother Earth Radio\"},\"image\":{\"@id\":\"https:\\\/\\\/motherearthradio.de\\\/pl\\\/#\\\/schema\\\/logo\\\/image\\\/\"},\"sameAs\":[\"https:\\\/\\\/www.youtube.com\\\/channel\\\/UCX5xCDGKQ9wCS1myWo6_nwg\",\"https:\\\/\\\/www.instagram.com\\\/mother.earth.radio\\\/\"],\"description\":\"Das weltweit erste High Resolution Radio in 192 kHz FLAC. Vinyl-Digitalisierung, keine AI-Musik, kuratiert von Florian Reiterer.\",\"email\":\"info@motherearthradio.de\",\"telephone\":\"00498920977034\",\"foundingDate\":\"2020-02-20\",\"numberOfEmployees\":{\"@type\":\"QuantitativeValue\",\"minValue\":\"1\",\"maxValue\":\"10\"}}]}<\/script>\n<!-- \/ Yoast SEO Premium plugin. -->","yoast_head_json":{"title":"Filozofia \/ O nas - Mother Earth Radio","description":"Filozofia \/ O nas: Nie gramy tego, co wszyscy znaj\u0105. Odwa\u017cne harmonie. Prawdziwe emocje. Nagrania studyjne rejestrowane na \u017cywo.","robots":{"index":"index","follow":"follow","max-snippet":"max-snippet:-1","max-image-preview":"max-image-preview:large","max-video-preview":"max-video-preview:-1"},"canonical":"https:\/\/motherearthradio.de\/pl\/filozofia-o-nas\/","og_locale":"pl_PL","og_type":"article","og_title":"Filozofia \/ O nas","og_description":"Filozofia \/ O nas: Nie gramy tego, co wszyscy znaj\u0105. Odwa\u017cne harmonie. Prawdziwe emocje. Nagrania studyjne rejestrowane na \u017cywo.","og_url":"https:\/\/motherearthradio.de\/pl\/filozofia-o-nas\/","og_site_name":"Mother Earth Radio","article_modified_time":"2026-01-05T21:51:24+00:00","og_image":[{"width":2560,"height":1920,"url":"https:\/\/motherearthradio.de\/wp-content\/uploads\/2024\/12\/ingo-schulz-mwWZTLr9Tcg-unsplash-scaled.jpg","type":"image\/jpeg"}],"twitter_card":"summary_large_image","twitter_misc":{"Szacowany czas czytania":"4 minuty"},"schema":{"@context":"https:\/\/schema.org","@graph":[{"@type":"WebPage","@id":"https:\/\/motherearthradio.de\/pl\/filozofia-o-nas\/","url":"https:\/\/motherearthradio.de\/pl\/filozofia-o-nas\/","name":"Filozofia \/ O nas - Mother Earth Radio","isPartOf":{"@id":"https:\/\/motherearthradio.de\/pl\/#website"},"primaryImageOfPage":{"@id":"https:\/\/motherearthradio.de\/pl\/filozofia-o-nas\/#primaryimage"},"image":{"@id":"https:\/\/motherearthradio.de\/pl\/filozofia-o-nas\/#primaryimage"},"thumbnailUrl":"https:\/\/motherearthradio.de\/wp-content\/uploads\/2024\/12\/ingo-schulz-mwWZTLr9Tcg-unsplash-300x225.jpg","datePublished":"2025-10-03T17:32:19+00:00","dateModified":"2026-01-05T21:51:24+00:00","description":"Filozofia \/ O nas: Nie gramy tego, co wszyscy znaj\u0105. Odwa\u017cne harmonie. Prawdziwe emocje. Nagrania studyjne rejestrowane na \u017cywo.","breadcrumb":{"@id":"https:\/\/motherearthradio.de\/pl\/filozofia-o-nas\/#breadcrumb"},"inLanguage":"pl-PL","potentialAction":[{"@type":"ReadAction","target":["https:\/\/motherearthradio.de\/pl\/filozofia-o-nas\/"]}]},{"@type":"ImageObject","inLanguage":"pl-PL","@id":"https:\/\/motherearthradio.de\/pl\/filozofia-o-nas\/#primaryimage","url":"https:\/\/motherearthradio.de\/wp-content\/uploads\/2024\/12\/ingo-schulz-mwWZTLr9Tcg-unsplash-300x225.jpg","contentUrl":"https:\/\/motherearthradio.de\/wp-content\/uploads\/2024\/12\/ingo-schulz-mwWZTLr9Tcg-unsplash-300x225.jpg"},{"@type":"BreadcrumbList","@id":"https:\/\/motherearthradio.de\/pl\/filozofia-o-nas\/#breadcrumb","itemListElement":[{"@type":"ListItem","position":1,"name":"Startseite","item":"https:\/\/motherearthradio.de\/pl\/"},{"@type":"ListItem","position":2,"name":"Filozofia \/ O nas"}]},{"@type":"WebSite","@id":"https:\/\/motherearthradio.de\/pl\/#website","url":"https:\/\/motherearthradio.de\/pl\/","name":"Mother Earth Radio","description":"High Resolution Radio","publisher":{"@id":"https:\/\/motherearthradio.de\/pl\/#organization"},"potentialAction":[{"@type":"SearchAction","target":{"@type":"EntryPoint","urlTemplate":"https:\/\/motherearthradio.de\/pl\/?s={search_term_string}"},"query-input":{"@type":"PropertyValueSpecification","valueRequired":true,"valueName":"search_term_string"}}],"inLanguage":"pl-PL"},{"@type":"Organization","@id":"https:\/\/motherearthradio.de\/pl\/#organization","name":"Mother Earth Radio","url":"https:\/\/motherearthradio.de\/pl\/","logo":{"@type":"ImageObject","inLanguage":"pl-PL","@id":"https:\/\/motherearthradio.de\/pl\/#\/schema\/logo\/image\/","url":"https:\/\/motherearthradio.de\/wp-content\/uploads\/2025\/12\/mer-logo-cube-bold-1x-512.png","contentUrl":"https:\/\/motherearthradio.de\/wp-content\/uploads\/2025\/12\/mer-logo-cube-bold-1x-512.png","width":512,"height":512,"caption":"Mother Earth Radio"},"image":{"@id":"https:\/\/motherearthradio.de\/pl\/#\/schema\/logo\/image\/"},"sameAs":["https:\/\/www.youtube.com\/channel\/UCX5xCDGKQ9wCS1myWo6_nwg","https:\/\/www.instagram.com\/mother.earth.radio\/"],"description":"Das weltweit erste High Resolution Radio in 192 kHz FLAC. Vinyl-Digitalisierung, keine AI-Musik, kuratiert von Florian Reiterer.","email":"info@motherearthradio.de","telephone":"00498920977034","foundingDate":"2020-02-20","numberOfEmployees":{"@type":"QuantitativeValue","minValue":"1","maxValue":"10"}}]}},"_links":{"self":[{"href":"https:\/\/motherearthradio.de\/pl\/wp-json\/wp\/v2\/pages\/9138","targetHints":{"allow":["GET"]}}],"collection":[{"href":"https:\/\/motherearthradio.de\/pl\/wp-json\/wp\/v2\/pages"}],"about":[{"href":"https:\/\/motherearthradio.de\/pl\/wp-json\/wp\/v2\/types\/page"}],"author":[{"embeddable":true,"href":"https:\/\/motherearthradio.de\/pl\/wp-json\/wp\/v2\/users\/1"}],"replies":[{"embeddable":true,"href":"https:\/\/motherearthradio.de\/pl\/wp-json\/wp\/v2\/comments?post=9138"}],"version-history":[{"count":2,"href":"https:\/\/motherearthradio.de\/pl\/wp-json\/wp\/v2\/pages\/9138\/revisions"}],"predecessor-version":[{"id":9945,"href":"https:\/\/motherearthradio.de\/pl\/wp-json\/wp\/v2\/pages\/9138\/revisions\/9945"}],"wp:attachment":[{"href":"https:\/\/motherearthradio.de\/pl\/wp-json\/wp\/v2\/media?parent=9138"}],"curies":[{"name":"wp","href":"https:\/\/api.w.org\/{rel}","templated":true}]}}