{"id":4253,"date":"2025-03-25T17:36:39","date_gmt":"2025-03-25T16:36:39","guid":{"rendered":"https:\/\/motherearthradio.de\/?page_id=4253"},"modified":"2026-02-28T00:08:46","modified_gmt":"2026-02-27T23:08:46","slug":"mother-earth-instrumental-on-air","status":"publish","type":"page","link":"https:\/\/motherearthradio.de\/sv\/mother-earth-instrumental-on-air\/","title":{"rendered":"Mother Earth Instrumental On Air"},"content":{"rendered":"\n<div id=\"wp-block-themeisle-blocks-advanced-columns-f8675704\" class=\"wp-block-themeisle-blocks-advanced-columns alignwide has-1-columns has-desktop-equal-layout has-tablet-equal-layout has-mobile-equal-layout has-vertical-unset\"><div class=\"wp-block-themeisle-blocks-advanced-columns-overlay\"><\/div><div class=\"innerblocks-wrap\">\n<div id=\"wp-block-themeisle-blocks-advanced-column-280ff229\" class=\"wp-block-themeisle-blocks-advanced-column\">\n<h1 class=\"wp-block-heading has-x-large-font-size\">INSTRUMENTAL MUSIC RADIO \u2013 ONLINE &amp; HI-RES<\/h1>\n\n\n\n<p>High Resolution Radio. Instrumental. Musik utan ord.   F\u00f6r att jobba, l\u00e4sa, t\u00e4nka. <br\/>Gratis i webbspelaren. Streamas i 192 kHz FLAC. <\/p>\n\n\n\n<div id=\"wp-block-themeisle-blocks-advanced-columns-83687e49\" class=\"wp-block-themeisle-blocks-advanced-columns has-1-columns has-desktop-equal-layout has-tablet-equal-layout has-mobile-equal-layout has-vertical-unset\"><div class=\"wp-block-themeisle-blocks-advanced-columns-overlay\"><\/div><div class=\"innerblocks-wrap\">\n<div id=\"wp-block-themeisle-blocks-advanced-column-6afc4974\" class=\"wp-block-themeisle-blocks-advanced-column\">\n<figure class=\"wp-block-audio\"><audio controls=\"\" src=\"https:\/\/stream.motherearthradio.de\/listen\/motherearth_instrumental\/motherearth.instrumental.flac-lo\"><\/audio><\/figure>\n\n\n\n<p>\u26a0\ufe0f Webbspelare: Endast grundl\u00e4ggande streaming: <br\/>Ingen artistinfo, omslag eller historik \u2022 Endast 96 kHz ist\u00e4llet f\u00f6r 192 kHz <br\/>\u2705 I apparna: Fullst\u00e4ndig upplevelse: <br\/>192 kHz \u2022 Metadata \u2022 Omslagsbilder \u2022 L\u00e5thistorik \u2022 F\u00f6rfr\u00e5gningar<\/p>\n\n\n\n<div id=\"wp-block-themeisle-blocks-advanced-columns-a24c1430\" class=\"wp-block-themeisle-blocks-advanced-columns has-3-columns has-desktop-equal-layout has-tablet-equal-layout has-mobile-collapsedRows-layout has-vertical-unset\"><div class=\"wp-block-themeisle-blocks-advanced-columns-overlay\"><\/div><div class=\"innerblocks-wrap\">\n<div id=\"wp-block-themeisle-blocks-advanced-column-d6feaa49\" class=\"wp-block-themeisle-blocks-advanced-column\">\n<figure class=\"wp-block-image size-full is-resized\"><a href=\"https:\/\/apps.microsoft.com\/detail\/9pbc5prxxx71?hl=de-DE&amp;gl=DE\" target=\"_blank\" rel=\" noreferrer noopener\"><img loading=\"lazy\" decoding=\"async\" width=\"161\" height=\"44\" src=\"https:\/\/motherearthradio.de\/wp-content\/uploads\/2025\/12\/en-us-dark-541c0d.svg\" alt=\"Internetradio i h&#xF6;g kvalitet i Microsoft Store\" class=\"wp-image-8964\" style=\"width:243px;height:auto\"\/><\/a><figcaption class=\"wp-element-caption\">16,99 \u20ac \u2022 Windows 10\/11 \u2013 7 dagars gratis provperiod!<\/figcaption><\/figure>\n<\/div>\n\n\n\n<div id=\"wp-block-themeisle-blocks-advanced-column-45d39b6d\" class=\"wp-block-themeisle-blocks-advanced-column\">\n<figure class=\"wp-block-image size-full is-resized\"><a href=\"https:\/\/play.google.com\/store\/apps\/details?id=appinventor.ai_munichbassa.Mother_Earth_Radio&amp;pcampaignid=web_share\" target=\"_blank\" rel=\" noreferrer noopener\"><img loading=\"lazy\" decoding=\"async\" width=\"646\" height=\"250\" src=\"https:\/\/motherearthradio.de\/wp-content\/uploads\/2025\/12\/en_badge_web_generic.png\" alt=\"Mother Earth Radio p&#xE5; Google Play\" class=\"wp-image-8963\" style=\"aspect-ratio:2.5842896013249734;width:251px;height:auto\" srcset=\"https:\/\/motherearthradio.de\/wp-content\/uploads\/2025\/12\/en_badge_web_generic.png 646w, https:\/\/motherearthradio.de\/wp-content\/uploads\/2025\/12\/en_badge_web_generic-300x116.png 300w\" sizes=\"auto, (max-width: 646px) 100vw, 646px\" \/><\/a><figcaption class=\"wp-element-caption\">19,99 \u20ac \u2022 Mobil \u2022 Chromecast \u2022 Smart TV<\/figcaption><\/figure>\n<\/div>\n\n\n\n<div id=\"wp-block-themeisle-blocks-advanced-column-ca836dd3\" class=\"wp-block-themeisle-blocks-advanced-column\">\n<figure class=\"wp-block-image size-full is-resized\"><a href=\"https:\/\/apps.apple.com\/app\/mother-earth-radio\/id6756082949\" target=\"_blank\" rel=\" noreferrer noopener\"><img loading=\"lazy\" decoding=\"async\" width=\"119\" height=\"40\" src=\"https:\/\/motherearthradio.de\/wp-content\/uploads\/2025\/12\/en-us-26a479.svg\" alt=\"\" class=\"wp-image-8965\" style=\"aspect-ratio:2.991819244253993;width:147px;height:auto\"\/><\/a><figcaption class=\"wp-element-caption\">24,99 \u20ac \u2022 iPhone \u2022 iPad \u2022 Mac<\/figcaption><\/figure>\n<\/div>\n<\/div><\/div>\n\n\n\n<div id=\"wp-block-themeisle-blocks-advanced-columns-c668e653\" class=\"wp-block-themeisle-blocks-advanced-columns alignwide has-1-columns has-desktop-equal-layout has-tablet-equal-layout has-mobile-equal-layout has-vertical-unset\"><div class=\"wp-block-themeisle-blocks-advanced-columns-overlay\"><\/div><div class=\"innerblocks-wrap\">\n<div id=\"wp-block-themeisle-blocks-advanced-column-4dd9d315\" class=\"wp-block-themeisle-blocks-advanced-column\">\n<div class=\"wp-block-group alignwide is-content-justification-space-between is-nowrap is-layout-flex wp-container-core-group-is-layout-0dfbf163 wp-block-group-is-layout-flex\">\n<figure class=\"wp-block-image size-thumbnail\"><img loading=\"lazy\" decoding=\"async\" width=\"150\" height=\"150\" src=\"https:\/\/motherearthradio.de\/wp-content\/uploads\/2026\/01\/Hi-Res_Radio-logo-150x150.png\" alt=\"High Resolution Radio\" class=\"wp-image-9973\" srcset=\"https:\/\/motherearthradio.de\/wp-content\/uploads\/2026\/01\/Hi-Res_Radio-logo-150x150.png 150w, https:\/\/motherearthradio.de\/wp-content\/uploads\/2026\/01\/Hi-Res_Radio-logo.png 256w\" sizes=\"auto, (max-width: 150px) 100vw, 150px\" \/><\/figure>\n\n\n\n<figure class=\"wp-block-image size-thumbnail\"><img loading=\"lazy\" decoding=\"async\" width=\"150\" height=\"150\" src=\"https:\/\/motherearthradio.de\/wp-content\/uploads\/2024\/03\/mergoldcube512-150x150.png\" alt=\"Mother Earth Radio\" class=\"wp-image-79\" srcset=\"https:\/\/motherearthradio.de\/wp-content\/uploads\/2024\/03\/mergoldcube512-150x150.png 150w, https:\/\/motherearthradio.de\/wp-content\/uploads\/2024\/03\/mergoldcube512-300x300.png 300w, https:\/\/motherearthradio.de\/wp-content\/uploads\/2024\/03\/mergoldcube512.png 512w\" sizes=\"auto, (max-width: 150px) 100vw, 150px\" \/><\/figure>\n<\/div>\n<\/div>\n<\/div><\/div>\n<\/div>\n<\/div><\/div>\n\n\n\n<hr class=\"wp-block-separator has-alpha-channel-opacity\"\/>\n\n\n\n<div id=\"wp-block-themeisle-blocks-advanced-columns-04738316\" class=\"wp-block-themeisle-blocks-advanced-columns has-1-columns has-desktop-equal-layout has-tablet-equal-layout has-mobile-equal-layout has-vertical-unset\"><div class=\"wp-block-themeisle-blocks-advanced-columns-overlay\"><\/div><div class=\"innerblocks-wrap\">\n<div id=\"wp-block-themeisle-blocks-advanced-column-a68c6fc1\" class=\"wp-block-themeisle-blocks-advanced-column\">\n<h2 class=\"wp-block-heading\">Instrumental Music Radio f\u00f6r audiofiler <\/h2>\n\n\n\n<p>Mother Earth Instrumental \u00e4r bakgrundsmusikradio och arbetsmusik i ett: Musik utan ord som b\u00e4r utan att distrahera.<\/p>\n\n\n\n<h3 class=\"wp-block-heading\" id=\"h-was-macht-diesen-kanal-anders\">Vad g\u00f6r den h\u00e4r kanalen annorlunda?<\/h3>\n\n\n\n<p>N\u00e4r ord st\u00f6r. F\u00f6r att du vill arbeta, l\u00e4sa, t\u00e4nka. Och du beh\u00f6ver musik som b\u00e4r, men inte distraherar.  <br\/><br\/>Post-rock bredvid modern klassisk musik. Nils Frahm bredvid Snarky Puppy. Ambient bredvid akustisk gitarr. Fr\u00e5n minimalistiskt till orkestralt.    Fr\u00e5n elektroniskt till rent akustiskt. <br\/><br\/>Ingen spellista-l\u00e5ngtr\u00e5kighet med avslappningsmusik. Inget spa-dudel. Ist\u00e4llet: Musik med substans som ber\u00e4ttar utan ord.  <br\/><br\/>Varje sp\u00e5r \u00e4r st\u00e4mt till 429 Hz \u2013 en kammartonst\u00e4mning som ger ett varmare, \u00f6ppnare ljud, s\u00e4rskilt f\u00f6r akustiska instrument.<\/p>\n\n\n\n<h3 class=\"wp-block-heading\" id=\"h-warum-flac-bis-192-khz\">Varf\u00f6r FLAC upp till 192 kHz?<\/h3>\n\n\n\n<p>Musiken p\u00e5 Mother Earth Instrumental lever av detaljer. Efterklangen i ett rum. Andningen mellan toner. Texturen i ett ljud. FLAC bevarar dessa detaljer utan f\u00f6rlust.     192 kHz f\u00e5ngar transienter mer exakt \u00e4n CD-kvalitet. <br\/><br\/>MP3 och AAC komprimerar bort dessa nyanser. I instrumental musik \u2013 d\u00e4r varje detalj r\u00e4knas \u2013 g\u00f6r det en h\u00f6rbar skillnad. <\/p>\n\n\n\n<h3 class=\"wp-block-heading\" id=\"h-fur-arbeit-konzentration-kreativitat\">F\u00f6r arbete, koncentration, kreativitet<\/h3>\n\n\n\n<p>Studier visar: Instrumental musik kan fr\u00e4mja koncentration. Ingen s\u00e5ng som distraherar. Inga texter du vill sjunga med i.   Bara ljud som b\u00e4r dig. <br\/><br\/>Oavsett om du skriver, programmerar, l\u00e4ser, ritar \u2013 h\u00e4r spelas soundtracket till det.<\/p>\n<\/div>\n<\/div><\/div>\n\n\n\n<div id=\"wp-block-themeisle-blocks-advanced-columns-afb82773\" class=\"wp-block-themeisle-blocks-advanced-columns has-1-columns has-desktop-equal-layout has-tablet-equal-layout has-mobile-equal-layout has-vertical-unset\"><div class=\"wp-block-themeisle-blocks-advanced-columns-overlay\"><\/div><div class=\"innerblocks-wrap\">\n<div id=\"wp-block-themeisle-blocks-advanced-column-ede8506f\" class=\"wp-block-themeisle-blocks-advanced-column\">\n<h2 class=\"wp-block-heading\" id=\"h-hor-jetzt-mother-earth-instrumental-apps-fur-volles-erlebnis\">Lyssna p\u00e5 Mother Earth Instrumental nu. Appar f\u00f6r full upplevelse.<\/h2>\n\n\n\n<p>Webbspelaren \u00e4r till f\u00f6r att testa. Om du verkligen vill lyssna \u2013 med metadata, omslagsbilder och native ljudutg\u00e5ng \u2013 skaffa appen. <br\/><\/p>\n\n\n\n<figure class=\"wp-block-table is-style-stripes has-medium-font-size\"><table class=\"has-fixed-layout\"><tbody><tr><td><\/td><td>Webbspelare<\/td><td>App<\/td><td>App + USB DAC<\/td><td>H\u00e5rdvarustreamer<\/td><\/tr><tr><td>FLAC192kHz<\/td><td>\u274c<\/td><td>\u2705<\/td><td>\u2705<\/td><td>\u2705<\/td><\/tr><tr><td>Metadata<\/td><td>\u274c<\/td><td>\u2705<\/td><td>\u2705<\/td><td>\u274c<\/td><\/tr><tr><td>Native Audio<\/td><td>\u274c<\/td><td>\u2705<\/td><td>\u2705<\/td><td>&#8211;<\/td><\/tr><tr><td>Den b\u00e4sta l\u00f6sningen<\/td><td><\/td><td><\/td><td>\ud83d\udc51<\/td><td><\/td><\/tr><\/tbody><\/table><\/figure>\n\n\n\n<p>Betala en g\u00e5ng. Ingen prenumeration. <\/p>\n\n\n\n<div id=\"wp-block-themeisle-blocks-advanced-columns-66e47c06\" class=\"wp-block-themeisle-blocks-advanced-columns has-3-columns has-desktop-equal-layout has-tablet-equal-layout has-mobile-collapsedRows-layout has-vertical-unset\"><div class=\"wp-block-themeisle-blocks-advanced-columns-overlay\"><\/div><div class=\"innerblocks-wrap\">\n<div id=\"wp-block-themeisle-blocks-advanced-column-afc2dffa\" class=\"wp-block-themeisle-blocks-advanced-column\">\n<figure class=\"wp-block-image size-full is-resized\"><a href=\"https:\/\/apps.microsoft.com\/detail\/9pbc5prxxx71\" target=\"_blank\" rel=\" noreferrer noopener\"><img loading=\"lazy\" decoding=\"async\" width=\"161\" height=\"44\" src=\"https:\/\/motherearthradio.de\/wp-content\/uploads\/2025\/12\/en-us-dark-541c0d.svg\" alt=\"Internetradio i h&#xF6;g kvalitet i Microsoft Store\" class=\"wp-image-8964\" style=\"width:243px;height:auto\"\/><\/a><figcaption class=\"wp-element-caption\">16,99 \u20ac \u2022 Windows 10\/11 \u2013 7 dagars gratis provperiod!<\/figcaption><\/figure>\n<\/div>\n\n\n\n<div id=\"wp-block-themeisle-blocks-advanced-column-55ae895a\" class=\"wp-block-themeisle-blocks-advanced-column\">\n<figure class=\"wp-block-image size-full is-resized\"><a href=\"https:\/\/play.google.com\/store\/apps\/details?id=appinventor.ai_munichbassa.Mother_Earth_Radio&amp;pcampaignid=web_share\" target=\"_blank\" rel=\" noreferrer noopener\"><img loading=\"lazy\" decoding=\"async\" width=\"646\" height=\"250\" src=\"https:\/\/motherearthradio.de\/wp-content\/uploads\/2025\/12\/en_badge_web_generic.png\" alt=\"Mother Earth Radio p&#xE5; Google Play\" class=\"wp-image-8963\" style=\"aspect-ratio:2.5842896013249734;width:251px;height:auto\" srcset=\"https:\/\/motherearthradio.de\/wp-content\/uploads\/2025\/12\/en_badge_web_generic.png 646w, https:\/\/motherearthradio.de\/wp-content\/uploads\/2025\/12\/en_badge_web_generic-300x116.png 300w\" sizes=\"auto, (max-width: 646px) 100vw, 646px\" \/><\/a><figcaption class=\"wp-element-caption\">19,99 \u20ac \u2022 Mobil \u2022 Chromecast \u2022 Smart TV<\/figcaption><\/figure>\n<\/div>\n\n\n\n<div id=\"wp-block-themeisle-blocks-advanced-column-ec58f84d\" class=\"wp-block-themeisle-blocks-advanced-column\">\n<figure class=\"wp-block-image size-full is-resized\"><a href=\"https:\/\/apps.apple.com\/app\/mother-earth-radio\/id6756082949\" target=\"_blank\" rel=\" noreferrer noopener\"><img loading=\"lazy\" decoding=\"async\" width=\"119\" height=\"40\" src=\"https:\/\/motherearthradio.de\/wp-content\/uploads\/2025\/12\/en-us-26a479.svg\" alt=\"\" class=\"wp-image-8965\" style=\"aspect-ratio:2.991819244253993;width:147px;height:auto\"\/><\/a><figcaption class=\"wp-element-caption\">24,99 \u20ac \u2022 iPhone \u2022 iPad \u2022 Mac<\/figcaption><\/figure>\n<\/div>\n<\/div><\/div>\n<\/div>\n<\/div><\/div>\n\n\n\n<hr class=\"wp-block-separator has-alpha-channel-opacity\"\/>\n\n\n\n<ul class=\"wp-block-yoast-seo-related-links yoast-seo-related-links\">\n<li><a href=\"https:\/\/motherearthradio.de\/sv\/mother-earth-jazz-on-air\/\">Mother Earth Jazz On Air<\/a><\/li>\n\n\n\n<li><a href=\"https:\/\/motherearthradio.de\/sv\/internetradio-hoeg-kvalitet\/\">Kvalitet i en klass f\u00f6r sig<\/a><\/li>\n\n\n\n<li><a href=\"https:\/\/motherearthradio.de\/sv\/\">High-Resolution Radio<\/a><\/li>\n<\/ul>\n<\/div>\n<\/div><\/div>\n","protected":false},"excerpt":{"rendered":"","protected":false},"author":1,"featured_media":0,"parent":0,"menu_order":0,"comment_status":"closed","ping_status":"closed","template":"","meta":{"_themeisle_gutenberg_block_has_review":false,"footnotes":""},"class_list":["post-4253","page","type-page","status-publish"],"yoast_head":"<!-- This site is optimized with the Yoast SEO Premium plugin v27.3 (Yoast SEO v27.3) - https:\/\/yoast.com\/product\/yoast-seo-premium-wordpress\/ -->\n<title>Mother Earth Instrumental \u2013 Musikradio i Hi-Res FLAC<\/title>\n<meta name=\"description\" content=\"Mother Earth Instrumental: Musikradio i Hi-Res FLAC. Post-rock, modern klassisk, ambient. Musik utan ord f\u00f6r arbete. Lyssna gratis.\" \/>\n<meta name=\"robots\" content=\"index, follow, max-snippet:-1, max-image-preview:large, max-video-preview:-1\" \/>\n<link rel=\"canonical\" href=\"https:\/\/motherearthradio.de\/sv\/mother-earth-instrumental-on-air\/\" \/>\n<meta property=\"og:locale\" content=\"sv_SE\" \/>\n<meta property=\"og:type\" content=\"article\" \/>\n<meta property=\"og:title\" content=\"Mother Earth Instrumental On Air\" \/>\n<meta property=\"og:description\" content=\"Mother Earth Instrumental: Musikradio i Hi-Res FLAC. Post-rock, modern klassisk, ambient. Musik utan ord f\u00f6r arbete. Lyssna gratis.\" \/>\n<meta property=\"og:url\" content=\"https:\/\/motherearthradio.de\/sv\/mother-earth-instrumental-on-air\/\" \/>\n<meta property=\"og:site_name\" content=\"Mother Earth Radio\" \/>\n<meta property=\"article:modified_time\" content=\"2026-02-27T23:08:46+00:00\" \/>\n<meta property=\"og:image\" content=\"https:\/\/motherearthradio.de\/wp-content\/uploads\/2024\/03\/biglogo.png\" \/>\n\t<meta property=\"og:image:width\" content=\"1200\" \/>\n\t<meta property=\"og:image:height\" content=\"728\" \/>\n\t<meta property=\"og:image:type\" content=\"image\/png\" \/>\n<meta name=\"twitter:card\" content=\"summary_large_image\" \/>\n<meta name=\"twitter:label1\" content=\"Ber\u00e4knad l\u00e4stid\" \/>\n\t<meta name=\"twitter:data1\" content=\"1 minut\" \/>\n<script type=\"application\/ld+json\" class=\"yoast-schema-graph\">{\"@context\":\"https:\\\/\\\/schema.org\",\"@graph\":[{\"@type\":\"WebPage\",\"@id\":\"https:\\\/\\\/motherearthradio.de\\\/sv\\\/mother-earth-instrumental-on-air\\\/\",\"url\":\"https:\\\/\\\/motherearthradio.de\\\/sv\\\/mother-earth-instrumental-on-air\\\/\",\"name\":\"Mother Earth Instrumental \u2013 Musikradio i Hi-Res FLAC\",\"isPartOf\":{\"@id\":\"https:\\\/\\\/motherearthradio.de\\\/sv\\\/#website\"},\"primaryImageOfPage\":{\"@id\":\"https:\\\/\\\/motherearthradio.de\\\/sv\\\/mother-earth-instrumental-on-air\\\/#primaryimage\"},\"image\":{\"@id\":\"https:\\\/\\\/motherearthradio.de\\\/sv\\\/mother-earth-instrumental-on-air\\\/#primaryimage\"},\"thumbnailUrl\":\"https:\\\/\\\/motherearthradio.de\\\/wp-content\\\/uploads\\\/2025\\\/12\\\/en-us-dark-541c0d.svg\",\"datePublished\":\"2025-03-25T16:36:39+00:00\",\"dateModified\":\"2026-02-27T23:08:46+00:00\",\"description\":\"Mother Earth Instrumental: Musikradio i Hi-Res FLAC. Post-rock, modern klassisk, ambient. Musik utan ord f\u00f6r arbete. Lyssna gratis.\",\"breadcrumb\":{\"@id\":\"https:\\\/\\\/motherearthradio.de\\\/sv\\\/mother-earth-instrumental-on-air\\\/#breadcrumb\"},\"inLanguage\":\"sv-SE\",\"potentialAction\":[{\"@type\":\"ReadAction\",\"target\":[\"https:\\\/\\\/motherearthradio.de\\\/sv\\\/mother-earth-instrumental-on-air\\\/\"]}]},{\"@type\":\"ImageObject\",\"inLanguage\":\"sv-SE\",\"@id\":\"https:\\\/\\\/motherearthradio.de\\\/sv\\\/mother-earth-instrumental-on-air\\\/#primaryimage\",\"url\":\"https:\\\/\\\/motherearthradio.de\\\/wp-content\\\/uploads\\\/2025\\\/12\\\/en-us-dark-541c0d.svg\",\"contentUrl\":\"https:\\\/\\\/motherearthradio.de\\\/wp-content\\\/uploads\\\/2025\\\/12\\\/en-us-dark-541c0d.svg\"},{\"@type\":\"BreadcrumbList\",\"@id\":\"https:\\\/\\\/motherearthradio.de\\\/sv\\\/mother-earth-instrumental-on-air\\\/#breadcrumb\",\"itemListElement\":[{\"@type\":\"ListItem\",\"position\":1,\"name\":\"Startseite\",\"item\":\"https:\\\/\\\/motherearthradio.de\\\/sv\\\/\"},{\"@type\":\"ListItem\",\"position\":2,\"name\":\"Mother Earth Instrumental On Air\"}]},{\"@type\":\"WebSite\",\"@id\":\"https:\\\/\\\/motherearthradio.de\\\/sv\\\/#website\",\"url\":\"https:\\\/\\\/motherearthradio.de\\\/sv\\\/\",\"name\":\"Mother Earth Radio\",\"description\":\"High Resolution Radio\",\"publisher\":{\"@id\":\"https:\\\/\\\/motherearthradio.de\\\/sv\\\/#organization\"},\"potentialAction\":[{\"@type\":\"SearchAction\",\"target\":{\"@type\":\"EntryPoint\",\"urlTemplate\":\"https:\\\/\\\/motherearthradio.de\\\/sv\\\/?s={search_term_string}\"},\"query-input\":{\"@type\":\"PropertyValueSpecification\",\"valueRequired\":true,\"valueName\":\"search_term_string\"}}],\"inLanguage\":\"sv-SE\"},{\"@type\":\"Organization\",\"@id\":\"https:\\\/\\\/motherearthradio.de\\\/sv\\\/#organization\",\"name\":\"Mother Earth Radio\",\"url\":\"https:\\\/\\\/motherearthradio.de\\\/sv\\\/\",\"logo\":{\"@type\":\"ImageObject\",\"inLanguage\":\"sv-SE\",\"@id\":\"https:\\\/\\\/motherearthradio.de\\\/sv\\\/#\\\/schema\\\/logo\\\/image\\\/\",\"url\":\"https:\\\/\\\/motherearthradio.de\\\/wp-content\\\/uploads\\\/2025\\\/12\\\/mer-logo-cube-bold-1x-512.png\",\"contentUrl\":\"https:\\\/\\\/motherearthradio.de\\\/wp-content\\\/uploads\\\/2025\\\/12\\\/mer-logo-cube-bold-1x-512.png\",\"width\":512,\"height\":512,\"caption\":\"Mother Earth Radio\"},\"image\":{\"@id\":\"https:\\\/\\\/motherearthradio.de\\\/sv\\\/#\\\/schema\\\/logo\\\/image\\\/\"},\"sameAs\":[\"https:\\\/\\\/www.youtube.com\\\/channel\\\/UCX5xCDGKQ9wCS1myWo6_nwg\",\"https:\\\/\\\/www.instagram.com\\\/mother.earth.radio\\\/\"],\"description\":\"Das weltweit erste High Resolution Radio in 192 kHz FLAC. Vinyl-Digitalisierung, keine AI-Musik, kuratiert von Florian Reiterer.\",\"email\":\"info@motherearthradio.de\",\"telephone\":\"00498920977034\",\"foundingDate\":\"2020-02-20\",\"numberOfEmployees\":{\"@type\":\"QuantitativeValue\",\"minValue\":\"1\",\"maxValue\":\"10\"}}]}<\/script>\n<!-- \/ Yoast SEO Premium plugin. -->","yoast_head_json":{"title":"Mother Earth Instrumental \u2013 Musikradio i Hi-Res FLAC","description":"Mother Earth Instrumental: Musikradio i Hi-Res FLAC. Post-rock, modern klassisk, ambient. Musik utan ord f\u00f6r arbete. Lyssna gratis.","robots":{"index":"index","follow":"follow","max-snippet":"max-snippet:-1","max-image-preview":"max-image-preview:large","max-video-preview":"max-video-preview:-1"},"canonical":"https:\/\/motherearthradio.de\/sv\/mother-earth-instrumental-on-air\/","og_locale":"sv_SE","og_type":"article","og_title":"Mother Earth Instrumental On Air","og_description":"Mother Earth Instrumental: Musikradio i Hi-Res FLAC. Post-rock, modern klassisk, ambient. Musik utan ord f\u00f6r arbete. Lyssna gratis.","og_url":"https:\/\/motherearthradio.de\/sv\/mother-earth-instrumental-on-air\/","og_site_name":"Mother Earth Radio","article_modified_time":"2026-02-27T23:08:46+00:00","og_image":[{"width":1200,"height":728,"url":"https:\/\/motherearthradio.de\/wp-content\/uploads\/2024\/03\/biglogo.png","type":"image\/png"}],"twitter_card":"summary_large_image","twitter_misc":{"Ber\u00e4knad l\u00e4stid":"1 minut"},"schema":{"@context":"https:\/\/schema.org","@graph":[{"@type":"WebPage","@id":"https:\/\/motherearthradio.de\/sv\/mother-earth-instrumental-on-air\/","url":"https:\/\/motherearthradio.de\/sv\/mother-earth-instrumental-on-air\/","name":"Mother Earth Instrumental \u2013 Musikradio i Hi-Res FLAC","isPartOf":{"@id":"https:\/\/motherearthradio.de\/sv\/#website"},"primaryImageOfPage":{"@id":"https:\/\/motherearthradio.de\/sv\/mother-earth-instrumental-on-air\/#primaryimage"},"image":{"@id":"https:\/\/motherearthradio.de\/sv\/mother-earth-instrumental-on-air\/#primaryimage"},"thumbnailUrl":"https:\/\/motherearthradio.de\/wp-content\/uploads\/2025\/12\/en-us-dark-541c0d.svg","datePublished":"2025-03-25T16:36:39+00:00","dateModified":"2026-02-27T23:08:46+00:00","description":"Mother Earth Instrumental: Musikradio i Hi-Res FLAC. Post-rock, modern klassisk, ambient. Musik utan ord f\u00f6r arbete. Lyssna gratis.","breadcrumb":{"@id":"https:\/\/motherearthradio.de\/sv\/mother-earth-instrumental-on-air\/#breadcrumb"},"inLanguage":"sv-SE","potentialAction":[{"@type":"ReadAction","target":["https:\/\/motherearthradio.de\/sv\/mother-earth-instrumental-on-air\/"]}]},{"@type":"ImageObject","inLanguage":"sv-SE","@id":"https:\/\/motherearthradio.de\/sv\/mother-earth-instrumental-on-air\/#primaryimage","url":"https:\/\/motherearthradio.de\/wp-content\/uploads\/2025\/12\/en-us-dark-541c0d.svg","contentUrl":"https:\/\/motherearthradio.de\/wp-content\/uploads\/2025\/12\/en-us-dark-541c0d.svg"},{"@type":"BreadcrumbList","@id":"https:\/\/motherearthradio.de\/sv\/mother-earth-instrumental-on-air\/#breadcrumb","itemListElement":[{"@type":"ListItem","position":1,"name":"Startseite","item":"https:\/\/motherearthradio.de\/sv\/"},{"@type":"ListItem","position":2,"name":"Mother Earth Instrumental On Air"}]},{"@type":"WebSite","@id":"https:\/\/motherearthradio.de\/sv\/#website","url":"https:\/\/motherearthradio.de\/sv\/","name":"Mother Earth Radio","description":"High Resolution Radio","publisher":{"@id":"https:\/\/motherearthradio.de\/sv\/#organization"},"potentialAction":[{"@type":"SearchAction","target":{"@type":"EntryPoint","urlTemplate":"https:\/\/motherearthradio.de\/sv\/?s={search_term_string}"},"query-input":{"@type":"PropertyValueSpecification","valueRequired":true,"valueName":"search_term_string"}}],"inLanguage":"sv-SE"},{"@type":"Organization","@id":"https:\/\/motherearthradio.de\/sv\/#organization","name":"Mother Earth Radio","url":"https:\/\/motherearthradio.de\/sv\/","logo":{"@type":"ImageObject","inLanguage":"sv-SE","@id":"https:\/\/motherearthradio.de\/sv\/#\/schema\/logo\/image\/","url":"https:\/\/motherearthradio.de\/wp-content\/uploads\/2025\/12\/mer-logo-cube-bold-1x-512.png","contentUrl":"https:\/\/motherearthradio.de\/wp-content\/uploads\/2025\/12\/mer-logo-cube-bold-1x-512.png","width":512,"height":512,"caption":"Mother Earth Radio"},"image":{"@id":"https:\/\/motherearthradio.de\/sv\/#\/schema\/logo\/image\/"},"sameAs":["https:\/\/www.youtube.com\/channel\/UCX5xCDGKQ9wCS1myWo6_nwg","https:\/\/www.instagram.com\/mother.earth.radio\/"],"description":"Das weltweit erste High Resolution Radio in 192 kHz FLAC. Vinyl-Digitalisierung, keine AI-Musik, kuratiert von Florian Reiterer.","email":"info@motherearthradio.de","telephone":"00498920977034","foundingDate":"2020-02-20","numberOfEmployees":{"@type":"QuantitativeValue","minValue":"1","maxValue":"10"}}]}},"_links":{"self":[{"href":"https:\/\/motherearthradio.de\/sv\/wp-json\/wp\/v2\/pages\/4253","targetHints":{"allow":["GET"]}}],"collection":[{"href":"https:\/\/motherearthradio.de\/sv\/wp-json\/wp\/v2\/pages"}],"about":[{"href":"https:\/\/motherearthradio.de\/sv\/wp-json\/wp\/v2\/types\/page"}],"author":[{"embeddable":true,"href":"https:\/\/motherearthradio.de\/sv\/wp-json\/wp\/v2\/users\/1"}],"replies":[{"embeddable":true,"href":"https:\/\/motherearthradio.de\/sv\/wp-json\/wp\/v2\/comments?post=4253"}],"version-history":[{"count":5,"href":"https:\/\/motherearthradio.de\/sv\/wp-json\/wp\/v2\/pages\/4253\/revisions"}],"predecessor-version":[{"id":10328,"href":"https:\/\/motherearthradio.de\/sv\/wp-json\/wp\/v2\/pages\/4253\/revisions\/10328"}],"wp:attachment":[{"href":"https:\/\/motherearthradio.de\/sv\/wp-json\/wp\/v2\/media?parent=4253"}],"curies":[{"name":"wp","href":"https:\/\/api.w.org\/{rel}","templated":true}]}}