{"id":4265,"date":"2025-03-25T17:37:08","date_gmt":"2025-03-25T16:37:08","guid":{"rendered":"https:\/\/motherearthradio.de\/?page_id=4265"},"modified":"2026-04-03T19:36:23","modified_gmt":"2026-04-03T17:36:23","slug":"mother-earth-jazz-on-air","status":"publish","type":"page","link":"https:\/\/motherearthradio.de\/sv\/mother-earth-jazz-on-air\/","title":{"rendered":"Mother Earth Jazz On Air"},"content":{"rendered":"\n<div id=\"wp-block-themeisle-blocks-advanced-columns-f8675704\" class=\"wp-block-themeisle-blocks-advanced-columns alignwide has-1-columns has-desktop-equal-layout has-tablet-equal-layout has-mobile-equal-layout has-vertical-unset\"><div class=\"wp-block-themeisle-blocks-advanced-columns-overlay\"><\/div><div class=\"innerblocks-wrap\">\n<div id=\"wp-block-themeisle-blocks-advanced-column-280ff229\" class=\"wp-block-themeisle-blocks-advanced-column\">\n<h1 class=\"wp-block-heading has-x-large-font-size\">MOTHER EARTH JAZZ \u2013 FR\u00c5N COOL TILL FREE<\/h1>\n\n\n\n<p>High Resolution Radio: Jazz. Live i FLAC upp till 192 kHz.  Handplockat. <br\/>Gratis i webbspelaren. Streamas i 192 kHz. <\/p>\n\n\n\n<div id=\"wp-block-themeisle-blocks-advanced-columns-83687e49\" class=\"wp-block-themeisle-blocks-advanced-columns has-1-columns has-desktop-equal-layout has-tablet-equal-layout has-mobile-equal-layout has-vertical-unset\"><div class=\"wp-block-themeisle-blocks-advanced-columns-overlay\"><\/div><div class=\"innerblocks-wrap\">\n<div id=\"wp-block-themeisle-blocks-advanced-column-6afc4974\" class=\"wp-block-themeisle-blocks-advanced-column\">\n<figure class=\"wp-block-audio\"><audio controls=\"\" src=\"https:\/\/stream.motherearthradio.de\/listen\/motherearth_jazz\/motherearth.jazz.flac-lo\"><\/audio><\/figure>\n\n\n\n<p>\u26a0\ufe0f Webbspelare: Endast grundl\u00e4ggande streaming:<br\/>Ingen artistinfo, omslag eller historik \u2022 Endast 96 kHz ist\u00e4llet f\u00f6r 192 kHz<br\/>\u2705 I apparna: Fullst\u00e4ndig upplevelse:<br\/>192 kHz \u2022 Metadata \u2022 Omslagsbilder \u2022 L\u00e5thistorik \u2022 F\u00f6rfr\u00e5gningar<\/p>\n\n\n\n<div id=\"wp-block-themeisle-blocks-advanced-columns-a24c1430\" class=\"wp-block-themeisle-blocks-advanced-columns has-3-columns has-desktop-equal-layout has-tablet-equal-layout has-mobile-collapsedRows-layout has-vertical-unset\"><div class=\"wp-block-themeisle-blocks-advanced-columns-overlay\"><\/div><div class=\"innerblocks-wrap\">\n<div id=\"wp-block-themeisle-blocks-advanced-column-d6feaa49\" class=\"wp-block-themeisle-blocks-advanced-column\">\n<figure class=\"wp-block-image size-full is-resized\"><a href=\"https:\/\/apps.microsoft.com\/detail\/9pbc5prxxx71?hl=de-DE&amp;gl=DE\" target=\"_blank\" rel=\" noreferrer noopener\"><img loading=\"lazy\" decoding=\"async\" width=\"161\" height=\"44\" src=\"https:\/\/motherearthradio.de\/wp-content\/uploads\/2025\/12\/en-us-dark-541c0d.svg\" alt=\"Internetradio i h&#xF6;g kvalitet i Microsoft Store\" class=\"wp-image-8964\" style=\"width:243px;height:auto\"\/><\/a><figcaption class=\"wp-element-caption\">16,99 \u20ac \u2022 Windows 10\/11 \u2013 7 dagars gratis provperiod!<\/figcaption><\/figure>\n<\/div>\n\n\n\n<div id=\"wp-block-themeisle-blocks-advanced-column-45d39b6d\" class=\"wp-block-themeisle-blocks-advanced-column\">\n<figure class=\"wp-block-image size-full is-resized\"><a href=\"https:\/\/play.google.com\/store\/apps\/details?id=appinventor.ai_munichbassa.Mother_Earth_Radio&amp;pcampaignid=web_share\" target=\"_blank\" rel=\" noreferrer noopener\"><img loading=\"lazy\" decoding=\"async\" width=\"646\" height=\"250\" src=\"https:\/\/motherearthradio.de\/wp-content\/uploads\/2025\/12\/en_badge_web_generic.png\" alt=\"Mother Earth Radio p&#xE5; Google Play\" class=\"wp-image-8963\" style=\"aspect-ratio:2.5842896013249734;width:251px;height:auto\" srcset=\"https:\/\/motherearthradio.de\/wp-content\/uploads\/2025\/12\/en_badge_web_generic.png 646w, https:\/\/motherearthradio.de\/wp-content\/uploads\/2025\/12\/en_badge_web_generic-300x116.png 300w\" sizes=\"auto, (max-width: 646px) 100vw, 646px\" \/><\/a><figcaption class=\"wp-element-caption\">19,99 \u20ac \u2022 Mobil \u2022 Chromecast \u2022 Smart TV<\/figcaption><\/figure>\n<\/div>\n\n\n\n<div id=\"wp-block-themeisle-blocks-advanced-column-ca836dd3\" class=\"wp-block-themeisle-blocks-advanced-column\">\n<figure class=\"wp-block-image size-full is-resized\"><a href=\"https:\/\/apps.apple.com\/app\/mother-earth-radio\/id6756082949\" target=\"_blank\" rel=\" noreferrer noopener\"><img loading=\"lazy\" decoding=\"async\" width=\"119\" height=\"40\" src=\"https:\/\/motherearthradio.de\/wp-content\/uploads\/2025\/12\/en-us-26a479.svg\" alt=\"\" class=\"wp-image-8965\" style=\"aspect-ratio:2.991819244253993;width:147px;height:auto\"\/><\/a><figcaption class=\"wp-element-caption\">24,99 \u20ac \u2022 iPhone \u2022 iPad \u2022 Mac<\/figcaption><\/figure>\n<\/div>\n<\/div><\/div>\n\n\n\n<div id=\"wp-block-themeisle-blocks-advanced-columns-c668e653\" class=\"wp-block-themeisle-blocks-advanced-columns alignwide has-1-columns has-desktop-equal-layout has-tablet-equal-layout has-mobile-equal-layout has-vertical-unset\"><div class=\"wp-block-themeisle-blocks-advanced-columns-overlay\"><\/div><div class=\"innerblocks-wrap\">\n<div id=\"wp-block-themeisle-blocks-advanced-column-4dd9d315\" class=\"wp-block-themeisle-blocks-advanced-column\">\n<div class=\"wp-block-group alignwide is-content-justification-space-between is-nowrap is-layout-flex wp-container-core-group-is-layout-0dfbf163 wp-block-group-is-layout-flex\">\n<figure class=\"wp-block-image size-thumbnail\"><img loading=\"lazy\" decoding=\"async\" width=\"150\" height=\"150\" src=\"https:\/\/motherearthradio.de\/wp-content\/uploads\/2026\/01\/Hi-Res_Radio-logo-150x150.png\" alt=\"High Resolution Radio\" class=\"wp-image-9973\" srcset=\"https:\/\/motherearthradio.de\/wp-content\/uploads\/2026\/01\/Hi-Res_Radio-logo-150x150.png 150w, https:\/\/motherearthradio.de\/wp-content\/uploads\/2026\/01\/Hi-Res_Radio-logo.png 256w\" sizes=\"auto, (max-width: 150px) 100vw, 150px\" \/><\/figure>\n\n\n\n<figure class=\"wp-block-image size-thumbnail\"><img loading=\"lazy\" decoding=\"async\" width=\"150\" height=\"150\" src=\"https:\/\/motherearthradio.de\/wp-content\/uploads\/2024\/03\/mergoldcube512-150x150.png\" alt=\"Mother Earth Radio\" class=\"wp-image-79\" srcset=\"https:\/\/motherearthradio.de\/wp-content\/uploads\/2024\/03\/mergoldcube512-150x150.png 150w, https:\/\/motherearthradio.de\/wp-content\/uploads\/2024\/03\/mergoldcube512-300x300.png 300w, https:\/\/motherearthradio.de\/wp-content\/uploads\/2024\/03\/mergoldcube512.png 512w\" sizes=\"auto, (max-width: 150px) 100vw, 150px\" \/><\/figure>\n<\/div>\n<\/div>\n<\/div><\/div>\n<\/div>\n<\/div><\/div>\n\n\n\n<hr class=\"wp-block-separator has-alpha-channel-opacity\"\/>\n\n\n\n<div id=\"wp-block-themeisle-blocks-advanced-columns-04738316\" class=\"wp-block-themeisle-blocks-advanced-columns has-1-columns has-desktop-equal-layout has-tablet-equal-layout has-mobile-equal-layout has-vertical-unset\"><div class=\"wp-block-themeisle-blocks-advanced-columns-overlay\"><\/div><div class=\"innerblocks-wrap\">\n<div id=\"wp-block-themeisle-blocks-advanced-column-a68c6fc1\" class=\"wp-block-themeisle-blocks-advanced-column\">\n<p><strong>Vad \u00e4r Mother Earth Jazz?<\/strong><\/p>\n\n\n\n<p>Musik av m\u00e4nniskor som har valt friheten. I livet och i musiken. Inga kompromisser, ingen plan B.  <\/p>\n\n\n\n<p><strong>Ett exempel.<\/strong><\/p>\n\n\n\n<p>Ornette Coleman spelade utan ackord. Inte f\u00f6r att han inte k\u00e4nde till dem, utan f\u00f6r att de l\u00e5ste in honom. Han avskaffade inte harmonierna f\u00f6r att han inte kunde \u2014 utan f\u00f6r att de stod i v\u00e4gen. Det \u00e4r jazz: inte musiken. H\u00e5llningen. Beslutet att alltid forts\u00e4tta spela i st\u00e4llet f\u00f6r att upprepa sig.     <\/p>\n\n\n\n<p>Joachim K\u00fchn, f\u00f6dd 1944 i Leipzig, klassiskt utbildad, p\u00e5 v\u00e4g att bli konsertpianist \u2014 tills hans bror Rolf tog med en Coltrane-skiva fr\u00e5n v\u00e4st. Fr\u00e5n och med d\u00e5 var jazzen hans liv. K\u00fchn blev den mest inflytelserika pianisten i DDR-scenen. Men en stat som s\u00e5g frihet som ett hot var inte kompatibel med Joachim K\u00fchn. 1966 utnyttjade han en inbjudan till Wien och \u00e5terv\u00e4nde inte. SED hade f\u00e5tt honom att sv\u00e4ra att komma tillbaka. Han svor. Och gick.       <\/p>\n\n\n\n<p>Tio \u00e5r. Tio timmar om dagen. K\u00fchn f\u00f6rberedde sig f\u00f6r att kunna allt \u2014 och sedan gl\u00f6mma allt. Coleman gillade inte pianister. Instrumentet t\u00e4nker i ackord, och ackord var precis det Coleman inte ville ha. K\u00fchn var en av de f\u00e5 som han \u00e4nd\u00e5 spelade med. F\u00f6r att K\u00fchn var beredd att sl\u00e4ppa allt.      <\/p>\n\n\n\n<p>Frihet.<\/p>\n\n\n\n<p>\u201dLet\u2019s play, Ornette.\u201d<\/p>\n<\/div>\n<\/div><\/div>\n\n\n\n<div id=\"wp-block-themeisle-blocks-advanced-columns-afb82773\" class=\"wp-block-themeisle-blocks-advanced-columns has-1-columns has-desktop-equal-layout has-tablet-equal-layout has-mobile-equal-layout has-vertical-unset\"><div class=\"wp-block-themeisle-blocks-advanced-columns-overlay\"><\/div><div class=\"innerblocks-wrap\">\n<div id=\"wp-block-themeisle-blocks-advanced-column-ede8506f\" class=\"wp-block-themeisle-blocks-advanced-column\">\n<h2 class=\"wp-block-heading\" id=\"h-hor-jetzt-jazz-radio-online-apps-fur-volles-erlebnis\">Lyssna p\u00e5 jazzradio online nu. Appar f\u00f6r full upplevelse.<\/h2>\n\n\n\n<p>Lyssna p\u00e5 jazz gratis: Testa i webbspelaren eller med full kvalitet i apparna. Metadata, Cover Art, Song History. <br\/><\/p>\n\n\n\n<figure class=\"wp-block-table is-style-stripes has-medium-font-size\"><table class=\"has-fixed-layout\"><tbody><tr><td><\/td><td>Webbspelare<\/td><td>App<\/td><td>App + USB DAC<\/td><td>H\u00e5rdvarustreamer<\/td><\/tr><tr><td>FLAC192kHz<\/td><td>\u274c<\/td><td>\u2705<\/td><td>\u2705<\/td><td>\u2705<\/td><\/tr><tr><td>Metadata<\/td><td>\u274c<\/td><td>\u2705<\/td><td>\u2705<\/td><td>\u274c<\/td><\/tr><tr><td>Native Audio<\/td><td>\u274c<\/td><td>\u2705<\/td><td>\u2705<\/td><td>&#8211;<\/td><\/tr><tr><td>Den b\u00e4sta l\u00f6sningen<\/td><td><\/td><td><\/td><td>\ud83d\udc51<\/td><td><\/td><\/tr><\/tbody><\/table><\/figure>\n\n\n\n<p>Betala en g\u00e5ng. Ingen prenumeration. <\/p>\n\n\n\n<div id=\"wp-block-themeisle-blocks-advanced-columns-4da70d4c\" class=\"wp-block-themeisle-blocks-advanced-columns has-3-columns has-desktop-equal-layout has-tablet-equal-layout has-mobile-collapsedRows-layout has-vertical-unset\"><div class=\"wp-block-themeisle-blocks-advanced-columns-overlay\"><\/div><div class=\"innerblocks-wrap\">\n<div id=\"wp-block-themeisle-blocks-advanced-column-fb3b5d8f\" class=\"wp-block-themeisle-blocks-advanced-column\">\n<figure class=\"wp-block-image size-full is-resized\"><a href=\"https:\/\/apps.microsoft.com\/detail\/9pbc5prxxx71\" target=\"_blank\" rel=\" noreferrer noopener\"><img loading=\"lazy\" decoding=\"async\" width=\"161\" height=\"44\" src=\"https:\/\/motherearthradio.de\/wp-content\/uploads\/2025\/12\/en-us-dark-541c0d.svg\" alt=\"Internetradio i h&#xF6;g kvalitet i Microsoft Store\" class=\"wp-image-8964\" style=\"width:243px;height:auto\"\/><\/a><figcaption class=\"wp-element-caption\">16,99 \u20ac \u2022 Windows 10\/11 \u2013 7 dagars gratis provperiod!<\/figcaption><\/figure>\n<\/div>\n\n\n\n<div id=\"wp-block-themeisle-blocks-advanced-column-f233f790\" class=\"wp-block-themeisle-blocks-advanced-column\">\n<figure class=\"wp-block-image size-full is-resized\"><a href=\"https:\/\/play.google.com\/store\/apps\/details?id=appinventor.ai_munichbassa.Mother_Earth_Radio&amp;pcampaignid=web_share\" target=\"_blank\" rel=\" noreferrer noopener\"><img loading=\"lazy\" decoding=\"async\" width=\"646\" height=\"250\" src=\"https:\/\/motherearthradio.de\/wp-content\/uploads\/2025\/12\/en_badge_web_generic.png\" alt=\"Mother Earth Radio p&#xE5; Google Play\" class=\"wp-image-8963\" style=\"aspect-ratio:2.5842896013249734;width:251px;height:auto\" srcset=\"https:\/\/motherearthradio.de\/wp-content\/uploads\/2025\/12\/en_badge_web_generic.png 646w, https:\/\/motherearthradio.de\/wp-content\/uploads\/2025\/12\/en_badge_web_generic-300x116.png 300w\" sizes=\"auto, (max-width: 646px) 100vw, 646px\" \/><\/a><figcaption class=\"wp-element-caption\">19,99 \u20ac \u2022 Mobil \u2022 Chromecast \u2022 Smart TV<\/figcaption><\/figure>\n<\/div>\n\n\n\n<div id=\"wp-block-themeisle-blocks-advanced-column-359c3bbd\" class=\"wp-block-themeisle-blocks-advanced-column\">\n<figure class=\"wp-block-image size-full is-resized\"><a href=\"https:\/\/apps.apple.com\/app\/mother-earth-radio\/id6756082949\" target=\"_blank\" rel=\" noreferrer noopener\"><img loading=\"lazy\" decoding=\"async\" width=\"119\" height=\"40\" src=\"https:\/\/motherearthradio.de\/wp-content\/uploads\/2025\/12\/en-us-26a479.svg\" alt=\"\" class=\"wp-image-8965\" style=\"aspect-ratio:2.991819244253993;width:147px;height:auto\"\/><\/a><figcaption class=\"wp-element-caption\">24,99 \u20ac \u2022 iPhone \u2022 iPad \u2022 Mac<\/figcaption><\/figure>\n<\/div>\n<\/div><\/div>\n<\/div>\n<\/div><\/div>\n\n\n\n<p><a href=\"https:\/\/motherearthradio.de\/internetradio-hohe-qualitaet\/\">[\u2192 Mer om v\u00e5r ljudkvalitet]<\/a><\/p>\n\n\n<\/div>\n<\/div><\/div>\n","protected":false},"excerpt":{"rendered":"","protected":false},"author":1,"featured_media":0,"parent":0,"menu_order":0,"comment_status":"closed","ping_status":"closed","template":"","meta":{"_themeisle_gutenberg_block_has_review":false,"footnotes":""},"class_list":["post-4265","page","type-page","status-publish"],"yoast_head":"<!-- This site is optimized with the Yoast SEO Premium plugin v27.3 (Yoast SEO v27.3) - https:\/\/yoast.com\/product\/yoast-seo-premium-wordpress\/ -->\n<title>Lyssna p\u00e5 Mother Earth Jazz \u2013 High-Res FLAC Jazz Radio live<\/title>\n<meta name=\"description\" content=\"Mother Earth Jazz: Jazzradio online i Hi-Res FLAC. Fr\u00e5n ECM till Free Jazz. Lyssna p\u00e5 jazz gratis i webbspelaren. Lyssna nu.\" \/>\n<meta name=\"robots\" content=\"index, follow, max-snippet:-1, max-image-preview:large, max-video-preview:-1\" \/>\n<link rel=\"canonical\" href=\"https:\/\/motherearthradio.de\/sv\/mother-earth-jazz-on-air\/\" \/>\n<meta property=\"og:locale\" content=\"sv_SE\" \/>\n<meta property=\"og:type\" content=\"article\" \/>\n<meta property=\"og:title\" content=\"Mother Earth Jazz On Air\" \/>\n<meta property=\"og:description\" content=\"Mother Earth Jazz: Jazzradio online i Hi-Res FLAC. Fr\u00e5n ECM till Free Jazz. Lyssna p\u00e5 jazz gratis i webbspelaren. Lyssna nu.\" \/>\n<meta property=\"og:url\" content=\"https:\/\/motherearthradio.de\/sv\/mother-earth-jazz-on-air\/\" \/>\n<meta property=\"og:site_name\" content=\"Mother Earth Radio\" \/>\n<meta property=\"article:modified_time\" content=\"2026-04-03T17:36:23+00:00\" \/>\n<meta property=\"og:image\" content=\"https:\/\/motherearthradio.de\/wp-content\/uploads\/2024\/03\/biglogo.png\" \/>\n\t<meta property=\"og:image:width\" content=\"1200\" \/>\n\t<meta property=\"og:image:height\" content=\"728\" \/>\n\t<meta property=\"og:image:type\" content=\"image\/png\" \/>\n<meta name=\"twitter:card\" content=\"summary_large_image\" \/>\n<meta name=\"twitter:label1\" content=\"Ber\u00e4knad l\u00e4stid\" \/>\n\t<meta name=\"twitter:data1\" content=\"2 minuter\" \/>\n<script type=\"application\/ld+json\" class=\"yoast-schema-graph\">{\"@context\":\"https:\\\/\\\/schema.org\",\"@graph\":[{\"@type\":\"WebPage\",\"@id\":\"https:\\\/\\\/motherearthradio.de\\\/sv\\\/mother-earth-jazz-on-air\\\/\",\"url\":\"https:\\\/\\\/motherearthradio.de\\\/sv\\\/mother-earth-jazz-on-air\\\/\",\"name\":\"Lyssna p\u00e5 Mother Earth Jazz \u2013 High-Res FLAC Jazz Radio live\",\"isPartOf\":{\"@id\":\"https:\\\/\\\/motherearthradio.de\\\/sv\\\/#website\"},\"primaryImageOfPage\":{\"@id\":\"https:\\\/\\\/motherearthradio.de\\\/sv\\\/mother-earth-jazz-on-air\\\/#primaryimage\"},\"image\":{\"@id\":\"https:\\\/\\\/motherearthradio.de\\\/sv\\\/mother-earth-jazz-on-air\\\/#primaryimage\"},\"thumbnailUrl\":\"https:\\\/\\\/motherearthradio.de\\\/wp-content\\\/uploads\\\/2025\\\/12\\\/en-us-dark-541c0d.svg\",\"datePublished\":\"2025-03-25T16:37:08+00:00\",\"dateModified\":\"2026-04-03T17:36:23+00:00\",\"description\":\"Mother Earth Jazz: Jazzradio online i Hi-Res FLAC. Fr\u00e5n ECM till Free Jazz. Lyssna p\u00e5 jazz gratis i webbspelaren. Lyssna nu.\",\"breadcrumb\":{\"@id\":\"https:\\\/\\\/motherearthradio.de\\\/sv\\\/mother-earth-jazz-on-air\\\/#breadcrumb\"},\"inLanguage\":\"sv-SE\",\"potentialAction\":[{\"@type\":\"ReadAction\",\"target\":[\"https:\\\/\\\/motherearthradio.de\\\/sv\\\/mother-earth-jazz-on-air\\\/\"]}]},{\"@type\":\"ImageObject\",\"inLanguage\":\"sv-SE\",\"@id\":\"https:\\\/\\\/motherearthradio.de\\\/sv\\\/mother-earth-jazz-on-air\\\/#primaryimage\",\"url\":\"https:\\\/\\\/motherearthradio.de\\\/wp-content\\\/uploads\\\/2025\\\/12\\\/en-us-dark-541c0d.svg\",\"contentUrl\":\"https:\\\/\\\/motherearthradio.de\\\/wp-content\\\/uploads\\\/2025\\\/12\\\/en-us-dark-541c0d.svg\"},{\"@type\":\"BreadcrumbList\",\"@id\":\"https:\\\/\\\/motherearthradio.de\\\/sv\\\/mother-earth-jazz-on-air\\\/#breadcrumb\",\"itemListElement\":[{\"@type\":\"ListItem\",\"position\":1,\"name\":\"Startseite\",\"item\":\"https:\\\/\\\/motherearthradio.de\\\/sv\\\/\"},{\"@type\":\"ListItem\",\"position\":2,\"name\":\"Mother Earth Jazz On Air\"}]},{\"@type\":\"WebSite\",\"@id\":\"https:\\\/\\\/motherearthradio.de\\\/sv\\\/#website\",\"url\":\"https:\\\/\\\/motherearthradio.de\\\/sv\\\/\",\"name\":\"Mother Earth Radio\",\"description\":\"High Resolution Radio\",\"publisher\":{\"@id\":\"https:\\\/\\\/motherearthradio.de\\\/sv\\\/#organization\"},\"potentialAction\":[{\"@type\":\"SearchAction\",\"target\":{\"@type\":\"EntryPoint\",\"urlTemplate\":\"https:\\\/\\\/motherearthradio.de\\\/sv\\\/?s={search_term_string}\"},\"query-input\":{\"@type\":\"PropertyValueSpecification\",\"valueRequired\":true,\"valueName\":\"search_term_string\"}}],\"inLanguage\":\"sv-SE\"},{\"@type\":\"Organization\",\"@id\":\"https:\\\/\\\/motherearthradio.de\\\/sv\\\/#organization\",\"name\":\"Mother Earth Radio\",\"url\":\"https:\\\/\\\/motherearthradio.de\\\/sv\\\/\",\"logo\":{\"@type\":\"ImageObject\",\"inLanguage\":\"sv-SE\",\"@id\":\"https:\\\/\\\/motherearthradio.de\\\/sv\\\/#\\\/schema\\\/logo\\\/image\\\/\",\"url\":\"https:\\\/\\\/motherearthradio.de\\\/wp-content\\\/uploads\\\/2025\\\/12\\\/mer-logo-cube-bold-1x-512.png\",\"contentUrl\":\"https:\\\/\\\/motherearthradio.de\\\/wp-content\\\/uploads\\\/2025\\\/12\\\/mer-logo-cube-bold-1x-512.png\",\"width\":512,\"height\":512,\"caption\":\"Mother Earth Radio\"},\"image\":{\"@id\":\"https:\\\/\\\/motherearthradio.de\\\/sv\\\/#\\\/schema\\\/logo\\\/image\\\/\"},\"sameAs\":[\"https:\\\/\\\/www.youtube.com\\\/channel\\\/UCX5xCDGKQ9wCS1myWo6_nwg\",\"https:\\\/\\\/www.instagram.com\\\/mother.earth.radio\\\/\"],\"description\":\"Das weltweit erste High Resolution Radio in 192 kHz FLAC. Vinyl-Digitalisierung, keine AI-Musik, kuratiert von Florian Reiterer.\",\"email\":\"info@motherearthradio.de\",\"telephone\":\"00498920977034\",\"foundingDate\":\"2020-02-20\",\"numberOfEmployees\":{\"@type\":\"QuantitativeValue\",\"minValue\":\"1\",\"maxValue\":\"10\"}}]}<\/script>\n<!-- \/ Yoast SEO Premium plugin. -->","yoast_head_json":{"title":"Lyssna p\u00e5 Mother Earth Jazz \u2013 High-Res FLAC Jazz Radio live","description":"Mother Earth Jazz: Jazzradio online i Hi-Res FLAC. Fr\u00e5n ECM till Free Jazz. Lyssna p\u00e5 jazz gratis i webbspelaren. Lyssna nu.","robots":{"index":"index","follow":"follow","max-snippet":"max-snippet:-1","max-image-preview":"max-image-preview:large","max-video-preview":"max-video-preview:-1"},"canonical":"https:\/\/motherearthradio.de\/sv\/mother-earth-jazz-on-air\/","og_locale":"sv_SE","og_type":"article","og_title":"Mother Earth Jazz On Air","og_description":"Mother Earth Jazz: Jazzradio online i Hi-Res FLAC. Fr\u00e5n ECM till Free Jazz. Lyssna p\u00e5 jazz gratis i webbspelaren. Lyssna nu.","og_url":"https:\/\/motherearthradio.de\/sv\/mother-earth-jazz-on-air\/","og_site_name":"Mother Earth Radio","article_modified_time":"2026-04-03T17:36:23+00:00","og_image":[{"width":1200,"height":728,"url":"https:\/\/motherearthradio.de\/wp-content\/uploads\/2024\/03\/biglogo.png","type":"image\/png"}],"twitter_card":"summary_large_image","twitter_misc":{"Ber\u00e4knad l\u00e4stid":"2 minuter"},"schema":{"@context":"https:\/\/schema.org","@graph":[{"@type":"WebPage","@id":"https:\/\/motherearthradio.de\/sv\/mother-earth-jazz-on-air\/","url":"https:\/\/motherearthradio.de\/sv\/mother-earth-jazz-on-air\/","name":"Lyssna p\u00e5 Mother Earth Jazz \u2013 High-Res FLAC Jazz Radio live","isPartOf":{"@id":"https:\/\/motherearthradio.de\/sv\/#website"},"primaryImageOfPage":{"@id":"https:\/\/motherearthradio.de\/sv\/mother-earth-jazz-on-air\/#primaryimage"},"image":{"@id":"https:\/\/motherearthradio.de\/sv\/mother-earth-jazz-on-air\/#primaryimage"},"thumbnailUrl":"https:\/\/motherearthradio.de\/wp-content\/uploads\/2025\/12\/en-us-dark-541c0d.svg","datePublished":"2025-03-25T16:37:08+00:00","dateModified":"2026-04-03T17:36:23+00:00","description":"Mother Earth Jazz: Jazzradio online i Hi-Res FLAC. Fr\u00e5n ECM till Free Jazz. Lyssna p\u00e5 jazz gratis i webbspelaren. Lyssna nu.","breadcrumb":{"@id":"https:\/\/motherearthradio.de\/sv\/mother-earth-jazz-on-air\/#breadcrumb"},"inLanguage":"sv-SE","potentialAction":[{"@type":"ReadAction","target":["https:\/\/motherearthradio.de\/sv\/mother-earth-jazz-on-air\/"]}]},{"@type":"ImageObject","inLanguage":"sv-SE","@id":"https:\/\/motherearthradio.de\/sv\/mother-earth-jazz-on-air\/#primaryimage","url":"https:\/\/motherearthradio.de\/wp-content\/uploads\/2025\/12\/en-us-dark-541c0d.svg","contentUrl":"https:\/\/motherearthradio.de\/wp-content\/uploads\/2025\/12\/en-us-dark-541c0d.svg"},{"@type":"BreadcrumbList","@id":"https:\/\/motherearthradio.de\/sv\/mother-earth-jazz-on-air\/#breadcrumb","itemListElement":[{"@type":"ListItem","position":1,"name":"Startseite","item":"https:\/\/motherearthradio.de\/sv\/"},{"@type":"ListItem","position":2,"name":"Mother Earth Jazz On Air"}]},{"@type":"WebSite","@id":"https:\/\/motherearthradio.de\/sv\/#website","url":"https:\/\/motherearthradio.de\/sv\/","name":"Mother Earth Radio","description":"High Resolution Radio","publisher":{"@id":"https:\/\/motherearthradio.de\/sv\/#organization"},"potentialAction":[{"@type":"SearchAction","target":{"@type":"EntryPoint","urlTemplate":"https:\/\/motherearthradio.de\/sv\/?s={search_term_string}"},"query-input":{"@type":"PropertyValueSpecification","valueRequired":true,"valueName":"search_term_string"}}],"inLanguage":"sv-SE"},{"@type":"Organization","@id":"https:\/\/motherearthradio.de\/sv\/#organization","name":"Mother Earth Radio","url":"https:\/\/motherearthradio.de\/sv\/","logo":{"@type":"ImageObject","inLanguage":"sv-SE","@id":"https:\/\/motherearthradio.de\/sv\/#\/schema\/logo\/image\/","url":"https:\/\/motherearthradio.de\/wp-content\/uploads\/2025\/12\/mer-logo-cube-bold-1x-512.png","contentUrl":"https:\/\/motherearthradio.de\/wp-content\/uploads\/2025\/12\/mer-logo-cube-bold-1x-512.png","width":512,"height":512,"caption":"Mother Earth Radio"},"image":{"@id":"https:\/\/motherearthradio.de\/sv\/#\/schema\/logo\/image\/"},"sameAs":["https:\/\/www.youtube.com\/channel\/UCX5xCDGKQ9wCS1myWo6_nwg","https:\/\/www.instagram.com\/mother.earth.radio\/"],"description":"Das weltweit erste High Resolution Radio in 192 kHz FLAC. Vinyl-Digitalisierung, keine AI-Musik, kuratiert von Florian Reiterer.","email":"info@motherearthradio.de","telephone":"00498920977034","foundingDate":"2020-02-20","numberOfEmployees":{"@type":"QuantitativeValue","minValue":"1","maxValue":"10"}}]}},"_links":{"self":[{"href":"https:\/\/motherearthradio.de\/sv\/wp-json\/wp\/v2\/pages\/4265","targetHints":{"allow":["GET"]}}],"collection":[{"href":"https:\/\/motherearthradio.de\/sv\/wp-json\/wp\/v2\/pages"}],"about":[{"href":"https:\/\/motherearthradio.de\/sv\/wp-json\/wp\/v2\/types\/page"}],"author":[{"embeddable":true,"href":"https:\/\/motherearthradio.de\/sv\/wp-json\/wp\/v2\/users\/1"}],"replies":[{"embeddable":true,"href":"https:\/\/motherearthradio.de\/sv\/wp-json\/wp\/v2\/comments?post=4265"}],"version-history":[{"count":6,"href":"https:\/\/motherearthradio.de\/sv\/wp-json\/wp\/v2\/pages\/4265\/revisions"}],"predecessor-version":[{"id":10573,"href":"https:\/\/motherearthradio.de\/sv\/wp-json\/wp\/v2\/pages\/4265\/revisions\/10573"}],"wp:attachment":[{"href":"https:\/\/motherearthradio.de\/sv\/wp-json\/wp\/v2\/media?parent=4265"}],"curies":[{"name":"wp","href":"https:\/\/api.w.org\/{rel}","templated":true}]}}