{"id":8523,"date":"2025-10-03T19:32:19","date_gmt":"2025-10-03T17:32:19","guid":{"rendered":"https:\/\/motherearthradio.de\/filosofi-om-oss\/"},"modified":"2026-01-05T22:51:19","modified_gmt":"2026-01-05T21:51:19","slug":"filosofi-om-oss","status":"publish","type":"page","link":"https:\/\/motherearthradio.de\/sv\/filosofi-om-oss\/","title":{"rendered":"Filosofi\/Om oss"},"content":{"rendered":"\n<div id=\"wp-block-themeisle-blocks-advanced-columns-b609be49\" class=\"wp-block-themeisle-blocks-advanced-columns has-1-columns has-desktop-equal-layout has-tablet-equal-layout has-mobile-equal-layout has-vertical-unset\"><div class=\"wp-block-themeisle-blocks-advanced-columns-overlay\"><\/div><div class=\"innerblocks-wrap\">\n<div id=\"wp-block-themeisle-blocks-advanced-column-324ce504\" class=\"wp-block-themeisle-blocks-advanced-column\">\n<h1 class=\"wp-block-heading\" id=\"h-high-resolution-radio-von-einem-tontechniker-der-weiss-wie-musik-klingen-sollte\">High Resolution Radio. Fr\u00e5n en ljudtekniker som vet hur musik ska l\u00e5ta. <\/h1>\n\n\n\n<p>Mother Earth Radio \u00e4r ingen algoritm. Det \u00e4r handplockad musik i f\u00f6rlustfri kvalitet \u2013 kurerad med en filosofi. Av n\u00e5gon som har arbetat med professionell ljudproduktion i 30 \u00e5r.   <br\/><br\/>Inga spellistor baserade p\u00e5 klick. Ingen komprimering. Inga stora skivbolag. Bara musik som f\u00f6rtj\u00e4nar att h\u00f6ras i full uppl\u00f6sning.   <\/p>\n\n\n\n<h2 class=\"wp-block-heading\" id=\"h-die-philosophie\">Filosofin<\/h2>\n\n\n\n<h3 class=\"wp-block-heading\" id=\"h-vinyl-ist-die-erste-kopie\">Vinyl \u00e4r den f\u00f6rsta kopian<\/h3>\n\n\n\n<div id=\"wp-block-themeisle-blocks-advanced-columns-5dcd5d5b\" class=\"wp-block-themeisle-blocks-advanced-columns has-2-columns has-desktop-twoOne-layout has-tablet-equal-layout has-mobile-collapsedRows-layout has-vertical-unset\"><div class=\"wp-block-themeisle-blocks-advanced-columns-overlay\"><\/div><div class=\"innerblocks-wrap\">\n<div id=\"wp-block-themeisle-blocks-advanced-column-f6533abb\" class=\"wp-block-themeisle-blocks-advanced-column\">\n<p>Det \u00e4r bara ett steg mellan inspelningen i studion och vinylskivan. Ingen digital konvertering, ingen komprimering, inget loudness war. Sp\u00e5ret bevarar det som spelades.   <\/p>\n<\/div>\n\n\n\n<div id=\"wp-block-themeisle-blocks-advanced-column-28e6046d\" class=\"wp-block-themeisle-blocks-advanced-column\">\n<figure class=\"wp-block-image size-medium\"><img loading=\"lazy\" decoding=\"async\" width=\"300\" height=\"225\" src=\"https:\/\/motherearthradio.de\/wp-content\/uploads\/2024\/12\/ingo-schulz-mwWZTLr9Tcg-unsplash-300x225.jpg\" alt=\"analog filosofi \/ Om oss\" class=\"wp-image-2989\" srcset=\"https:\/\/motherearthradio.de\/wp-content\/uploads\/2024\/12\/ingo-schulz-mwWZTLr9Tcg-unsplash-300x225.jpg 300w, https:\/\/motherearthradio.de\/wp-content\/uploads\/2024\/12\/ingo-schulz-mwWZTLr9Tcg-unsplash-1024x768.jpg 1024w, https:\/\/motherearthradio.de\/wp-content\/uploads\/2024\/12\/ingo-schulz-mwWZTLr9Tcg-unsplash-768x576.jpg 768w, https:\/\/motherearthradio.de\/wp-content\/uploads\/2024\/12\/ingo-schulz-mwWZTLr9Tcg-unsplash-1536x1152.jpg 1536w, https:\/\/motherearthradio.de\/wp-content\/uploads\/2024\/12\/ingo-schulz-mwWZTLr9Tcg-unsplash-2048x1536.jpg 2048w\" sizes=\"auto, (max-width: 300px) 100vw, 300px\" \/><\/figure>\n<\/div>\n<\/div><\/div>\n\n\n\n<div id=\"wp-block-themeisle-blocks-advanced-columns-ea832221\" class=\"wp-block-themeisle-blocks-advanced-columns has-2-columns has-desktop-oneTwo-layout has-tablet-equal-layout has-mobile-collapsedRows-layout has-vertical-unset\"><div class=\"wp-block-themeisle-blocks-advanced-columns-overlay\"><\/div><div class=\"innerblocks-wrap\">\n<div id=\"wp-block-themeisle-blocks-advanced-column-488d3a84\" class=\"wp-block-themeisle-blocks-advanced-column\">\n<figure class=\"wp-block-image size-medium\"><img loading=\"lazy\" decoding=\"async\" width=\"200\" height=\"300\" src=\"https:\/\/motherearthradio.de\/wp-content\/uploads\/2025\/07\/markus-spiske-igj1YmV2UIc-unsplash-200x300.jpg\" alt=\"\" class=\"wp-image-6277\" srcset=\"https:\/\/motherearthradio.de\/wp-content\/uploads\/2025\/07\/markus-spiske-igj1YmV2UIc-unsplash-200x300.jpg 200w, https:\/\/motherearthradio.de\/wp-content\/uploads\/2025\/07\/markus-spiske-igj1YmV2UIc-unsplash-683x1024.jpg 683w, https:\/\/motherearthradio.de\/wp-content\/uploads\/2025\/07\/markus-spiske-igj1YmV2UIc-unsplash-768x1152.jpg 768w, https:\/\/motherearthradio.de\/wp-content\/uploads\/2025\/07\/markus-spiske-igj1YmV2UIc-unsplash-1024x1536.jpg 1024w, https:\/\/motherearthradio.de\/wp-content\/uploads\/2025\/07\/markus-spiske-igj1YmV2UIc-unsplash-1366x2048.jpg 1366w, https:\/\/motherearthradio.de\/wp-content\/uploads\/2025\/07\/markus-spiske-igj1YmV2UIc-unsplash-scaled.jpg 1707w\" sizes=\"auto, (max-width: 200px) 100vw, 200px\" \/><\/figure>\n<\/div>\n\n\n\n<div id=\"wp-block-themeisle-blocks-advanced-column-2a4ca719\" class=\"wp-block-themeisle-blocks-advanced-column\">\n<p>Det \u00e4r den h\u00e4r generationen som r\u00e4knas. Vi digitaliserar den f\u00f6rsta kopian med audiofil utrustning. 24 bitar, 192 kHz. S\u00e5 att du f\u00e5r det som artisterna spelade in \u2013 innan industrin f\u00f6rst\u00f6rde det.   <\/p>\n<\/div>\n<\/div><\/div>\n\n\n\n<h3 class=\"wp-block-heading\">429 Hz: Den fysiska st\u00e4mningen<\/h3>\n\n\n\n<p>Den mesta musiken \u00e4r st\u00e4md till 440 Hz. Det \u00e4r konvention, inget mer. Vi st\u00e4mmer till 429 Hz \u2013 den kammarton som baseras p\u00e5 fysiska grundfrekvenser.  <\/p>\n\n\n\n<p>Ingen esoterik. Fysik. Du h\u00f6r det. Djupare. Naturligare. Som om musiken andas.     <\/p>\n\n\n\n<p>Varje sp\u00e5r st\u00e4ms om individuellt. F\u00f6r hand. Det tar tid. Men det g\u00f6r skillnaden.   <\/p>\n\n\n\n<p class=\"is-style-text-annotation\"><a href=\"https:\/\/motherearthradio.de\/sv\/429-hz-kammarton\/\">mer om 429Hz<\/a><\/p>\n\n\n\n<h3 class=\"wp-block-heading\">High-Resolution betyder: Allt finns kvar<\/h3>\n\n\n\n<p class=\"is-style-default\">Musikindustrin komprimerar. MP3, AAC \u2013 allt blir mindre, smidigare, d\u00f6dare. Vi g\u00e5r den andra v\u00e4gen.  <br\/><br\/>FLAC Lossless. Inga f\u00f6rluster. Full dynamik. Det betyder: tysta passager f\u00f6rblir tysta, h\u00f6gljudda passager bryts inte av. Musiken f\u00e5r utvecklas.    <br\/><br\/>Du beh\u00f6ver ingen guldkabel f\u00f6r det. Men bra h\u00f6gtalare eller h\u00f6rlurar hj\u00e4lper. D\u00e5 h\u00f6r du vad andra stationer sl\u00e4nger bort.  <\/p>\n\n\n\n<p class=\"is-style-text-annotation\"><br\/><a href=\"https:\/\/motherearthradio.de\/sv\/high-res-audio-foerklarat\/\">Hi-Res Audio f\u00f6rklarat<\/a><\/p>\n\n\n\n<h3 class=\"wp-block-heading\">Bortom mainstream<\/h3>\n\n\n\n<p>Vi spelar inte det alla k\u00e4nner till. Vi kurerar. Modiga harmonier. \u00c4kta k\u00e4nslor. Musik fr\u00e5n tiden d\u00e5 musiker fortfarande satt tillsammans i studion.    <\/p>\n\n\n\n<p>Obskyra fynd. S\u00e4llsynta pressningar. Jazz som du inte hittar p\u00e5 Spotify. Klassiker bortom Greatest Hits. Instrumental som inte bara \u00e4r bakgrund.    <\/p>\n\n\n\n<p>Det h\u00e4r \u00e4r ingen radio f\u00f6r vid sidan av. Det h\u00e4r \u00e4r radio f\u00f6r stunder d\u00e5 du verkligen vill lyssna. <\/p>\n\n\n\n<h2 class=\"wp-block-heading\">Om Florian Reiterer<\/h2>\n\n\n\n<p><strong>Florian Reiterer<\/strong> (*1974, M\u00fcnchen) \u00e4r grundare och kurator f\u00f6r Mother Earth Radio.<\/p>\n\n\n\n<h3 class=\"wp-block-heading\" id=\"h-musikalische-wurzeln\">Musikaliska r\u00f6tter<\/h3>\n\n\n\n<p>F\u00f6dd som son till statssk\u00e5despelaren Herbert Rhom-Reiterer (Residenztheater M\u00fcnchen) och primaballerinan Puck Oosthoek (Staatstheater Innsbruck) var musik en del av hans liv fr\u00e5n b\u00f6rjan. Vid sju \u00e5rs \u00e5lder b\u00f6rjade han spela piano och provade under \u00e5rens lopp alla str\u00e4nginstrument. Hans huvudinstrument blev bas \u2013 idag spelar han instrument fr\u00e5n Luthier<a href=\"http:\/\/ctbasses.com\"> Carl Thompson<\/a>, k\u00e4nd som &#8221;The Stradivari of Bass Guitar&#8221;, samt en upright-kontrabas.  <\/p>\n\n\n\n<figure class=\"wp-block-image size-medium\"><img loading=\"lazy\" decoding=\"async\" width=\"225\" height=\"300\" src=\"https:\/\/motherearthradio.de\/wp-content\/uploads\/2025\/04\/8-2-98_007-225x300.jpg\" alt=\"Carl Thompson Bass Guitar\" class=\"wp-image-4437\" srcset=\"https:\/\/motherearthradio.de\/wp-content\/uploads\/2025\/04\/8-2-98_007-225x300.jpg 225w, https:\/\/motherearthradio.de\/wp-content\/uploads\/2025\/04\/8-2-98_007.jpg 488w\" sizes=\"auto, (max-width: 225px) 100vw, 225px\" \/><figcaption class=\"wp-element-caption\">&#8221;Trip Irish&#8221; &#8211; Sex str\u00e4ngar bandl\u00f6st<\/figcaption><\/figure>\n\n\n\n<h3 class=\"wp-block-heading\" id=\"h-30-jahre-audio-engineering\">30 \u00e5rs ljudteknik<\/h3>\n\n\n\n<p>Efter sin utbildning vid SAE M\u00fcnchen (1994) b\u00f6rjade Florian som <strong>Digidesign Customer Support Techniker f\u00fcr Deutschland, \u00d6sterreich und die Schweiz<\/strong> (1995-98). Under den h\u00e4r tiden hj\u00e4lpte han ljudproffs med komplexa Pro Tools-arbetsfl\u00f6den.  <br\/><br\/>Som ingenj\u00f6r p\u00e5 <strong>Polyester Studio M\u00fcnchen<\/strong> hos Axel Kr\u00f6ll byggde han om en Digidesign ProControl-regi till en <strong>5.1 Pop Music Mixing Studio<\/strong> \u2013 d\u00e5tidens banbrytande teknik f\u00f6r surroundproduktioner. <br\/><br\/>Sedan 2000-talet har Florian arbetat som <strong>ljudtekniker och jingelproducent p\u00e5 Bayerischen Rundfunk<\/strong> (BR Funkhaus M\u00fcnchen), d\u00e4r han arbetar med ljuddesign och ljudproduktion p\u00e5 h\u00f6gsta tekniska niv\u00e5.<\/p>\n\n\n\n<h3 class=\"wp-block-heading\" id=\"h-warum-mother-earth-radio\">Varf\u00f6r Mother Earth Radio<\/h3>\n\n\n\n<p>2020 grundade Florian Mother Earth Radio utifr\u00e5n ett personligt uppdrag: Att bevara hantverket och autenticiteten i musiken som g\u00e5r f\u00f6rlorad i moderna streamingtj\u00e4nster. <br\/><br\/>Med sin expertis inom h\u00f6guppl\u00f6st ljudteknik digitaliserar han vinylskivor med professionell teknik (Degritter ultraljudsreng\u00f6ring, audiofil utrustning) och streamar dem i 192 kHz\/24-bitars FLAC \u2013 st\u00e4mt till 429 Hz. <br\/><br\/>Mother Earth Radio \u00e4r resultatet av \u00f6ver 30 \u00e5rs ljudexpertis, livsl\u00e5ng musikalisk passion och en \u00f6nskan att presentera musik som den ska l\u00e5ta.<\/p>\n\n\n\n<h2 class=\"wp-block-heading\" id=\"h-das-ergebnis\">Resultatet<\/h2>\n\n\n\n<p>Hi-Res FLAC-radio utan kompromisser. Kurerat av n\u00e5gon som inte bara kan f\u00f6rklara skillnaden mellan 320 kbps och f\u00f6rlustfritt tekniskt, utan ocks\u00e5 h\u00f6ra den.  <br\/><br\/>Ingen reklam. Ingen prenumeration. Inga avbrott. Bara musik.   <\/p>\n\n\n\n<div class=\"wp-block-buttons is-layout-flex wp-block-buttons-is-layout-flex\">\n<div class=\"wp-block-button\"><a class=\"wp-block-button__link wp-element-button\" href=\"https:\/\/motherearthradio.de#channels\">Lyssna gratis i webbspelaren nu<\/a><\/div>\n<\/div>\n\n\n\n<div id=\"wp-block-themeisle-blocks-advanced-columns-a24c1430\" class=\"wp-block-themeisle-blocks-advanced-columns has-3-columns has-desktop-equal-layout has-tablet-equal-layout has-mobile-collapsedRows-layout has-vertical-unset\"><div class=\"wp-block-themeisle-blocks-advanced-columns-overlay\"><\/div><div class=\"innerblocks-wrap\">\n<div id=\"wp-block-themeisle-blocks-advanced-column-d6feaa49\" class=\"wp-block-themeisle-blocks-advanced-column\">\n<figure class=\"wp-block-image size-full is-resized\"><a href=\"https:\/\/apps.microsoft.com\/detail\/9pbc5prxxx71?hl=de-DE&amp;gl=DE\" target=\"_blank\" rel=\" noreferrer noopener\"><img loading=\"lazy\" decoding=\"async\" width=\"161\" height=\"44\" src=\"https:\/\/motherearthradio.de\/wp-content\/uploads\/2025\/12\/en-us-dark-541c0d.svg\" alt=\"Internetradio i h&#xF6;g kvalitet i Microsoft Store\" class=\"wp-image-8964\" style=\"width:243px;height:auto\"\/><\/a><figcaption class=\"wp-element-caption\">16,99 \u20ac \u2022 Windows 10\/11 \u2013 7 dagars gratis provperiod!<\/figcaption><\/figure>\n<\/div>\n\n\n\n<div id=\"wp-block-themeisle-blocks-advanced-column-45d39b6d\" class=\"wp-block-themeisle-blocks-advanced-column\">\n<figure class=\"wp-block-image size-full is-resized\"><a href=\"https:\/\/play.google.com\/store\/apps\/details?id=appinventor.ai_munichbassa.Mother_Earth_Radio&amp;pcampaignid=web_share\" target=\"_blank\" rel=\" noreferrer noopener\"><img loading=\"lazy\" decoding=\"async\" width=\"646\" height=\"250\" src=\"https:\/\/motherearthradio.de\/wp-content\/uploads\/2025\/12\/en_badge_web_generic.png\" alt=\"Mother Earth Radio p&#xE5; Google Play\" class=\"wp-image-8963\" style=\"aspect-ratio:2.5842896013249734;width:251px;height:auto\" srcset=\"https:\/\/motherearthradio.de\/wp-content\/uploads\/2025\/12\/en_badge_web_generic.png 646w, https:\/\/motherearthradio.de\/wp-content\/uploads\/2025\/12\/en_badge_web_generic-300x116.png 300w\" sizes=\"auto, (max-width: 646px) 100vw, 646px\" \/><\/a><figcaption class=\"wp-element-caption\">19,99 \u20ac \u2022 Mobil \u2022 Chromecast \u2022 Smart TV<\/figcaption><\/figure>\n<\/div>\n\n\n\n<div id=\"wp-block-themeisle-blocks-advanced-column-ca836dd3\" class=\"wp-block-themeisle-blocks-advanced-column\">\n<figure class=\"wp-block-image size-full is-resized\"><a href=\"https:\/\/apps.apple.com\/app\/mother-earth-radio\/id6756082949\" target=\"_blank\" rel=\" noreferrer noopener\"><img loading=\"lazy\" decoding=\"async\" width=\"119\" height=\"40\" src=\"https:\/\/motherearthradio.de\/wp-content\/uploads\/2025\/12\/en-us-26a479.svg\" alt=\"\" class=\"wp-image-8965\" style=\"aspect-ratio:2.991819244253993;width:147px;height:auto\"\/><\/a><figcaption class=\"wp-element-caption\">24,99 \u20ac \u2022 iPhone \u2022 iPad \u2022 Mac<\/figcaption><\/figure>\n<\/div>\n<\/div><\/div>\n<\/div>\n<\/div><\/div>\n","protected":false},"excerpt":{"rendered":"","protected":false},"author":1,"featured_media":0,"parent":0,"menu_order":0,"comment_status":"closed","ping_status":"closed","template":"","meta":{"_themeisle_gutenberg_block_has_review":false,"footnotes":""},"class_list":["post-8523","page","type-page","status-publish"],"yoast_head":"<!-- This site is optimized with the Yoast SEO Premium plugin v27.3 (Yoast SEO v27.3) - https:\/\/yoast.com\/product\/yoast-seo-premium-wordpress\/ -->\n<title>Filosofi\/Om oss - Mother Earth Radio<\/title>\n<meta name=\"description\" content=\"Filosofi \/ Om oss: Vi spelar inte det alla k\u00e4nner till. Modiga harmonier. \u00c4kta k\u00e4nslor. Studioinspelningar som spelades in live.\" \/>\n<meta name=\"robots\" content=\"index, follow, max-snippet:-1, max-image-preview:large, max-video-preview:-1\" \/>\n<link rel=\"canonical\" href=\"https:\/\/motherearthradio.de\/sv\/filosofi-om-oss\/\" \/>\n<meta property=\"og:locale\" content=\"sv_SE\" \/>\n<meta property=\"og:type\" content=\"article\" \/>\n<meta property=\"og:title\" content=\"Filosofi\/Om oss\" \/>\n<meta property=\"og:description\" content=\"Filosofi \/ Om oss: Vi spelar inte det alla k\u00e4nner till. Modiga harmonier. \u00c4kta k\u00e4nslor. Studioinspelningar som spelades in live.\" \/>\n<meta property=\"og:url\" content=\"https:\/\/motherearthradio.de\/sv\/filosofi-om-oss\/\" \/>\n<meta property=\"og:site_name\" content=\"Mother Earth Radio\" \/>\n<meta property=\"article:modified_time\" content=\"2026-01-05T21:51:19+00:00\" \/>\n<meta property=\"og:image\" content=\"https:\/\/motherearthradio.de\/wp-content\/uploads\/2024\/12\/ingo-schulz-mwWZTLr9Tcg-unsplash-scaled.jpg\" \/>\n\t<meta property=\"og:image:width\" content=\"2560\" \/>\n\t<meta property=\"og:image:height\" content=\"1920\" \/>\n\t<meta property=\"og:image:type\" content=\"image\/jpeg\" \/>\n<meta name=\"twitter:card\" content=\"summary_large_image\" \/>\n<meta name=\"twitter:label1\" content=\"Ber\u00e4knad l\u00e4stid\" \/>\n\t<meta name=\"twitter:data1\" content=\"3 minuter\" \/>\n<script type=\"application\/ld+json\" class=\"yoast-schema-graph\">{\"@context\":\"https:\\\/\\\/schema.org\",\"@graph\":[{\"@type\":\"WebPage\",\"@id\":\"https:\\\/\\\/motherearthradio.de\\\/sv\\\/filosofi-om-oss\\\/\",\"url\":\"https:\\\/\\\/motherearthradio.de\\\/sv\\\/filosofi-om-oss\\\/\",\"name\":\"Filosofi\\\/Om oss - Mother Earth Radio\",\"isPartOf\":{\"@id\":\"https:\\\/\\\/motherearthradio.de\\\/sv\\\/#website\"},\"primaryImageOfPage\":{\"@id\":\"https:\\\/\\\/motherearthradio.de\\\/sv\\\/filosofi-om-oss\\\/#primaryimage\"},\"image\":{\"@id\":\"https:\\\/\\\/motherearthradio.de\\\/sv\\\/filosofi-om-oss\\\/#primaryimage\"},\"thumbnailUrl\":\"https:\\\/\\\/motherearthradio.de\\\/wp-content\\\/uploads\\\/2024\\\/12\\\/ingo-schulz-mwWZTLr9Tcg-unsplash-300x225.jpg\",\"datePublished\":\"2025-10-03T17:32:19+00:00\",\"dateModified\":\"2026-01-05T21:51:19+00:00\",\"description\":\"Filosofi \\\/ Om oss: Vi spelar inte det alla k\u00e4nner till. Modiga harmonier. \u00c4kta k\u00e4nslor. Studioinspelningar som spelades in live.\",\"breadcrumb\":{\"@id\":\"https:\\\/\\\/motherearthradio.de\\\/sv\\\/filosofi-om-oss\\\/#breadcrumb\"},\"inLanguage\":\"sv-SE\",\"potentialAction\":[{\"@type\":\"ReadAction\",\"target\":[\"https:\\\/\\\/motherearthradio.de\\\/sv\\\/filosofi-om-oss\\\/\"]}]},{\"@type\":\"ImageObject\",\"inLanguage\":\"sv-SE\",\"@id\":\"https:\\\/\\\/motherearthradio.de\\\/sv\\\/filosofi-om-oss\\\/#primaryimage\",\"url\":\"https:\\\/\\\/motherearthradio.de\\\/wp-content\\\/uploads\\\/2024\\\/12\\\/ingo-schulz-mwWZTLr9Tcg-unsplash-300x225.jpg\",\"contentUrl\":\"https:\\\/\\\/motherearthradio.de\\\/wp-content\\\/uploads\\\/2024\\\/12\\\/ingo-schulz-mwWZTLr9Tcg-unsplash-300x225.jpg\"},{\"@type\":\"BreadcrumbList\",\"@id\":\"https:\\\/\\\/motherearthradio.de\\\/sv\\\/filosofi-om-oss\\\/#breadcrumb\",\"itemListElement\":[{\"@type\":\"ListItem\",\"position\":1,\"name\":\"Startseite\",\"item\":\"https:\\\/\\\/motherearthradio.de\\\/sv\\\/\"},{\"@type\":\"ListItem\",\"position\":2,\"name\":\"Filosofi\\\/Om oss\"}]},{\"@type\":\"WebSite\",\"@id\":\"https:\\\/\\\/motherearthradio.de\\\/sv\\\/#website\",\"url\":\"https:\\\/\\\/motherearthradio.de\\\/sv\\\/\",\"name\":\"Mother Earth Radio\",\"description\":\"High Resolution Radio\",\"publisher\":{\"@id\":\"https:\\\/\\\/motherearthradio.de\\\/sv\\\/#organization\"},\"potentialAction\":[{\"@type\":\"SearchAction\",\"target\":{\"@type\":\"EntryPoint\",\"urlTemplate\":\"https:\\\/\\\/motherearthradio.de\\\/sv\\\/?s={search_term_string}\"},\"query-input\":{\"@type\":\"PropertyValueSpecification\",\"valueRequired\":true,\"valueName\":\"search_term_string\"}}],\"inLanguage\":\"sv-SE\"},{\"@type\":\"Organization\",\"@id\":\"https:\\\/\\\/motherearthradio.de\\\/sv\\\/#organization\",\"name\":\"Mother Earth Radio\",\"url\":\"https:\\\/\\\/motherearthradio.de\\\/sv\\\/\",\"logo\":{\"@type\":\"ImageObject\",\"inLanguage\":\"sv-SE\",\"@id\":\"https:\\\/\\\/motherearthradio.de\\\/sv\\\/#\\\/schema\\\/logo\\\/image\\\/\",\"url\":\"https:\\\/\\\/motherearthradio.de\\\/wp-content\\\/uploads\\\/2025\\\/12\\\/mer-logo-cube-bold-1x-512.png\",\"contentUrl\":\"https:\\\/\\\/motherearthradio.de\\\/wp-content\\\/uploads\\\/2025\\\/12\\\/mer-logo-cube-bold-1x-512.png\",\"width\":512,\"height\":512,\"caption\":\"Mother Earth Radio\"},\"image\":{\"@id\":\"https:\\\/\\\/motherearthradio.de\\\/sv\\\/#\\\/schema\\\/logo\\\/image\\\/\"},\"sameAs\":[\"https:\\\/\\\/www.youtube.com\\\/channel\\\/UCX5xCDGKQ9wCS1myWo6_nwg\",\"https:\\\/\\\/www.instagram.com\\\/mother.earth.radio\\\/\"],\"description\":\"Das weltweit erste High Resolution Radio in 192 kHz FLAC. Vinyl-Digitalisierung, keine AI-Musik, kuratiert von Florian Reiterer.\",\"email\":\"info@motherearthradio.de\",\"telephone\":\"00498920977034\",\"foundingDate\":\"2020-02-20\",\"numberOfEmployees\":{\"@type\":\"QuantitativeValue\",\"minValue\":\"1\",\"maxValue\":\"10\"}}]}<\/script>\n<!-- \/ Yoast SEO Premium plugin. -->","yoast_head_json":{"title":"Filosofi\/Om oss - Mother Earth Radio","description":"Filosofi \/ Om oss: Vi spelar inte det alla k\u00e4nner till. Modiga harmonier. \u00c4kta k\u00e4nslor. Studioinspelningar som spelades in live.","robots":{"index":"index","follow":"follow","max-snippet":"max-snippet:-1","max-image-preview":"max-image-preview:large","max-video-preview":"max-video-preview:-1"},"canonical":"https:\/\/motherearthradio.de\/sv\/filosofi-om-oss\/","og_locale":"sv_SE","og_type":"article","og_title":"Filosofi\/Om oss","og_description":"Filosofi \/ Om oss: Vi spelar inte det alla k\u00e4nner till. Modiga harmonier. \u00c4kta k\u00e4nslor. Studioinspelningar som spelades in live.","og_url":"https:\/\/motherearthradio.de\/sv\/filosofi-om-oss\/","og_site_name":"Mother Earth Radio","article_modified_time":"2026-01-05T21:51:19+00:00","og_image":[{"width":2560,"height":1920,"url":"https:\/\/motherearthradio.de\/wp-content\/uploads\/2024\/12\/ingo-schulz-mwWZTLr9Tcg-unsplash-scaled.jpg","type":"image\/jpeg"}],"twitter_card":"summary_large_image","twitter_misc":{"Ber\u00e4knad l\u00e4stid":"3 minuter"},"schema":{"@context":"https:\/\/schema.org","@graph":[{"@type":"WebPage","@id":"https:\/\/motherearthradio.de\/sv\/filosofi-om-oss\/","url":"https:\/\/motherearthradio.de\/sv\/filosofi-om-oss\/","name":"Filosofi\/Om oss - Mother Earth Radio","isPartOf":{"@id":"https:\/\/motherearthradio.de\/sv\/#website"},"primaryImageOfPage":{"@id":"https:\/\/motherearthradio.de\/sv\/filosofi-om-oss\/#primaryimage"},"image":{"@id":"https:\/\/motherearthradio.de\/sv\/filosofi-om-oss\/#primaryimage"},"thumbnailUrl":"https:\/\/motherearthradio.de\/wp-content\/uploads\/2024\/12\/ingo-schulz-mwWZTLr9Tcg-unsplash-300x225.jpg","datePublished":"2025-10-03T17:32:19+00:00","dateModified":"2026-01-05T21:51:19+00:00","description":"Filosofi \/ Om oss: Vi spelar inte det alla k\u00e4nner till. Modiga harmonier. \u00c4kta k\u00e4nslor. Studioinspelningar som spelades in live.","breadcrumb":{"@id":"https:\/\/motherearthradio.de\/sv\/filosofi-om-oss\/#breadcrumb"},"inLanguage":"sv-SE","potentialAction":[{"@type":"ReadAction","target":["https:\/\/motherearthradio.de\/sv\/filosofi-om-oss\/"]}]},{"@type":"ImageObject","inLanguage":"sv-SE","@id":"https:\/\/motherearthradio.de\/sv\/filosofi-om-oss\/#primaryimage","url":"https:\/\/motherearthradio.de\/wp-content\/uploads\/2024\/12\/ingo-schulz-mwWZTLr9Tcg-unsplash-300x225.jpg","contentUrl":"https:\/\/motherearthradio.de\/wp-content\/uploads\/2024\/12\/ingo-schulz-mwWZTLr9Tcg-unsplash-300x225.jpg"},{"@type":"BreadcrumbList","@id":"https:\/\/motherearthradio.de\/sv\/filosofi-om-oss\/#breadcrumb","itemListElement":[{"@type":"ListItem","position":1,"name":"Startseite","item":"https:\/\/motherearthradio.de\/sv\/"},{"@type":"ListItem","position":2,"name":"Filosofi\/Om oss"}]},{"@type":"WebSite","@id":"https:\/\/motherearthradio.de\/sv\/#website","url":"https:\/\/motherearthradio.de\/sv\/","name":"Mother Earth Radio","description":"High Resolution Radio","publisher":{"@id":"https:\/\/motherearthradio.de\/sv\/#organization"},"potentialAction":[{"@type":"SearchAction","target":{"@type":"EntryPoint","urlTemplate":"https:\/\/motherearthradio.de\/sv\/?s={search_term_string}"},"query-input":{"@type":"PropertyValueSpecification","valueRequired":true,"valueName":"search_term_string"}}],"inLanguage":"sv-SE"},{"@type":"Organization","@id":"https:\/\/motherearthradio.de\/sv\/#organization","name":"Mother Earth Radio","url":"https:\/\/motherearthradio.de\/sv\/","logo":{"@type":"ImageObject","inLanguage":"sv-SE","@id":"https:\/\/motherearthradio.de\/sv\/#\/schema\/logo\/image\/","url":"https:\/\/motherearthradio.de\/wp-content\/uploads\/2025\/12\/mer-logo-cube-bold-1x-512.png","contentUrl":"https:\/\/motherearthradio.de\/wp-content\/uploads\/2025\/12\/mer-logo-cube-bold-1x-512.png","width":512,"height":512,"caption":"Mother Earth Radio"},"image":{"@id":"https:\/\/motherearthradio.de\/sv\/#\/schema\/logo\/image\/"},"sameAs":["https:\/\/www.youtube.com\/channel\/UCX5xCDGKQ9wCS1myWo6_nwg","https:\/\/www.instagram.com\/mother.earth.radio\/"],"description":"Das weltweit erste High Resolution Radio in 192 kHz FLAC. Vinyl-Digitalisierung, keine AI-Musik, kuratiert von Florian Reiterer.","email":"info@motherearthradio.de","telephone":"00498920977034","foundingDate":"2020-02-20","numberOfEmployees":{"@type":"QuantitativeValue","minValue":"1","maxValue":"10"}}]}},"_links":{"self":[{"href":"https:\/\/motherearthradio.de\/sv\/wp-json\/wp\/v2\/pages\/8523","targetHints":{"allow":["GET"]}}],"collection":[{"href":"https:\/\/motherearthradio.de\/sv\/wp-json\/wp\/v2\/pages"}],"about":[{"href":"https:\/\/motherearthradio.de\/sv\/wp-json\/wp\/v2\/types\/page"}],"author":[{"embeddable":true,"href":"https:\/\/motherearthradio.de\/sv\/wp-json\/wp\/v2\/users\/1"}],"replies":[{"embeddable":true,"href":"https:\/\/motherearthradio.de\/sv\/wp-json\/wp\/v2\/comments?post=8523"}],"version-history":[{"count":2,"href":"https:\/\/motherearthradio.de\/sv\/wp-json\/wp\/v2\/pages\/8523\/revisions"}],"predecessor-version":[{"id":9938,"href":"https:\/\/motherearthradio.de\/sv\/wp-json\/wp\/v2\/pages\/8523\/revisions\/9938"}],"wp:attachment":[{"href":"https:\/\/motherearthradio.de\/sv\/wp-json\/wp\/v2\/media?parent=8523"}],"curies":[{"name":"wp","href":"https:\/\/api.w.org\/{rel}","templated":true}]}}