{"id":9297,"date":"2025-12-12T23:38:09","date_gmt":"2025-12-12T22:38:09","guid":{"rendered":"https:\/\/motherearthradio.de\/playlist-arkiv\/"},"modified":"2025-12-13T00:56:05","modified_gmt":"2025-12-12T23:56:05","slug":"playlist-arkiv","status":"publish","type":"page","link":"https:\/\/motherearthradio.de\/sv\/playlist-arkiv\/","title":{"rendered":"Playlist-arkiv"},"content":{"rendered":"<div class=\"mer-playlist-intro\"><p><strong>\ud83d\udcfb Playlist-Archiv:<\/strong> Hier siehst du Tracks, die vor 24-48 Stunden gespielt wurden.<\/p><p><strong>Willst du wissen, was JETZT l\u00e4uft?<\/strong> Lade unsere Apps:<\/p><div class=\"mer-app-buttons\"><a href=\"https:\/\/apps.microsoft.com\/detail\/9pbc5prxxx71?hl=de-DE&gl=DE\" class=\"mer-app-btn mer-app-windows\">\ud83e\ude9f Windows App<\/a><a href=\"https:\/\/play.google.com\/store\/apps\/details?id=de.motherearthradio.android\" class=\"mer-app-btn mer-app-android\">\ud83d\udcf1 Android App<\/a><a href=\"https:\/\/apps.apple.com\/de\/app\/mother-earth-radio\/id6738393535\" class=\"mer-app-btn mer-app-ios\">\ud83c\udf4e iOS App<\/a><\/div><\/div><h2 class=\"mer-playlist-heading\">\ud83c\udfb5 K\u00fcrzlich gespielt (vor 24-48 Stunden)<\/h2><div class=\"mer-playlist-container\"><div class=\"track-item\"><div class=\"track-info\"><strong class=\"artist\">Joachim K\u00fchn<\/strong> - <span class=\"title\">She Moved Through The Fair<\/span><br><span class=\"album\">Album: Europeana<\/span><\/div><div class=\"track-date\"><span class=\"date\">Gespielt: 15.04.2026 01:16<\/span><\/div><\/div><div class=\"track-item\"><div class=\"track-info\"><strong class=\"artist\">Frank Sinatra<\/strong> - <span class=\"title\">I Thought About You<\/span><br><span class=\"album\">Album: Songs For Swingin&#039; Lovers!<\/span><\/div><div class=\"track-date\"><span class=\"date\">Gespielt: 15.04.2026 01:13<\/span><\/div><\/div><div class=\"track-item\"><div class=\"track-info\"><strong class=\"artist\">Tingsek<\/strong> - <span class=\"title\">The Fiddlers - Live At Ljupet<\/span><br><span class=\"album\">Album: Live At Ljupet Sessions<\/span><\/div><div class=\"track-date\"><span class=\"date\">Gespielt: 15.04.2026 01:09<\/span><\/div><\/div><div class=\"track-item\"><div class=\"track-info\"><strong class=\"artist\">Tobias Hoffmann Trio<\/strong> - <span class=\"title\">The Loco-Motion<\/span><br><span class=\"album\">Album: Slow Dance<\/span><\/div><div class=\"track-date\"><span class=\"date\">Gespielt: 15.04.2026 01:05<\/span><\/div><\/div><div class=\"track-item\"><div class=\"track-info\"><strong class=\"artist\">Robben Ford<\/strong> - <span class=\"title\">Balafon<\/span><br><span class=\"album\">Album: Pure<\/span><\/div><div class=\"track-date\"><span class=\"date\">Gespielt: 15.04.2026 01:02<\/span><\/div><\/div><div class=\"track-item\"><div class=\"track-info\"><strong class=\"artist\">Youngblood Brass Band<\/strong> - <span class=\"title\">Ain&#039;t Nobody<\/span><br><span class=\"album\">Album: Covers 2<\/span><\/div><div class=\"track-date\"><span class=\"date\">Gespielt: 15.04.2026 00:56<\/span><\/div><\/div><div class=\"track-item\"><div class=\"track-info\"><strong class=\"artist\">Tom Waits<\/strong> - <span class=\"title\">Down There By The Train<\/span><br><span class=\"album\">Album: Orphans: Bawlers<\/span><\/div><div class=\"track-date\"><span class=\"date\">Gespielt: 15.04.2026 00:51<\/span><\/div><\/div><div class=\"track-item\"><div class=\"track-info\"><strong class=\"artist\">Apparat<\/strong> - <span class=\"title\">Gravity Test<\/span><br><span class=\"album\">Album: A Hum Of Maybe<\/span><\/div><div class=\"track-date\"><span class=\"date\">Gespielt: 15.04.2026 00:49<\/span><\/div><\/div><div class=\"track-item\"><div class=\"track-info\"><strong class=\"artist\">Hidden Orchestra<\/strong> - <span class=\"title\">Little Buddy Move<\/span><br><span class=\"album\">Album: To Dream Is To Forget<\/span><\/div><div class=\"track-date\"><span class=\"date\">Gespielt: 15.04.2026 00:45<\/span><\/div><\/div><div class=\"track-item\"><div class=\"track-info\"><strong class=\"artist\">Nils Landgren, Michael Wollny, Lars Danielsson, Wolfgang Haffner<\/strong> - <span class=\"title\">Another Day In Paradise<\/span><br><span class=\"album\">Album: 4 Wheel Drive<\/span><\/div><div class=\"track-date\"><span class=\"date\">Gespielt: 15.04.2026 00:40<\/span><\/div><\/div><div class=\"track-item\"><div class=\"track-info\"><strong class=\"artist\">Birgit Minichmayr Quadro Nuevo Bernd Lhotzky<\/strong> - <span class=\"title\">Let Me Not To The Marriage Of True Minds<\/span><br><span class=\"album\">Album: As An Unoerfect Actor<\/span><\/div><div class=\"track-date\"><span class=\"date\">Gespielt: 15.04.2026 00:36<\/span><\/div><\/div><div class=\"track-item\"><div class=\"track-info\"><strong class=\"artist\">Sofa Surfers<\/strong> - <span class=\"title\">Sofa Rockers (Richard Dorfmeister Remix)<\/span><br><span class=\"album\">Album: K&amp;D Sessions<\/span><\/div><div class=\"track-date\"><span class=\"date\">Gespielt: 15.04.2026 00:31<\/span><\/div><\/div><div class=\"track-item\"><div class=\"track-info\"><strong class=\"artist\">Alice Russell<\/strong> - <span class=\"title\">Citizens<\/span><br><span class=\"album\">Album: To Dust<\/span><\/div><div class=\"track-date\"><span class=\"date\">Gespielt: 15.04.2026 00:29<\/span><\/div><\/div><div class=\"track-item\"><div class=\"track-info\"><strong class=\"artist\">Edythe Wright<\/strong> - <span class=\"title\">Music, Maestro, Please<\/span><br><span class=\"album\">Album: Tommy Dorsey Frank Sinatra<\/span><\/div><div class=\"track-date\"><span class=\"date\">Gespielt: 15.04.2026 00:26<\/span><\/div><\/div><div class=\"track-item\"><div class=\"track-info\"><strong class=\"artist\">Esbj\u00f6rn Svensson Trio<\/strong> - <span class=\"title\">Tuesday Wonderland<\/span><br><span class=\"album\">Album: Live In Hamburg<\/span><\/div><div class=\"track-date\"><span class=\"date\">Gespielt: 15.04.2026 00:12<\/span><\/div><\/div><\/div><div class=\"mer-playlist-footer\"><p><strong>\ud83d\udca1 M\u00f6chtest du wissen, was JETZT l\u00e4uft?<\/strong><\/p><p>Lade unsere Apps und erlebe Mother Earth Radio in voller Qualit\u00e4t (192kHz\/24bit FLAC @ 429Hz):<\/p><div class=\"mer-app-buttons\"><a href=\"https:\/\/apps.microsoft.com\/detail\/9pbc5prxxx71?hl=de-DE&gl=DE\" class=\"mer-app-btn mer-app-windows\">\ud83e\ude9f Windows App<\/a><a href=\"https:\/\/play.google.com\/store\/apps\/details?id=de.motherearthradio.android\" class=\"mer-app-btn mer-app-android\">\ud83d\udcf1 Android App<\/a><a href=\"https:\/\/apps.apple.com\/de\/app\/mother-earth-radio\/id6738393535\" class=\"mer-app-btn mer-app-ios\">\ud83c\udf4e iOS App<\/a><\/div><\/div><script type=\"application\/ld+json\">{\"@context\":\"https:\/\/schema.org\",\"@type\":\"MusicPlaylist\",\"name\":\"Mother Earth Radio - Playlist Archiv\",\"description\":\"K\u00fcrzlich gespielte Tracks von Mother Earth Radio\",\"numTracks\":15,\"track\":[{\"@type\":\"MusicRecording\",\"name\":\"She Moved Through The Fair\",\"byArtist\":{\"@type\":\"MusicGroup\",\"name\":\"Joachim K\u00fchn\"},\"inAlbum\":{\"@type\":\"MusicAlbum\",\"name\":\"Europeana\"},\"datePublished\":\"2026-04-15\"},{\"@type\":\"MusicRecording\",\"name\":\"I Thought About You\",\"byArtist\":{\"@type\":\"MusicGroup\",\"name\":\"Frank Sinatra\"},\"inAlbum\":{\"@type\":\"MusicAlbum\",\"name\":\"Songs For Swingin&#039; Lovers!\"},\"datePublished\":\"2026-04-15\"},{\"@type\":\"MusicRecording\",\"name\":\"The Fiddlers - Live At Ljupet\",\"byArtist\":{\"@type\":\"MusicGroup\",\"name\":\"Tingsek\"},\"inAlbum\":{\"@type\":\"MusicAlbum\",\"name\":\"Live At Ljupet Sessions\"},\"datePublished\":\"2026-04-15\"},{\"@type\":\"MusicRecording\",\"name\":\"The Loco-Motion\",\"byArtist\":{\"@type\":\"MusicGroup\",\"name\":\"Tobias Hoffmann Trio\"},\"inAlbum\":{\"@type\":\"MusicAlbum\",\"name\":\"Slow Dance\"},\"datePublished\":\"2026-04-15\"},{\"@type\":\"MusicRecording\",\"name\":\"Balafon\",\"byArtist\":{\"@type\":\"MusicGroup\",\"name\":\"Robben Ford\"},\"inAlbum\":{\"@type\":\"MusicAlbum\",\"name\":\"Pure\"},\"datePublished\":\"2026-04-15\"},{\"@type\":\"MusicRecording\",\"name\":\"Ain&#039;t Nobody\",\"byArtist\":{\"@type\":\"MusicGroup\",\"name\":\"Youngblood Brass Band\"},\"inAlbum\":{\"@type\":\"MusicAlbum\",\"name\":\"Covers 2\"},\"datePublished\":\"2026-04-15\"},{\"@type\":\"MusicRecording\",\"name\":\"Down There By The Train\",\"byArtist\":{\"@type\":\"MusicGroup\",\"name\":\"Tom Waits\"},\"inAlbum\":{\"@type\":\"MusicAlbum\",\"name\":\"Orphans: Bawlers\"},\"datePublished\":\"2026-04-15\"},{\"@type\":\"MusicRecording\",\"name\":\"Gravity Test\",\"byArtist\":{\"@type\":\"MusicGroup\",\"name\":\"Apparat\"},\"inAlbum\":{\"@type\":\"MusicAlbum\",\"name\":\"A Hum Of Maybe\"},\"datePublished\":\"2026-04-15\"},{\"@type\":\"MusicRecording\",\"name\":\"Little Buddy Move\",\"byArtist\":{\"@type\":\"MusicGroup\",\"name\":\"Hidden Orchestra\"},\"inAlbum\":{\"@type\":\"MusicAlbum\",\"name\":\"To Dream Is To Forget\"},\"datePublished\":\"2026-04-15\"},{\"@type\":\"MusicRecording\",\"name\":\"Another Day In Paradise\",\"byArtist\":{\"@type\":\"MusicGroup\",\"name\":\"Nils Landgren, Michael Wollny, Lars Danielsson, Wolfgang Haffner\"},\"inAlbum\":{\"@type\":\"MusicAlbum\",\"name\":\"4 Wheel Drive\"},\"datePublished\":\"2026-04-15\"},{\"@type\":\"MusicRecording\",\"name\":\"Let Me Not To The Marriage Of True Minds\",\"byArtist\":{\"@type\":\"MusicGroup\",\"name\":\"Birgit Minichmayr Quadro Nuevo Bernd Lhotzky\"},\"inAlbum\":{\"@type\":\"MusicAlbum\",\"name\":\"As An Unoerfect Actor\"},\"datePublished\":\"2026-04-15\"},{\"@type\":\"MusicRecording\",\"name\":\"Sofa Rockers (Richard Dorfmeister Remix)\",\"byArtist\":{\"@type\":\"MusicGroup\",\"name\":\"Sofa Surfers\"},\"inAlbum\":{\"@type\":\"MusicAlbum\",\"name\":\"K&amp;D Sessions\"},\"datePublished\":\"2026-04-15\"},{\"@type\":\"MusicRecording\",\"name\":\"Citizens\",\"byArtist\":{\"@type\":\"MusicGroup\",\"name\":\"Alice Russell\"},\"inAlbum\":{\"@type\":\"MusicAlbum\",\"name\":\"To Dust\"},\"datePublished\":\"2026-04-15\"},{\"@type\":\"MusicRecording\",\"name\":\"Music, Maestro, Please\",\"byArtist\":{\"@type\":\"MusicGroup\",\"name\":\"Edythe Wright\"},\"inAlbum\":{\"@type\":\"MusicAlbum\",\"name\":\"Tommy Dorsey Frank Sinatra\"},\"datePublished\":\"2026-04-15\"},{\"@type\":\"MusicRecording\",\"name\":\"Tuesday Wonderland\",\"byArtist\":{\"@type\":\"MusicGroup\",\"name\":\"Esbj\u00f6rn Svensson Trio\"},\"inAlbum\":{\"@type\":\"MusicAlbum\",\"name\":\"Live In Hamburg\"},\"datePublished\":\"2026-04-15\"}]}<\/script>\n","protected":false},"excerpt":{"rendered":"","protected":false},"author":1,"featured_media":0,"parent":0,"menu_order":0,"comment_status":"closed","ping_status":"closed","template":"","meta":{"_themeisle_gutenberg_block_has_review":false,"footnotes":""},"class_list":["post-9297","page","type-page","status-publish"],"yoast_head":"<!-- This site is optimized with the Yoast SEO Premium plugin v27.3 (Yoast SEO v27.3) - https:\/\/yoast.com\/product\/yoast-seo-premium-wordpress\/ -->\n<title>Playlist-arkiv | Mother Earth Radio \u2013 Nyligen spelat<\/title>\n<meta name=\"description\" content=\"Nyligen spelade l\u00e5tar (fr\u00e5n 24-48 timmar sedan) p\u00e5 Mother Earth Radio. Handplockad musik fr\u00e5n vinyl i 192kHz FLAC. F\u00f6r live-info \u2192 Appar.\" \/>\n<meta name=\"robots\" content=\"index, follow, max-snippet:-1, max-image-preview:large, max-video-preview:-1\" \/>\n<link rel=\"canonical\" href=\"https:\/\/motherearthradio.de\/sv\/playlist-arkiv\/\" \/>\n<meta property=\"og:locale\" content=\"sv_SE\" \/>\n<meta property=\"og:type\" content=\"article\" \/>\n<meta property=\"og:title\" content=\"Playlist-arkiv\" \/>\n<meta property=\"og:description\" content=\"Nyligen spelade l\u00e5tar (fr\u00e5n 24-48 timmar sedan) p\u00e5 Mother Earth Radio. Handplockad musik fr\u00e5n vinyl i 192kHz FLAC. F\u00f6r live-info \u2192 Appar.\" \/>\n<meta property=\"og:url\" content=\"https:\/\/motherearthradio.de\/sv\/playlist-arkiv\/\" \/>\n<meta property=\"og:site_name\" content=\"Mother Earth Radio\" \/>\n<meta property=\"article:modified_time\" content=\"2025-12-12T23:56:05+00:00\" \/>\n<meta property=\"og:image\" content=\"https:\/\/motherearthradio.de\/wp-content\/uploads\/2024\/03\/biglogo.png\" \/>\n\t<meta property=\"og:image:width\" content=\"1200\" \/>\n\t<meta property=\"og:image:height\" content=\"728\" \/>\n\t<meta property=\"og:image:type\" content=\"image\/png\" \/>\n<meta name=\"twitter:card\" content=\"summary_large_image\" \/>\n<script type=\"application\/ld+json\" class=\"yoast-schema-graph\">{\"@context\":\"https:\\\/\\\/schema.org\",\"@graph\":[{\"@type\":\"WebPage\",\"@id\":\"https:\\\/\\\/motherearthradio.de\\\/sv\\\/playlist-arkiv\\\/\",\"url\":\"https:\\\/\\\/motherearthradio.de\\\/sv\\\/playlist-arkiv\\\/\",\"name\":\"Playlist-arkiv | Mother Earth Radio \u2013 Nyligen spelat\",\"isPartOf\":{\"@id\":\"https:\\\/\\\/motherearthradio.de\\\/sv\\\/#website\"},\"datePublished\":\"2025-12-12T22:38:09+00:00\",\"dateModified\":\"2025-12-12T23:56:05+00:00\",\"description\":\"Nyligen spelade l\u00e5tar (fr\u00e5n 24-48 timmar sedan) p\u00e5 Mother Earth Radio. Handplockad musik fr\u00e5n vinyl i 192kHz FLAC. F\u00f6r live-info \u2192 Appar.\",\"breadcrumb\":{\"@id\":\"https:\\\/\\\/motherearthradio.de\\\/sv\\\/playlist-arkiv\\\/#breadcrumb\"},\"inLanguage\":\"sv-SE\",\"potentialAction\":[{\"@type\":\"ReadAction\",\"target\":[\"https:\\\/\\\/motherearthradio.de\\\/sv\\\/playlist-arkiv\\\/\"]}]},{\"@type\":\"BreadcrumbList\",\"@id\":\"https:\\\/\\\/motherearthradio.de\\\/sv\\\/playlist-arkiv\\\/#breadcrumb\",\"itemListElement\":[{\"@type\":\"ListItem\",\"position\":1,\"name\":\"Startseite\",\"item\":\"https:\\\/\\\/motherearthradio.de\\\/sv\\\/\"},{\"@type\":\"ListItem\",\"position\":2,\"name\":\"Playlist-arkiv\"}]},{\"@type\":\"WebSite\",\"@id\":\"https:\\\/\\\/motherearthradio.de\\\/sv\\\/#website\",\"url\":\"https:\\\/\\\/motherearthradio.de\\\/sv\\\/\",\"name\":\"Mother Earth Radio\",\"description\":\"High Resolution Radio\",\"publisher\":{\"@id\":\"https:\\\/\\\/motherearthradio.de\\\/sv\\\/#organization\"},\"potentialAction\":[{\"@type\":\"SearchAction\",\"target\":{\"@type\":\"EntryPoint\",\"urlTemplate\":\"https:\\\/\\\/motherearthradio.de\\\/sv\\\/?s={search_term_string}\"},\"query-input\":{\"@type\":\"PropertyValueSpecification\",\"valueRequired\":true,\"valueName\":\"search_term_string\"}}],\"inLanguage\":\"sv-SE\"},{\"@type\":\"Organization\",\"@id\":\"https:\\\/\\\/motherearthradio.de\\\/sv\\\/#organization\",\"name\":\"Mother Earth Radio\",\"url\":\"https:\\\/\\\/motherearthradio.de\\\/sv\\\/\",\"logo\":{\"@type\":\"ImageObject\",\"inLanguage\":\"sv-SE\",\"@id\":\"https:\\\/\\\/motherearthradio.de\\\/sv\\\/#\\\/schema\\\/logo\\\/image\\\/\",\"url\":\"https:\\\/\\\/motherearthradio.de\\\/wp-content\\\/uploads\\\/2025\\\/12\\\/mer-logo-cube-bold-1x-512.png\",\"contentUrl\":\"https:\\\/\\\/motherearthradio.de\\\/wp-content\\\/uploads\\\/2025\\\/12\\\/mer-logo-cube-bold-1x-512.png\",\"width\":512,\"height\":512,\"caption\":\"Mother Earth Radio\"},\"image\":{\"@id\":\"https:\\\/\\\/motherearthradio.de\\\/sv\\\/#\\\/schema\\\/logo\\\/image\\\/\"},\"sameAs\":[\"https:\\\/\\\/www.youtube.com\\\/channel\\\/UCX5xCDGKQ9wCS1myWo6_nwg\",\"https:\\\/\\\/www.instagram.com\\\/mother.earth.radio\\\/\"],\"description\":\"Das weltweit erste High Resolution Radio in 192 kHz FLAC. Vinyl-Digitalisierung, keine AI-Musik, kuratiert von Florian Reiterer.\",\"email\":\"info@motherearthradio.de\",\"telephone\":\"00498920977034\",\"foundingDate\":\"2020-02-20\",\"numberOfEmployees\":{\"@type\":\"QuantitativeValue\",\"minValue\":\"1\",\"maxValue\":\"10\"}}]}<\/script>\n<!-- \/ Yoast SEO Premium plugin. -->","yoast_head_json":{"title":"Playlist-arkiv | Mother Earth Radio \u2013 Nyligen spelat","description":"Nyligen spelade l\u00e5tar (fr\u00e5n 24-48 timmar sedan) p\u00e5 Mother Earth Radio. Handplockad musik fr\u00e5n vinyl i 192kHz FLAC. F\u00f6r live-info \u2192 Appar.","robots":{"index":"index","follow":"follow","max-snippet":"max-snippet:-1","max-image-preview":"max-image-preview:large","max-video-preview":"max-video-preview:-1"},"canonical":"https:\/\/motherearthradio.de\/sv\/playlist-arkiv\/","og_locale":"sv_SE","og_type":"article","og_title":"Playlist-arkiv","og_description":"Nyligen spelade l\u00e5tar (fr\u00e5n 24-48 timmar sedan) p\u00e5 Mother Earth Radio. Handplockad musik fr\u00e5n vinyl i 192kHz FLAC. F\u00f6r live-info \u2192 Appar.","og_url":"https:\/\/motherearthradio.de\/sv\/playlist-arkiv\/","og_site_name":"Mother Earth Radio","article_modified_time":"2025-12-12T23:56:05+00:00","og_image":[{"width":1200,"height":728,"url":"https:\/\/motherearthradio.de\/wp-content\/uploads\/2024\/03\/biglogo.png","type":"image\/png"}],"twitter_card":"summary_large_image","schema":{"@context":"https:\/\/schema.org","@graph":[{"@type":"WebPage","@id":"https:\/\/motherearthradio.de\/sv\/playlist-arkiv\/","url":"https:\/\/motherearthradio.de\/sv\/playlist-arkiv\/","name":"Playlist-arkiv | Mother Earth Radio \u2013 Nyligen spelat","isPartOf":{"@id":"https:\/\/motherearthradio.de\/sv\/#website"},"datePublished":"2025-12-12T22:38:09+00:00","dateModified":"2025-12-12T23:56:05+00:00","description":"Nyligen spelade l\u00e5tar (fr\u00e5n 24-48 timmar sedan) p\u00e5 Mother Earth Radio. Handplockad musik fr\u00e5n vinyl i 192kHz FLAC. F\u00f6r live-info \u2192 Appar.","breadcrumb":{"@id":"https:\/\/motherearthradio.de\/sv\/playlist-arkiv\/#breadcrumb"},"inLanguage":"sv-SE","potentialAction":[{"@type":"ReadAction","target":["https:\/\/motherearthradio.de\/sv\/playlist-arkiv\/"]}]},{"@type":"BreadcrumbList","@id":"https:\/\/motherearthradio.de\/sv\/playlist-arkiv\/#breadcrumb","itemListElement":[{"@type":"ListItem","position":1,"name":"Startseite","item":"https:\/\/motherearthradio.de\/sv\/"},{"@type":"ListItem","position":2,"name":"Playlist-arkiv"}]},{"@type":"WebSite","@id":"https:\/\/motherearthradio.de\/sv\/#website","url":"https:\/\/motherearthradio.de\/sv\/","name":"Mother Earth Radio","description":"High Resolution Radio","publisher":{"@id":"https:\/\/motherearthradio.de\/sv\/#organization"},"potentialAction":[{"@type":"SearchAction","target":{"@type":"EntryPoint","urlTemplate":"https:\/\/motherearthradio.de\/sv\/?s={search_term_string}"},"query-input":{"@type":"PropertyValueSpecification","valueRequired":true,"valueName":"search_term_string"}}],"inLanguage":"sv-SE"},{"@type":"Organization","@id":"https:\/\/motherearthradio.de\/sv\/#organization","name":"Mother Earth Radio","url":"https:\/\/motherearthradio.de\/sv\/","logo":{"@type":"ImageObject","inLanguage":"sv-SE","@id":"https:\/\/motherearthradio.de\/sv\/#\/schema\/logo\/image\/","url":"https:\/\/motherearthradio.de\/wp-content\/uploads\/2025\/12\/mer-logo-cube-bold-1x-512.png","contentUrl":"https:\/\/motherearthradio.de\/wp-content\/uploads\/2025\/12\/mer-logo-cube-bold-1x-512.png","width":512,"height":512,"caption":"Mother Earth Radio"},"image":{"@id":"https:\/\/motherearthradio.de\/sv\/#\/schema\/logo\/image\/"},"sameAs":["https:\/\/www.youtube.com\/channel\/UCX5xCDGKQ9wCS1myWo6_nwg","https:\/\/www.instagram.com\/mother.earth.radio\/"],"description":"Das weltweit erste High Resolution Radio in 192 kHz FLAC. Vinyl-Digitalisierung, keine AI-Musik, kuratiert von Florian Reiterer.","email":"info@motherearthradio.de","telephone":"00498920977034","foundingDate":"2020-02-20","numberOfEmployees":{"@type":"QuantitativeValue","minValue":"1","maxValue":"10"}}]}},"_links":{"self":[{"href":"https:\/\/motherearthradio.de\/sv\/wp-json\/wp\/v2\/pages\/9297","targetHints":{"allow":["GET"]}}],"collection":[{"href":"https:\/\/motherearthradio.de\/sv\/wp-json\/wp\/v2\/pages"}],"about":[{"href":"https:\/\/motherearthradio.de\/sv\/wp-json\/wp\/v2\/types\/page"}],"author":[{"embeddable":true,"href":"https:\/\/motherearthradio.de\/sv\/wp-json\/wp\/v2\/users\/1"}],"replies":[{"embeddable":true,"href":"https:\/\/motherearthradio.de\/sv\/wp-json\/wp\/v2\/comments?post=9297"}],"version-history":[{"count":0,"href":"https:\/\/motherearthradio.de\/sv\/wp-json\/wp\/v2\/pages\/9297\/revisions"}],"wp:attachment":[{"href":"https:\/\/motherearthradio.de\/sv\/wp-json\/wp\/v2\/media?parent=9297"}],"curies":[{"name":"wp","href":"https:\/\/api.w.org\/{rel}","templated":true}]}}